{"id":3029,"date":"2026-03-30T16:25:22","date_gmt":"2026-03-30T21:25:22","guid":{"rendered":"https:\/\/www.verassere.com\/sensilis-skin-glow-eyes-15ml\/"},"modified":"2026-03-30T21:34:18","modified_gmt":"2026-03-31T02:34:18","slug":"sensilis-skin-glow-eyes-15ml","status":"publish","type":"product","link":"https:\/\/www.verassere.com\/en\/sensilis-skin-glow-eyes-15ml\/","title":{"rendered":"SENSILIS SKIN GLOW EYES 15ML"},"content":{"rendered":"<h2>SENSILIS SKIN GLOW EYES 15ML<\/h2>\n<p id=\"p-c_7249937316a2e4f3_848ad8e9-5d29-4dae-ad0f-a777d75b0ed9-46\" data-path-to-node=\"70\"><span data-path-to-node=\"70,0\">La piel del contorno de ojos es la m\u00e1s delgada y delicada del cuerpo, y por ello, es la primera en mostrar los signos de cansancio y edad. El SENSILIS SKIN GLOW EYES 15ML ha sido creado como un tratamiento correctivo intensivo para combatir ojeras vasculares (azuladas) y pigmentarias (marrones).<\/span><span data-path-to-node=\"70,2\"> Su ingrediente estrella es la Vitamina K1 Liposomada al 3%, un potente activo que mejora la microcirculaci\u00f3n en la zona, reduciendo la congesti\u00f3n y el color oscuro que suele acompa\u00f1ar a la falta de descanso.<\/span><\/p>\n<p id=\"p-c_7249937316a2e4f3_848ad8e9-5d29-4dae-ad0f-a777d75b0ed9-47\" data-path-to-node=\"71\"><span data-path-to-node=\"71,0\">Adem\u00e1s de tratar la causa, SENSILIS SKIN GLOW EYES 15ML ofrece un efecto corrector instant\u00e1neo gracias a sus pigmentos iluminadores de tono salm\u00f3n, que neutralizan visualmente la ojera y aportan luz a la mirada de forma natural.<\/span><span data-path-to-node=\"71,2\"> Su f\u00f3rmula tambi\u00e9n incluye Niacinamida y \u00c1cido Hialur\u00f3nico, que trabajan juntos para hidratar, calmar y suavizar las arrugas finas de la zona, conocidas como &#8220;patas de gallo&#8221;. Con un uso constante, el 30% de las ojeras mejora notablemente en un mes, devolviendo al rostro un aspecto saludable y descansado.<\/span><span data-path-to-node=\"71,4\"> Es el producto ideal para quienes buscan una soluci\u00f3n real y cient\u00edfica a la mirada cansada, proporcionando hidrataci\u00f3n profunda y un acabado luminoso que dura todo el d\u00eda.<\/span><\/p>","protected":false},"excerpt":{"rendered":"<p>Reduce ojeras y signos de fatiga en el contorno de ojos.<\/p>","protected":false},"featured_media":3094,"comment_status":"open","ping_status":"closed","template":"","meta":{"_uag_custom_page_level_css":"","site-sidebar-layout":"default","site-content-layout":"","ast-site-content-layout":"default","site-content-style":"default","site-sidebar-style":"default","ast-global-header-display":"","ast-banner-title-visibility":"","ast-main-header-display":"","ast-hfb-above-header-display":"","ast-hfb-below-header-display":"","ast-hfb-mobile-header-display":"","site-post-title":"","ast-breadcrumbs-content":"","ast-featured-img":"","footer-sml-layout":"","ast-disable-related-posts":"","theme-transparent-header-meta":"default","adv-header-id-meta":"","stick-header-meta":"","header-above-stick-meta":"","header-main-stick-meta":"","header-below-stick-meta":"","astra-migrate-meta-layouts":"set","ast-page-background-enabled":"default","ast-page-background-meta":{"desktop":{"background-color":"var(--ast-global-color-4)","background-image":"","background-repeat":"repeat","background-position":"center center","background-size":"auto","background-attachment":"scroll","background-type":"","background-media":"","overlay-type":"","overlay-color":"","overlay-opacity":"","overlay-gradient":""},"tablet":{"background-color":"","background-image":"","background-repeat":"repeat","background-position":"center center","background-size":"auto","background-attachment":"scroll","background-type":"","background-media":"","overlay-type":"","overlay-color":"","overlay-opacity":"","overlay-gradient":""},"mobile":{"background-color":"","background-image":"","background-repeat":"repeat","background-position":"center center","background-size":"auto","background-attachment":"scroll","background-type":"","background-media":"","overlay-type":"","overlay-color":"","overlay-opacity":"","overlay-gradient":""}},"ast-content-background-meta":{"desktop":{"background-color":"var(--ast-global-color-5)","background-image":"","background-repeat":"repeat","background-position":"center center","background-size":"auto","background-attachment":"scroll","background-type":"","background-media":"","overlay-type":"","overlay-color":"","overlay-opacity":"","overlay-gradient":""},"tablet":{"background-color":"var(--ast-global-color-5)","background-image":"","background-repeat":"repeat","background-position":"center center","background-size":"auto","background-attachment":"scroll","background-type":"","background-media":"","overlay-type":"","overlay-color":"","overlay-opacity":"","overlay-gradient":""},"mobile":{"background-color":"var(--ast-global-color-5)","background-image":"","background-repeat":"repeat","background-position":"center center","background-size":"auto","background-attachment":"scroll","background-type":"","background-media":"","overlay-type":"","overlay-color":"","overlay-opacity":"","overlay-gradient":""}}},"product_brand":[],"product_cat":[54],"product_tag":[],"class_list":{"0":"post-3029","1":"product","2":"type-product","3":"status-publish","4":"has-post-thumbnail","6":"product_cat-contorno-de-ojos","7":"pa_contenido-15ml","8":"pa_marca-sensilis","9":"desktop-align-center","10":"tablet-align-center","11":"mobile-align-center","13":"first","14":"instock","15":"sale","16":"taxable","17":"shipping-taxable","18":"purchasable","19":"product-type-simple"},"barcode":null,"atum_controlled":true,"out_stock_date":null,"out_stock_threshold":null,"inheritable":false,"stock_on_hold":0,"sold_today":0,"sales_last_days":0,"out_stock_days":0,"lost_sales":0,"update_date":"2026-04-03T00:01:55","atum_locations":[],"atum_stock_status":"instock","restock_status":false,"low_stock_amount":"","sales_update_date":"2026-04-03T00:01:55","calc_backorders":null,"uagb_featured_image_src":{"full":["https:\/\/www.verassere.com\/wp-content\/uploads\/SENSILIS-SKIN-GLOW-EYES-15ML.webp",1707,2560,false],"thumbnail":["https:\/\/www.verassere.com\/wp-content\/uploads\/SENSILIS-SKIN-GLOW-EYES-15ML-150x150.webp",150,150,true],"medium":["https:\/\/www.verassere.com\/wp-content\/uploads\/SENSILIS-SKIN-GLOW-EYES-15ML-200x300.webp",200,300,true],"medium_large":["https:\/\/www.verassere.com\/wp-content\/uploads\/SENSILIS-SKIN-GLOW-EYES-15ML-768x1152.webp",768,1152,true],"large":["https:\/\/www.verassere.com\/wp-content\/uploads\/SENSILIS-SKIN-GLOW-EYES-15ML-683x1024.webp",683,1024,true],"1536x1536":["https:\/\/www.verassere.com\/wp-content\/uploads\/SENSILIS-SKIN-GLOW-EYES-15ML-1024x1536.webp",1024,1536,true],"2048x2048":["https:\/\/www.verassere.com\/wp-content\/uploads\/SENSILIS-SKIN-GLOW-EYES-15ML-1366x2048.webp",1366,2048,true],"trp-custom-language-flag":["https:\/\/www.verassere.com\/wp-content\/uploads\/SENSILIS-SKIN-GLOW-EYES-15ML-8x12.webp",8,12,true],"woocommerce_thumbnail":["https:\/\/www.verassere.com\/wp-content\/uploads\/SENSILIS-SKIN-GLOW-EYES-15ML-300x300.webp",300,300,true],"woocommerce_single":["https:\/\/www.verassere.com\/wp-content\/uploads\/SENSILIS-SKIN-GLOW-EYES-15ML-600x900.webp",600,900,true],"woocommerce_gallery_thumbnail":["https:\/\/www.verassere.com\/wp-content\/uploads\/SENSILIS-SKIN-GLOW-EYES-15ML-100x100.webp",100,100,true]},"uagb_author_info":{"display_name":"Verassere SAS","author_link":"https:\/\/www.verassere.com\/en\/author\/"},"uagb_comment_info":0,"uagb_excerpt":"Reduce ojeras y signos de fatiga en el contorno de ojos.","_links":{"self":[{"href":"https:\/\/www.verassere.com\/en\/wp-json\/wp\/v2\/product\/3029","targetHints":{"allow":["GET"]}}],"collection":[{"href":"https:\/\/www.verassere.com\/en\/wp-json\/wp\/v2\/product"}],"about":[{"href":"https:\/\/www.verassere.com\/en\/wp-json\/wp\/v2\/types\/product"}],"replies":[{"embeddable":true,"href":"https:\/\/www.verassere.com\/en\/wp-json\/wp\/v2\/comments?post=3029"}],"wp:featuredmedia":[{"embeddable":true,"href":"https:\/\/www.verassere.com\/en\/wp-json\/wp\/v2\/media\/3094"}],"wp:attachment":[{"href":"https:\/\/www.verassere.com\/en\/wp-json\/wp\/v2\/media?parent=3029"}],"wp:term":[{"taxonomy":"product_brand","embeddable":true,"href":"https:\/\/www.verassere.com\/en\/wp-json\/wp\/v2\/product_brand?post=3029"},{"taxonomy":"product_cat","embeddable":true,"href":"https:\/\/www.verassere.com\/en\/wp-json\/wp\/v2\/product_cat?post=3029"},{"taxonomy":"product_tag","embeddable":true,"href":"https:\/\/www.verassere.com\/en\/wp-json\/wp\/v2\/product_tag?post=3029"}],"curies":[{"name":"wp","href":"https:\/\/api.w.org\/{rel}","templated":true}]}}