{"id":3023,"date":"2026-03-30T16:25:21","date_gmt":"2026-03-30T21:25:21","guid":{"rendered":"https:\/\/www.verassere.com\/iraltone-champu-sebo-regulador-200ml\/"},"modified":"2026-03-30T21:57:46","modified_gmt":"2026-03-31T02:57:46","slug":"iraltone-champu-sebo-regulador-200ml","status":"publish","type":"product","link":"https:\/\/www.verassere.com\/en\/iraltone-champu-sebo-regulador-200ml\/","title":{"rendered":"IRALTONE CHAMPU SEBO-REGULADOR 200ML"},"content":{"rendered":"<h2>IRALTONE CHAMPU SEBO-REGULADOR 200ML<\/h2>\n<p id=\"p-c_7249937316a2e4f3_848ad8e9-5d29-4dae-ad0f-a777d75b0ed9-34\" data-path-to-node=\"40\"><span data-path-to-node=\"40,0\">El exceso de grasa capilar no solo arruina el peinado, sino que puede asfixiar el fol\u00edculo y provocar picor o inflamaci\u00f3n. El IRALTONE CHAMPU SEBO-REGULADOR 200ML es una herramienta dermatol\u00f3gica de precisi\u00f3n que rompe el ciclo de la seborrea capilar.<\/span><span data-path-to-node=\"40,2\"> Su eficacia radica en un complejo de activos astringentes y purificantes que act\u00faan directamente sobre las gl\u00e1ndulas seb\u00e1ceas, normalizando su actividad sin provocar el efecto rebote que suelen generar los champ\u00fas excesivamente agresivos.<\/span><\/p>\n<p id=\"p-c_7249937316a2e4f3_848ad8e9-5d29-4dae-ad0f-a777d75b0ed9-35\" data-path-to-node=\"41\"><span data-path-to-node=\"41,0\">Desde el primer uso, el IRALTONE CHAMPU SEBO-REGULADOR 200ML elimina el exceso de l\u00edpidos en el cuero cabelludo y el cabello, devolvi\u00e9ndoles su ligereza natural y facilitando el peinado. Al regular la producci\u00f3n de aceite, permite que el usuario pueda espaciar los lavados, algo fundamental para mantener la salud capilar a largo plazo. Adem\u00e1s, incluye ingredientes que calman el cuero cabelludo, reduciendo la sensaci\u00f3n de incomodidad asociada al cabello graso. Es la soluci\u00f3n ideal para quienes sienten que su cabello luce sucio pocas horas despu\u00e9s de lavarlo, ofreciendo un acabado profesional, limpio y con volumen que dura todo el d\u00eda. Es apto para uso frecuente y se recomienda masajear suavemente y dejar actuar un par de minutos para maximizar la acci\u00f3n de sus componentes seborreguladores.<\/span><\/p>","protected":false},"excerpt":{"rendered":"<p>Controla grasa en el cuero cabelludo y prolonga la limpieza.<\/p>","protected":false},"featured_media":3083,"comment_status":"open","ping_status":"closed","template":"","meta":{"_uag_custom_page_level_css":"","site-sidebar-layout":"default","site-content-layout":"","ast-site-content-layout":"default","site-content-style":"default","site-sidebar-style":"default","ast-global-header-display":"","ast-banner-title-visibility":"","ast-main-header-display":"","ast-hfb-above-header-display":"","ast-hfb-below-header-display":"","ast-hfb-mobile-header-display":"","site-post-title":"","ast-breadcrumbs-content":"","ast-featured-img":"","footer-sml-layout":"","ast-disable-related-posts":"","theme-transparent-header-meta":"default","adv-header-id-meta":"","stick-header-meta":"","header-above-stick-meta":"","header-main-stick-meta":"","header-below-stick-meta":"","astra-migrate-meta-layouts":"set","ast-page-background-enabled":"default","ast-page-background-meta":{"desktop":{"background-color":"var(--ast-global-color-4)","background-image":"","background-repeat":"repeat","background-position":"center center","background-size":"auto","background-attachment":"scroll","background-type":"","background-media":"","overlay-type":"","overlay-color":"","overlay-opacity":"","overlay-gradient":""},"tablet":{"background-color":"","background-image":"","background-repeat":"repeat","background-position":"center center","background-size":"auto","background-attachment":"scroll","background-type":"","background-media":"","overlay-type":"","overlay-color":"","overlay-opacity":"","overlay-gradient":""},"mobile":{"background-color":"","background-image":"","background-repeat":"repeat","background-position":"center center","background-size":"auto","background-attachment":"scroll","background-type":"","background-media":"","overlay-type":"","overlay-color":"","overlay-opacity":"","overlay-gradient":""}},"ast-content-background-meta":{"desktop":{"background-color":"var(--ast-global-color-5)","background-image":"","background-repeat":"repeat","background-position":"center center","background-size":"auto","background-attachment":"scroll","background-type":"","background-media":"","overlay-type":"","overlay-color":"","overlay-opacity":"","overlay-gradient":""},"tablet":{"background-color":"var(--ast-global-color-5)","background-image":"","background-repeat":"repeat","background-position":"center center","background-size":"auto","background-attachment":"scroll","background-type":"","background-media":"","overlay-type":"","overlay-color":"","overlay-opacity":"","overlay-gradient":""},"mobile":{"background-color":"var(--ast-global-color-5)","background-image":"","background-repeat":"repeat","background-position":"center center","background-size":"auto","background-attachment":"scroll","background-type":"","background-media":"","overlay-type":"","overlay-color":"","overlay-opacity":"","overlay-gradient":""}}},"product_brand":[],"product_cat":[55],"product_tag":[],"class_list":{"0":"post-3023","1":"product","2":"type-product","3":"status-publish","4":"has-post-thumbnail","6":"product_cat-cuidado-capilar","7":"pa_contenido-200ml","8":"pa_marca-iraltone","9":"desktop-align-center","10":"tablet-align-center","11":"mobile-align-center","13":"first","14":"instock","15":"sale","16":"taxable","17":"shipping-taxable","18":"purchasable","19":"product-type-simple"},"barcode":null,"atum_controlled":true,"out_stock_date":null,"out_stock_threshold":null,"inheritable":false,"stock_on_hold":0,"sold_today":0,"sales_last_days":0,"out_stock_days":0,"lost_sales":0,"update_date":"2026-04-03T00:01:55","atum_locations":[],"atum_stock_status":"instock","restock_status":false,"low_stock_amount":"","sales_update_date":"2026-04-03T00:01:55","calc_backorders":null,"uagb_featured_image_src":{"full":["https:\/\/www.verassere.com\/wp-content\/uploads\/IRALTONE-CHAMPU-SEBO-REGULADOR-200ML.webp",1000,1000,false],"thumbnail":["https:\/\/www.verassere.com\/wp-content\/uploads\/IRALTONE-CHAMPU-SEBO-REGULADOR-200ML-150x150.webp",150,150,true],"medium":["https:\/\/www.verassere.com\/wp-content\/uploads\/IRALTONE-CHAMPU-SEBO-REGULADOR-200ML-300x300.webp",300,300,true],"medium_large":["https:\/\/www.verassere.com\/wp-content\/uploads\/IRALTONE-CHAMPU-SEBO-REGULADOR-200ML-768x768.webp",768,768,true],"large":["https:\/\/www.verassere.com\/wp-content\/uploads\/IRALTONE-CHAMPU-SEBO-REGULADOR-200ML.webp",1000,1000,false],"1536x1536":["https:\/\/www.verassere.com\/wp-content\/uploads\/IRALTONE-CHAMPU-SEBO-REGULADOR-200ML.webp",1000,1000,false],"2048x2048":["https:\/\/www.verassere.com\/wp-content\/uploads\/IRALTONE-CHAMPU-SEBO-REGULADOR-200ML.webp",1000,1000,false],"trp-custom-language-flag":["https:\/\/www.verassere.com\/wp-content\/uploads\/IRALTONE-CHAMPU-SEBO-REGULADOR-200ML-12x12.webp",12,12,true],"woocommerce_thumbnail":["https:\/\/www.verassere.com\/wp-content\/uploads\/IRALTONE-CHAMPU-SEBO-REGULADOR-200ML-300x300.webp",300,300,true],"woocommerce_single":["https:\/\/www.verassere.com\/wp-content\/uploads\/IRALTONE-CHAMPU-SEBO-REGULADOR-200ML-600x600.webp",600,600,true],"woocommerce_gallery_thumbnail":["https:\/\/www.verassere.com\/wp-content\/uploads\/IRALTONE-CHAMPU-SEBO-REGULADOR-200ML-100x100.webp",100,100,true]},"uagb_author_info":{"display_name":"Verassere SAS","author_link":"https:\/\/www.verassere.com\/en\/author\/"},"uagb_comment_info":0,"uagb_excerpt":"Controla grasa en el cuero cabelludo y prolonga la limpieza.","_links":{"self":[{"href":"https:\/\/www.verassere.com\/en\/wp-json\/wp\/v2\/product\/3023","targetHints":{"allow":["GET"]}}],"collection":[{"href":"https:\/\/www.verassere.com\/en\/wp-json\/wp\/v2\/product"}],"about":[{"href":"https:\/\/www.verassere.com\/en\/wp-json\/wp\/v2\/types\/product"}],"replies":[{"embeddable":true,"href":"https:\/\/www.verassere.com\/en\/wp-json\/wp\/v2\/comments?post=3023"}],"wp:featuredmedia":[{"embeddable":true,"href":"https:\/\/www.verassere.com\/en\/wp-json\/wp\/v2\/media\/3083"}],"wp:attachment":[{"href":"https:\/\/www.verassere.com\/en\/wp-json\/wp\/v2\/media?parent=3023"}],"wp:term":[{"taxonomy":"product_brand","embeddable":true,"href":"https:\/\/www.verassere.com\/en\/wp-json\/wp\/v2\/product_brand?post=3023"},{"taxonomy":"product_cat","embeddable":true,"href":"https:\/\/www.verassere.com\/en\/wp-json\/wp\/v2\/product_cat?post=3023"},{"taxonomy":"product_tag","embeddable":true,"href":"https:\/\/www.verassere.com\/en\/wp-json\/wp\/v2\/product_tag?post=3023"}],"curies":[{"name":"wp","href":"https:\/\/api.w.org\/{rel}","templated":true}]}}