{"id":2896,"date":"2025-10-20T16:23:07","date_gmt":"2025-10-20T21:23:07","guid":{"rendered":"https:\/\/www.verassere.com\/?post_type=product&#038;p=2896"},"modified":"2026-04-28T15:22:55","modified_gmt":"2026-04-28T20:22:55","slug":"age-proteom-eye-advanced-serum-15ml","status":"publish","type":"product","link":"https:\/\/www.verassere.com\/en\/age-proteom-eye-advanced-serum-15ml\/","title":{"rendered":"AGE PROTEOM EYE ADVANCED SERUM 15ML"},"content":{"rendered":"<h2>AGE PROTEOM EYE ADVANCED SERUM 15ML<\/h2>\n<p>El <strong>AGE PROTEOM EYE ADVANCED SERUM 15ML<\/strong> es un s\u00e9rum antiedad avanzado para el contorno de ojos que act\u00faa sobre todos los signos de envejecimiento: arrugas, p\u00e9rdida de firmeza, p\u00e1rpados ca\u00eddos, bolsas y falta de luminosidad. Gracias a la innovadora tecnolog\u00eda <strong data-start=\"289\" data-end=\"305\">AGE PROTEOM\u2122<\/strong>, protege y refuerza las prote\u00ednas esenciales de la piel, ayudando a preservar su juventud y capacidad de reparaci\u00f3n. Su f\u00f3rmula con tetrap\u00e9ptido de efecto lifting mejora la firmeza del p\u00e1rpado superior, reduce visiblemente las bolsas y abre la mirada, aportando un aspecto descansado y rejuvenecido desde las primeras aplicaciones. De textura ligera y de r\u00e1pida absorci\u00f3n, es apto para todo tipo de pieles, incluso las m\u00e1s sensibles. Aplicar ma\u00f1ana y noche con el aplicador, desde el interior hacia el exterior del contorno ocular, para una mirada m\u00e1s luminosa, firme y visiblemente m\u00e1s joven.<\/p>","protected":false},"excerpt":{"rendered":"<p>ESTHEDERM<\/p>\n<p>S\u00e9rum de contorno de ojos con tecnolog\u00eda AGE PROTEOM\u2122 que refuerza las prote\u00ednas clave de la piel, corrige p\u00e1rpados ca\u00eddos y bolsas, mejora firmeza, densidad y luminosidad. Textura ligera para usar ma\u00f1ana y noche. Ideal para una mirada m\u00e1s abierta y rejuvenecida.<\/p>","protected":false},"featured_media":2897,"comment_status":"open","ping_status":"closed","template":"","meta":{"_uag_custom_page_level_css":"","site-sidebar-layout":"default","site-content-layout":"","ast-site-content-layout":"default","site-content-style":"default","site-sidebar-style":"default","ast-global-header-display":"","ast-banner-title-visibility":"","ast-main-header-display":"","ast-hfb-above-header-display":"","ast-hfb-below-header-display":"","ast-hfb-mobile-header-display":"","site-post-title":"","ast-breadcrumbs-content":"","ast-featured-img":"","footer-sml-layout":"","ast-disable-related-posts":"","theme-transparent-header-meta":"default","adv-header-id-meta":"","stick-header-meta":"","header-above-stick-meta":"","header-main-stick-meta":"","header-below-stick-meta":"","astra-migrate-meta-layouts":"set","ast-page-background-enabled":"default","ast-page-background-meta":{"desktop":{"background-color":"var(--ast-global-color-4)","background-image":"","background-repeat":"repeat","background-position":"center center","background-size":"auto","background-attachment":"scroll","background-type":"","background-media":"","overlay-type":"","overlay-color":"","overlay-opacity":"","overlay-gradient":""},"tablet":{"background-color":"","background-image":"","background-repeat":"repeat","background-position":"center center","background-size":"auto","background-attachment":"scroll","background-type":"","background-media":"","overlay-type":"","overlay-color":"","overlay-opacity":"","overlay-gradient":""},"mobile":{"background-color":"","background-image":"","background-repeat":"repeat","background-position":"center center","background-size":"auto","background-attachment":"scroll","background-type":"","background-media":"","overlay-type":"","overlay-color":"","overlay-opacity":"","overlay-gradient":""}},"ast-content-background-meta":{"desktop":{"background-color":"var(--ast-global-color-5)","background-image":"","background-repeat":"repeat","background-position":"center center","background-size":"auto","background-attachment":"scroll","background-type":"","background-media":"","overlay-type":"","overlay-color":"","overlay-opacity":"","overlay-gradient":""},"tablet":{"background-color":"var(--ast-global-color-5)","background-image":"","background-repeat":"repeat","background-position":"center center","background-size":"auto","background-attachment":"scroll","background-type":"","background-media":"","overlay-type":"","overlay-color":"","overlay-opacity":"","overlay-gradient":""},"mobile":{"background-color":"var(--ast-global-color-5)","background-image":"","background-repeat":"repeat","background-position":"center center","background-size":"auto","background-attachment":"scroll","background-type":"","background-media":"","overlay-type":"","overlay-color":"","overlay-opacity":"","overlay-gradient":""}}},"product_brand":[],"product_cat":[54,59],"product_tag":[],"class_list":{"0":"post-2896","1":"product","2":"type-product","3":"status-publish","4":"has-post-thumbnail","6":"product_cat-contorno-de-ojos","7":"product_cat-antiedad","8":"pa_contenido-15ml","9":"pa_marca-esthederm","10":"desktop-align-center","11":"tablet-align-center","12":"mobile-align-center","14":"first","15":"instock","16":"taxable","17":"shipping-taxable","18":"purchasable","19":"product-type-simple"},"barcode":null,"atum_controlled":true,"out_stock_date":null,"out_stock_threshold":null,"inheritable":false,"stock_on_hold":0,"sold_today":0,"sales_last_days":0,"out_stock_days":0,"lost_sales":0,"update_date":"2026-05-06T00:52:21","atum_locations":[],"atum_stock_status":"instock","restock_status":false,"low_stock_amount":"","sales_update_date":"2026-05-06T00:52:21","calc_backorders":null,"uagb_featured_image_src":{"full":["https:\/\/www.verassere.com\/wp-content\/uploads\/AGE-PROTEOM-EYE-ADVANCED-SERUM-15ML.webp",1000,1000,false],"thumbnail":["https:\/\/www.verassere.com\/wp-content\/uploads\/AGE-PROTEOM-EYE-ADVANCED-SERUM-15ML-150x150.webp",150,150,true],"medium":["https:\/\/www.verassere.com\/wp-content\/uploads\/AGE-PROTEOM-EYE-ADVANCED-SERUM-15ML-300x300.webp",300,300,true],"medium_large":["https:\/\/www.verassere.com\/wp-content\/uploads\/AGE-PROTEOM-EYE-ADVANCED-SERUM-15ML-768x768.webp",768,768,true],"large":["https:\/\/www.verassere.com\/wp-content\/uploads\/AGE-PROTEOM-EYE-ADVANCED-SERUM-15ML.webp",1000,1000,false],"1536x1536":["https:\/\/www.verassere.com\/wp-content\/uploads\/AGE-PROTEOM-EYE-ADVANCED-SERUM-15ML.webp",1000,1000,false],"2048x2048":["https:\/\/www.verassere.com\/wp-content\/uploads\/AGE-PROTEOM-EYE-ADVANCED-SERUM-15ML.webp",1000,1000,false],"trp-custom-language-flag":["https:\/\/www.verassere.com\/wp-content\/uploads\/AGE-PROTEOM-EYE-ADVANCED-SERUM-15ML-12x12.webp",12,12,true],"woocommerce_thumbnail":["https:\/\/www.verassere.com\/wp-content\/uploads\/AGE-PROTEOM-EYE-ADVANCED-SERUM-15ML-300x300.webp",300,300,true],"woocommerce_single":["https:\/\/www.verassere.com\/wp-content\/uploads\/AGE-PROTEOM-EYE-ADVANCED-SERUM-15ML-600x600.webp",600,600,true],"woocommerce_gallery_thumbnail":["https:\/\/www.verassere.com\/wp-content\/uploads\/AGE-PROTEOM-EYE-ADVANCED-SERUM-15ML-100x100.webp",100,100,true]},"uagb_author_info":{"display_name":"Verassere SAS","author_link":"https:\/\/www.verassere.com\/en\/author\/"},"uagb_comment_info":0,"uagb_excerpt":"ESTHEDERM S\u00e9rum de contorno de ojos con tecnolog\u00eda AGE PROTEOM\u2122 que refuerza las prote\u00ednas clave de la piel, corrige p\u00e1rpados ca\u00eddos y bolsas, mejora firmeza, densidad y luminosidad. Textura ligera para usar ma\u00f1ana y noche. Ideal para una mirada m\u00e1s abierta y rejuvenecida.","_links":{"self":[{"href":"https:\/\/www.verassere.com\/en\/wp-json\/wp\/v2\/product\/2896","targetHints":{"allow":["GET"]}}],"collection":[{"href":"https:\/\/www.verassere.com\/en\/wp-json\/wp\/v2\/product"}],"about":[{"href":"https:\/\/www.verassere.com\/en\/wp-json\/wp\/v2\/types\/product"}],"replies":[{"embeddable":true,"href":"https:\/\/www.verassere.com\/en\/wp-json\/wp\/v2\/comments?post=2896"}],"wp:featuredmedia":[{"embeddable":true,"href":"https:\/\/www.verassere.com\/en\/wp-json\/wp\/v2\/media\/2897"}],"wp:attachment":[{"href":"https:\/\/www.verassere.com\/en\/wp-json\/wp\/v2\/media?parent=2896"}],"wp:term":[{"taxonomy":"product_brand","embeddable":true,"href":"https:\/\/www.verassere.com\/en\/wp-json\/wp\/v2\/product_brand?post=2896"},{"taxonomy":"product_cat","embeddable":true,"href":"https:\/\/www.verassere.com\/en\/wp-json\/wp\/v2\/product_cat?post=2896"},{"taxonomy":"product_tag","embeddable":true,"href":"https:\/\/www.verassere.com\/en\/wp-json\/wp\/v2\/product_tag?post=2896"}],"curies":[{"name":"wp","href":"https:\/\/api.w.org\/{rel}","templated":true}]}}