{"id":2851,"date":"2025-09-08T16:19:20","date_gmt":"2025-09-08T21:19:20","guid":{"rendered":"https:\/\/www.verassere.com\/?post_type=product&#038;p=2851"},"modified":"2026-04-28T11:16:48","modified_gmt":"2026-04-28T16:16:48","slug":"6h-contorno-de-ojos-15ml","status":"publish","type":"product","link":"https:\/\/www.verassere.com\/en\/6h-contorno-de-ojos-15ml\/","title":{"rendered":"6H CONTORNO DE OJOS 15ML"},"content":{"rendered":"<h2>6H CONTORNO DE OJOS 15ML<\/h2>\n<p>El <strong>6H CONTORNO DE OJOS 15ML<\/strong> es una crema ligera y no grasa dise\u00f1ada para cuidar la delicada piel alrededor de los ojos. Formulado con \u00e1cido hialur\u00f3nico, bisabolol, alanto\u00edna, glicerina y vitamina E, aporta hidrataci\u00f3n profunda y duradera, calma y regenera, mientras protege la barrera cut\u00e1nea. Ideal para todo tipo de piel, incluso las m\u00e1s sensibles, ayuda a mantener una mirada fresca y descansada cuando se aplica ma\u00f1ana y noche sobre la piel limpia.<\/p>","protected":false},"excerpt":{"rendered":"<p>6H CONTORNO DE OJOS 15ML combina calidad y efectividad. Dise\u00f1ado para ofrecer resultados visibles y cuidado avanzado en cada aplicaci\u00f3n.<\/p>","protected":false},"featured_media":2852,"comment_status":"open","ping_status":"closed","template":"","meta":{"_uag_custom_page_level_css":"","site-sidebar-layout":"default","site-content-layout":"","ast-site-content-layout":"default","site-content-style":"default","site-sidebar-style":"default","ast-global-header-display":"","ast-banner-title-visibility":"","ast-main-header-display":"","ast-hfb-above-header-display":"","ast-hfb-below-header-display":"","ast-hfb-mobile-header-display":"","site-post-title":"","ast-breadcrumbs-content":"","ast-featured-img":"","footer-sml-layout":"","ast-disable-related-posts":"","theme-transparent-header-meta":"default","adv-header-id-meta":"","stick-header-meta":"","header-above-stick-meta":"","header-main-stick-meta":"","header-below-stick-meta":"","astra-migrate-meta-layouts":"set","ast-page-background-enabled":"default","ast-page-background-meta":{"desktop":{"background-color":"var(--ast-global-color-4)","background-image":"","background-repeat":"repeat","background-position":"center center","background-size":"auto","background-attachment":"scroll","background-type":"","background-media":"","overlay-type":"","overlay-color":"","overlay-opacity":"","overlay-gradient":""},"tablet":{"background-color":"","background-image":"","background-repeat":"repeat","background-position":"center center","background-size":"auto","background-attachment":"scroll","background-type":"","background-media":"","overlay-type":"","overlay-color":"","overlay-opacity":"","overlay-gradient":""},"mobile":{"background-color":"","background-image":"","background-repeat":"repeat","background-position":"center center","background-size":"auto","background-attachment":"scroll","background-type":"","background-media":"","overlay-type":"","overlay-color":"","overlay-opacity":"","overlay-gradient":""}},"ast-content-background-meta":{"desktop":{"background-color":"var(--ast-global-color-5)","background-image":"","background-repeat":"repeat","background-position":"center center","background-size":"auto","background-attachment":"scroll","background-type":"","background-media":"","overlay-type":"","overlay-color":"","overlay-opacity":"","overlay-gradient":""},"tablet":{"background-color":"var(--ast-global-color-5)","background-image":"","background-repeat":"repeat","background-position":"center center","background-size":"auto","background-attachment":"scroll","background-type":"","background-media":"","overlay-type":"","overlay-color":"","overlay-opacity":"","overlay-gradient":""},"mobile":{"background-color":"var(--ast-global-color-5)","background-image":"","background-repeat":"repeat","background-position":"center center","background-size":"auto","background-attachment":"scroll","background-type":"","background-media":"","overlay-type":"","overlay-color":"","overlay-opacity":"","overlay-gradient":""}}},"product_brand":[],"product_cat":[54],"product_tag":[],"class_list":{"0":"post-2851","1":"product","2":"type-product","3":"status-publish","4":"has-post-thumbnail","6":"product_cat-contorno-de-ojos","7":"pa_contenido-15ml","8":"pa_marca-saga-labs","9":"desktop-align-center","10":"tablet-align-center","11":"mobile-align-center","13":"first","14":"instock","15":"taxable","16":"shipping-taxable","17":"purchasable","18":"product-type-simple"},"barcode":null,"atum_controlled":true,"out_stock_date":null,"out_stock_threshold":null,"inheritable":false,"stock_on_hold":0,"sold_today":0,"sales_last_days":0,"out_stock_days":0,"lost_sales":0,"update_date":"2026-05-06T00:52:21","atum_locations":[],"atum_stock_status":"instock","restock_status":false,"low_stock_amount":"","sales_update_date":"2026-05-06T00:52:21","calc_backorders":null,"uagb_featured_image_src":{"full":["https:\/\/www.verassere.com\/wp-content\/uploads\/6H-CONTORNO-DE-OJOS-15ML.webp",943,1280,false],"thumbnail":["https:\/\/www.verassere.com\/wp-content\/uploads\/6H-CONTORNO-DE-OJOS-15ML-150x150.webp",150,150,true],"medium":["https:\/\/www.verassere.com\/wp-content\/uploads\/6H-CONTORNO-DE-OJOS-15ML-221x300.webp",221,300,true],"medium_large":["https:\/\/www.verassere.com\/wp-content\/uploads\/6H-CONTORNO-DE-OJOS-15ML-768x1042.webp",768,1042,true],"large":["https:\/\/www.verassere.com\/wp-content\/uploads\/6H-CONTORNO-DE-OJOS-15ML-754x1024.webp",754,1024,true],"1536x1536":["https:\/\/www.verassere.com\/wp-content\/uploads\/6H-CONTORNO-DE-OJOS-15ML.webp",943,1280,false],"2048x2048":["https:\/\/www.verassere.com\/wp-content\/uploads\/6H-CONTORNO-DE-OJOS-15ML.webp",943,1280,false],"trp-custom-language-flag":["https:\/\/www.verassere.com\/wp-content\/uploads\/6H-CONTORNO-DE-OJOS-15ML-9x12.webp",9,12,true],"woocommerce_thumbnail":["https:\/\/www.verassere.com\/wp-content\/uploads\/6H-CONTORNO-DE-OJOS-15ML-300x300.webp",300,300,true],"woocommerce_single":["https:\/\/www.verassere.com\/wp-content\/uploads\/6H-CONTORNO-DE-OJOS-15ML-600x814.webp",600,814,true],"woocommerce_gallery_thumbnail":["https:\/\/www.verassere.com\/wp-content\/uploads\/6H-CONTORNO-DE-OJOS-15ML-100x100.webp",100,100,true]},"uagb_author_info":{"display_name":"Verassere SAS","author_link":"https:\/\/www.verassere.com\/en\/author\/"},"uagb_comment_info":0,"uagb_excerpt":"6H CONTORNO DE OJOS 15ML combina calidad y efectividad. Dise\u00f1ado para ofrecer resultados visibles y cuidado avanzado en cada aplicaci\u00f3n.","_links":{"self":[{"href":"https:\/\/www.verassere.com\/en\/wp-json\/wp\/v2\/product\/2851","targetHints":{"allow":["GET"]}}],"collection":[{"href":"https:\/\/www.verassere.com\/en\/wp-json\/wp\/v2\/product"}],"about":[{"href":"https:\/\/www.verassere.com\/en\/wp-json\/wp\/v2\/types\/product"}],"replies":[{"embeddable":true,"href":"https:\/\/www.verassere.com\/en\/wp-json\/wp\/v2\/comments?post=2851"}],"wp:featuredmedia":[{"embeddable":true,"href":"https:\/\/www.verassere.com\/en\/wp-json\/wp\/v2\/media\/2852"}],"wp:attachment":[{"href":"https:\/\/www.verassere.com\/en\/wp-json\/wp\/v2\/media?parent=2851"}],"wp:term":[{"taxonomy":"product_brand","embeddable":true,"href":"https:\/\/www.verassere.com\/en\/wp-json\/wp\/v2\/product_brand?post=2851"},{"taxonomy":"product_cat","embeddable":true,"href":"https:\/\/www.verassere.com\/en\/wp-json\/wp\/v2\/product_cat?post=2851"},{"taxonomy":"product_tag","embeddable":true,"href":"https:\/\/www.verassere.com\/en\/wp-json\/wp\/v2\/product_tag?post=2851"}],"curies":[{"name":"wp","href":"https:\/\/api.w.org\/{rel}","templated":true}]}}