{"id":2821,"date":"2025-07-01T13:49:50","date_gmt":"2025-07-01T18:49:50","guid":{"rendered":"https:\/\/www.verassere.com\/?post_type=product&#038;p=2821"},"modified":"2026-04-29T10:24:58","modified_gmt":"2026-04-29T15:24:58","slug":"intensive-retinol-eye-lifting-balm-15ml","status":"publish","type":"product","link":"https:\/\/www.verassere.com\/en\/intensive-retinol-eye-lifting-balm-15ml\/","title":{"rendered":"INTENSIVE RETINOL EYE LIFTING BALM 15ML"},"content":{"rendered":"<h2>INTENSIVE RETINOL EYE LIFTING BALM 15ML<\/h2>\n<p>El INTENSIVE RETINOL EYE LIFTING BALM 15ML es un tratamiento antiedad intensivo dise\u00f1ado espec\u00edficamente para el contorno de ojos con arrugas marcadas, p\u00e9rdida de firmeza y p\u00e1rpados ca\u00eddos. Su f\u00f3rmula avanzada combina <strong data-start=\"360\" data-end=\"376\">retinol puro<\/strong> y <strong data-start=\"379\" data-end=\"402\">retinol encapsulado<\/strong> para una acci\u00f3n profunda, progresiva y bien tolerada incluso en pieles sensibles. D\u00eda tras d\u00eda, alisa las l\u00edneas profundas, mejora la elasticidad y reafirma la delicada zona del contorno ocular. Su textura b\u00e1lsamo rica y aterciopelada nutre sin dejar sensaci\u00f3n grasa, proporcionando un efecto lifting visible. Ideal para tratar signos de envejecimiento avanzados, este contorno potencia la regeneraci\u00f3n celular y deja la mirada visiblemente m\u00e1s firme, joven y descansada. Eficacia cl\u00ednicamente probada bajo control dermatol\u00f3gico.<\/p>","protected":false},"excerpt":{"rendered":"<p>ESTHEDERM<\/p>\n<p>B\u00e1lsamo antiedad intensivo con retinol puro y retinol encapsulado que alisa arrugas marcadas, mejora elasticidad y reafirma p\u00e1rpados ca\u00eddos. Su textura aterciopelada nutre y proporciona efecto lifting visible con acci\u00f3n profunda y bien tolerada. Deja el contorno de ojos firme, rejuvenecido y descansado. Ideal para pieles con signos de envejecimiento avanzados, incluso sensibles. Eficacia cl\u00ednicamente probada.<\/p>","protected":false},"featured_media":2822,"comment_status":"open","ping_status":"closed","template":"","meta":{"_uag_custom_page_level_css":"","site-sidebar-layout":"default","site-content-layout":"","ast-site-content-layout":"default","site-content-style":"default","site-sidebar-style":"default","ast-global-header-display":"","ast-banner-title-visibility":"","ast-main-header-display":"","ast-hfb-above-header-display":"","ast-hfb-below-header-display":"","ast-hfb-mobile-header-display":"","site-post-title":"","ast-breadcrumbs-content":"","ast-featured-img":"","footer-sml-layout":"","ast-disable-related-posts":"","theme-transparent-header-meta":"default","adv-header-id-meta":"","stick-header-meta":"","header-above-stick-meta":"","header-main-stick-meta":"","header-below-stick-meta":"","astra-migrate-meta-layouts":"set","ast-page-background-enabled":"default","ast-page-background-meta":{"desktop":{"background-color":"var(--ast-global-color-4)","background-image":"","background-repeat":"repeat","background-position":"center center","background-size":"auto","background-attachment":"scroll","background-type":"","background-media":"","overlay-type":"","overlay-color":"","overlay-opacity":"","overlay-gradient":""},"tablet":{"background-color":"","background-image":"","background-repeat":"repeat","background-position":"center center","background-size":"auto","background-attachment":"scroll","background-type":"","background-media":"","overlay-type":"","overlay-color":"","overlay-opacity":"","overlay-gradient":""},"mobile":{"background-color":"","background-image":"","background-repeat":"repeat","background-position":"center center","background-size":"auto","background-attachment":"scroll","background-type":"","background-media":"","overlay-type":"","overlay-color":"","overlay-opacity":"","overlay-gradient":""}},"ast-content-background-meta":{"desktop":{"background-color":"var(--ast-global-color-5)","background-image":"","background-repeat":"repeat","background-position":"center center","background-size":"auto","background-attachment":"scroll","background-type":"","background-media":"","overlay-type":"","overlay-color":"","overlay-opacity":"","overlay-gradient":""},"tablet":{"background-color":"var(--ast-global-color-5)","background-image":"","background-repeat":"repeat","background-position":"center center","background-size":"auto","background-attachment":"scroll","background-type":"","background-media":"","overlay-type":"","overlay-color":"","overlay-opacity":"","overlay-gradient":""},"mobile":{"background-color":"var(--ast-global-color-5)","background-image":"","background-repeat":"repeat","background-position":"center center","background-size":"auto","background-attachment":"scroll","background-type":"","background-media":"","overlay-type":"","overlay-color":"","overlay-opacity":"","overlay-gradient":""}}},"product_brand":[],"product_cat":[59],"product_tag":[],"class_list":{"0":"post-2821","1":"product","2":"type-product","3":"status-publish","4":"has-post-thumbnail","6":"product_cat-antiedad","7":"pa_contenido-15ml","8":"pa_marca-esthederm","9":"desktop-align-center","10":"tablet-align-center","11":"mobile-align-center","13":"first","14":"instock","15":"taxable","16":"shipping-taxable","17":"purchasable","18":"product-type-simple"},"barcode":null,"atum_controlled":true,"out_stock_date":null,"out_stock_threshold":null,"inheritable":false,"stock_on_hold":0,"sold_today":0,"sales_last_days":0,"out_stock_days":0,"lost_sales":0,"update_date":"2026-05-06T00:52:21","atum_locations":[],"atum_stock_status":"instock","restock_status":false,"low_stock_amount":"","sales_update_date":"2026-05-06T00:52:21","calc_backorders":null,"uagb_featured_image_src":{"full":["https:\/\/www.verassere.com\/wp-content\/uploads\/INTENSIVE-RETINOL-EYE-LIFTING-BALM-15ML.webp",1000,1000,false],"thumbnail":["https:\/\/www.verassere.com\/wp-content\/uploads\/INTENSIVE-RETINOL-EYE-LIFTING-BALM-15ML-150x150.webp",150,150,true],"medium":["https:\/\/www.verassere.com\/wp-content\/uploads\/INTENSIVE-RETINOL-EYE-LIFTING-BALM-15ML-300x300.webp",300,300,true],"medium_large":["https:\/\/www.verassere.com\/wp-content\/uploads\/INTENSIVE-RETINOL-EYE-LIFTING-BALM-15ML-768x768.webp",768,768,true],"large":["https:\/\/www.verassere.com\/wp-content\/uploads\/INTENSIVE-RETINOL-EYE-LIFTING-BALM-15ML.webp",1000,1000,false],"1536x1536":["https:\/\/www.verassere.com\/wp-content\/uploads\/INTENSIVE-RETINOL-EYE-LIFTING-BALM-15ML.webp",1000,1000,false],"2048x2048":["https:\/\/www.verassere.com\/wp-content\/uploads\/INTENSIVE-RETINOL-EYE-LIFTING-BALM-15ML.webp",1000,1000,false],"trp-custom-language-flag":["https:\/\/www.verassere.com\/wp-content\/uploads\/INTENSIVE-RETINOL-EYE-LIFTING-BALM-15ML-12x12.webp",12,12,true],"woocommerce_thumbnail":["https:\/\/www.verassere.com\/wp-content\/uploads\/INTENSIVE-RETINOL-EYE-LIFTING-BALM-15ML-300x300.webp",300,300,true],"woocommerce_single":["https:\/\/www.verassere.com\/wp-content\/uploads\/INTENSIVE-RETINOL-EYE-LIFTING-BALM-15ML-600x600.webp",600,600,true],"woocommerce_gallery_thumbnail":["https:\/\/www.verassere.com\/wp-content\/uploads\/INTENSIVE-RETINOL-EYE-LIFTING-BALM-15ML-100x100.webp",100,100,true]},"uagb_author_info":{"display_name":"Verassere SAS","author_link":"https:\/\/www.verassere.com\/en\/author\/"},"uagb_comment_info":0,"uagb_excerpt":"ESTHEDERM B\u00e1lsamo antiedad intensivo con retinol puro y retinol encapsulado que alisa arrugas marcadas, mejora elasticidad y reafirma p\u00e1rpados ca\u00eddos. Su textura aterciopelada nutre y proporciona efecto lifting visible con acci\u00f3n profunda y bien tolerada. Deja el contorno de ojos firme, rejuvenecido y descansado. Ideal para pieles con signos de envejecimiento avanzados, incluso sensibles. Eficacia&hellip;","_links":{"self":[{"href":"https:\/\/www.verassere.com\/en\/wp-json\/wp\/v2\/product\/2821","targetHints":{"allow":["GET"]}}],"collection":[{"href":"https:\/\/www.verassere.com\/en\/wp-json\/wp\/v2\/product"}],"about":[{"href":"https:\/\/www.verassere.com\/en\/wp-json\/wp\/v2\/types\/product"}],"replies":[{"embeddable":true,"href":"https:\/\/www.verassere.com\/en\/wp-json\/wp\/v2\/comments?post=2821"}],"wp:featuredmedia":[{"embeddable":true,"href":"https:\/\/www.verassere.com\/en\/wp-json\/wp\/v2\/media\/2822"}],"wp:attachment":[{"href":"https:\/\/www.verassere.com\/en\/wp-json\/wp\/v2\/media?parent=2821"}],"wp:term":[{"taxonomy":"product_brand","embeddable":true,"href":"https:\/\/www.verassere.com\/en\/wp-json\/wp\/v2\/product_brand?post=2821"},{"taxonomy":"product_cat","embeddable":true,"href":"https:\/\/www.verassere.com\/en\/wp-json\/wp\/v2\/product_cat?post=2821"},{"taxonomy":"product_tag","embeddable":true,"href":"https:\/\/www.verassere.com\/en\/wp-json\/wp\/v2\/product_tag?post=2821"}],"curies":[{"name":"wp","href":"https:\/\/api.w.org\/{rel}","templated":true}]}}