{"id":2803,"date":"2025-06-16T11:22:29","date_gmt":"2025-06-16T16:22:29","guid":{"rendered":"https:\/\/www.verassere.com\/?post_type=product&#038;p=2803"},"modified":"2026-05-05T16:01:12","modified_gmt":"2026-05-05T21:01:12","slug":"sebiaclear-micro-peel-150ml","status":"publish","type":"product","link":"https:\/\/www.verassere.com\/en\/sebiaclear-micro-peel-150ml\/","title":{"rendered":"SEBIACLEAR MICRO PEEL 150ML"},"content":{"rendered":"<h2>SEBIACLEAR MICRO PEEL 150ML<\/h2>\n<p>SEBIACLEAR MICRO PEEL 150ML is a 2-in-1 exfoliating and cleansing lotion with an ultra-light texture and intensive action, ideal for combination to oily skin. Thanks to its formula with a duo of high-tolerance keratolytic acids, it acts quickly and effectively on clogged pores, marks, blackheads, and imperfections, leaving skin visibly cleaner and purified from the first application. Its watery texture is instantly absorbed, providing a refreshing sensation without over-drying. Day after day, it refines the texture, reduces excess sebum, and improves the skin's appearance, achieving a more even, smoother, and healthier-looking complexion. Clinically proven results: up to 38.4% fewer blemishes and 35.5% fewer blackheads in just 28 days.<\/p>","protected":false},"excerpt":{"rendered":"<p>SVR<\/p>\n<p>Loci\u00f3n exfoliante 2 en 1 con d\u00fao de \u00e1cidos queratol\u00edticos que reduce hasta 38,4% imperfecciones y 35,5% puntos negros en 28 d\u00edas. Desobstruye poros, elimina marcas y afina textura. Absorci\u00f3n instant\u00e1nea. Ideal para piel mixta a grasa con imperfecciones.<\/p>","protected":false},"featured_media":2806,"comment_status":"open","ping_status":"closed","template":"","meta":{"_uag_custom_page_level_css":"","site-sidebar-layout":"default","site-content-layout":"","ast-site-content-layout":"default","site-content-style":"default","site-sidebar-style":"default","ast-global-header-display":"","ast-banner-title-visibility":"","ast-main-header-display":"","ast-hfb-above-header-display":"","ast-hfb-below-header-display":"","ast-hfb-mobile-header-display":"","site-post-title":"","ast-breadcrumbs-content":"","ast-featured-img":"","footer-sml-layout":"","ast-disable-related-posts":"","theme-transparent-header-meta":"default","adv-header-id-meta":"","stick-header-meta":"","header-above-stick-meta":"","header-main-stick-meta":"","header-below-stick-meta":"","astra-migrate-meta-layouts":"set","ast-page-background-enabled":"default","ast-page-background-meta":{"desktop":{"background-color":"var(--ast-global-color-4)","background-image":"","background-repeat":"repeat","background-position":"center center","background-size":"auto","background-attachment":"scroll","background-type":"","background-media":"","overlay-type":"","overlay-color":"","overlay-opacity":"","overlay-gradient":""},"tablet":{"background-color":"","background-image":"","background-repeat":"repeat","background-position":"center center","background-size":"auto","background-attachment":"scroll","background-type":"","background-media":"","overlay-type":"","overlay-color":"","overlay-opacity":"","overlay-gradient":""},"mobile":{"background-color":"","background-image":"","background-repeat":"repeat","background-position":"center center","background-size":"auto","background-attachment":"scroll","background-type":"","background-media":"","overlay-type":"","overlay-color":"","overlay-opacity":"","overlay-gradient":""}},"ast-content-background-meta":{"desktop":{"background-color":"var(--ast-global-color-5)","background-image":"","background-repeat":"repeat","background-position":"center center","background-size":"auto","background-attachment":"scroll","background-type":"","background-media":"","overlay-type":"","overlay-color":"","overlay-opacity":"","overlay-gradient":""},"tablet":{"background-color":"var(--ast-global-color-5)","background-image":"","background-repeat":"repeat","background-position":"center center","background-size":"auto","background-attachment":"scroll","background-type":"","background-media":"","overlay-type":"","overlay-color":"","overlay-opacity":"","overlay-gradient":""},"mobile":{"background-color":"var(--ast-global-color-5)","background-image":"","background-repeat":"repeat","background-position":"center center","background-size":"auto","background-attachment":"scroll","background-type":"","background-media":"","overlay-type":"","overlay-color":"","overlay-opacity":"","overlay-gradient":""}}},"product_brand":[],"product_cat":[64],"product_tag":[],"class_list":{"0":"post-2803","1":"product","2":"type-product","3":"status-publish","4":"has-post-thumbnail","6":"product_cat-limpiador","7":"pa_contenido-150ml","8":"pa_marca-svr","9":"desktop-align-center","10":"tablet-align-center","11":"mobile-align-center","13":"first","14":"instock","15":"taxable","16":"shipping-taxable","17":"purchasable","18":"product-type-simple"},"barcode":null,"atum_controlled":true,"out_stock_date":null,"out_stock_threshold":null,"inheritable":false,"stock_on_hold":0,"sold_today":0,"sales_last_days":0,"out_stock_days":0,"lost_sales":0,"update_date":"2026-05-06T00:52:21","atum_locations":[],"atum_stock_status":"instock","restock_status":false,"low_stock_amount":"","sales_update_date":"2026-05-06T00:52:21","calc_backorders":null,"uagb_featured_image_src":{"full":["https:\/\/www.verassere.com\/wp-content\/uploads\/SEBIACLEAR-MICRO-PEEL-150ML.webp",1000,1000,false],"thumbnail":["https:\/\/www.verassere.com\/wp-content\/uploads\/SEBIACLEAR-MICRO-PEEL-150ML-150x150.webp",150,150,true],"medium":["https:\/\/www.verassere.com\/wp-content\/uploads\/SEBIACLEAR-MICRO-PEEL-150ML-300x300.webp",300,300,true],"medium_large":["https:\/\/www.verassere.com\/wp-content\/uploads\/SEBIACLEAR-MICRO-PEEL-150ML-768x768.webp",768,768,true],"large":["https:\/\/www.verassere.com\/wp-content\/uploads\/SEBIACLEAR-MICRO-PEEL-150ML.webp",1000,1000,false],"1536x1536":["https:\/\/www.verassere.com\/wp-content\/uploads\/SEBIACLEAR-MICRO-PEEL-150ML.webp",1000,1000,false],"2048x2048":["https:\/\/www.verassere.com\/wp-content\/uploads\/SEBIACLEAR-MICRO-PEEL-150ML.webp",1000,1000,false],"trp-custom-language-flag":["https:\/\/www.verassere.com\/wp-content\/uploads\/SEBIACLEAR-MICRO-PEEL-150ML-12x12.webp",12,12,true],"woocommerce_thumbnail":["https:\/\/www.verassere.com\/wp-content\/uploads\/SEBIACLEAR-MICRO-PEEL-150ML-300x300.webp",300,300,true],"woocommerce_single":["https:\/\/www.verassere.com\/wp-content\/uploads\/SEBIACLEAR-MICRO-PEEL-150ML-600x600.webp",600,600,true],"woocommerce_gallery_thumbnail":["https:\/\/www.verassere.com\/wp-content\/uploads\/SEBIACLEAR-MICRO-PEEL-150ML-100x100.webp",100,100,true]},"uagb_author_info":{"display_name":"Verassere SAS","author_link":"https:\/\/www.verassere.com\/en\/author\/"},"uagb_comment_info":0,"uagb_excerpt":"SVR Loci\u00f3n exfoliante 2 en 1 con d\u00fao de \u00e1cidos queratol\u00edticos que reduce hasta 38,4% imperfecciones y 35,5% puntos negros en 28 d\u00edas. Desobstruye poros, elimina marcas y afina textura. Absorci\u00f3n instant\u00e1nea. Ideal para piel mixta a grasa con imperfecciones.","_links":{"self":[{"href":"https:\/\/www.verassere.com\/en\/wp-json\/wp\/v2\/product\/2803","targetHints":{"allow":["GET"]}}],"collection":[{"href":"https:\/\/www.verassere.com\/en\/wp-json\/wp\/v2\/product"}],"about":[{"href":"https:\/\/www.verassere.com\/en\/wp-json\/wp\/v2\/types\/product"}],"replies":[{"embeddable":true,"href":"https:\/\/www.verassere.com\/en\/wp-json\/wp\/v2\/comments?post=2803"}],"wp:featuredmedia":[{"embeddable":true,"href":"https:\/\/www.verassere.com\/en\/wp-json\/wp\/v2\/media\/2806"}],"wp:attachment":[{"href":"https:\/\/www.verassere.com\/en\/wp-json\/wp\/v2\/media?parent=2803"}],"wp:term":[{"taxonomy":"product_brand","embeddable":true,"href":"https:\/\/www.verassere.com\/en\/wp-json\/wp\/v2\/product_brand?post=2803"},{"taxonomy":"product_cat","embeddable":true,"href":"https:\/\/www.verassere.com\/en\/wp-json\/wp\/v2\/product_cat?post=2803"},{"taxonomy":"product_tag","embeddable":true,"href":"https:\/\/www.verassere.com\/en\/wp-json\/wp\/v2\/product_tag?post=2803"}],"curies":[{"name":"wp","href":"https:\/\/api.w.org\/{rel}","templated":true}]}}