{"id":2787,"date":"2025-06-12T11:12:39","date_gmt":"2025-06-12T16:12:39","guid":{"rendered":"https:\/\/www.verassere.com\/?post_type=product&#038;p=2787"},"modified":"2026-05-05T11:13:01","modified_gmt":"2026-05-05T16:13:01","slug":"photoage-mineral-fluido-spf-50-50gr-medio","status":"publish","type":"product","link":"https:\/\/www.verassere.com\/en\/photoage-mineral-fluido-spf-50-50gr-medio\/","title":{"rendered":"PHOTOAGE MINERAL FLUID SPF 50 50GR MEDIUM"},"content":{"rendered":"<h2>PHOTOAGE MINERAL FLUID SPF 50 50GR MEDIUM<\/h2>\n<p>PHOTOAGE MINERAL FLUID SPF 50 50GR MEDIUM is a tinted physical sunscreen specially formulated to provide high broad-spectrum protection (SPF 50 and PPD\/FPUVA 19) against UVA, UVB, and visible light rays, ideal for sensitive, fair, melasma skin, or for use during pregnancy. Its 100% chemical filter, lanolin, paraben, and alcohol-free formula is dermatologically tested, vegan, and cruelty-free, offering skin- and environmentally friendly care. Thanks to its color-adapting effect and light coverage, it evens out facial tone while protecting, leaving a natural, even finish. Its fluid texture allows for comfortable daily application, even on cloudy days or indoors, providing effective and safe defense for all skin types.<\/p>","protected":false},"excerpt":{"rendered":"<p>DERMAGE<\/p>\n<p>Protector solar f\u00edsico con color SPF 50 y PPD 19, 100% libre de filtros qu\u00edmicos. Protege contra UVA, UVB y luz visible. Unifica tono con acabado natural. Vegano, dermatol\u00f3gicamente probado. Ideal para pieles sensibles, melasma y embarazo.<\/p>","protected":false},"featured_media":2793,"comment_status":"open","ping_status":"closed","template":"","meta":{"_uag_custom_page_level_css":"","site-sidebar-layout":"default","site-content-layout":"","ast-site-content-layout":"default","site-content-style":"default","site-sidebar-style":"default","ast-global-header-display":"","ast-banner-title-visibility":"","ast-main-header-display":"","ast-hfb-above-header-display":"","ast-hfb-below-header-display":"","ast-hfb-mobile-header-display":"","site-post-title":"","ast-breadcrumbs-content":"","ast-featured-img":"","footer-sml-layout":"","ast-disable-related-posts":"","theme-transparent-header-meta":"default","adv-header-id-meta":"","stick-header-meta":"","header-above-stick-meta":"","header-main-stick-meta":"","header-below-stick-meta":"","astra-migrate-meta-layouts":"set","ast-page-background-enabled":"default","ast-page-background-meta":{"desktop":{"background-color":"var(--ast-global-color-4)","background-image":"","background-repeat":"repeat","background-position":"center center","background-size":"auto","background-attachment":"scroll","background-type":"","background-media":"","overlay-type":"","overlay-color":"","overlay-opacity":"","overlay-gradient":""},"tablet":{"background-color":"","background-image":"","background-repeat":"repeat","background-position":"center center","background-size":"auto","background-attachment":"scroll","background-type":"","background-media":"","overlay-type":"","overlay-color":"","overlay-opacity":"","overlay-gradient":""},"mobile":{"background-color":"","background-image":"","background-repeat":"repeat","background-position":"center center","background-size":"auto","background-attachment":"scroll","background-type":"","background-media":"","overlay-type":"","overlay-color":"","overlay-opacity":"","overlay-gradient":""}},"ast-content-background-meta":{"desktop":{"background-color":"var(--ast-global-color-5)","background-image":"","background-repeat":"repeat","background-position":"center center","background-size":"auto","background-attachment":"scroll","background-type":"","background-media":"","overlay-type":"","overlay-color":"","overlay-opacity":"","overlay-gradient":""},"tablet":{"background-color":"var(--ast-global-color-5)","background-image":"","background-repeat":"repeat","background-position":"center center","background-size":"auto","background-attachment":"scroll","background-type":"","background-media":"","overlay-type":"","overlay-color":"","overlay-opacity":"","overlay-gradient":""},"mobile":{"background-color":"var(--ast-global-color-5)","background-image":"","background-repeat":"repeat","background-position":"center center","background-size":"auto","background-attachment":"scroll","background-type":"","background-media":"","overlay-type":"","overlay-color":"","overlay-opacity":"","overlay-gradient":""}}},"product_brand":[],"product_cat":[62],"product_tag":[],"class_list":{"0":"post-2787","1":"product","2":"type-product","3":"status-publish","4":"has-post-thumbnail","6":"product_cat-fotoproteccion","7":"pa_contenido-50g","8":"pa_marca-dermage","9":"desktop-align-center","10":"tablet-align-center","11":"mobile-align-center","13":"first","14":"instock","15":"taxable","16":"shipping-taxable","17":"purchasable","18":"product-type-simple"},"barcode":null,"atum_controlled":true,"out_stock_date":null,"out_stock_threshold":null,"inheritable":false,"stock_on_hold":0,"sold_today":0,"sales_last_days":0,"out_stock_days":0,"lost_sales":0,"update_date":"2026-05-06T00:52:21","atum_locations":[],"atum_stock_status":"instock","restock_status":false,"low_stock_amount":"","sales_update_date":"2026-05-06T00:52:21","calc_backorders":null,"uagb_featured_image_src":{"full":["https:\/\/www.verassere.com\/wp-content\/uploads\/PHOTOAGE-MINERAL-FLUIDO-SPF-50-50GR-MEDIO.webp",1000,1000,false],"thumbnail":["https:\/\/www.verassere.com\/wp-content\/uploads\/PHOTOAGE-MINERAL-FLUIDO-SPF-50-50GR-MEDIO-150x150.webp",150,150,true],"medium":["https:\/\/www.verassere.com\/wp-content\/uploads\/PHOTOAGE-MINERAL-FLUIDO-SPF-50-50GR-MEDIO-300x300.webp",300,300,true],"medium_large":["https:\/\/www.verassere.com\/wp-content\/uploads\/PHOTOAGE-MINERAL-FLUIDO-SPF-50-50GR-MEDIO-768x768.webp",768,768,true],"large":["https:\/\/www.verassere.com\/wp-content\/uploads\/PHOTOAGE-MINERAL-FLUIDO-SPF-50-50GR-MEDIO.webp",1000,1000,false],"1536x1536":["https:\/\/www.verassere.com\/wp-content\/uploads\/PHOTOAGE-MINERAL-FLUIDO-SPF-50-50GR-MEDIO.webp",1000,1000,false],"2048x2048":["https:\/\/www.verassere.com\/wp-content\/uploads\/PHOTOAGE-MINERAL-FLUIDO-SPF-50-50GR-MEDIO.webp",1000,1000,false],"trp-custom-language-flag":["https:\/\/www.verassere.com\/wp-content\/uploads\/PHOTOAGE-MINERAL-FLUIDO-SPF-50-50GR-MEDIO-12x12.webp",12,12,true],"woocommerce_thumbnail":["https:\/\/www.verassere.com\/wp-content\/uploads\/PHOTOAGE-MINERAL-FLUIDO-SPF-50-50GR-MEDIO-300x300.webp",300,300,true],"woocommerce_single":["https:\/\/www.verassere.com\/wp-content\/uploads\/PHOTOAGE-MINERAL-FLUIDO-SPF-50-50GR-MEDIO-600x600.webp",600,600,true],"woocommerce_gallery_thumbnail":["https:\/\/www.verassere.com\/wp-content\/uploads\/PHOTOAGE-MINERAL-FLUIDO-SPF-50-50GR-MEDIO-100x100.webp",100,100,true]},"uagb_author_info":{"display_name":"Verassere SAS","author_link":"https:\/\/www.verassere.com\/en\/author\/"},"uagb_comment_info":0,"uagb_excerpt":"DERMAGE Protector solar f\u00edsico con color SPF 50 y PPD 19, 100% libre de filtros qu\u00edmicos. Protege contra UVA, UVB y luz visible. Unifica tono con acabado natural. Vegano, dermatol\u00f3gicamente probado. Ideal para pieles sensibles, melasma y embarazo.","_links":{"self":[{"href":"https:\/\/www.verassere.com\/en\/wp-json\/wp\/v2\/product\/2787","targetHints":{"allow":["GET"]}}],"collection":[{"href":"https:\/\/www.verassere.com\/en\/wp-json\/wp\/v2\/product"}],"about":[{"href":"https:\/\/www.verassere.com\/en\/wp-json\/wp\/v2\/types\/product"}],"replies":[{"embeddable":true,"href":"https:\/\/www.verassere.com\/en\/wp-json\/wp\/v2\/comments?post=2787"}],"wp:featuredmedia":[{"embeddable":true,"href":"https:\/\/www.verassere.com\/en\/wp-json\/wp\/v2\/media\/2793"}],"wp:attachment":[{"href":"https:\/\/www.verassere.com\/en\/wp-json\/wp\/v2\/media?parent=2787"}],"wp:term":[{"taxonomy":"product_brand","embeddable":true,"href":"https:\/\/www.verassere.com\/en\/wp-json\/wp\/v2\/product_brand?post=2787"},{"taxonomy":"product_cat","embeddable":true,"href":"https:\/\/www.verassere.com\/en\/wp-json\/wp\/v2\/product_cat?post=2787"},{"taxonomy":"product_tag","embeddable":true,"href":"https:\/\/www.verassere.com\/en\/wp-json\/wp\/v2\/product_tag?post=2787"}],"curies":[{"name":"wp","href":"https:\/\/api.w.org\/{rel}","templated":true}]}}