{"id":2567,"date":"2024-12-05T09:51:42","date_gmt":"2024-12-05T14:51:42","guid":{"rendered":"https:\/\/www.verassere.com\/?post_type=product&#038;p=2567"},"modified":"2025-10-14T18:03:06","modified_gmt":"2025-10-14T23:03:06","slug":"intensif-vitamine-e2-30ml","status":"publish","type":"product","link":"https:\/\/www.verassere.com\/en\/intensif-vitamine-e2-30ml\/","title":{"rendered":"INTENSIF VITAMINE E2 30ML"},"content":{"rendered":"<h2>INTENSIF VITAMINE E2 30ML<\/h2>\n<p class=\"translation-block\">Esthederm's <strong>Intensif Vitamin E\u00b2 30 ml<\/strong> serum is a highly concentrated treatment that soothes, protects, and repairs sensitive skin or skin damaged by external aggressions such as the sun, cold, or stress. Its formula combines two stabilized forms of vitamin E to neutralize free radicals, reduce inflammation, and strengthen the skin barrier, restoring comfort and softness to the skin. Ideal for fragile or irritated skin, this lightweight serum absorbs quickly and provides an immediate calming effect, helping to restore the skin's vitality and natural balance.<\/p>","protected":false},"excerpt":{"rendered":"<p>ESTHEDERM<\/p>\n<p>S\u00e9rum altamente concentrado con dos formas estabilizadas de vitamina E que calma, protege y repara pieles sensibles o da\u00f1adas por agresiones externas. Neutraliza radicales libres, reduce inflamaci\u00f3n y refuerza la barrera cut\u00e1nea con efecto calmante inmediato. Deja la piel confortable, suave y revitalizada. Ideal para pieles fr\u00e1giles, sensibles o con irritaciones.<\/p>","protected":false},"featured_media":2568,"comment_status":"open","ping_status":"closed","template":"","meta":{"_uag_custom_page_level_css":"","site-sidebar-layout":"default","site-content-layout":"","ast-site-content-layout":"default","site-content-style":"default","site-sidebar-style":"default","ast-global-header-display":"","ast-banner-title-visibility":"","ast-main-header-display":"","ast-hfb-above-header-display":"","ast-hfb-below-header-display":"","ast-hfb-mobile-header-display":"","site-post-title":"","ast-breadcrumbs-content":"","ast-featured-img":"","footer-sml-layout":"","ast-disable-related-posts":"","theme-transparent-header-meta":"default","adv-header-id-meta":"","stick-header-meta":"","header-above-stick-meta":"","header-main-stick-meta":"","header-below-stick-meta":"","astra-migrate-meta-layouts":"set","ast-page-background-enabled":"default","ast-page-background-meta":{"desktop":{"background-color":"var(--ast-global-color-4)","background-image":"","background-repeat":"repeat","background-position":"center center","background-size":"auto","background-attachment":"scroll","background-type":"","background-media":"","overlay-type":"","overlay-color":"","overlay-opacity":"","overlay-gradient":""},"tablet":{"background-color":"","background-image":"","background-repeat":"repeat","background-position":"center center","background-size":"auto","background-attachment":"scroll","background-type":"","background-media":"","overlay-type":"","overlay-color":"","overlay-opacity":"","overlay-gradient":""},"mobile":{"background-color":"","background-image":"","background-repeat":"repeat","background-position":"center center","background-size":"auto","background-attachment":"scroll","background-type":"","background-media":"","overlay-type":"","overlay-color":"","overlay-opacity":"","overlay-gradient":""}},"ast-content-background-meta":{"desktop":{"background-color":"var(--ast-global-color-5)","background-image":"","background-repeat":"repeat","background-position":"center center","background-size":"auto","background-attachment":"scroll","background-type":"","background-media":"","overlay-type":"","overlay-color":"","overlay-opacity":"","overlay-gradient":""},"tablet":{"background-color":"var(--ast-global-color-5)","background-image":"","background-repeat":"repeat","background-position":"center center","background-size":"auto","background-attachment":"scroll","background-type":"","background-media":"","overlay-type":"","overlay-color":"","overlay-opacity":"","overlay-gradient":""},"mobile":{"background-color":"var(--ast-global-color-5)","background-image":"","background-repeat":"repeat","background-position":"center center","background-size":"auto","background-attachment":"scroll","background-type":"","background-media":"","overlay-type":"","overlay-color":"","overlay-opacity":"","overlay-gradient":""}}},"product_brand":[],"product_cat":[61,56,67],"product_tag":[],"class_list":{"0":"post-2567","1":"product","2":"type-product","3":"status-publish","4":"has-post-thumbnail","6":"product_cat-antioxidante","7":"product_cat-cuidado-piel","8":"product_cat-tratamientos","9":"pa_contenido-30ml","10":"pa_marca-esthederm","11":"desktop-align-center","12":"tablet-align-center","13":"mobile-align-center","15":"first","16":"instock","17":"sale","18":"taxable","19":"shipping-taxable","20":"purchasable","21":"product-type-simple"},"barcode":null,"atum_controlled":true,"out_stock_date":null,"out_stock_threshold":null,"inheritable":false,"stock_on_hold":0,"sold_today":0,"sales_last_days":0,"out_stock_days":0,"lost_sales":0,"update_date":"2026-05-06T00:52:21","atum_locations":[],"atum_stock_status":"instock","restock_status":false,"low_stock_amount":"","sales_update_date":"2026-05-06T00:52:21","calc_backorders":null,"uagb_featured_image_src":{"full":["https:\/\/www.verassere.com\/wp-content\/uploads\/INTENSIF-VITAMINE-E2-30ML.webp",1080,1080,false],"thumbnail":["https:\/\/www.verassere.com\/wp-content\/uploads\/INTENSIF-VITAMINE-E2-30ML-150x150.webp",150,150,true],"medium":["https:\/\/www.verassere.com\/wp-content\/uploads\/INTENSIF-VITAMINE-E2-30ML-300x300.webp",300,300,true],"medium_large":["https:\/\/www.verassere.com\/wp-content\/uploads\/INTENSIF-VITAMINE-E2-30ML-768x768.webp",768,768,true],"large":["https:\/\/www.verassere.com\/wp-content\/uploads\/INTENSIF-VITAMINE-E2-30ML-1024x1024.webp",1024,1024,true],"1536x1536":["https:\/\/www.verassere.com\/wp-content\/uploads\/INTENSIF-VITAMINE-E2-30ML.webp",1080,1080,false],"2048x2048":["https:\/\/www.verassere.com\/wp-content\/uploads\/INTENSIF-VITAMINE-E2-30ML.webp",1080,1080,false],"trp-custom-language-flag":["https:\/\/www.verassere.com\/wp-content\/uploads\/INTENSIF-VITAMINE-E2-30ML.webp",12,12,false],"woocommerce_thumbnail":["https:\/\/www.verassere.com\/wp-content\/uploads\/INTENSIF-VITAMINE-E2-30ML-300x300.webp",300,300,true],"woocommerce_single":["https:\/\/www.verassere.com\/wp-content\/uploads\/INTENSIF-VITAMINE-E2-30ML-600x600.webp",600,600,true],"woocommerce_gallery_thumbnail":["https:\/\/www.verassere.com\/wp-content\/uploads\/INTENSIF-VITAMINE-E2-30ML-100x100.webp",100,100,true]},"uagb_author_info":{"display_name":"Verassere SAS","author_link":"https:\/\/www.verassere.com\/en\/author\/"},"uagb_comment_info":0,"uagb_excerpt":"ESTHEDERM S\u00e9rum altamente concentrado con dos formas estabilizadas de vitamina E que calma, protege y repara pieles sensibles o da\u00f1adas por agresiones externas. Neutraliza radicales libres, reduce inflamaci\u00f3n y refuerza la barrera cut\u00e1nea con efecto calmante inmediato. Deja la piel confortable, suave y revitalizada. Ideal para pieles fr\u00e1giles, sensibles o con irritaciones.","_links":{"self":[{"href":"https:\/\/www.verassere.com\/en\/wp-json\/wp\/v2\/product\/2567","targetHints":{"allow":["GET"]}}],"collection":[{"href":"https:\/\/www.verassere.com\/en\/wp-json\/wp\/v2\/product"}],"about":[{"href":"https:\/\/www.verassere.com\/en\/wp-json\/wp\/v2\/types\/product"}],"replies":[{"embeddable":true,"href":"https:\/\/www.verassere.com\/en\/wp-json\/wp\/v2\/comments?post=2567"}],"wp:featuredmedia":[{"embeddable":true,"href":"https:\/\/www.verassere.com\/en\/wp-json\/wp\/v2\/media\/2568"}],"wp:attachment":[{"href":"https:\/\/www.verassere.com\/en\/wp-json\/wp\/v2\/media?parent=2567"}],"wp:term":[{"taxonomy":"product_brand","embeddable":true,"href":"https:\/\/www.verassere.com\/en\/wp-json\/wp\/v2\/product_brand?post=2567"},{"taxonomy":"product_cat","embeddable":true,"href":"https:\/\/www.verassere.com\/en\/wp-json\/wp\/v2\/product_cat?post=2567"},{"taxonomy":"product_tag","embeddable":true,"href":"https:\/\/www.verassere.com\/en\/wp-json\/wp\/v2\/product_tag?post=2567"}],"curies":[{"name":"wp","href":"https:\/\/api.w.org\/{rel}","templated":true}]}}