{"id":2566,"date":"2024-12-05T09:51:23","date_gmt":"2024-12-05T14:51:23","guid":{"rendered":"https:\/\/www.verassere.com\/?post_type=product&#038;p=2566"},"modified":"2025-10-14T18:03:30","modified_gmt":"2025-10-14T23:03:30","slug":"intensive-retinol-crema-50ml","status":"publish","type":"product","link":"https:\/\/www.verassere.com\/en\/intensive-retinol-crema-50ml\/","title":{"rendered":"INTENSIVE RETINOL CREMA 50ML"},"content":{"rendered":"<h2>INTENSIVE RETINOL CREMA 50ML<\/h2>\n<div class=\"flex-shrink-0 flex flex-col relative items-end\">\n<div>\n<div class=\"pt-0\">\n<div class=\"gizmo-bot-avatar flex h-8 w-8 items-center justify-center overflow-hidden rounded-full\">\n<div class=\"relative p-1 rounded-sm flex items-center justify-center bg-token-main-surface-primary text-token-text-primary h-8 w-8 translation-block\"><span style=\"font-size: 16px\">The <\/span><strong style=\"font-size: 16px\">Intensive Retinol Cream 50 ml<\/strong><span style=\"font-size: 16px\"> by Esthederm is a facial treatment designed to effectively combat visible signs of aging, such as wrinkles, fine lines, and uneven texture. Enriched with pure retinol, it stimulates cell renewal, improves elasticity, and evens out skin tone, leaving the skin softer, brighter, and rejuvenated. Its lightweight texture adapts to all skin types, except the most sensitive, and is ideal for those seeking visible results in their nighttime routine. For complete care, it is recommended to complement with sun protection during the day.<\/span><\/div>\n<\/div>\n<\/div>\n<\/div>\n<\/div>","protected":false},"excerpt":{"rendered":"<p>ESTHEDERM<\/p>\n<p>Crema facial con retinol puro que combate arrugas, l\u00edneas de expresi\u00f3n y textura irregular. Estimula renovaci\u00f3n celular, mejora elasticidad y unifica el tono de forma visible. Deja la piel m\u00e1s suave, luminosa y rejuvenecida. Ideal para uso nocturno en todo tipo de piel excepto las m\u00e1s sensibles. Requiere protecci\u00f3n solar durante el d\u00eda.<\/p>","protected":false},"featured_media":2569,"comment_status":"open","ping_status":"closed","template":"","meta":{"_uag_custom_page_level_css":"","site-sidebar-layout":"default","site-content-layout":"","ast-site-content-layout":"default","site-content-style":"default","site-sidebar-style":"default","ast-global-header-display":"","ast-banner-title-visibility":"","ast-main-header-display":"","ast-hfb-above-header-display":"","ast-hfb-below-header-display":"","ast-hfb-mobile-header-display":"","site-post-title":"","ast-breadcrumbs-content":"","ast-featured-img":"","footer-sml-layout":"","ast-disable-related-posts":"","theme-transparent-header-meta":"default","adv-header-id-meta":"","stick-header-meta":"","header-above-stick-meta":"","header-main-stick-meta":"","header-below-stick-meta":"","astra-migrate-meta-layouts":"set","ast-page-background-enabled":"default","ast-page-background-meta":{"desktop":{"background-color":"var(--ast-global-color-4)","background-image":"","background-repeat":"repeat","background-position":"center center","background-size":"auto","background-attachment":"scroll","background-type":"","background-media":"","overlay-type":"","overlay-color":"","overlay-opacity":"","overlay-gradient":""},"tablet":{"background-color":"","background-image":"","background-repeat":"repeat","background-position":"center center","background-size":"auto","background-attachment":"scroll","background-type":"","background-media":"","overlay-type":"","overlay-color":"","overlay-opacity":"","overlay-gradient":""},"mobile":{"background-color":"","background-image":"","background-repeat":"repeat","background-position":"center center","background-size":"auto","background-attachment":"scroll","background-type":"","background-media":"","overlay-type":"","overlay-color":"","overlay-opacity":"","overlay-gradient":""}},"ast-content-background-meta":{"desktop":{"background-color":"var(--ast-global-color-5)","background-image":"","background-repeat":"repeat","background-position":"center center","background-size":"auto","background-attachment":"scroll","background-type":"","background-media":"","overlay-type":"","overlay-color":"","overlay-opacity":"","overlay-gradient":""},"tablet":{"background-color":"var(--ast-global-color-5)","background-image":"","background-repeat":"repeat","background-position":"center center","background-size":"auto","background-attachment":"scroll","background-type":"","background-media":"","overlay-type":"","overlay-color":"","overlay-opacity":"","overlay-gradient":""},"mobile":{"background-color":"var(--ast-global-color-5)","background-image":"","background-repeat":"repeat","background-position":"center center","background-size":"auto","background-attachment":"scroll","background-type":"","background-media":"","overlay-type":"","overlay-color":"","overlay-opacity":"","overlay-gradient":""}}},"product_brand":[],"product_cat":[56,59],"product_tag":[],"class_list":{"0":"post-2566","1":"product","2":"type-product","3":"status-publish","4":"has-post-thumbnail","6":"product_cat-cuidado-piel","7":"product_cat-antiedad","8":"pa_contenido-50ml","9":"pa_marca-esthederm","10":"desktop-align-center","11":"tablet-align-center","12":"mobile-align-center","14":"first","15":"instock","16":"sale","17":"taxable","18":"shipping-taxable","19":"purchasable","20":"product-type-simple"},"barcode":null,"atum_controlled":true,"out_stock_date":null,"out_stock_threshold":null,"inheritable":false,"stock_on_hold":0,"sold_today":0,"sales_last_days":0,"out_stock_days":0,"lost_sales":0,"update_date":"2026-05-06T00:52:21","atum_locations":[],"atum_stock_status":"instock","restock_status":false,"low_stock_amount":"","sales_update_date":"2026-05-06T00:52:21","calc_backorders":null,"uagb_featured_image_src":{"full":["https:\/\/www.verassere.com\/wp-content\/uploads\/INTENSIVE-RETINOL-CREMA-50ML.webp",1000,1000,false],"thumbnail":["https:\/\/www.verassere.com\/wp-content\/uploads\/INTENSIVE-RETINOL-CREMA-50ML-150x150.webp",150,150,true],"medium":["https:\/\/www.verassere.com\/wp-content\/uploads\/INTENSIVE-RETINOL-CREMA-50ML-300x300.webp",300,300,true],"medium_large":["https:\/\/www.verassere.com\/wp-content\/uploads\/INTENSIVE-RETINOL-CREMA-50ML-768x768.webp",768,768,true],"large":["https:\/\/www.verassere.com\/wp-content\/uploads\/INTENSIVE-RETINOL-CREMA-50ML.webp",1000,1000,false],"1536x1536":["https:\/\/www.verassere.com\/wp-content\/uploads\/INTENSIVE-RETINOL-CREMA-50ML.webp",1000,1000,false],"2048x2048":["https:\/\/www.verassere.com\/wp-content\/uploads\/INTENSIVE-RETINOL-CREMA-50ML.webp",1000,1000,false],"trp-custom-language-flag":["https:\/\/www.verassere.com\/wp-content\/uploads\/INTENSIVE-RETINOL-CREMA-50ML.webp",12,12,false],"woocommerce_thumbnail":["https:\/\/www.verassere.com\/wp-content\/uploads\/INTENSIVE-RETINOL-CREMA-50ML-300x300.webp",300,300,true],"woocommerce_single":["https:\/\/www.verassere.com\/wp-content\/uploads\/INTENSIVE-RETINOL-CREMA-50ML-600x600.webp",600,600,true],"woocommerce_gallery_thumbnail":["https:\/\/www.verassere.com\/wp-content\/uploads\/INTENSIVE-RETINOL-CREMA-50ML-100x100.webp",100,100,true]},"uagb_author_info":{"display_name":"Verassere SAS","author_link":"https:\/\/www.verassere.com\/en\/author\/"},"uagb_comment_info":0,"uagb_excerpt":"ESTHEDERM Crema facial con retinol puro que combate arrugas, l\u00edneas de expresi\u00f3n y textura irregular. Estimula renovaci\u00f3n celular, mejora elasticidad y unifica el tono de forma visible. Deja la piel m\u00e1s suave, luminosa y rejuvenecida. Ideal para uso nocturno en todo tipo de piel excepto las m\u00e1s sensibles. Requiere protecci\u00f3n solar durante el d\u00eda.","_links":{"self":[{"href":"https:\/\/www.verassere.com\/en\/wp-json\/wp\/v2\/product\/2566","targetHints":{"allow":["GET"]}}],"collection":[{"href":"https:\/\/www.verassere.com\/en\/wp-json\/wp\/v2\/product"}],"about":[{"href":"https:\/\/www.verassere.com\/en\/wp-json\/wp\/v2\/types\/product"}],"replies":[{"embeddable":true,"href":"https:\/\/www.verassere.com\/en\/wp-json\/wp\/v2\/comments?post=2566"}],"wp:featuredmedia":[{"embeddable":true,"href":"https:\/\/www.verassere.com\/en\/wp-json\/wp\/v2\/media\/2569"}],"wp:attachment":[{"href":"https:\/\/www.verassere.com\/en\/wp-json\/wp\/v2\/media?parent=2566"}],"wp:term":[{"taxonomy":"product_brand","embeddable":true,"href":"https:\/\/www.verassere.com\/en\/wp-json\/wp\/v2\/product_brand?post=2566"},{"taxonomy":"product_cat","embeddable":true,"href":"https:\/\/www.verassere.com\/en\/wp-json\/wp\/v2\/product_cat?post=2566"},{"taxonomy":"product_tag","embeddable":true,"href":"https:\/\/www.verassere.com\/en\/wp-json\/wp\/v2\/product_tag?post=2566"}],"curies":[{"name":"wp","href":"https:\/\/api.w.org\/{rel}","templated":true}]}}