{"id":2391,"date":"2024-08-02T14:51:18","date_gmt":"2024-08-02T19:51:18","guid":{"rendered":"https:\/\/www.verassere.com\/?post_type=product&#038;p=2391"},"modified":"2026-05-04T19:55:45","modified_gmt":"2026-05-05T00:55:45","slug":"p-tiox-30ml","status":"publish","type":"product","link":"https:\/\/www.verassere.com\/en\/p-tiox-30ml\/","title":{"rendered":"P-TIOX 30ML"},"content":{"rendered":"<h2>P-TIOX 30ML<\/h2>\n<p class=\"translation-block\"><strong>P-TIOX 30ML<\/strong> is a powerful anti-aging treatment enhanced with peptides, inspired by the effects of anti-aging neurotoxic injections. It has been shown to reduce the appearance of 9 types of expression lines and reveal crystal-clear radiant skin. This non-invasive serum features an advanced complex of peptides and synergistic actives (5% polyhydroxy acid, 5% niacinamide, and 1% laminaria extract) that visibly correct wrinkles and improve skin texture and radiance in just one week of use.<\/p>\n<p class=\"translation-block\">Clinically tested, <strong>P-TIOX 30ML<\/strong> complements neurotoxic injections and is effective in achieving wrinkle correction without the need for professional injectables. In 12 weeks, it visibly reduces 9 types of expression lines\u2014even those not addressed by neurotoxic injections\u2014such as nasolabial folds, forehead wrinkles, marionette lines, and crow\u2019s feet, among others. <span style=\"font-size: 16px\">With P-TIOX, discover smoother skin, refined pores, and crystal-like radiance.<\/span><\/p>\n<p class=\"translation-block\">To learn more, visit: <a href=\"https:\/\/www.skinceuticals.es\/ptiox-serum-antiarrugas\/S123.html\" target=\"_blank\" rel=\"noopener\"><strong>P-TIOX 30 ML<\/strong><\/a><\/p>","protected":false},"excerpt":{"rendered":"<p>SKINCEUTICALS<\/p>\n<p>S\u00e9rum antiedad no invasivo con complejo avanzado de p\u00e9ptidos, 5% de \u00e1cido polihidrox\u00edlico, 5% de niacinamida y 1% de extracto de laminaria que reduce visiblemente 9 tipos de l\u00edneas de expresi\u00f3n. Corrige arrugas, mejora textura y aporta resplandor como cristal en solo una semana. Deja la piel m\u00e1s suave, con poros refinados y radiante. Ideal para arrugas profundas, complementa inyecciones neurot\u00f3xicas o como alternativa no invasiva.<\/p>","protected":false},"featured_media":2395,"comment_status":"closed","ping_status":"closed","template":"","meta":{"_uag_custom_page_level_css":"","site-sidebar-layout":"default","site-content-layout":"","ast-site-content-layout":"default","site-content-style":"default","site-sidebar-style":"default","ast-global-header-display":"","ast-banner-title-visibility":"","ast-main-header-display":"","ast-hfb-above-header-display":"","ast-hfb-below-header-display":"","ast-hfb-mobile-header-display":"","site-post-title":"","ast-breadcrumbs-content":"","ast-featured-img":"","footer-sml-layout":"","ast-disable-related-posts":"","theme-transparent-header-meta":"default","adv-header-id-meta":"","stick-header-meta":"","header-above-stick-meta":"","header-main-stick-meta":"","header-below-stick-meta":"","astra-migrate-meta-layouts":"set","ast-page-background-enabled":"default","ast-page-background-meta":{"desktop":{"background-color":"var(--ast-global-color-4)","background-image":"","background-repeat":"repeat","background-position":"center center","background-size":"auto","background-attachment":"scroll","background-type":"","background-media":"","overlay-type":"","overlay-color":"","overlay-opacity":"","overlay-gradient":""},"tablet":{"background-color":"","background-image":"","background-repeat":"repeat","background-position":"center center","background-size":"auto","background-attachment":"scroll","background-type":"","background-media":"","overlay-type":"","overlay-color":"","overlay-opacity":"","overlay-gradient":""},"mobile":{"background-color":"","background-image":"","background-repeat":"repeat","background-position":"center center","background-size":"auto","background-attachment":"scroll","background-type":"","background-media":"","overlay-type":"","overlay-color":"","overlay-opacity":"","overlay-gradient":""}},"ast-content-background-meta":{"desktop":{"background-color":"var(--ast-global-color-5)","background-image":"","background-repeat":"repeat","background-position":"center center","background-size":"auto","background-attachment":"scroll","background-type":"","background-media":"","overlay-type":"","overlay-color":"","overlay-opacity":"","overlay-gradient":""},"tablet":{"background-color":"var(--ast-global-color-5)","background-image":"","background-repeat":"repeat","background-position":"center center","background-size":"auto","background-attachment":"scroll","background-type":"","background-media":"","overlay-type":"","overlay-color":"","overlay-opacity":"","overlay-gradient":""},"mobile":{"background-color":"var(--ast-global-color-5)","background-image":"","background-repeat":"repeat","background-position":"center center","background-size":"auto","background-attachment":"scroll","background-type":"","background-media":"","overlay-type":"","overlay-color":"","overlay-opacity":"","overlay-gradient":""}}},"product_brand":[],"product_cat":[59,56],"product_tag":[],"class_list":{"0":"post-2391","1":"product","2":"type-product","3":"status-publish","4":"has-post-thumbnail","6":"product_cat-antiedad","7":"product_cat-cuidado-piel","8":"pa_contenido-30ml","9":"pa_marca-skinceuticals","10":"desktop-align-center","11":"tablet-align-center","12":"mobile-align-center","14":"first","15":"instock","16":"sale","17":"taxable","18":"shipping-taxable","19":"purchasable","20":"product-type-simple"},"barcode":null,"atum_controlled":true,"out_stock_date":null,"out_stock_threshold":null,"inheritable":false,"stock_on_hold":1,"sold_today":0,"sales_last_days":1,"out_stock_days":0,"lost_sales":0,"update_date":"2026-05-06T00:52:21","atum_locations":[],"atum_stock_status":"instock","restock_status":false,"low_stock_amount":"","sales_update_date":"2026-05-06T00:52:21","calc_backorders":null,"uagb_featured_image_src":{"full":["https:\/\/www.verassere.com\/wp-content\/uploads\/P-TIOX-30ML-e1722631731880.jpg",1324,1324,false],"thumbnail":["https:\/\/www.verassere.com\/wp-content\/uploads\/P-TIOX-30ML-e1722631731880-150x150.jpg",150,150,true],"medium":["https:\/\/www.verassere.com\/wp-content\/uploads\/P-TIOX-30ML-300x300.jpg",300,300,true],"medium_large":["https:\/\/www.verassere.com\/wp-content\/uploads\/P-TIOX-30ML-e1722631731880-768x768.jpg",768,768,true],"large":["https:\/\/www.verassere.com\/wp-content\/uploads\/P-TIOX-30ML-e1722631731880-1024x1024.jpg",1024,1024,true],"1536x1536":["https:\/\/www.verassere.com\/wp-content\/uploads\/P-TIOX-30ML-1536x1536.jpg",1536,1536,true],"2048x2048":["https:\/\/www.verassere.com\/wp-content\/uploads\/P-TIOX-30ML-2048x2048.jpg",2048,2048,true],"trp-custom-language-flag":["https:\/\/www.verassere.com\/wp-content\/uploads\/P-TIOX-30ML-e1722631731880.jpg",12,12,false],"woocommerce_thumbnail":["https:\/\/www.verassere.com\/wp-content\/uploads\/P-TIOX-30ML-e1722631731880-300x300.jpg",300,300,true],"woocommerce_single":["https:\/\/www.verassere.com\/wp-content\/uploads\/P-TIOX-30ML-e1722631731880-600x600.jpg",600,600,true],"woocommerce_gallery_thumbnail":["https:\/\/www.verassere.com\/wp-content\/uploads\/P-TIOX-30ML-e1722631731880-100x100.jpg",100,100,true]},"uagb_author_info":{"display_name":"Verassere SAS","author_link":"https:\/\/www.verassere.com\/en\/author\/"},"uagb_comment_info":0,"uagb_excerpt":"SKINCEUTICALS S\u00e9rum antiedad no invasivo con complejo avanzado de p\u00e9ptidos, 5% de \u00e1cido polihidrox\u00edlico, 5% de niacinamida y 1% de extracto de laminaria que reduce visiblemente 9 tipos de l\u00edneas de expresi\u00f3n. Corrige arrugas, mejora textura y aporta resplandor como cristal en solo una semana. Deja la piel m\u00e1s suave, con poros refinados y radiante.&hellip;","_links":{"self":[{"href":"https:\/\/www.verassere.com\/en\/wp-json\/wp\/v2\/product\/2391","targetHints":{"allow":["GET"]}}],"collection":[{"href":"https:\/\/www.verassere.com\/en\/wp-json\/wp\/v2\/product"}],"about":[{"href":"https:\/\/www.verassere.com\/en\/wp-json\/wp\/v2\/types\/product"}],"replies":[{"embeddable":true,"href":"https:\/\/www.verassere.com\/en\/wp-json\/wp\/v2\/comments?post=2391"}],"wp:featuredmedia":[{"embeddable":true,"href":"https:\/\/www.verassere.com\/en\/wp-json\/wp\/v2\/media\/2395"}],"wp:attachment":[{"href":"https:\/\/www.verassere.com\/en\/wp-json\/wp\/v2\/media?parent=2391"}],"wp:term":[{"taxonomy":"product_brand","embeddable":true,"href":"https:\/\/www.verassere.com\/en\/wp-json\/wp\/v2\/product_brand?post=2391"},{"taxonomy":"product_cat","embeddable":true,"href":"https:\/\/www.verassere.com\/en\/wp-json\/wp\/v2\/product_cat?post=2391"},{"taxonomy":"product_tag","embeddable":true,"href":"https:\/\/www.verassere.com\/en\/wp-json\/wp\/v2\/product_tag?post=2391"}],"curies":[{"name":"wp","href":"https:\/\/api.w.org\/{rel}","templated":true}]}}