{"id":2339,"date":"2024-06-18T18:24:40","date_gmt":"2024-06-18T23:24:40","guid":{"rendered":"https:\/\/www.verassere.com\/?post_type=product&#038;p=2339"},"modified":"2026-04-16T16:22:04","modified_gmt":"2026-04-16T21:22:04","slug":"restorative-skin-complex-29-6ml","status":"publish","type":"product","link":"https:\/\/www.verassere.com\/en\/restorative-skin-complex-29-6ml\/","title":{"rendered":"RESTORATIVE SKIN COMPLEX 29.6ML"},"content":{"rendered":"<h2>RESTORATIVE SKIN COMPLEX 29.6ML<\/h2>\n<p>El Complejo Restaurador de la Piel con Tecnolog\u00eda TriHex\u00ae es una soluci\u00f3n multifuncional en un solo frasco que combate todos los signos visibles del envejecimiento, iluminando el cutis y levantando la piel para un resplandor m\u00e1s juvenil. Este producto mejora la apariencia de l\u00edneas finas y arrugas, e incluye L-Ornitina y Hexap\u00e9ptido 38 para restaurar el volumen de la piel adelgazada y mejorar su elasticidad. Adem\u00e1s, protege la piel de futuros da\u00f1os gracias a potentes antioxidantes, y trata la opacidad y el tono desigual de la piel. Con la tecnolog\u00eda TriHex\u00ae, promueve la producci\u00f3n de elastina y col\u00e1geno nuevos y saludables. Ganador del premio &#8220;Mejor Tratamiento para Arrugas&#8221; de Prevention Magazine en 2022 y del premio &#8220;Mejor Hidratante para Piel Madura 2021&#8221; de Women&#8217;s Health, este complejo es la elecci\u00f3n ideal para un cuidado avanzado de la piel madura.<\/p>","protected":false},"excerpt":{"rendered":"<p>ALASTIN SKINCARE<\/p>\n<p>Complejo multifuncional con TriHex\u00ae que combate todos los signos de envejecimiento. Restaura volumen, mejora elasticidad, ilumina cutis y protege con antioxidantes. Reduce arrugas y tono desigual. Galardonado. Ideal para piel madura con m\u00faltiples signos de edad.<\/p>","protected":false},"featured_media":2345,"comment_status":"open","ping_status":"closed","template":"","meta":{"_uag_custom_page_level_css":"","site-sidebar-layout":"default","site-content-layout":"","ast-site-content-layout":"default","site-content-style":"default","site-sidebar-style":"default","ast-global-header-display":"","ast-banner-title-visibility":"","ast-main-header-display":"","ast-hfb-above-header-display":"","ast-hfb-below-header-display":"","ast-hfb-mobile-header-display":"","site-post-title":"","ast-breadcrumbs-content":"","ast-featured-img":"","footer-sml-layout":"","ast-disable-related-posts":"","theme-transparent-header-meta":"default","adv-header-id-meta":"","stick-header-meta":"","header-above-stick-meta":"","header-main-stick-meta":"","header-below-stick-meta":"","astra-migrate-meta-layouts":"set","ast-page-background-enabled":"default","ast-page-background-meta":{"desktop":{"background-color":"var(--ast-global-color-4)","background-image":"","background-repeat":"repeat","background-position":"center center","background-size":"auto","background-attachment":"scroll","background-type":"","background-media":"","overlay-type":"","overlay-color":"","overlay-opacity":"","overlay-gradient":""},"tablet":{"background-color":"","background-image":"","background-repeat":"repeat","background-position":"center center","background-size":"auto","background-attachment":"scroll","background-type":"","background-media":"","overlay-type":"","overlay-color":"","overlay-opacity":"","overlay-gradient":""},"mobile":{"background-color":"","background-image":"","background-repeat":"repeat","background-position":"center center","background-size":"auto","background-attachment":"scroll","background-type":"","background-media":"","overlay-type":"","overlay-color":"","overlay-opacity":"","overlay-gradient":""}},"ast-content-background-meta":{"desktop":{"background-color":"var(--ast-global-color-5)","background-image":"","background-repeat":"repeat","background-position":"center center","background-size":"auto","background-attachment":"scroll","background-type":"","background-media":"","overlay-type":"","overlay-color":"","overlay-opacity":"","overlay-gradient":""},"tablet":{"background-color":"var(--ast-global-color-5)","background-image":"","background-repeat":"repeat","background-position":"center center","background-size":"auto","background-attachment":"scroll","background-type":"","background-media":"","overlay-type":"","overlay-color":"","overlay-opacity":"","overlay-gradient":""},"mobile":{"background-color":"var(--ast-global-color-5)","background-image":"","background-repeat":"repeat","background-position":"center center","background-size":"auto","background-attachment":"scroll","background-type":"","background-media":"","overlay-type":"","overlay-color":"","overlay-opacity":"","overlay-gradient":""}}},"product_brand":[],"product_cat":[59,61,56,63],"product_tag":[],"class_list":{"0":"post-2339","1":"product","2":"type-product","3":"status-publish","4":"has-post-thumbnail","6":"product_cat-antiedad","7":"product_cat-antioxidante","8":"product_cat-cuidado-piel","9":"product_cat-hidratante","10":"pa_contenido-29-6ml","11":"pa_marca-alastin-skincare","12":"desktop-align-center","13":"tablet-align-center","14":"mobile-align-center","16":"first","17":"instock","18":"taxable","19":"shipping-taxable","20":"purchasable","21":"product-type-simple"},"barcode":null,"atum_controlled":true,"out_stock_date":null,"out_stock_threshold":null,"inheritable":false,"stock_on_hold":0,"sold_today":0,"sales_last_days":0,"out_stock_days":0,"lost_sales":0,"update_date":"2026-05-06T00:52:21","atum_locations":[],"atum_stock_status":"instock","restock_status":false,"low_stock_amount":"","sales_update_date":"2026-05-06T00:52:21","calc_backorders":null,"uagb_featured_image_src":{"full":["https:\/\/www.verassere.com\/wp-content\/uploads\/RESTORATIVE-SKIN-COMPLEX-29.6ML.jpg",1080,1080,false],"thumbnail":["https:\/\/www.verassere.com\/wp-content\/uploads\/RESTORATIVE-SKIN-COMPLEX-29.6ML-150x150.jpg",150,150,true],"medium":["https:\/\/www.verassere.com\/wp-content\/uploads\/RESTORATIVE-SKIN-COMPLEX-29.6ML-300x300.jpg",300,300,true],"medium_large":["https:\/\/www.verassere.com\/wp-content\/uploads\/RESTORATIVE-SKIN-COMPLEX-29.6ML-768x768.jpg",768,768,true],"large":["https:\/\/www.verassere.com\/wp-content\/uploads\/RESTORATIVE-SKIN-COMPLEX-29.6ML-1024x1024.jpg",1024,1024,true],"1536x1536":["https:\/\/www.verassere.com\/wp-content\/uploads\/RESTORATIVE-SKIN-COMPLEX-29.6ML.jpg",1080,1080,false],"2048x2048":["https:\/\/www.verassere.com\/wp-content\/uploads\/RESTORATIVE-SKIN-COMPLEX-29.6ML.jpg",1080,1080,false],"trp-custom-language-flag":["https:\/\/www.verassere.com\/wp-content\/uploads\/RESTORATIVE-SKIN-COMPLEX-29.6ML.jpg",12,12,false],"woocommerce_thumbnail":["https:\/\/www.verassere.com\/wp-content\/uploads\/RESTORATIVE-SKIN-COMPLEX-29.6ML-300x300.jpg",300,300,true],"woocommerce_single":["https:\/\/www.verassere.com\/wp-content\/uploads\/RESTORATIVE-SKIN-COMPLEX-29.6ML-600x600.jpg",600,600,true],"woocommerce_gallery_thumbnail":["https:\/\/www.verassere.com\/wp-content\/uploads\/RESTORATIVE-SKIN-COMPLEX-29.6ML-100x100.jpg",100,100,true]},"uagb_author_info":{"display_name":"Verassere SAS","author_link":"https:\/\/www.verassere.com\/en\/author\/"},"uagb_comment_info":0,"uagb_excerpt":"ALASTIN SKINCARE Complejo multifuncional con TriHex\u00ae que combate todos los signos de envejecimiento. Restaura volumen, mejora elasticidad, ilumina cutis y protege con antioxidantes. Reduce arrugas y tono desigual. Galardonado. Ideal para piel madura con m\u00faltiples signos de edad.","_links":{"self":[{"href":"https:\/\/www.verassere.com\/en\/wp-json\/wp\/v2\/product\/2339","targetHints":{"allow":["GET"]}}],"collection":[{"href":"https:\/\/www.verassere.com\/en\/wp-json\/wp\/v2\/product"}],"about":[{"href":"https:\/\/www.verassere.com\/en\/wp-json\/wp\/v2\/types\/product"}],"replies":[{"embeddable":true,"href":"https:\/\/www.verassere.com\/en\/wp-json\/wp\/v2\/comments?post=2339"}],"wp:featuredmedia":[{"embeddable":true,"href":"https:\/\/www.verassere.com\/en\/wp-json\/wp\/v2\/media\/2345"}],"wp:attachment":[{"href":"https:\/\/www.verassere.com\/en\/wp-json\/wp\/v2\/media?parent=2339"}],"wp:term":[{"taxonomy":"product_brand","embeddable":true,"href":"https:\/\/www.verassere.com\/en\/wp-json\/wp\/v2\/product_brand?post=2339"},{"taxonomy":"product_cat","embeddable":true,"href":"https:\/\/www.verassere.com\/en\/wp-json\/wp\/v2\/product_cat?post=2339"},{"taxonomy":"product_tag","embeddable":true,"href":"https:\/\/www.verassere.com\/en\/wp-json\/wp\/v2\/product_tag?post=2339"}],"curies":[{"name":"wp","href":"https:\/\/api.w.org\/{rel}","templated":true}]}}