{"id":2338,"date":"2024-06-18T18:21:27","date_gmt":"2024-06-18T23:21:27","guid":{"rendered":"https:\/\/www.verassere.com\/?post_type=product&#038;p=2338"},"modified":"2026-04-24T14:39:56","modified_gmt":"2026-04-24T19:39:56","slug":"restorative-neck-complex-50ml","status":"publish","type":"product","link":"https:\/\/www.verassere.com\/en\/restorative-neck-complex-50ml\/","title":{"rendered":"RESTORATIVE NECK COMPLEX 50ML"},"content":{"rendered":"<h2>RESTORATIVE NECK COMPLEX 50ML<\/h2>\n<p>El <strong>Restorative Neck Complex con TriHex Technology\u00ae<\/strong> es un innovador reafirmante de la piel, cl\u00ednicamente probado para mejorar la apariencia de la textura, pigmentaci\u00f3n y arrugas en la zona del cuello y el escote. Este producto avanzado ayuda a mejorar la apariencia de la piel arrugada, las l\u00edneas finas y las arrugas, minimiza la apariencia de enrojecimiento y decoloraci\u00f3n, y aumenta la hidrataci\u00f3n de la piel en el \u00e1rea delicada entre el ment\u00f3n y el pecho. Con la inclusi\u00f3n de la exclusiva TriHex Technology\u00ae, se apoya la producci\u00f3n de nuevo col\u00e1geno y elastina saludables, abordando preocupaciones comunes de la piel como l\u00edneas y arrugas en el cuello, textura y tono, y enrojecimiento de la piel. Consigue una piel m\u00e1s firme y joven con Restorative Neck Complex.<\/p>","protected":false},"excerpt":{"rendered":"<p>ALASTIN SKINCARE<\/p>\n<p>Reafirmante con TriHex Technology\u00ae que mejora textura, pigmentaci\u00f3n y arrugas en cuello y escote. Estimula col\u00e1geno y elastina, minimiza enrojecimiento y aumenta hidrataci\u00f3n. Piel m\u00e1s firme, uniforme y rejuvenecida. Ideal para cuello y escote con signos de envejecimiento.<\/p>","protected":false},"featured_media":2344,"comment_status":"open","ping_status":"closed","template":"","meta":{"_uag_custom_page_level_css":"","site-sidebar-layout":"default","site-content-layout":"","ast-site-content-layout":"default","site-content-style":"default","site-sidebar-style":"default","ast-global-header-display":"","ast-banner-title-visibility":"","ast-main-header-display":"","ast-hfb-above-header-display":"","ast-hfb-below-header-display":"","ast-hfb-mobile-header-display":"","site-post-title":"","ast-breadcrumbs-content":"","ast-featured-img":"","footer-sml-layout":"","ast-disable-related-posts":"","theme-transparent-header-meta":"default","adv-header-id-meta":"","stick-header-meta":"","header-above-stick-meta":"","header-main-stick-meta":"","header-below-stick-meta":"","astra-migrate-meta-layouts":"set","ast-page-background-enabled":"default","ast-page-background-meta":{"desktop":{"background-color":"var(--ast-global-color-4)","background-image":"","background-repeat":"repeat","background-position":"center center","background-size":"auto","background-attachment":"scroll","background-type":"","background-media":"","overlay-type":"","overlay-color":"","overlay-opacity":"","overlay-gradient":""},"tablet":{"background-color":"","background-image":"","background-repeat":"repeat","background-position":"center center","background-size":"auto","background-attachment":"scroll","background-type":"","background-media":"","overlay-type":"","overlay-color":"","overlay-opacity":"","overlay-gradient":""},"mobile":{"background-color":"","background-image":"","background-repeat":"repeat","background-position":"center center","background-size":"auto","background-attachment":"scroll","background-type":"","background-media":"","overlay-type":"","overlay-color":"","overlay-opacity":"","overlay-gradient":""}},"ast-content-background-meta":{"desktop":{"background-color":"var(--ast-global-color-5)","background-image":"","background-repeat":"repeat","background-position":"center center","background-size":"auto","background-attachment":"scroll","background-type":"","background-media":"","overlay-type":"","overlay-color":"","overlay-opacity":"","overlay-gradient":""},"tablet":{"background-color":"var(--ast-global-color-5)","background-image":"","background-repeat":"repeat","background-position":"center center","background-size":"auto","background-attachment":"scroll","background-type":"","background-media":"","overlay-type":"","overlay-color":"","overlay-opacity":"","overlay-gradient":""},"mobile":{"background-color":"var(--ast-global-color-5)","background-image":"","background-repeat":"repeat","background-position":"center center","background-size":"auto","background-attachment":"scroll","background-type":"","background-media":"","overlay-type":"","overlay-color":"","overlay-opacity":"","overlay-gradient":""}}},"product_brand":[],"product_cat":[59,56,63],"product_tag":[],"class_list":{"0":"post-2338","1":"product","2":"type-product","3":"status-publish","4":"has-post-thumbnail","6":"product_cat-antiedad","7":"product_cat-cuidado-piel","8":"product_cat-hidratante","9":"pa_contenido-50ml","10":"pa_marca-alastin-skincare","11":"desktop-align-center","12":"tablet-align-center","13":"mobile-align-center","15":"first","16":"instock","17":"taxable","18":"shipping-taxable","19":"purchasable","20":"product-type-simple"},"barcode":null,"atum_controlled":true,"out_stock_date":null,"out_stock_threshold":null,"inheritable":false,"stock_on_hold":0,"sold_today":0,"sales_last_days":0,"out_stock_days":0,"lost_sales":0,"update_date":"2026-05-06T00:52:21","atum_locations":[],"atum_stock_status":"instock","restock_status":false,"low_stock_amount":"","sales_update_date":"2026-05-06T00:52:21","calc_backorders":null,"uagb_featured_image_src":{"full":["https:\/\/www.verassere.com\/wp-content\/uploads\/RESTORATIVE-NECK-COMPLEX-50ML.jpg",1080,1080,false],"thumbnail":["https:\/\/www.verassere.com\/wp-content\/uploads\/RESTORATIVE-NECK-COMPLEX-50ML-150x150.jpg",150,150,true],"medium":["https:\/\/www.verassere.com\/wp-content\/uploads\/RESTORATIVE-NECK-COMPLEX-50ML-300x300.jpg",300,300,true],"medium_large":["https:\/\/www.verassere.com\/wp-content\/uploads\/RESTORATIVE-NECK-COMPLEX-50ML-768x768.jpg",768,768,true],"large":["https:\/\/www.verassere.com\/wp-content\/uploads\/RESTORATIVE-NECK-COMPLEX-50ML-1024x1024.jpg",1024,1024,true],"1536x1536":["https:\/\/www.verassere.com\/wp-content\/uploads\/RESTORATIVE-NECK-COMPLEX-50ML.jpg",1080,1080,false],"2048x2048":["https:\/\/www.verassere.com\/wp-content\/uploads\/RESTORATIVE-NECK-COMPLEX-50ML.jpg",1080,1080,false],"trp-custom-language-flag":["https:\/\/www.verassere.com\/wp-content\/uploads\/RESTORATIVE-NECK-COMPLEX-50ML.jpg",12,12,false],"woocommerce_thumbnail":["https:\/\/www.verassere.com\/wp-content\/uploads\/RESTORATIVE-NECK-COMPLEX-50ML-300x300.jpg",300,300,true],"woocommerce_single":["https:\/\/www.verassere.com\/wp-content\/uploads\/RESTORATIVE-NECK-COMPLEX-50ML-600x600.jpg",600,600,true],"woocommerce_gallery_thumbnail":["https:\/\/www.verassere.com\/wp-content\/uploads\/RESTORATIVE-NECK-COMPLEX-50ML-100x100.jpg",100,100,true]},"uagb_author_info":{"display_name":"Verassere SAS","author_link":"https:\/\/www.verassere.com\/en\/author\/"},"uagb_comment_info":0,"uagb_excerpt":"ALASTIN SKINCARE Reafirmante con TriHex Technology\u00ae que mejora textura, pigmentaci\u00f3n y arrugas en cuello y escote. Estimula col\u00e1geno y elastina, minimiza enrojecimiento y aumenta hidrataci\u00f3n. Piel m\u00e1s firme, uniforme y rejuvenecida. Ideal para cuello y escote con signos de envejecimiento.","_links":{"self":[{"href":"https:\/\/www.verassere.com\/en\/wp-json\/wp\/v2\/product\/2338","targetHints":{"allow":["GET"]}}],"collection":[{"href":"https:\/\/www.verassere.com\/en\/wp-json\/wp\/v2\/product"}],"about":[{"href":"https:\/\/www.verassere.com\/en\/wp-json\/wp\/v2\/types\/product"}],"replies":[{"embeddable":true,"href":"https:\/\/www.verassere.com\/en\/wp-json\/wp\/v2\/comments?post=2338"}],"wp:featuredmedia":[{"embeddable":true,"href":"https:\/\/www.verassere.com\/en\/wp-json\/wp\/v2\/media\/2344"}],"wp:attachment":[{"href":"https:\/\/www.verassere.com\/en\/wp-json\/wp\/v2\/media?parent=2338"}],"wp:term":[{"taxonomy":"product_brand","embeddable":true,"href":"https:\/\/www.verassere.com\/en\/wp-json\/wp\/v2\/product_brand?post=2338"},{"taxonomy":"product_cat","embeddable":true,"href":"https:\/\/www.verassere.com\/en\/wp-json\/wp\/v2\/product_cat?post=2338"},{"taxonomy":"product_tag","embeddable":true,"href":"https:\/\/www.verassere.com\/en\/wp-json\/wp\/v2\/product_tag?post=2338"}],"curies":[{"name":"wp","href":"https:\/\/api.w.org\/{rel}","templated":true}]}}