{"id":2337,"date":"2024-06-18T18:17:01","date_gmt":"2024-06-18T23:17:01","guid":{"rendered":"https:\/\/www.verassere.com\/?post_type=product&#038;p=2337"},"modified":"2026-05-05T09:19:35","modified_gmt":"2026-05-05T14:19:35","slug":"restorative-eye-treatment-14-8ml","status":"publish","type":"product","link":"https:\/\/www.verassere.com\/en\/restorative-eye-treatment-14-8ml\/","title":{"rendered":"RESTORATIVE EYE TREATMENT 14.8ML"},"content":{"rendered":"<h2>RESTORATIVE EYE TREATMENT 14.8ML<\/h2>\n<p>El &#8220;Restorative Eye Treatment with TriHex Technology\u00ae&#8221; es un galardonado suero para contorno de ojos que lo hace todo. Esta crema anti-envejecimiento para el contorno de ojos est\u00e1 dise\u00f1ada para reducir la apariencia de las ojeras y la hinchaz\u00f3n, al mismo tiempo que alisa las l\u00edneas finas y arrugas alrededor de los ojos. Su exclusiva f\u00f3rmula incluye la TriHex Technology\u00ae que promueve la producci\u00f3n de nuevo col\u00e1geno y elastina saludables, garantizando una piel m\u00e1s uniforme y rejuvenecida. Este tratamiento ha sido premiado con el \u201cBest Anti-Aging Eye Cream\u201d por InStyle Best Beauty Buys en 2019 y 2020, y ha ganado los premios \u201cBest Eye Cream for Combination Skin\u201d y \u201cBest Eye Cream for Sensitive Skin\u201d por Women&#8217;s Health en 2021. Est\u00e1 especialmente formulado para abordar preocupaciones como las l\u00edneas finas y arrugas, ojeras y la hinchaz\u00f3n bajo los ojos, proporcionando una soluci\u00f3n completa para un contorno de ojos m\u00e1s joven y radiante<\/p>","protected":false},"excerpt":{"rendered":"<p>ALASTIN SKINCARE<\/p>\n<p>S\u00e9rum contorno de ojos con TriHex Technology\u00ae que reduce ojeras, hinchaz\u00f3n, l\u00edneas finas y arrugas. Estimula col\u00e1geno y elastina para piel uniforme y rejuvenecida. Galardonado. Ideal para todo tipo de piel, incluso sensible y mixta.<\/p>","protected":false},"featured_media":2343,"comment_status":"open","ping_status":"closed","template":"","meta":{"_uag_custom_page_level_css":"","site-sidebar-layout":"default","site-content-layout":"","ast-site-content-layout":"default","site-content-style":"default","site-sidebar-style":"default","ast-global-header-display":"","ast-banner-title-visibility":"","ast-main-header-display":"","ast-hfb-above-header-display":"","ast-hfb-below-header-display":"","ast-hfb-mobile-header-display":"","site-post-title":"","ast-breadcrumbs-content":"","ast-featured-img":"","footer-sml-layout":"","ast-disable-related-posts":"","theme-transparent-header-meta":"default","adv-header-id-meta":"","stick-header-meta":"","header-above-stick-meta":"","header-main-stick-meta":"","header-below-stick-meta":"","astra-migrate-meta-layouts":"set","ast-page-background-enabled":"default","ast-page-background-meta":{"desktop":{"background-color":"var(--ast-global-color-4)","background-image":"","background-repeat":"repeat","background-position":"center center","background-size":"auto","background-attachment":"scroll","background-type":"","background-media":"","overlay-type":"","overlay-color":"","overlay-opacity":"","overlay-gradient":""},"tablet":{"background-color":"","background-image":"","background-repeat":"repeat","background-position":"center center","background-size":"auto","background-attachment":"scroll","background-type":"","background-media":"","overlay-type":"","overlay-color":"","overlay-opacity":"","overlay-gradient":""},"mobile":{"background-color":"","background-image":"","background-repeat":"repeat","background-position":"center center","background-size":"auto","background-attachment":"scroll","background-type":"","background-media":"","overlay-type":"","overlay-color":"","overlay-opacity":"","overlay-gradient":""}},"ast-content-background-meta":{"desktop":{"background-color":"var(--ast-global-color-5)","background-image":"","background-repeat":"repeat","background-position":"center center","background-size":"auto","background-attachment":"scroll","background-type":"","background-media":"","overlay-type":"","overlay-color":"","overlay-opacity":"","overlay-gradient":""},"tablet":{"background-color":"var(--ast-global-color-5)","background-image":"","background-repeat":"repeat","background-position":"center center","background-size":"auto","background-attachment":"scroll","background-type":"","background-media":"","overlay-type":"","overlay-color":"","overlay-opacity":"","overlay-gradient":""},"mobile":{"background-color":"var(--ast-global-color-5)","background-image":"","background-repeat":"repeat","background-position":"center center","background-size":"auto","background-attachment":"scroll","background-type":"","background-media":"","overlay-type":"","overlay-color":"","overlay-opacity":"","overlay-gradient":""}}},"product_brand":[],"product_cat":[54,59,56],"product_tag":[],"class_list":{"0":"post-2337","1":"product","2":"type-product","3":"status-publish","4":"has-post-thumbnail","6":"product_cat-contorno-de-ojos","7":"product_cat-antiedad","8":"product_cat-cuidado-piel","9":"pa_contenido-14-8ml","10":"pa_marca-alastin-skincare","11":"desktop-align-center","12":"tablet-align-center","13":"mobile-align-center","15":"first","16":"instock","17":"taxable","18":"shipping-taxable","19":"purchasable","20":"product-type-simple"},"barcode":null,"atum_controlled":true,"out_stock_date":null,"out_stock_threshold":null,"inheritable":false,"stock_on_hold":0,"sold_today":0,"sales_last_days":0,"out_stock_days":0,"lost_sales":0,"update_date":"2026-05-06T00:52:21","atum_locations":[],"atum_stock_status":"instock","restock_status":false,"low_stock_amount":"","sales_update_date":"2026-05-06T00:52:21","calc_backorders":null,"uagb_featured_image_src":{"full":["https:\/\/www.verassere.com\/wp-content\/uploads\/RESTORATIVE-EYE-TREATMENT-14.8ML.jpg",1080,1080,false],"thumbnail":["https:\/\/www.verassere.com\/wp-content\/uploads\/RESTORATIVE-EYE-TREATMENT-14.8ML-150x150.jpg",150,150,true],"medium":["https:\/\/www.verassere.com\/wp-content\/uploads\/RESTORATIVE-EYE-TREATMENT-14.8ML-300x300.jpg",300,300,true],"medium_large":["https:\/\/www.verassere.com\/wp-content\/uploads\/RESTORATIVE-EYE-TREATMENT-14.8ML-768x768.jpg",768,768,true],"large":["https:\/\/www.verassere.com\/wp-content\/uploads\/RESTORATIVE-EYE-TREATMENT-14.8ML-1024x1024.jpg",1024,1024,true],"1536x1536":["https:\/\/www.verassere.com\/wp-content\/uploads\/RESTORATIVE-EYE-TREATMENT-14.8ML.jpg",1080,1080,false],"2048x2048":["https:\/\/www.verassere.com\/wp-content\/uploads\/RESTORATIVE-EYE-TREATMENT-14.8ML.jpg",1080,1080,false],"trp-custom-language-flag":["https:\/\/www.verassere.com\/wp-content\/uploads\/RESTORATIVE-EYE-TREATMENT-14.8ML.jpg",12,12,false],"woocommerce_thumbnail":["https:\/\/www.verassere.com\/wp-content\/uploads\/RESTORATIVE-EYE-TREATMENT-14.8ML-300x300.jpg",300,300,true],"woocommerce_single":["https:\/\/www.verassere.com\/wp-content\/uploads\/RESTORATIVE-EYE-TREATMENT-14.8ML-600x600.jpg",600,600,true],"woocommerce_gallery_thumbnail":["https:\/\/www.verassere.com\/wp-content\/uploads\/RESTORATIVE-EYE-TREATMENT-14.8ML-100x100.jpg",100,100,true]},"uagb_author_info":{"display_name":"Verassere SAS","author_link":"https:\/\/www.verassere.com\/en\/author\/"},"uagb_comment_info":0,"uagb_excerpt":"ALASTIN SKINCARE S\u00e9rum contorno de ojos con TriHex Technology\u00ae que reduce ojeras, hinchaz\u00f3n, l\u00edneas finas y arrugas. Estimula col\u00e1geno y elastina para piel uniforme y rejuvenecida. Galardonado. Ideal para todo tipo de piel, incluso sensible y mixta.","_links":{"self":[{"href":"https:\/\/www.verassere.com\/en\/wp-json\/wp\/v2\/product\/2337","targetHints":{"allow":["GET"]}}],"collection":[{"href":"https:\/\/www.verassere.com\/en\/wp-json\/wp\/v2\/product"}],"about":[{"href":"https:\/\/www.verassere.com\/en\/wp-json\/wp\/v2\/types\/product"}],"replies":[{"embeddable":true,"href":"https:\/\/www.verassere.com\/en\/wp-json\/wp\/v2\/comments?post=2337"}],"wp:featuredmedia":[{"embeddable":true,"href":"https:\/\/www.verassere.com\/en\/wp-json\/wp\/v2\/media\/2343"}],"wp:attachment":[{"href":"https:\/\/www.verassere.com\/en\/wp-json\/wp\/v2\/media?parent=2337"}],"wp:term":[{"taxonomy":"product_brand","embeddable":true,"href":"https:\/\/www.verassere.com\/en\/wp-json\/wp\/v2\/product_brand?post=2337"},{"taxonomy":"product_cat","embeddable":true,"href":"https:\/\/www.verassere.com\/en\/wp-json\/wp\/v2\/product_cat?post=2337"},{"taxonomy":"product_tag","embeddable":true,"href":"https:\/\/www.verassere.com\/en\/wp-json\/wp\/v2\/product_tag?post=2337"}],"curies":[{"name":"wp","href":"https:\/\/api.w.org\/{rel}","templated":true}]}}