{"id":2336,"date":"2024-06-18T18:13:30","date_gmt":"2024-06-18T23:13:30","guid":{"rendered":"https:\/\/www.verassere.com\/?post_type=product&#038;p=2336"},"modified":"2026-04-24T11:41:11","modified_gmt":"2026-04-24T16:41:11","slug":"regenerating-skin-nectar-50ml","status":"publish","type":"product","link":"https:\/\/www.verassere.com\/en\/regenerating-skin-nectar-50ml\/","title":{"rendered":"REGENERATING SKIN NECTAR 50ML"},"content":{"rendered":"<h2>REGENERATING SKIN NECTAR 50ML<\/h2>\n<p>El Regenerating Skin Nectar con TriHex Technology\u00ae est\u00e1 formulado para maximizar los resultados de los tratamientos cosm\u00e9ticos, fortaleciendo la piel antes de los procedimientos est\u00e9ticos y mejorando los resultados, adem\u00e1s de reducir el tiempo de recuperaci\u00f3n. Este producto, dise\u00f1ado para complementar procedimientos de rejuvenecimiento de la piel como l\u00e1ser, microneedling e IPL, mejora los resultados de los tratamientos cosm\u00e9ticos y calma la piel post-procedimiento con ingredientes como \u00c1rnica, Fitoeno, Fitoflueno y Narigenina con Triacetato de Pantenilo. Tambi\u00e9n ayuda a fortalecer la piel antes de los tratamientos para lograr una apariencia m\u00e1s suave, brillante y juvenil. Su formulaci\u00f3n libre de agua, conservantes y bacteriost\u00e1tica, incluye TriHex Technology\u00ae para apoyar la producci\u00f3n de nuevo elastina y col\u00e1geno saludable. Ganador del premio SHAPE al &#8220;Mejor Tratamiento Sanador de la Piel&#8221; en 2021, este producto est\u00e1 dise\u00f1ado para complementar tratamientos como l\u00e1seres, peelings qu\u00edmicos, microneedling y cirug\u00edas faciales.<\/p>","protected":false},"excerpt":{"rendered":"<p>ALASTIN SKINCARE<\/p>\n<p>N\u00e9ctar con TriHex Technology\u00ae, \u00e1rnica y fitonutrientes que prepara la piel pre-tratamiento y acelera recuperaci\u00f3n post-procedimiento. Estimula col\u00e1geno y elastina, calma y mejora resultados. Ideal para complementar l\u00e1ser, microneedling, IPL y cirug\u00edas.<\/p>","protected":false},"featured_media":2342,"comment_status":"open","ping_status":"closed","template":"","meta":{"_uag_custom_page_level_css":"","site-sidebar-layout":"default","site-content-layout":"","ast-site-content-layout":"default","site-content-style":"default","site-sidebar-style":"default","ast-global-header-display":"","ast-banner-title-visibility":"","ast-main-header-display":"","ast-hfb-above-header-display":"","ast-hfb-below-header-display":"","ast-hfb-mobile-header-display":"","site-post-title":"","ast-breadcrumbs-content":"","ast-featured-img":"","footer-sml-layout":"","ast-disable-related-posts":"","theme-transparent-header-meta":"default","adv-header-id-meta":"","stick-header-meta":"","header-above-stick-meta":"","header-main-stick-meta":"","header-below-stick-meta":"","astra-migrate-meta-layouts":"set","ast-page-background-enabled":"default","ast-page-background-meta":{"desktop":{"background-color":"var(--ast-global-color-4)","background-image":"","background-repeat":"repeat","background-position":"center center","background-size":"auto","background-attachment":"scroll","background-type":"","background-media":"","overlay-type":"","overlay-color":"","overlay-opacity":"","overlay-gradient":""},"tablet":{"background-color":"","background-image":"","background-repeat":"repeat","background-position":"center center","background-size":"auto","background-attachment":"scroll","background-type":"","background-media":"","overlay-type":"","overlay-color":"","overlay-opacity":"","overlay-gradient":""},"mobile":{"background-color":"","background-image":"","background-repeat":"repeat","background-position":"center center","background-size":"auto","background-attachment":"scroll","background-type":"","background-media":"","overlay-type":"","overlay-color":"","overlay-opacity":"","overlay-gradient":""}},"ast-content-background-meta":{"desktop":{"background-color":"var(--ast-global-color-5)","background-image":"","background-repeat":"repeat","background-position":"center center","background-size":"auto","background-attachment":"scroll","background-type":"","background-media":"","overlay-type":"","overlay-color":"","overlay-opacity":"","overlay-gradient":""},"tablet":{"background-color":"var(--ast-global-color-5)","background-image":"","background-repeat":"repeat","background-position":"center center","background-size":"auto","background-attachment":"scroll","background-type":"","background-media":"","overlay-type":"","overlay-color":"","overlay-opacity":"","overlay-gradient":""},"mobile":{"background-color":"var(--ast-global-color-5)","background-image":"","background-repeat":"repeat","background-position":"center center","background-size":"auto","background-attachment":"scroll","background-type":"","background-media":"","overlay-type":"","overlay-color":"","overlay-opacity":"","overlay-gradient":""}}},"product_brand":[],"product_cat":[67,59,56],"product_tag":[],"class_list":{"0":"post-2336","1":"product","2":"type-product","3":"status-publish","4":"has-post-thumbnail","6":"product_cat-tratamientos","7":"product_cat-antiedad","8":"product_cat-cuidado-piel","9":"pa_contenido-50ml","10":"pa_marca-alastin-skincare","11":"desktop-align-center","12":"tablet-align-center","13":"mobile-align-center","15":"first","16":"instock","17":"taxable","18":"shipping-taxable","19":"purchasable","20":"product-type-simple"},"barcode":null,"atum_controlled":true,"out_stock_date":null,"out_stock_threshold":null,"inheritable":false,"stock_on_hold":0,"sold_today":0,"sales_last_days":0,"out_stock_days":0,"lost_sales":0,"update_date":"2026-05-06T00:52:21","atum_locations":[],"atum_stock_status":"instock","restock_status":false,"low_stock_amount":"","sales_update_date":"2026-05-06T00:52:21","calc_backorders":null,"uagb_featured_image_src":{"full":["https:\/\/www.verassere.com\/wp-content\/uploads\/REGENERATING-SKIN-NECTAR-50ML.jpg",1080,1080,false],"thumbnail":["https:\/\/www.verassere.com\/wp-content\/uploads\/REGENERATING-SKIN-NECTAR-50ML-150x150.jpg",150,150,true],"medium":["https:\/\/www.verassere.com\/wp-content\/uploads\/REGENERATING-SKIN-NECTAR-50ML-300x300.jpg",300,300,true],"medium_large":["https:\/\/www.verassere.com\/wp-content\/uploads\/REGENERATING-SKIN-NECTAR-50ML-768x768.jpg",768,768,true],"large":["https:\/\/www.verassere.com\/wp-content\/uploads\/REGENERATING-SKIN-NECTAR-50ML-1024x1024.jpg",1024,1024,true],"1536x1536":["https:\/\/www.verassere.com\/wp-content\/uploads\/REGENERATING-SKIN-NECTAR-50ML.jpg",1080,1080,false],"2048x2048":["https:\/\/www.verassere.com\/wp-content\/uploads\/REGENERATING-SKIN-NECTAR-50ML.jpg",1080,1080,false],"trp-custom-language-flag":["https:\/\/www.verassere.com\/wp-content\/uploads\/REGENERATING-SKIN-NECTAR-50ML.jpg",12,12,false],"woocommerce_thumbnail":["https:\/\/www.verassere.com\/wp-content\/uploads\/REGENERATING-SKIN-NECTAR-50ML-300x300.jpg",300,300,true],"woocommerce_single":["https:\/\/www.verassere.com\/wp-content\/uploads\/REGENERATING-SKIN-NECTAR-50ML-600x600.jpg",600,600,true],"woocommerce_gallery_thumbnail":["https:\/\/www.verassere.com\/wp-content\/uploads\/REGENERATING-SKIN-NECTAR-50ML-100x100.jpg",100,100,true]},"uagb_author_info":{"display_name":"Verassere SAS","author_link":"https:\/\/www.verassere.com\/en\/author\/"},"uagb_comment_info":0,"uagb_excerpt":"ALASTIN SKINCARE N\u00e9ctar con TriHex Technology\u00ae, \u00e1rnica y fitonutrientes que prepara la piel pre-tratamiento y acelera recuperaci\u00f3n post-procedimiento. Estimula col\u00e1geno y elastina, calma y mejora resultados. Ideal para complementar l\u00e1ser, microneedling, IPL y cirug\u00edas.","_links":{"self":[{"href":"https:\/\/www.verassere.com\/en\/wp-json\/wp\/v2\/product\/2336","targetHints":{"allow":["GET"]}}],"collection":[{"href":"https:\/\/www.verassere.com\/en\/wp-json\/wp\/v2\/product"}],"about":[{"href":"https:\/\/www.verassere.com\/en\/wp-json\/wp\/v2\/types\/product"}],"replies":[{"embeddable":true,"href":"https:\/\/www.verassere.com\/en\/wp-json\/wp\/v2\/comments?post=2336"}],"wp:featuredmedia":[{"embeddable":true,"href":"https:\/\/www.verassere.com\/en\/wp-json\/wp\/v2\/media\/2342"}],"wp:attachment":[{"href":"https:\/\/www.verassere.com\/en\/wp-json\/wp\/v2\/media?parent=2336"}],"wp:term":[{"taxonomy":"product_brand","embeddable":true,"href":"https:\/\/www.verassere.com\/en\/wp-json\/wp\/v2\/product_brand?post=2336"},{"taxonomy":"product_cat","embeddable":true,"href":"https:\/\/www.verassere.com\/en\/wp-json\/wp\/v2\/product_cat?post=2336"},{"taxonomy":"product_tag","embeddable":true,"href":"https:\/\/www.verassere.com\/en\/wp-json\/wp\/v2\/product_tag?post=2336"}],"curies":[{"name":"wp","href":"https:\/\/api.w.org\/{rel}","templated":true}]}}