{"id":2335,"date":"2024-06-18T18:08:27","date_gmt":"2024-06-18T23:08:27","guid":{"rendered":"https:\/\/www.verassere.com\/?post_type=product&#038;p=2335"},"modified":"2026-04-16T16:22:39","modified_gmt":"2026-04-16T21:22:39","slug":"ha-immerse-serum-29-6ml","status":"publish","type":"product","link":"https:\/\/www.verassere.com\/en\/ha-immerse-serum-29-6ml\/","title":{"rendered":"HA IMMERSE SERUM 29.6ML"},"content":{"rendered":"<h2>HA IMMERSE SERUM 29.6ML<\/h2>\n<p>El serum HA (\u00c1cido Hialur\u00f3nico) IMMERSE Serum\u2122 es una innovaci\u00f3n diaria en hidrataci\u00f3n que proporciona una hidrataci\u00f3n instant\u00e1nea para una piel m\u00e1s suave y radiante, mientras ayuda a aumentar los niveles de \u00e1cido hialur\u00f3nico en la piel con el tiempo. Este suero de \u00e1cido hialur\u00f3nico revolucionario ayuda a incrementar instant\u00e1neamente la hidrataci\u00f3n de la piel en la superficie, logrando una apariencia m\u00e1s suave y luminosa. Su exclusivo Octapeptide-45 potencia la capacidad natural de la piel para aumentar su propia producci\u00f3n de \u00e1cido hialur\u00f3nico de alto peso molecular en profundidad, ofreciendo beneficios de relleno, antienvejecimiento e hidrataci\u00f3n a largo plazo. Proporciona resultados instant\u00e1neos y duraderos, ayudando a elevar los niveles naturales de \u00e1cido hialur\u00f3nico en la piel, lo que reduce la apariencia de l\u00edneas finas y arrugas. Recomendado para uso diario y complementa los rellenos d\u00e9rmicos. Ganador del premio &#8220;Mejor \u00c1cido Hialur\u00f3nico&#8221; de New Beauty y del premio O-ward 2022 de Oprah Daily por &#8220;Mejor Suero Hidratante&#8221;. Indicaciones para piel deshidratada, seca y opaca.<\/p>","protected":false},"excerpt":{"rendered":"<p>ALASTIN SKINCARE<\/p>\n<p>S\u00e9rum innovador con \u00e1cido hialur\u00f3nico y Octapeptide-45 que hidrata instant\u00e1neamente y estimula la producci\u00f3n natural de \u00e1cido hialur\u00f3nico de alto peso molecular. Reduce l\u00edneas finas, arrugas y aporta luminosidad con efecto relleno a largo plazo. Deja la piel suave, radiante y visiblemente rejuvenecida. Ideal para piel deshidratada, seca y opaca.<\/p>","protected":false},"featured_media":2341,"comment_status":"closed","ping_status":"closed","template":"","meta":{"_uag_custom_page_level_css":"","site-sidebar-layout":"default","site-content-layout":"","ast-site-content-layout":"default","site-content-style":"default","site-sidebar-style":"default","ast-global-header-display":"","ast-banner-title-visibility":"","ast-main-header-display":"","ast-hfb-above-header-display":"","ast-hfb-below-header-display":"","ast-hfb-mobile-header-display":"","site-post-title":"","ast-breadcrumbs-content":"","ast-featured-img":"","footer-sml-layout":"","ast-disable-related-posts":"","theme-transparent-header-meta":"default","adv-header-id-meta":"","stick-header-meta":"","header-above-stick-meta":"","header-main-stick-meta":"","header-below-stick-meta":"","astra-migrate-meta-layouts":"set","ast-page-background-enabled":"default","ast-page-background-meta":{"desktop":{"background-color":"var(--ast-global-color-4)","background-image":"","background-repeat":"repeat","background-position":"center center","background-size":"auto","background-attachment":"scroll","background-type":"","background-media":"","overlay-type":"","overlay-color":"","overlay-opacity":"","overlay-gradient":""},"tablet":{"background-color":"","background-image":"","background-repeat":"repeat","background-position":"center center","background-size":"auto","background-attachment":"scroll","background-type":"","background-media":"","overlay-type":"","overlay-color":"","overlay-opacity":"","overlay-gradient":""},"mobile":{"background-color":"","background-image":"","background-repeat":"repeat","background-position":"center center","background-size":"auto","background-attachment":"scroll","background-type":"","background-media":"","overlay-type":"","overlay-color":"","overlay-opacity":"","overlay-gradient":""}},"ast-content-background-meta":{"desktop":{"background-color":"var(--ast-global-color-5)","background-image":"","background-repeat":"repeat","background-position":"center center","background-size":"auto","background-attachment":"scroll","background-type":"","background-media":"","overlay-type":"","overlay-color":"","overlay-opacity":"","overlay-gradient":""},"tablet":{"background-color":"var(--ast-global-color-5)","background-image":"","background-repeat":"repeat","background-position":"center center","background-size":"auto","background-attachment":"scroll","background-type":"","background-media":"","overlay-type":"","overlay-color":"","overlay-opacity":"","overlay-gradient":""},"mobile":{"background-color":"var(--ast-global-color-5)","background-image":"","background-repeat":"repeat","background-position":"center center","background-size":"auto","background-attachment":"scroll","background-type":"","background-media":"","overlay-type":"","overlay-color":"","overlay-opacity":"","overlay-gradient":""}}},"product_brand":[],"product_cat":[63,59,56],"product_tag":[],"class_list":{"0":"post-2335","1":"product","2":"type-product","3":"status-publish","4":"has-post-thumbnail","6":"product_cat-hidratante","7":"product_cat-antiedad","8":"product_cat-cuidado-piel","9":"pa_contenido-29-6ml","10":"pa_marca-alastin-skincare","11":"desktop-align-center","12":"tablet-align-center","13":"mobile-align-center","15":"first","16":"instock","17":"taxable","18":"shipping-taxable","19":"purchasable","20":"product-type-simple"},"barcode":null,"atum_controlled":true,"out_stock_date":null,"out_stock_threshold":null,"inheritable":false,"stock_on_hold":0,"sold_today":0,"sales_last_days":0,"out_stock_days":0,"lost_sales":0,"update_date":"2026-05-06T00:52:21","atum_locations":[],"atum_stock_status":"instock","restock_status":false,"low_stock_amount":"","sales_update_date":"2026-05-06T00:52:21","calc_backorders":null,"uagb_featured_image_src":{"full":["https:\/\/www.verassere.com\/wp-content\/uploads\/HA-IMMERSE-SERUM-29.6ML.jpg",1080,1080,false],"thumbnail":["https:\/\/www.verassere.com\/wp-content\/uploads\/HA-IMMERSE-SERUM-29.6ML-150x150.jpg",150,150,true],"medium":["https:\/\/www.verassere.com\/wp-content\/uploads\/HA-IMMERSE-SERUM-29.6ML-300x300.jpg",300,300,true],"medium_large":["https:\/\/www.verassere.com\/wp-content\/uploads\/HA-IMMERSE-SERUM-29.6ML-768x768.jpg",768,768,true],"large":["https:\/\/www.verassere.com\/wp-content\/uploads\/HA-IMMERSE-SERUM-29.6ML-1024x1024.jpg",1024,1024,true],"1536x1536":["https:\/\/www.verassere.com\/wp-content\/uploads\/HA-IMMERSE-SERUM-29.6ML.jpg",1080,1080,false],"2048x2048":["https:\/\/www.verassere.com\/wp-content\/uploads\/HA-IMMERSE-SERUM-29.6ML.jpg",1080,1080,false],"trp-custom-language-flag":["https:\/\/www.verassere.com\/wp-content\/uploads\/HA-IMMERSE-SERUM-29.6ML.jpg",12,12,false],"woocommerce_thumbnail":["https:\/\/www.verassere.com\/wp-content\/uploads\/HA-IMMERSE-SERUM-29.6ML-300x300.jpg",300,300,true],"woocommerce_single":["https:\/\/www.verassere.com\/wp-content\/uploads\/HA-IMMERSE-SERUM-29.6ML-600x600.jpg",600,600,true],"woocommerce_gallery_thumbnail":["https:\/\/www.verassere.com\/wp-content\/uploads\/HA-IMMERSE-SERUM-29.6ML-100x100.jpg",100,100,true]},"uagb_author_info":{"display_name":"Verassere SAS","author_link":"https:\/\/www.verassere.com\/en\/author\/"},"uagb_comment_info":0,"uagb_excerpt":"ALASTIN SKINCARE S\u00e9rum innovador con \u00e1cido hialur\u00f3nico y Octapeptide-45 que hidrata instant\u00e1neamente y estimula la producci\u00f3n natural de \u00e1cido hialur\u00f3nico de alto peso molecular. Reduce l\u00edneas finas, arrugas y aporta luminosidad con efecto relleno a largo plazo. Deja la piel suave, radiante y visiblemente rejuvenecida. Ideal para piel deshidratada, seca y opaca.","_links":{"self":[{"href":"https:\/\/www.verassere.com\/en\/wp-json\/wp\/v2\/product\/2335","targetHints":{"allow":["GET"]}}],"collection":[{"href":"https:\/\/www.verassere.com\/en\/wp-json\/wp\/v2\/product"}],"about":[{"href":"https:\/\/www.verassere.com\/en\/wp-json\/wp\/v2\/types\/product"}],"replies":[{"embeddable":true,"href":"https:\/\/www.verassere.com\/en\/wp-json\/wp\/v2\/comments?post=2335"}],"wp:featuredmedia":[{"embeddable":true,"href":"https:\/\/www.verassere.com\/en\/wp-json\/wp\/v2\/media\/2341"}],"wp:attachment":[{"href":"https:\/\/www.verassere.com\/en\/wp-json\/wp\/v2\/media?parent=2335"}],"wp:term":[{"taxonomy":"product_brand","embeddable":true,"href":"https:\/\/www.verassere.com\/en\/wp-json\/wp\/v2\/product_brand?post=2335"},{"taxonomy":"product_cat","embeddable":true,"href":"https:\/\/www.verassere.com\/en\/wp-json\/wp\/v2\/product_cat?post=2335"},{"taxonomy":"product_tag","embeddable":true,"href":"https:\/\/www.verassere.com\/en\/wp-json\/wp\/v2\/product_tag?post=2335"}],"curies":[{"name":"wp","href":"https:\/\/api.w.org\/{rel}","templated":true}]}}