{"id":2334,"date":"2024-06-18T18:03:30","date_gmt":"2024-06-18T23:03:30","guid":{"rendered":"https:\/\/www.verassere.com\/?post_type=product&#038;p=2334"},"modified":"2026-04-16T16:22:15","modified_gmt":"2026-04-16T21:22:15","slug":"a-luminate-brightening-serum-50ml","status":"publish","type":"product","link":"https:\/\/www.verassere.com\/en\/a-luminate-brightening-serum-50ml\/","title":{"rendered":"A-LUMINATE BRIGHTENING SERUM 50ML"},"content":{"rendered":"<h2>A-LUMINATE BRIGHTENING SERUM 50ML<\/h2>\n<p>El S\u00e9rum Iluminador A-LUMINATE Brightening Serum\u2122 es una avanzada f\u00f3rmula cient\u00edfica dise\u00f1ada para lograr una piel m\u00e1s brillante y uniforme. Este producto cl\u00ednicamente probado reduce la apariencia de pigmentaci\u00f3n superficial, minimiza la recurrencia y protege contra futuros da\u00f1os, sin causar irritaci\u00f3n. Es efectivo para disminuir todas las formas de decoloraci\u00f3n no deseada, incluyendo manchas oscuras, manchas de la edad, hiperpigmentaci\u00f3n y parches marrones, resultando en una piel de apariencia m\u00e1s uniforme. La tecnolog\u00eda patentada PATH-3 ayuda a prevenir la reaparici\u00f3n de la pigmentaci\u00f3n superficial y a proteger contra futuros da\u00f1os con el uso continuo. Tambi\u00e9n mejora la apariencia del enrojecimiento que a menudo acompa\u00f1a a la hiperpigmentaci\u00f3n, haciendo que la piel se vea m\u00e1s brillante y luminosa con el tiempo. Los potentes antioxidantes presentes en la f\u00f3rmula promueven una salud \u00f3ptima de la piel. Adem\u00e1s, est\u00e1 dise\u00f1ado para complementar los resultados de tratamientos en consultorio como peelings qu\u00edmicos, l\u00e1seres y tratamientos de aclarado de la piel. Este s\u00e9rum no contiene hidroquinona ni retinol, y es suficientemente suave para ser usado diariamente. Ideal para tratar preocupaciones de hiperpigmentaci\u00f3n, da\u00f1o solar y manchas marrones, A-LUMINATE Brightening Serum\u2122 es la soluci\u00f3n perfecta para una piel m\u00e1s radiante y saludable.<\/p>","protected":false},"excerpt":{"rendered":"<p>S\u00e9rum concentrado con activos antioxidantes que revitaliza la piel, reduce l\u00ed\u00adneas finas y mejora su firmeza y luminosidad natural.<\/p>","protected":false},"featured_media":2340,"comment_status":"closed","ping_status":"closed","template":"","meta":{"_uag_custom_page_level_css":"","site-sidebar-layout":"default","site-content-layout":"","ast-site-content-layout":"default","site-content-style":"default","site-sidebar-style":"default","ast-global-header-display":"","ast-banner-title-visibility":"","ast-main-header-display":"","ast-hfb-above-header-display":"","ast-hfb-below-header-display":"","ast-hfb-mobile-header-display":"","site-post-title":"","ast-breadcrumbs-content":"","ast-featured-img":"","footer-sml-layout":"","ast-disable-related-posts":"","theme-transparent-header-meta":"default","adv-header-id-meta":"","stick-header-meta":"","header-above-stick-meta":"","header-main-stick-meta":"","header-below-stick-meta":"","astra-migrate-meta-layouts":"set","ast-page-background-enabled":"default","ast-page-background-meta":{"desktop":{"background-color":"var(--ast-global-color-4)","background-image":"","background-repeat":"repeat","background-position":"center center","background-size":"auto","background-attachment":"scroll","background-type":"","background-media":"","overlay-type":"","overlay-color":"","overlay-opacity":"","overlay-gradient":""},"tablet":{"background-color":"","background-image":"","background-repeat":"repeat","background-position":"center center","background-size":"auto","background-attachment":"scroll","background-type":"","background-media":"","overlay-type":"","overlay-color":"","overlay-opacity":"","overlay-gradient":""},"mobile":{"background-color":"","background-image":"","background-repeat":"repeat","background-position":"center center","background-size":"auto","background-attachment":"scroll","background-type":"","background-media":"","overlay-type":"","overlay-color":"","overlay-opacity":"","overlay-gradient":""}},"ast-content-background-meta":{"desktop":{"background-color":"var(--ast-global-color-5)","background-image":"","background-repeat":"repeat","background-position":"center center","background-size":"auto","background-attachment":"scroll","background-type":"","background-media":"","overlay-type":"","overlay-color":"","overlay-opacity":"","overlay-gradient":""},"tablet":{"background-color":"var(--ast-global-color-5)","background-image":"","background-repeat":"repeat","background-position":"center center","background-size":"auto","background-attachment":"scroll","background-type":"","background-media":"","overlay-type":"","overlay-color":"","overlay-opacity":"","overlay-gradient":""},"mobile":{"background-color":"var(--ast-global-color-5)","background-image":"","background-repeat":"repeat","background-position":"center center","background-size":"auto","background-attachment":"scroll","background-type":"","background-media":"","overlay-type":"","overlay-color":"","overlay-opacity":"","overlay-gradient":""}}},"product_brand":[],"product_cat":[60,59,56],"product_tag":[],"class_list":{"0":"post-2334","1":"product","2":"type-product","3":"status-publish","4":"has-post-thumbnail","6":"product_cat-antimanchas","7":"product_cat-antiedad","8":"product_cat-cuidado-piel","9":"pa_contenido-50ml","10":"pa_marca-alastin-skincare","11":"desktop-align-center","12":"tablet-align-center","13":"mobile-align-center","15":"first","16":"instock","17":"taxable","18":"shipping-taxable","19":"purchasable","20":"product-type-simple"},"barcode":null,"atum_controlled":true,"out_stock_date":null,"out_stock_threshold":null,"inheritable":false,"stock_on_hold":0,"sold_today":0,"sales_last_days":0,"out_stock_days":0,"lost_sales":0,"update_date":"2026-05-06T00:52:21","atum_locations":[],"atum_stock_status":"instock","restock_status":false,"low_stock_amount":"","sales_update_date":"2026-05-06T00:52:21","calc_backorders":null,"uagb_featured_image_src":{"full":["https:\/\/www.verassere.com\/wp-content\/uploads\/A-LUMINATE-BRIGHTENING-SERUM-50ML.jpg",1080,1080,false],"thumbnail":["https:\/\/www.verassere.com\/wp-content\/uploads\/A-LUMINATE-BRIGHTENING-SERUM-50ML-150x150.jpg",150,150,true],"medium":["https:\/\/www.verassere.com\/wp-content\/uploads\/A-LUMINATE-BRIGHTENING-SERUM-50ML-300x300.jpg",300,300,true],"medium_large":["https:\/\/www.verassere.com\/wp-content\/uploads\/A-LUMINATE-BRIGHTENING-SERUM-50ML-768x768.jpg",768,768,true],"large":["https:\/\/www.verassere.com\/wp-content\/uploads\/A-LUMINATE-BRIGHTENING-SERUM-50ML-1024x1024.jpg",1024,1024,true],"1536x1536":["https:\/\/www.verassere.com\/wp-content\/uploads\/A-LUMINATE-BRIGHTENING-SERUM-50ML.jpg",1080,1080,false],"2048x2048":["https:\/\/www.verassere.com\/wp-content\/uploads\/A-LUMINATE-BRIGHTENING-SERUM-50ML.jpg",1080,1080,false],"trp-custom-language-flag":["https:\/\/www.verassere.com\/wp-content\/uploads\/A-LUMINATE-BRIGHTENING-SERUM-50ML.jpg",12,12,false],"woocommerce_thumbnail":["https:\/\/www.verassere.com\/wp-content\/uploads\/A-LUMINATE-BRIGHTENING-SERUM-50ML-300x300.jpg",300,300,true],"woocommerce_single":["https:\/\/www.verassere.com\/wp-content\/uploads\/A-LUMINATE-BRIGHTENING-SERUM-50ML-600x600.jpg",600,600,true],"woocommerce_gallery_thumbnail":["https:\/\/www.verassere.com\/wp-content\/uploads\/A-LUMINATE-BRIGHTENING-SERUM-50ML-100x100.jpg",100,100,true]},"uagb_author_info":{"display_name":"Verassere SAS","author_link":"https:\/\/www.verassere.com\/en\/author\/"},"uagb_comment_info":0,"uagb_excerpt":"S\u00e9rum concentrado con activos antioxidantes que revitaliza la piel, reduce l\u00ed\u00adneas finas y mejora su firmeza y luminosidad natural.","_links":{"self":[{"href":"https:\/\/www.verassere.com\/en\/wp-json\/wp\/v2\/product\/2334","targetHints":{"allow":["GET"]}}],"collection":[{"href":"https:\/\/www.verassere.com\/en\/wp-json\/wp\/v2\/product"}],"about":[{"href":"https:\/\/www.verassere.com\/en\/wp-json\/wp\/v2\/types\/product"}],"replies":[{"embeddable":true,"href":"https:\/\/www.verassere.com\/en\/wp-json\/wp\/v2\/comments?post=2334"}],"wp:featuredmedia":[{"embeddable":true,"href":"https:\/\/www.verassere.com\/en\/wp-json\/wp\/v2\/media\/2340"}],"wp:attachment":[{"href":"https:\/\/www.verassere.com\/en\/wp-json\/wp\/v2\/media?parent=2334"}],"wp:term":[{"taxonomy":"product_brand","embeddable":true,"href":"https:\/\/www.verassere.com\/en\/wp-json\/wp\/v2\/product_brand?post=2334"},{"taxonomy":"product_cat","embeddable":true,"href":"https:\/\/www.verassere.com\/en\/wp-json\/wp\/v2\/product_cat?post=2334"},{"taxonomy":"product_tag","embeddable":true,"href":"https:\/\/www.verassere.com\/en\/wp-json\/wp\/v2\/product_tag?post=2334"}],"curies":[{"name":"wp","href":"https:\/\/api.w.org\/{rel}","templated":true}]}}