{"id":2310,"date":"2024-04-30T17:56:08","date_gmt":"2024-04-30T22:56:08","guid":{"rendered":"https:\/\/www.verassere.com\/?post_type=product&#038;p=2310"},"modified":"2026-04-30T11:28:13","modified_gmt":"2026-04-30T16:28:13","slug":"cell-cycle-catalyst-30ml","status":"publish","type":"product","link":"https:\/\/www.verassere.com\/en\/cell-cycle-catalyst-30ml\/","title":{"rendered":"CELL CYCLE CATALYST 30ML"},"content":{"rendered":"<h2>CELL CYCLE CATALYST 30ML<\/h2>\n<p class=\"translation-block\"><strong>Cell Cycle Catalyst<\/strong> <strong>30ML<\/strong> is an innovative daily-use serum, clinically proven to enhance anti-aging results in wrinkle correction, dark spots, and skin texture. Developed with a 7.7% multi-acid complex (alpha hydroxy acids and beta hydroxy acids) and 1% taurine, <strong>Cell Cycle Catalyst<\/strong> <strong>30ML<\/strong> is clinically proven to gently exfoliate and improve surface skin cell turnover, while also smoothing texture, improving the appearance of discoloration, and reducing the look of visible lines. This anti-aging exfoliating serum helps maintain optimal hydration to support a healthy skin barrier. It is an ideal step to boost the results of any anti-aging routine and can also be used to prepare the skin before professional chemical peels.<\/p>\n<p class=\"translation-block\">To learn more, visit: <a href=\"https:\/\/www.skinceuticals.es\/productos\/categoria\/antiedad\/cell-cycle-catalyst\/S121.html\" target=\"_blank\" rel=\"noopener\"><strong>Cell Cycle Catalyst<\/strong><\/a><\/p>","protected":false},"excerpt":{"rendered":"<p>SKINCEUTICALS<\/p>\n<p>S\u00e9rum exfoliante con complejo multi\u00e1cido y taurina que mejora el recambio celular, suaviza textura y reduce l\u00edneas y manchas. Potencia la luminosidad y prepara la piel para tratamientos antiedad. Ideal para piel madura que busca renovaci\u00f3n visible.<\/p>","protected":false},"featured_media":2321,"comment_status":"closed","ping_status":"closed","template":"","meta":{"_uag_custom_page_level_css":"","site-sidebar-layout":"default","site-content-layout":"","ast-site-content-layout":"default","site-content-style":"default","site-sidebar-style":"default","ast-global-header-display":"","ast-banner-title-visibility":"","ast-main-header-display":"","ast-hfb-above-header-display":"","ast-hfb-below-header-display":"","ast-hfb-mobile-header-display":"","site-post-title":"","ast-breadcrumbs-content":"","ast-featured-img":"","footer-sml-layout":"","ast-disable-related-posts":"","theme-transparent-header-meta":"default","adv-header-id-meta":"","stick-header-meta":"","header-above-stick-meta":"","header-main-stick-meta":"","header-below-stick-meta":"","astra-migrate-meta-layouts":"set","ast-page-background-enabled":"default","ast-page-background-meta":{"desktop":{"background-color":"var(--ast-global-color-4)","background-image":"","background-repeat":"repeat","background-position":"center center","background-size":"auto","background-attachment":"scroll","background-type":"","background-media":"","overlay-type":"","overlay-color":"","overlay-opacity":"","overlay-gradient":""},"tablet":{"background-color":"","background-image":"","background-repeat":"repeat","background-position":"center center","background-size":"auto","background-attachment":"scroll","background-type":"","background-media":"","overlay-type":"","overlay-color":"","overlay-opacity":"","overlay-gradient":""},"mobile":{"background-color":"","background-image":"","background-repeat":"repeat","background-position":"center center","background-size":"auto","background-attachment":"scroll","background-type":"","background-media":"","overlay-type":"","overlay-color":"","overlay-opacity":"","overlay-gradient":""}},"ast-content-background-meta":{"desktop":{"background-color":"var(--ast-global-color-5)","background-image":"","background-repeat":"repeat","background-position":"center center","background-size":"auto","background-attachment":"scroll","background-type":"","background-media":"","overlay-type":"","overlay-color":"","overlay-opacity":"","overlay-gradient":""},"tablet":{"background-color":"var(--ast-global-color-5)","background-image":"","background-repeat":"repeat","background-position":"center center","background-size":"auto","background-attachment":"scroll","background-type":"","background-media":"","overlay-type":"","overlay-color":"","overlay-opacity":"","overlay-gradient":""},"mobile":{"background-color":"var(--ast-global-color-5)","background-image":"","background-repeat":"repeat","background-position":"center center","background-size":"auto","background-attachment":"scroll","background-type":"","background-media":"","overlay-type":"","overlay-color":"","overlay-opacity":"","overlay-gradient":""}}},"product_brand":[],"product_cat":[59,56],"product_tag":[],"class_list":{"0":"post-2310","1":"product","2":"type-product","3":"status-publish","4":"has-post-thumbnail","6":"product_cat-antiedad","7":"product_cat-cuidado-piel","8":"pa_contenido-30ml","9":"pa_marca-skinceuticals","10":"desktop-align-center","11":"tablet-align-center","12":"mobile-align-center","14":"first","15":"instock","16":"sale","17":"taxable","18":"shipping-taxable","19":"purchasable","20":"product-type-simple"},"barcode":null,"atum_controlled":true,"out_stock_date":null,"out_stock_threshold":null,"inheritable":false,"stock_on_hold":0,"sold_today":0,"sales_last_days":0,"out_stock_days":0,"lost_sales":0,"update_date":"2026-05-06T00:52:21","atum_locations":[],"atum_stock_status":"instock","restock_status":false,"low_stock_amount":"","sales_update_date":"2026-05-06T00:52:21","calc_backorders":null,"uagb_featured_image_src":{"full":["https:\/\/www.verassere.com\/wp-content\/uploads\/CELL-CYCLE-CATALYST-30ML-1.jpg",1324,1568,false],"thumbnail":["https:\/\/www.verassere.com\/wp-content\/uploads\/CELL-CYCLE-CATALYST-30ML-1-150x150.jpg",150,150,true],"medium":["https:\/\/www.verassere.com\/wp-content\/uploads\/CELL-CYCLE-CATALYST-30ML-1-253x300.jpg",253,300,true],"medium_large":["https:\/\/www.verassere.com\/wp-content\/uploads\/CELL-CYCLE-CATALYST-30ML-1-768x910.jpg",768,910,true],"large":["https:\/\/www.verassere.com\/wp-content\/uploads\/CELL-CYCLE-CATALYST-30ML-1-865x1024.jpg",865,1024,true],"1536x1536":["https:\/\/www.verassere.com\/wp-content\/uploads\/CELL-CYCLE-CATALYST-30ML-1-1297x1536.jpg",1297,1536,true],"2048x2048":["https:\/\/www.verassere.com\/wp-content\/uploads\/CELL-CYCLE-CATALYST-30ML-1.jpg",1324,1568,false],"trp-custom-language-flag":["https:\/\/www.verassere.com\/wp-content\/uploads\/CELL-CYCLE-CATALYST-30ML-1.jpg",10,12,false],"woocommerce_thumbnail":["https:\/\/www.verassere.com\/wp-content\/uploads\/CELL-CYCLE-CATALYST-30ML-1-300x300.jpg",300,300,true],"woocommerce_single":["https:\/\/www.verassere.com\/wp-content\/uploads\/CELL-CYCLE-CATALYST-30ML-1-600x711.jpg",600,711,true],"woocommerce_gallery_thumbnail":["https:\/\/www.verassere.com\/wp-content\/uploads\/CELL-CYCLE-CATALYST-30ML-1-100x100.jpg",100,100,true]},"uagb_author_info":{"display_name":"Verassere SAS","author_link":"https:\/\/www.verassere.com\/en\/author\/"},"uagb_comment_info":0,"uagb_excerpt":"SKINCEUTICALS S\u00e9rum exfoliante con complejo multi\u00e1cido y taurina que mejora el recambio celular, suaviza textura y reduce l\u00edneas y manchas. Potencia la luminosidad y prepara la piel para tratamientos antiedad. Ideal para piel madura que busca renovaci\u00f3n visible.","_links":{"self":[{"href":"https:\/\/www.verassere.com\/en\/wp-json\/wp\/v2\/product\/2310","targetHints":{"allow":["GET"]}}],"collection":[{"href":"https:\/\/www.verassere.com\/en\/wp-json\/wp\/v2\/product"}],"about":[{"href":"https:\/\/www.verassere.com\/en\/wp-json\/wp\/v2\/types\/product"}],"replies":[{"embeddable":true,"href":"https:\/\/www.verassere.com\/en\/wp-json\/wp\/v2\/comments?post=2310"}],"wp:featuredmedia":[{"embeddable":true,"href":"https:\/\/www.verassere.com\/en\/wp-json\/wp\/v2\/media\/2321"}],"wp:attachment":[{"href":"https:\/\/www.verassere.com\/en\/wp-json\/wp\/v2\/media?parent=2310"}],"wp:term":[{"taxonomy":"product_brand","embeddable":true,"href":"https:\/\/www.verassere.com\/en\/wp-json\/wp\/v2\/product_brand?post=2310"},{"taxonomy":"product_cat","embeddable":true,"href":"https:\/\/www.verassere.com\/en\/wp-json\/wp\/v2\/product_cat?post=2310"},{"taxonomy":"product_tag","embeddable":true,"href":"https:\/\/www.verassere.com\/en\/wp-json\/wp\/v2\/product_tag?post=2310"}],"curies":[{"name":"wp","href":"https:\/\/api.w.org\/{rel}","templated":true}]}}