{"id":2247,"date":"2024-04-01T13:59:45","date_gmt":"2024-04-01T18:59:45","guid":{"rendered":"https:\/\/www.verassere.com\/lip-shine-spf-35-coral\/"},"modified":"2026-04-29T11:18:53","modified_gmt":"2026-04-29T16:18:53","slug":"lip-shine-spf-35-coral","status":"publish","type":"product","link":"https:\/\/www.verassere.com\/en\/lip-shine-spf-35-coral\/","title":{"rendered":"LIP SHINE SPF 35 CORAL"},"content":{"rendered":"<h2>LIP SHINE SPF 35 CORAL<\/h2>\n<p>The essential for healthy lips. A nourishing treatment for voluminous, soft, and smooth lips formulated with peptides, hyaluronic acid, and vitamin E antioxidants to hydrate, refine texture, and condition. This beautiful gloss features a subtle touch of color, along with a fully mineral SPF 35 to protect the delicate skin of the lips. Contains Maxi-Lip\u2122 Peptides: support collagen and elastin for a smoother and more voluminous appearance. Hyaluronic Acid: hydrates and softens. Vitamin E: nourishes and protects against free radicals. Zinc Oxide 6.6%: UVA\/UVB protection.<\/p>","protected":false},"excerpt":{"rendered":"<p>COLORESCIENCE<\/p>\n<p>Tratamiento nutritivo labial con p\u00e9ptidos Maxi-Lip\u2122, \u00e1cido hialur\u00f3nico, vitamina E y SPF 35 mineral que hidrata, suaviza y aporta volumen visible. Protecci\u00f3n UVA\/UVB con \u00f3xido de zinc 6.6% y sutil toque de color champagne. Deja los labios suaves, voluminosos, protegidos y con brillo saludable. Ideal para labios que requieren hidrataci\u00f3n, protecci\u00f3n solar y apariencia rejuvenecida.<\/p>","protected":false},"featured_media":2260,"comment_status":"open","ping_status":"closed","template":"","meta":{"_uag_custom_page_level_css":"","site-sidebar-layout":"default","site-content-layout":"","ast-site-content-layout":"default","site-content-style":"default","site-sidebar-style":"default","ast-global-header-display":"","ast-banner-title-visibility":"","ast-main-header-display":"","ast-hfb-above-header-display":"","ast-hfb-below-header-display":"","ast-hfb-mobile-header-display":"","site-post-title":"","ast-breadcrumbs-content":"","ast-featured-img":"","footer-sml-layout":"","ast-disable-related-posts":"","theme-transparent-header-meta":"default","adv-header-id-meta":"","stick-header-meta":"","header-above-stick-meta":"","header-main-stick-meta":"","header-below-stick-meta":"","astra-migrate-meta-layouts":"set","ast-page-background-enabled":"default","ast-page-background-meta":{"desktop":{"background-color":"var(--ast-global-color-4)","background-image":"","background-repeat":"repeat","background-position":"center center","background-size":"auto","background-attachment":"scroll","background-type":"","background-media":"","overlay-type":"","overlay-color":"","overlay-opacity":"","overlay-gradient":""},"tablet":{"background-color":"","background-image":"","background-repeat":"repeat","background-position":"center center","background-size":"auto","background-attachment":"scroll","background-type":"","background-media":"","overlay-type":"","overlay-color":"","overlay-opacity":"","overlay-gradient":""},"mobile":{"background-color":"","background-image":"","background-repeat":"repeat","background-position":"center center","background-size":"auto","background-attachment":"scroll","background-type":"","background-media":"","overlay-type":"","overlay-color":"","overlay-opacity":"","overlay-gradient":""}},"ast-content-background-meta":{"desktop":{"background-color":"var(--ast-global-color-5)","background-image":"","background-repeat":"repeat","background-position":"center center","background-size":"auto","background-attachment":"scroll","background-type":"","background-media":"","overlay-type":"","overlay-color":"","overlay-opacity":"","overlay-gradient":""},"tablet":{"background-color":"var(--ast-global-color-5)","background-image":"","background-repeat":"repeat","background-position":"center center","background-size":"auto","background-attachment":"scroll","background-type":"","background-media":"","overlay-type":"","overlay-color":"","overlay-opacity":"","overlay-gradient":""},"mobile":{"background-color":"var(--ast-global-color-5)","background-image":"","background-repeat":"repeat","background-position":"center center","background-size":"auto","background-attachment":"scroll","background-type":"","background-media":"","overlay-type":"","overlay-color":"","overlay-opacity":"","overlay-gradient":""}}},"product_brand":[],"product_cat":[56,61,65],"product_tag":[],"class_list":{"0":"post-2247","1":"product","2":"type-product","3":"status-publish","4":"has-post-thumbnail","6":"product_cat-cuidado-piel","7":"product_cat-antioxidante","8":"product_cat-maquillaje","9":"pa_contenido-4ml","10":"pa_marca-colorescience","11":"desktop-align-center","12":"tablet-align-center","13":"mobile-align-center","15":"first","16":"instock","17":"taxable","18":"shipping-taxable","19":"purchasable","20":"product-type-simple"},"barcode":null,"atum_controlled":true,"out_stock_date":null,"out_stock_threshold":null,"inheritable":false,"stock_on_hold":0,"sold_today":0,"sales_last_days":0,"out_stock_days":0,"lost_sales":0,"update_date":"2026-05-06T00:52:21","atum_locations":[],"atum_stock_status":"instock","restock_status":false,"low_stock_amount":"","sales_update_date":"2026-05-06T00:52:21","calc_backorders":null,"uagb_featured_image_src":{"full":["https:\/\/www.verassere.com\/wp-content\/uploads\/LIP-SHINE-SPF-35-CORAL.jpg",2000,2000,false],"thumbnail":["https:\/\/www.verassere.com\/wp-content\/uploads\/LIP-SHINE-SPF-35-CORAL-150x150.jpg",150,150,true],"medium":["https:\/\/www.verassere.com\/wp-content\/uploads\/LIP-SHINE-SPF-35-CORAL-300x300.jpg",300,300,true],"medium_large":["https:\/\/www.verassere.com\/wp-content\/uploads\/LIP-SHINE-SPF-35-CORAL-768x768.jpg",768,768,true],"large":["https:\/\/www.verassere.com\/wp-content\/uploads\/LIP-SHINE-SPF-35-CORAL-1024x1024.jpg",1024,1024,true],"1536x1536":["https:\/\/www.verassere.com\/wp-content\/uploads\/LIP-SHINE-SPF-35-CORAL-1536x1536.jpg",1536,1536,true],"2048x2048":["https:\/\/www.verassere.com\/wp-content\/uploads\/LIP-SHINE-SPF-35-CORAL.jpg",2000,2000,false],"trp-custom-language-flag":["https:\/\/www.verassere.com\/wp-content\/uploads\/LIP-SHINE-SPF-35-CORAL.jpg",12,12,false],"woocommerce_thumbnail":["https:\/\/www.verassere.com\/wp-content\/uploads\/LIP-SHINE-SPF-35-CORAL-300x300.jpg",300,300,true],"woocommerce_single":["https:\/\/www.verassere.com\/wp-content\/uploads\/LIP-SHINE-SPF-35-CORAL-600x600.jpg",600,600,true],"woocommerce_gallery_thumbnail":["https:\/\/www.verassere.com\/wp-content\/uploads\/LIP-SHINE-SPF-35-CORAL-100x100.jpg",100,100,true]},"uagb_author_info":{"display_name":"Verassere SAS","author_link":"https:\/\/www.verassere.com\/en\/author\/"},"uagb_comment_info":0,"uagb_excerpt":"COLORESCIENCE Tratamiento nutritivo labial con p\u00e9ptidos Maxi-Lip\u2122, \u00e1cido hialur\u00f3nico, vitamina E y SPF 35 mineral que hidrata, suaviza y aporta volumen visible. Protecci\u00f3n UVA\/UVB con \u00f3xido de zinc 6.6% y sutil toque de color champagne. Deja los labios suaves, voluminosos, protegidos y con brillo saludable. Ideal para labios que requieren hidrataci\u00f3n, protecci\u00f3n solar y apariencia&hellip;","_links":{"self":[{"href":"https:\/\/www.verassere.com\/en\/wp-json\/wp\/v2\/product\/2247","targetHints":{"allow":["GET"]}}],"collection":[{"href":"https:\/\/www.verassere.com\/en\/wp-json\/wp\/v2\/product"}],"about":[{"href":"https:\/\/www.verassere.com\/en\/wp-json\/wp\/v2\/types\/product"}],"replies":[{"embeddable":true,"href":"https:\/\/www.verassere.com\/en\/wp-json\/wp\/v2\/comments?post=2247"}],"wp:featuredmedia":[{"embeddable":true,"href":"https:\/\/www.verassere.com\/en\/wp-json\/wp\/v2\/media\/2260"}],"wp:attachment":[{"href":"https:\/\/www.verassere.com\/en\/wp-json\/wp\/v2\/media?parent=2247"}],"wp:term":[{"taxonomy":"product_brand","embeddable":true,"href":"https:\/\/www.verassere.com\/en\/wp-json\/wp\/v2\/product_brand?post=2247"},{"taxonomy":"product_cat","embeddable":true,"href":"https:\/\/www.verassere.com\/en\/wp-json\/wp\/v2\/product_cat?post=2247"},{"taxonomy":"product_tag","embeddable":true,"href":"https:\/\/www.verassere.com\/en\/wp-json\/wp\/v2\/product_tag?post=2247"}],"curies":[{"name":"wp","href":"https:\/\/api.w.org\/{rel}","templated":true}]}}