{"id":2245,"date":"2024-04-01T13:59:44","date_gmt":"2024-04-01T18:59:44","guid":{"rendered":"https:\/\/www.verassere.com\/tint-du-soileil-spf-30-medium\/"},"modified":"2025-10-14T18:55:14","modified_gmt":"2025-10-14T23:55:14","slug":"tint-du-soileil-spf-30-medium","status":"publish","type":"product","link":"https:\/\/www.verassere.com\/en\/tint-du-soileil-spf-30-medium\/","title":{"rendered":"TINT DU SOILEIL SPF 30 MEDIUM"},"content":{"rendered":"<h2>TINT DU SOILEIL SPF 30 MEDIUM<\/h2>\n<p>Discover the fusion of foundation and skincare with Tint Du Soleil\u00ae Whipped Mineral Foundation! Enjoy a more even complexion while nourishing and strengthening your skin with effective ingredients. This lightweight foundation blurs imperfections, evens skin tone, and leaves your skin feeling silky smooth. Enriched with ceramides and milk lipids, it provides comforting hydration, while collagen-building peptides and a multivitamin complex work to improve skin health with every application. Shield your skin from sun and environmental damage with zinc oxide and titanium dioxide, which offer broad-spectrum SPF 30 defense. Plus, this foundation is water-resistant for up to 40 minutes. Get creamy, lightweight coverage with sun protection and skincare in one!<\/p>","protected":false},"excerpt":{"rendered":"<p>COLORESCIENCE<\/p>\n<p>Base mineral SPF 30 con \u00f3xido de zinc, ceramidas, p\u00e9ptidos y multivitaminas que unifica tono, difumina imperfecciones e hidrata. Estimula col\u00e1geno y protege contra da\u00f1o solar y ambiental. Textura cremosa ligera sedosa. Resistente agua 40 min. Tono medio.<\/p>","protected":false},"featured_media":2254,"comment_status":"open","ping_status":"closed","template":"","meta":{"_uag_custom_page_level_css":"","site-sidebar-layout":"default","site-content-layout":"","ast-site-content-layout":"default","site-content-style":"default","site-sidebar-style":"default","ast-global-header-display":"","ast-banner-title-visibility":"","ast-main-header-display":"","ast-hfb-above-header-display":"","ast-hfb-below-header-display":"","ast-hfb-mobile-header-display":"","site-post-title":"","ast-breadcrumbs-content":"","ast-featured-img":"","footer-sml-layout":"","ast-disable-related-posts":"","theme-transparent-header-meta":"default","adv-header-id-meta":"","stick-header-meta":"","header-above-stick-meta":"","header-main-stick-meta":"","header-below-stick-meta":"","astra-migrate-meta-layouts":"set","ast-page-background-enabled":"default","ast-page-background-meta":{"desktop":{"background-color":"var(--ast-global-color-4)","background-image":"","background-repeat":"repeat","background-position":"center center","background-size":"auto","background-attachment":"scroll","background-type":"","background-media":"","overlay-type":"","overlay-color":"","overlay-opacity":"","overlay-gradient":""},"tablet":{"background-color":"","background-image":"","background-repeat":"repeat","background-position":"center center","background-size":"auto","background-attachment":"scroll","background-type":"","background-media":"","overlay-type":"","overlay-color":"","overlay-opacity":"","overlay-gradient":""},"mobile":{"background-color":"","background-image":"","background-repeat":"repeat","background-position":"center center","background-size":"auto","background-attachment":"scroll","background-type":"","background-media":"","overlay-type":"","overlay-color":"","overlay-opacity":"","overlay-gradient":""}},"ast-content-background-meta":{"desktop":{"background-color":"var(--ast-global-color-5)","background-image":"","background-repeat":"repeat","background-position":"center center","background-size":"auto","background-attachment":"scroll","background-type":"","background-media":"","overlay-type":"","overlay-color":"","overlay-opacity":"","overlay-gradient":""},"tablet":{"background-color":"var(--ast-global-color-5)","background-image":"","background-repeat":"repeat","background-position":"center center","background-size":"auto","background-attachment":"scroll","background-type":"","background-media":"","overlay-type":"","overlay-color":"","overlay-opacity":"","overlay-gradient":""},"mobile":{"background-color":"var(--ast-global-color-5)","background-image":"","background-repeat":"repeat","background-position":"center center","background-size":"auto","background-attachment":"scroll","background-type":"","background-media":"","overlay-type":"","overlay-color":"","overlay-opacity":"","overlay-gradient":""}}},"product_brand":[],"product_cat":[62,56],"product_tag":[],"class_list":{"0":"post-2245","1":"product","2":"type-product","3":"status-publish","4":"has-post-thumbnail","6":"product_cat-fotoproteccion","7":"product_cat-cuidado-piel","8":"pa_contenido-30ml","9":"pa_marca-colorescience","10":"desktop-align-center","11":"tablet-align-center","12":"mobile-align-center","14":"first","15":"instock","16":"taxable","17":"shipping-taxable","18":"purchasable","19":"product-type-simple"},"barcode":null,"atum_controlled":true,"out_stock_date":null,"out_stock_threshold":null,"inheritable":false,"stock_on_hold":0,"sold_today":0,"sales_last_days":0,"out_stock_days":0,"lost_sales":0,"update_date":"2026-05-06T00:52:21","atum_locations":[],"atum_stock_status":"instock","restock_status":false,"low_stock_amount":"","sales_update_date":"2026-05-06T00:52:21","calc_backorders":null,"uagb_featured_image_src":{"full":["https:\/\/www.verassere.com\/wp-content\/uploads\/TINT-DU-SOILEIL-SPF-30-MEDIUM.jpg",2000,2000,false],"thumbnail":["https:\/\/www.verassere.com\/wp-content\/uploads\/TINT-DU-SOILEIL-SPF-30-MEDIUM-150x150.jpg",150,150,true],"medium":["https:\/\/www.verassere.com\/wp-content\/uploads\/TINT-DU-SOILEIL-SPF-30-MEDIUM-300x300.jpg",300,300,true],"medium_large":["https:\/\/www.verassere.com\/wp-content\/uploads\/TINT-DU-SOILEIL-SPF-30-MEDIUM-768x768.jpg",768,768,true],"large":["https:\/\/www.verassere.com\/wp-content\/uploads\/TINT-DU-SOILEIL-SPF-30-MEDIUM-1024x1024.jpg",1024,1024,true],"1536x1536":["https:\/\/www.verassere.com\/wp-content\/uploads\/TINT-DU-SOILEIL-SPF-30-MEDIUM-1536x1536.jpg",1536,1536,true],"2048x2048":["https:\/\/www.verassere.com\/wp-content\/uploads\/TINT-DU-SOILEIL-SPF-30-MEDIUM.jpg",2000,2000,false],"trp-custom-language-flag":["https:\/\/www.verassere.com\/wp-content\/uploads\/TINT-DU-SOILEIL-SPF-30-MEDIUM.jpg",12,12,false],"woocommerce_thumbnail":["https:\/\/www.verassere.com\/wp-content\/uploads\/TINT-DU-SOILEIL-SPF-30-MEDIUM-300x300.jpg",300,300,true],"woocommerce_single":["https:\/\/www.verassere.com\/wp-content\/uploads\/TINT-DU-SOILEIL-SPF-30-MEDIUM-600x600.jpg",600,600,true],"woocommerce_gallery_thumbnail":["https:\/\/www.verassere.com\/wp-content\/uploads\/TINT-DU-SOILEIL-SPF-30-MEDIUM-100x100.jpg",100,100,true]},"uagb_author_info":{"display_name":"Verassere SAS","author_link":"https:\/\/www.verassere.com\/en\/author\/"},"uagb_comment_info":0,"uagb_excerpt":"COLORESCIENCE Base mineral SPF 30 con \u00f3xido de zinc, ceramidas, p\u00e9ptidos y multivitaminas que unifica tono, difumina imperfecciones e hidrata. Estimula col\u00e1geno y protege contra da\u00f1o solar y ambiental. Textura cremosa ligera sedosa. Resistente agua 40 min. Tono medio.","_links":{"self":[{"href":"https:\/\/www.verassere.com\/en\/wp-json\/wp\/v2\/product\/2245","targetHints":{"allow":["GET"]}}],"collection":[{"href":"https:\/\/www.verassere.com\/en\/wp-json\/wp\/v2\/product"}],"about":[{"href":"https:\/\/www.verassere.com\/en\/wp-json\/wp\/v2\/types\/product"}],"replies":[{"embeddable":true,"href":"https:\/\/www.verassere.com\/en\/wp-json\/wp\/v2\/comments?post=2245"}],"wp:featuredmedia":[{"embeddable":true,"href":"https:\/\/www.verassere.com\/en\/wp-json\/wp\/v2\/media\/2254"}],"wp:attachment":[{"href":"https:\/\/www.verassere.com\/en\/wp-json\/wp\/v2\/media?parent=2245"}],"wp:term":[{"taxonomy":"product_brand","embeddable":true,"href":"https:\/\/www.verassere.com\/en\/wp-json\/wp\/v2\/product_brand?post=2245"},{"taxonomy":"product_cat","embeddable":true,"href":"https:\/\/www.verassere.com\/en\/wp-json\/wp\/v2\/product_cat?post=2245"},{"taxonomy":"product_tag","embeddable":true,"href":"https:\/\/www.verassere.com\/en\/wp-json\/wp\/v2\/product_tag?post=2245"}],"curies":[{"name":"wp","href":"https:\/\/api.w.org\/{rel}","templated":true}]}}