{"id":2238,"date":"2024-04-01T13:59:41","date_gmt":"2024-04-01T18:59:41","guid":{"rendered":"https:\/\/www.verassere.com\/total-protection-brush-on-shield-spf-50-medium\/"},"modified":"2026-04-29T11:17:12","modified_gmt":"2026-04-29T16:17:12","slug":"total-protection-brush-on-shield-spf-50-medium","status":"publish","type":"product","link":"https:\/\/www.verassere.com\/en\/total-protection-brush-on-shield-spf-50-medium\/","title":{"rendered":"TOTAL PROTECTION BRUSH ON SHIELD SPF 50 MEDIUM"},"content":{"rendered":"<h2>TOTAL PROTECTION BRUSH ON SHIELD SPF 50 MEDIUM<\/h2>\n<p>Powered by EnviroScreen\u00ae technology, this all-mineral powder sunscreen provides complete protection in one easy, convenient application with its portable brush. Wear it alone or over makeup for all-day SPF 50 protection. Plus, it's water and sweat resistant for up to 80 minutes and goes beyond UV rays with defense against blue (HEV) light, pollution, and infrared, fighting premature signs of aging and skin damage. Enriched with hyaluronic acid to restore and reinforce hydration in the skin, and a potent blend of antioxidants that provides defense against pollution and free radical formation, skin is not only protected but also nourished with every application. This non-comedogenic, hypoallergenic zinc oxide and iron formula has been dermatologist-tested and recommended as safe for sensitive skin. Now with a new, improved brush flow for easier activation\/priming. Plus, always 100% chemical-free, mineral sunscreen actives; hydrating, antioxidant-rich formula; Portable, convenient, and easy-to-apply brush; antimicrobial bristles help protect the brush and keep it fresh; broad-spectrum SPF 50\/PA++++; water and sweat resistant (80 minutes); dermatologist recommended; hypoallergenic and non-comedogenic.<\/p>","protected":false},"excerpt":{"rendered":"<p>COLORESCIENCE<\/p>\n<p>Protector solar mineral en polvo con EnviroScreen\u00ae y brocha port\u00e1til antimicrobiana. SPF 50 contra UVA\/UVB, luz azul, contaminaci\u00f3n e infrarroja. Con \u00e1cido hialur\u00f3nico y antioxidantes. Tono medium. Resistente agua\/sudor 80 min. Sobre maquillaje o solo. Hipoalerg\u00e9nico.<\/p>","protected":false},"featured_media":2265,"comment_status":"open","ping_status":"closed","template":"","meta":{"_uag_custom_page_level_css":"","site-sidebar-layout":"default","site-content-layout":"","ast-site-content-layout":"default","site-content-style":"default","site-sidebar-style":"default","ast-global-header-display":"","ast-banner-title-visibility":"","ast-main-header-display":"","ast-hfb-above-header-display":"","ast-hfb-below-header-display":"","ast-hfb-mobile-header-display":"","site-post-title":"","ast-breadcrumbs-content":"","ast-featured-img":"","footer-sml-layout":"","ast-disable-related-posts":"","theme-transparent-header-meta":"default","adv-header-id-meta":"","stick-header-meta":"","header-above-stick-meta":"","header-main-stick-meta":"","header-below-stick-meta":"","astra-migrate-meta-layouts":"set","ast-page-background-enabled":"default","ast-page-background-meta":{"desktop":{"background-color":"var(--ast-global-color-4)","background-image":"","background-repeat":"repeat","background-position":"center center","background-size":"auto","background-attachment":"scroll","background-type":"","background-media":"","overlay-type":"","overlay-color":"","overlay-opacity":"","overlay-gradient":""},"tablet":{"background-color":"","background-image":"","background-repeat":"repeat","background-position":"center center","background-size":"auto","background-attachment":"scroll","background-type":"","background-media":"","overlay-type":"","overlay-color":"","overlay-opacity":"","overlay-gradient":""},"mobile":{"background-color":"","background-image":"","background-repeat":"repeat","background-position":"center center","background-size":"auto","background-attachment":"scroll","background-type":"","background-media":"","overlay-type":"","overlay-color":"","overlay-opacity":"","overlay-gradient":""}},"ast-content-background-meta":{"desktop":{"background-color":"var(--ast-global-color-5)","background-image":"","background-repeat":"repeat","background-position":"center center","background-size":"auto","background-attachment":"scroll","background-type":"","background-media":"","overlay-type":"","overlay-color":"","overlay-opacity":"","overlay-gradient":""},"tablet":{"background-color":"var(--ast-global-color-5)","background-image":"","background-repeat":"repeat","background-position":"center center","background-size":"auto","background-attachment":"scroll","background-type":"","background-media":"","overlay-type":"","overlay-color":"","overlay-opacity":"","overlay-gradient":""},"mobile":{"background-color":"var(--ast-global-color-5)","background-image":"","background-repeat":"repeat","background-position":"center center","background-size":"auto","background-attachment":"scroll","background-type":"","background-media":"","overlay-type":"","overlay-color":"","overlay-opacity":"","overlay-gradient":""}}},"product_brand":[],"product_cat":[62,56],"product_tag":[],"class_list":{"0":"post-2238","1":"product","2":"type-product","3":"status-publish","4":"has-post-thumbnail","6":"product_cat-fotoproteccion","7":"product_cat-cuidado-piel","8":"pa_contenido-6g","9":"pa_marca-colorescience","10":"desktop-align-center","11":"tablet-align-center","12":"mobile-align-center","14":"first","15":"instock","16":"taxable","17":"shipping-taxable","18":"purchasable","19":"product-type-simple"},"barcode":null,"atum_controlled":true,"out_stock_date":null,"out_stock_threshold":null,"inheritable":false,"stock_on_hold":0,"sold_today":0,"sales_last_days":0,"out_stock_days":0,"lost_sales":0,"update_date":"2026-05-06T00:52:21","atum_locations":[],"atum_stock_status":"instock","restock_status":false,"low_stock_amount":"","sales_update_date":"2026-05-06T00:52:21","calc_backorders":null,"uagb_featured_image_src":{"full":["https:\/\/www.verassere.com\/wp-content\/uploads\/TOTAL-PROTECTION-BRUSH-ON-SHIELD-SPF-50-MEDIUM.jpg",2000,2000,false],"thumbnail":["https:\/\/www.verassere.com\/wp-content\/uploads\/TOTAL-PROTECTION-BRUSH-ON-SHIELD-SPF-50-MEDIUM-150x150.jpg",150,150,true],"medium":["https:\/\/www.verassere.com\/wp-content\/uploads\/TOTAL-PROTECTION-BRUSH-ON-SHIELD-SPF-50-MEDIUM-300x300.jpg",300,300,true],"medium_large":["https:\/\/www.verassere.com\/wp-content\/uploads\/TOTAL-PROTECTION-BRUSH-ON-SHIELD-SPF-50-MEDIUM-768x768.jpg",768,768,true],"large":["https:\/\/www.verassere.com\/wp-content\/uploads\/TOTAL-PROTECTION-BRUSH-ON-SHIELD-SPF-50-MEDIUM-1024x1024.jpg",1024,1024,true],"1536x1536":["https:\/\/www.verassere.com\/wp-content\/uploads\/TOTAL-PROTECTION-BRUSH-ON-SHIELD-SPF-50-MEDIUM-1536x1536.jpg",1536,1536,true],"2048x2048":["https:\/\/www.verassere.com\/wp-content\/uploads\/TOTAL-PROTECTION-BRUSH-ON-SHIELD-SPF-50-MEDIUM.jpg",2000,2000,false],"trp-custom-language-flag":["https:\/\/www.verassere.com\/wp-content\/uploads\/TOTAL-PROTECTION-BRUSH-ON-SHIELD-SPF-50-MEDIUM.jpg",12,12,false],"woocommerce_thumbnail":["https:\/\/www.verassere.com\/wp-content\/uploads\/TOTAL-PROTECTION-BRUSH-ON-SHIELD-SPF-50-MEDIUM-300x300.jpg",300,300,true],"woocommerce_single":["https:\/\/www.verassere.com\/wp-content\/uploads\/TOTAL-PROTECTION-BRUSH-ON-SHIELD-SPF-50-MEDIUM-600x600.jpg",600,600,true],"woocommerce_gallery_thumbnail":["https:\/\/www.verassere.com\/wp-content\/uploads\/TOTAL-PROTECTION-BRUSH-ON-SHIELD-SPF-50-MEDIUM-100x100.jpg",100,100,true]},"uagb_author_info":{"display_name":"Verassere SAS","author_link":"https:\/\/www.verassere.com\/en\/author\/"},"uagb_comment_info":0,"uagb_excerpt":"COLORESCIENCE Protector solar mineral en polvo con EnviroScreen\u00ae y brocha port\u00e1til antimicrobiana. SPF 50 contra UVA\/UVB, luz azul, contaminaci\u00f3n e infrarroja. Con \u00e1cido hialur\u00f3nico y antioxidantes. Tono medium. Resistente agua\/sudor 80 min. Sobre maquillaje o solo. Hipoalerg\u00e9nico.","_links":{"self":[{"href":"https:\/\/www.verassere.com\/en\/wp-json\/wp\/v2\/product\/2238","targetHints":{"allow":["GET"]}}],"collection":[{"href":"https:\/\/www.verassere.com\/en\/wp-json\/wp\/v2\/product"}],"about":[{"href":"https:\/\/www.verassere.com\/en\/wp-json\/wp\/v2\/types\/product"}],"replies":[{"embeddable":true,"href":"https:\/\/www.verassere.com\/en\/wp-json\/wp\/v2\/comments?post=2238"}],"wp:featuredmedia":[{"embeddable":true,"href":"https:\/\/www.verassere.com\/en\/wp-json\/wp\/v2\/media\/2265"}],"wp:attachment":[{"href":"https:\/\/www.verassere.com\/en\/wp-json\/wp\/v2\/media?parent=2238"}],"wp:term":[{"taxonomy":"product_brand","embeddable":true,"href":"https:\/\/www.verassere.com\/en\/wp-json\/wp\/v2\/product_brand?post=2238"},{"taxonomy":"product_cat","embeddable":true,"href":"https:\/\/www.verassere.com\/en\/wp-json\/wp\/v2\/product_cat?post=2238"},{"taxonomy":"product_tag","embeddable":true,"href":"https:\/\/www.verassere.com\/en\/wp-json\/wp\/v2\/product_tag?post=2238"}],"curies":[{"name":"wp","href":"https:\/\/api.w.org\/{rel}","templated":true}]}}