{"id":2236,"date":"2024-04-01T13:59:41","date_gmt":"2024-04-01T18:59:41","guid":{"rendered":"https:\/\/www.verassere.com\/total-eye-hydrogel-masks\/"},"modified":"2025-10-14T19:01:45","modified_gmt":"2025-10-15T00:01:45","slug":"total-eye-hydrogel-masks","status":"publish","type":"product","link":"https:\/\/www.verassere.com\/en\/total-eye-hydrogel-masks\/","title":{"rendered":"TOTAL EYE HYDROGEL MASKS"},"content":{"rendered":"<h2>TOTAL EYE HYDROGEL MASKS<\/h2>\n<p>Cooling hydrogel treatment masks provide an immediate and visible boost to your eyes when you need it most. With specialized ingredients infused into a cooling, decongesting hydrogel, these masks work to immediately minimize the appearance of dark circles and bags with a boost of hydration. Includes 12 pairs of Total Eye\u00ae Hydrogel Treatment Masks. They offer immediate relief for tired-looking eyes, increase hydration and reduce the appearance of dark circles, decongest and awaken the eye area, provide a cooling, refreshing sensation upon application, and lock in moisture when used over Total Eye\u00ae Concentrate or Total Eye\u00ae Firm &amp; Repair Eye Cream. Plus, they soften skin for the application of Total Eye\u00ae 3-in-1 Renewal Therapy. They provide an at-home spa-like experience and are free of parabens, phthalates, synthetic fragrances, animal testing, talc, and dyes.<\/p>","protected":false},"excerpt":{"rendered":"<p>COLORESCIENCE<\/p>\n<p>12 pares de mascarillas de hidrogel refrescante que reducen ojeras y bolsas instant\u00e1neamente. Aumentan hidrataci\u00f3n, descongestionan y despiertan \u00e1rea ocular. Sensaci\u00f3n refrescante tipo spa. Preparan piel para tratamientos. Sin parabenos, ftalatos ni fragancias sint\u00e9ticas.<\/p>","protected":false},"featured_media":2270,"comment_status":"open","ping_status":"closed","template":"","meta":{"_uag_custom_page_level_css":"","site-sidebar-layout":"default","site-content-layout":"","ast-site-content-layout":"default","site-content-style":"default","site-sidebar-style":"default","ast-global-header-display":"","ast-banner-title-visibility":"","ast-main-header-display":"","ast-hfb-above-header-display":"","ast-hfb-below-header-display":"","ast-hfb-mobile-header-display":"","site-post-title":"","ast-breadcrumbs-content":"","ast-featured-img":"","footer-sml-layout":"","ast-disable-related-posts":"","theme-transparent-header-meta":"default","adv-header-id-meta":"","stick-header-meta":"","header-above-stick-meta":"","header-main-stick-meta":"","header-below-stick-meta":"","astra-migrate-meta-layouts":"set","ast-page-background-enabled":"default","ast-page-background-meta":{"desktop":{"background-color":"var(--ast-global-color-4)","background-image":"","background-repeat":"repeat","background-position":"center center","background-size":"auto","background-attachment":"scroll","background-type":"","background-media":"","overlay-type":"","overlay-color":"","overlay-opacity":"","overlay-gradient":""},"tablet":{"background-color":"","background-image":"","background-repeat":"repeat","background-position":"center center","background-size":"auto","background-attachment":"scroll","background-type":"","background-media":"","overlay-type":"","overlay-color":"","overlay-opacity":"","overlay-gradient":""},"mobile":{"background-color":"","background-image":"","background-repeat":"repeat","background-position":"center center","background-size":"auto","background-attachment":"scroll","background-type":"","background-media":"","overlay-type":"","overlay-color":"","overlay-opacity":"","overlay-gradient":""}},"ast-content-background-meta":{"desktop":{"background-color":"var(--ast-global-color-5)","background-image":"","background-repeat":"repeat","background-position":"center center","background-size":"auto","background-attachment":"scroll","background-type":"","background-media":"","overlay-type":"","overlay-color":"","overlay-opacity":"","overlay-gradient":""},"tablet":{"background-color":"var(--ast-global-color-5)","background-image":"","background-repeat":"repeat","background-position":"center center","background-size":"auto","background-attachment":"scroll","background-type":"","background-media":"","overlay-type":"","overlay-color":"","overlay-opacity":"","overlay-gradient":""},"mobile":{"background-color":"var(--ast-global-color-5)","background-image":"","background-repeat":"repeat","background-position":"center center","background-size":"auto","background-attachment":"scroll","background-type":"","background-media":"","overlay-type":"","overlay-color":"","overlay-opacity":"","overlay-gradient":""}}},"product_brand":[],"product_cat":[54],"product_tag":[],"class_list":{"0":"post-2236","1":"product","2":"type-product","3":"status-publish","4":"has-post-thumbnail","6":"product_cat-contorno-de-ojos","7":"pa_contenido-12-pares","8":"pa_marca-colorescience","9":"desktop-align-center","10":"tablet-align-center","11":"mobile-align-center","13":"first","14":"instock","15":"taxable","16":"shipping-taxable","17":"purchasable","18":"product-type-simple"},"barcode":null,"atum_controlled":true,"out_stock_date":null,"out_stock_threshold":null,"inheritable":false,"stock_on_hold":0,"sold_today":0,"sales_last_days":0,"out_stock_days":0,"lost_sales":0,"update_date":"2026-05-06T00:52:21","atum_locations":[],"atum_stock_status":"instock","restock_status":false,"low_stock_amount":"","sales_update_date":"2026-05-06T00:52:20","calc_backorders":null,"uagb_featured_image_src":{"full":["https:\/\/www.verassere.com\/wp-content\/uploads\/TOTAL-EYE-HYDROGEL-MASKS.jpg",2000,2000,false],"thumbnail":["https:\/\/www.verassere.com\/wp-content\/uploads\/TOTAL-EYE-HYDROGEL-MASKS-150x150.jpg",150,150,true],"medium":["https:\/\/www.verassere.com\/wp-content\/uploads\/TOTAL-EYE-HYDROGEL-MASKS-300x300.jpg",300,300,true],"medium_large":["https:\/\/www.verassere.com\/wp-content\/uploads\/TOTAL-EYE-HYDROGEL-MASKS-768x768.jpg",768,768,true],"large":["https:\/\/www.verassere.com\/wp-content\/uploads\/TOTAL-EYE-HYDROGEL-MASKS-1024x1024.jpg",1024,1024,true],"1536x1536":["https:\/\/www.verassere.com\/wp-content\/uploads\/TOTAL-EYE-HYDROGEL-MASKS-1536x1536.jpg",1536,1536,true],"2048x2048":["https:\/\/www.verassere.com\/wp-content\/uploads\/TOTAL-EYE-HYDROGEL-MASKS.jpg",2000,2000,false],"trp-custom-language-flag":["https:\/\/www.verassere.com\/wp-content\/uploads\/TOTAL-EYE-HYDROGEL-MASKS.jpg",12,12,false],"woocommerce_thumbnail":["https:\/\/www.verassere.com\/wp-content\/uploads\/TOTAL-EYE-HYDROGEL-MASKS-300x300.jpg",300,300,true],"woocommerce_single":["https:\/\/www.verassere.com\/wp-content\/uploads\/TOTAL-EYE-HYDROGEL-MASKS-600x600.jpg",600,600,true],"woocommerce_gallery_thumbnail":["https:\/\/www.verassere.com\/wp-content\/uploads\/TOTAL-EYE-HYDROGEL-MASKS-100x100.jpg",100,100,true]},"uagb_author_info":{"display_name":"Verassere SAS","author_link":"https:\/\/www.verassere.com\/en\/author\/"},"uagb_comment_info":0,"uagb_excerpt":"COLORESCIENCE 12 pares de mascarillas de hidrogel refrescante que reducen ojeras y bolsas instant\u00e1neamente. Aumentan hidrataci\u00f3n, descongestionan y despiertan \u00e1rea ocular. Sensaci\u00f3n refrescante tipo spa. Preparan piel para tratamientos. Sin parabenos, ftalatos ni fragancias sint\u00e9ticas.","_links":{"self":[{"href":"https:\/\/www.verassere.com\/en\/wp-json\/wp\/v2\/product\/2236","targetHints":{"allow":["GET"]}}],"collection":[{"href":"https:\/\/www.verassere.com\/en\/wp-json\/wp\/v2\/product"}],"about":[{"href":"https:\/\/www.verassere.com\/en\/wp-json\/wp\/v2\/types\/product"}],"replies":[{"embeddable":true,"href":"https:\/\/www.verassere.com\/en\/wp-json\/wp\/v2\/comments?post=2236"}],"wp:featuredmedia":[{"embeddable":true,"href":"https:\/\/www.verassere.com\/en\/wp-json\/wp\/v2\/media\/2270"}],"wp:attachment":[{"href":"https:\/\/www.verassere.com\/en\/wp-json\/wp\/v2\/media?parent=2236"}],"wp:term":[{"taxonomy":"product_brand","embeddable":true,"href":"https:\/\/www.verassere.com\/en\/wp-json\/wp\/v2\/product_brand?post=2236"},{"taxonomy":"product_cat","embeddable":true,"href":"https:\/\/www.verassere.com\/en\/wp-json\/wp\/v2\/product_cat?post=2236"},{"taxonomy":"product_tag","embeddable":true,"href":"https:\/\/www.verassere.com\/en\/wp-json\/wp\/v2\/product_tag?post=2236"}],"curies":[{"name":"wp","href":"https:\/\/api.w.org\/{rel}","templated":true}]}}