{"id":2235,"date":"2024-04-01T13:59:40","date_gmt":"2024-04-01T18:59:40","guid":{"rendered":"https:\/\/www.verassere.com\/total-eye-3in1-renewal-therapy-spf-35-medium\/"},"modified":"2025-12-24T12:56:07","modified_gmt":"2025-12-24T17:56:07","slug":"total-eye-3in1-renewal-therapy-spf-35-medium","status":"publish","type":"product","link":"https:\/\/www.verassere.com\/en\/total-eye-3in1-renewal-therapy-spf-35-medium\/","title":{"rendered":"TOTAL EYE 3IN1 RENEWAL THERAPY SPF 35 MEDIUM"},"content":{"rendered":"<h2>TOTAL EYE 3IN1 RENEWAL THERAPY SPF 35 MEDIUM<\/h2>\n<p>Enjoy Total Eye\u00ae 3-in-1 Therapeutic Renewal SPF 35 to visibly improve the appearance of dark circles, bags, fine lines, and wrinkles while protecting the delicate eye area against photoaging with a 100% SPF 35 mineral sunscreen. It brightens and corrects dark circles in four shades for all skin tones, with a refreshing applicator that helps reduce puffiness. Its formula smooths fine lines and wrinkles, while its broad spectrum SPF 35 PA+++ protects against future sun damage. Plus, it preps skin for smooth eye makeup application and can be reapplied throughout the day as a refresher. Ophthalmologist-reviewed, it's safe for use around the eye area, for contact lens wearers, and for sensitive eyes.<\/p>","protected":false},"excerpt":{"rendered":"<p>COLORESCIENCE<\/p>\n<p>Tratamiento 3 en 1 con SPF 35 mineral que reduce ojeras, bolsas, l\u00edneas y arrugas. Ilumina, corrige tono medio, protege contra fotoenvejecimiento. Aplicador refrescante reduce hinchaz\u00f3n. Prepara piel para maquillaje. Oftalmol\u00f3gicamente probado, ojos sensibles.<\/p>","protected":false},"featured_media":2269,"comment_status":"open","ping_status":"closed","template":"","meta":{"_uag_custom_page_level_css":"","site-sidebar-layout":"default","site-content-layout":"","ast-site-content-layout":"default","site-content-style":"default","site-sidebar-style":"default","ast-global-header-display":"","ast-banner-title-visibility":"","ast-main-header-display":"","ast-hfb-above-header-display":"","ast-hfb-below-header-display":"","ast-hfb-mobile-header-display":"","site-post-title":"","ast-breadcrumbs-content":"","ast-featured-img":"","footer-sml-layout":"","ast-disable-related-posts":"","theme-transparent-header-meta":"default","adv-header-id-meta":"","stick-header-meta":"","header-above-stick-meta":"","header-main-stick-meta":"","header-below-stick-meta":"","astra-migrate-meta-layouts":"set","ast-page-background-enabled":"default","ast-page-background-meta":{"desktop":{"background-color":"var(--ast-global-color-4)","background-image":"","background-repeat":"repeat","background-position":"center center","background-size":"auto","background-attachment":"scroll","background-type":"","background-media":"","overlay-type":"","overlay-color":"","overlay-opacity":"","overlay-gradient":""},"tablet":{"background-color":"","background-image":"","background-repeat":"repeat","background-position":"center center","background-size":"auto","background-attachment":"scroll","background-type":"","background-media":"","overlay-type":"","overlay-color":"","overlay-opacity":"","overlay-gradient":""},"mobile":{"background-color":"","background-image":"","background-repeat":"repeat","background-position":"center center","background-size":"auto","background-attachment":"scroll","background-type":"","background-media":"","overlay-type":"","overlay-color":"","overlay-opacity":"","overlay-gradient":""}},"ast-content-background-meta":{"desktop":{"background-color":"var(--ast-global-color-5)","background-image":"","background-repeat":"repeat","background-position":"center center","background-size":"auto","background-attachment":"scroll","background-type":"","background-media":"","overlay-type":"","overlay-color":"","overlay-opacity":"","overlay-gradient":""},"tablet":{"background-color":"var(--ast-global-color-5)","background-image":"","background-repeat":"repeat","background-position":"center center","background-size":"auto","background-attachment":"scroll","background-type":"","background-media":"","overlay-type":"","overlay-color":"","overlay-opacity":"","overlay-gradient":""},"mobile":{"background-color":"var(--ast-global-color-5)","background-image":"","background-repeat":"repeat","background-position":"center center","background-size":"auto","background-attachment":"scroll","background-type":"","background-media":"","overlay-type":"","overlay-color":"","overlay-opacity":"","overlay-gradient":""}}},"product_brand":[],"product_cat":[54],"product_tag":[],"class_list":{"0":"post-2235","1":"product","2":"type-product","3":"status-publish","4":"has-post-thumbnail","6":"product_cat-contorno-de-ojos","7":"pa_contenido-7ml","8":"pa_marca-colorescience","9":"desktop-align-center","10":"tablet-align-center","11":"mobile-align-center","13":"first","14":"instock","15":"taxable","16":"shipping-taxable","17":"purchasable","18":"product-type-simple"},"barcode":null,"atum_controlled":true,"out_stock_date":null,"out_stock_threshold":null,"inheritable":false,"stock_on_hold":0,"sold_today":0,"sales_last_days":0,"out_stock_days":0,"lost_sales":0,"update_date":"2026-05-06T00:52:20","atum_locations":[],"atum_stock_status":"instock","restock_status":false,"low_stock_amount":"","sales_update_date":"2026-05-06T00:52:20","calc_backorders":null,"uagb_featured_image_src":{"full":["https:\/\/www.verassere.com\/wp-content\/uploads\/TOTAL-EYE-3IN1-RENEWAL-THERAPY-SPF-35-MEDIUM.jpg",2000,2000,false],"thumbnail":["https:\/\/www.verassere.com\/wp-content\/uploads\/TOTAL-EYE-3IN1-RENEWAL-THERAPY-SPF-35-MEDIUM-150x150.jpg",150,150,true],"medium":["https:\/\/www.verassere.com\/wp-content\/uploads\/TOTAL-EYE-3IN1-RENEWAL-THERAPY-SPF-35-MEDIUM-300x300.jpg",300,300,true],"medium_large":["https:\/\/www.verassere.com\/wp-content\/uploads\/TOTAL-EYE-3IN1-RENEWAL-THERAPY-SPF-35-MEDIUM-768x768.jpg",768,768,true],"large":["https:\/\/www.verassere.com\/wp-content\/uploads\/TOTAL-EYE-3IN1-RENEWAL-THERAPY-SPF-35-MEDIUM-1024x1024.jpg",1024,1024,true],"1536x1536":["https:\/\/www.verassere.com\/wp-content\/uploads\/TOTAL-EYE-3IN1-RENEWAL-THERAPY-SPF-35-MEDIUM-1536x1536.jpg",1536,1536,true],"2048x2048":["https:\/\/www.verassere.com\/wp-content\/uploads\/TOTAL-EYE-3IN1-RENEWAL-THERAPY-SPF-35-MEDIUM.jpg",2000,2000,false],"trp-custom-language-flag":["https:\/\/www.verassere.com\/wp-content\/uploads\/TOTAL-EYE-3IN1-RENEWAL-THERAPY-SPF-35-MEDIUM.jpg",12,12,false],"woocommerce_thumbnail":["https:\/\/www.verassere.com\/wp-content\/uploads\/TOTAL-EYE-3IN1-RENEWAL-THERAPY-SPF-35-MEDIUM-300x300.jpg",300,300,true],"woocommerce_single":["https:\/\/www.verassere.com\/wp-content\/uploads\/TOTAL-EYE-3IN1-RENEWAL-THERAPY-SPF-35-MEDIUM-600x600.jpg",600,600,true],"woocommerce_gallery_thumbnail":["https:\/\/www.verassere.com\/wp-content\/uploads\/TOTAL-EYE-3IN1-RENEWAL-THERAPY-SPF-35-MEDIUM-100x100.jpg",100,100,true]},"uagb_author_info":{"display_name":"Verassere SAS","author_link":"https:\/\/www.verassere.com\/en\/author\/"},"uagb_comment_info":0,"uagb_excerpt":"COLORESCIENCE Tratamiento 3 en 1 con SPF 35 mineral que reduce ojeras, bolsas, l\u00edneas y arrugas. Ilumina, corrige tono medio, protege contra fotoenvejecimiento. Aplicador refrescante reduce hinchaz\u00f3n. Prepara piel para maquillaje. Oftalmol\u00f3gicamente probado, ojos sensibles.","_links":{"self":[{"href":"https:\/\/www.verassere.com\/en\/wp-json\/wp\/v2\/product\/2235","targetHints":{"allow":["GET"]}}],"collection":[{"href":"https:\/\/www.verassere.com\/en\/wp-json\/wp\/v2\/product"}],"about":[{"href":"https:\/\/www.verassere.com\/en\/wp-json\/wp\/v2\/types\/product"}],"replies":[{"embeddable":true,"href":"https:\/\/www.verassere.com\/en\/wp-json\/wp\/v2\/comments?post=2235"}],"wp:featuredmedia":[{"embeddable":true,"href":"https:\/\/www.verassere.com\/en\/wp-json\/wp\/v2\/media\/2269"}],"wp:attachment":[{"href":"https:\/\/www.verassere.com\/en\/wp-json\/wp\/v2\/media?parent=2235"}],"wp:term":[{"taxonomy":"product_brand","embeddable":true,"href":"https:\/\/www.verassere.com\/en\/wp-json\/wp\/v2\/product_brand?post=2235"},{"taxonomy":"product_cat","embeddable":true,"href":"https:\/\/www.verassere.com\/en\/wp-json\/wp\/v2\/product_cat?post=2235"},{"taxonomy":"product_tag","embeddable":true,"href":"https:\/\/www.verassere.com\/en\/wp-json\/wp\/v2\/product_tag?post=2235"}],"curies":[{"name":"wp","href":"https:\/\/api.w.org\/{rel}","templated":true}]}}