{"id":2231,"date":"2024-04-01T13:59:39","date_gmt":"2024-04-01T18:59:39","guid":{"rendered":"https:\/\/www.verassere.com\/curl-specialist-balsamo-250ml\/"},"modified":"2026-02-16T11:19:53","modified_gmt":"2026-02-16T16:19:53","slug":"curl-specialist-balsamo-250ml","status":"publish","type":"product","link":"https:\/\/www.verassere.com\/en\/curl-specialist-balsamo-250ml\/","title":{"rendered":"CURL SPECIALIST BALSAMO 250ML"},"content":{"rendered":"<h2>CURL SPECIALIST BALSAMO 250ML<\/h2>\n<p>A shampoo for very curly hair, enriched with Kalahari Desert melon seed oil, which gently cleanses and soothes the scalp, leaving hair soft, nourished, and hydrated, and redefining curls. Its vegan, sulfate- and silicone-free formula contains 95% natural and biodegradable ingredients. Unlike many shampoos that contain sulfates, this shampoo uses small amounts of mild surfactants to gently cleanse curly hair and deeply nourish it, producing a fine, delicate lather.<\/p>","protected":false},"excerpt":{"rendered":"<p>LAZARTIGUE<\/p>\n<p>CURL SPECIALIST B\u00e1lsamo 250ML hidrata y redefine rizos con aceite de mel\u00f3n del Kalahari. F\u00f3rmula vegana sin sulfatos ni siliconas.<\/p>","protected":false},"featured_media":2251,"comment_status":"open","ping_status":"closed","template":"","meta":{"_uag_custom_page_level_css":"","site-sidebar-layout":"default","site-content-layout":"","ast-site-content-layout":"default","site-content-style":"default","site-sidebar-style":"default","ast-global-header-display":"","ast-banner-title-visibility":"","ast-main-header-display":"","ast-hfb-above-header-display":"","ast-hfb-below-header-display":"","ast-hfb-mobile-header-display":"","site-post-title":"","ast-breadcrumbs-content":"","ast-featured-img":"","footer-sml-layout":"","ast-disable-related-posts":"","theme-transparent-header-meta":"default","adv-header-id-meta":"","stick-header-meta":"","header-above-stick-meta":"","header-main-stick-meta":"","header-below-stick-meta":"","astra-migrate-meta-layouts":"set","ast-page-background-enabled":"default","ast-page-background-meta":{"desktop":{"background-color":"var(--ast-global-color-4)","background-image":"","background-repeat":"repeat","background-position":"center center","background-size":"auto","background-attachment":"scroll","background-type":"","background-media":"","overlay-type":"","overlay-color":"","overlay-opacity":"","overlay-gradient":""},"tablet":{"background-color":"","background-image":"","background-repeat":"repeat","background-position":"center center","background-size":"auto","background-attachment":"scroll","background-type":"","background-media":"","overlay-type":"","overlay-color":"","overlay-opacity":"","overlay-gradient":""},"mobile":{"background-color":"","background-image":"","background-repeat":"repeat","background-position":"center center","background-size":"auto","background-attachment":"scroll","background-type":"","background-media":"","overlay-type":"","overlay-color":"","overlay-opacity":"","overlay-gradient":""}},"ast-content-background-meta":{"desktop":{"background-color":"var(--ast-global-color-5)","background-image":"","background-repeat":"repeat","background-position":"center center","background-size":"auto","background-attachment":"scroll","background-type":"","background-media":"","overlay-type":"","overlay-color":"","overlay-opacity":"","overlay-gradient":""},"tablet":{"background-color":"var(--ast-global-color-5)","background-image":"","background-repeat":"repeat","background-position":"center center","background-size":"auto","background-attachment":"scroll","background-type":"","background-media":"","overlay-type":"","overlay-color":"","overlay-opacity":"","overlay-gradient":""},"mobile":{"background-color":"var(--ast-global-color-5)","background-image":"","background-repeat":"repeat","background-position":"center center","background-size":"auto","background-attachment":"scroll","background-type":"","background-media":"","overlay-type":"","overlay-color":"","overlay-opacity":"","overlay-gradient":""}}},"product_brand":[],"product_cat":[55],"product_tag":[],"class_list":{"0":"post-2231","1":"product","2":"type-product","3":"status-publish","4":"has-post-thumbnail","6":"product_cat-cuidado-capilar","7":"pa_contenido-250ml","8":"pa_marca-lazartigue","9":"desktop-align-center","10":"tablet-align-center","11":"mobile-align-center","13":"first","14":"instock","15":"taxable","16":"shipping-taxable","17":"purchasable","18":"product-type-simple"},"barcode":null,"atum_controlled":true,"out_stock_date":null,"out_stock_threshold":null,"inheritable":false,"stock_on_hold":0,"sold_today":0,"sales_last_days":0,"out_stock_days":0,"lost_sales":0,"update_date":"2026-05-06T00:52:20","atum_locations":[],"atum_stock_status":"instock","restock_status":false,"low_stock_amount":"","sales_update_date":"2026-05-06T00:52:20","calc_backorders":null,"uagb_featured_image_src":{"full":["https:\/\/www.verassere.com\/wp-content\/uploads\/CURL-SPECIALIST-BALSAMO-250ML.jpg",1200,1425,false],"thumbnail":["https:\/\/www.verassere.com\/wp-content\/uploads\/CURL-SPECIALIST-BALSAMO-250ML-150x150.jpg",150,150,true],"medium":["https:\/\/www.verassere.com\/wp-content\/uploads\/CURL-SPECIALIST-BALSAMO-250ML-253x300.jpg",253,300,true],"medium_large":["https:\/\/www.verassere.com\/wp-content\/uploads\/CURL-SPECIALIST-BALSAMO-250ML-768x912.jpg",768,912,true],"large":["https:\/\/www.verassere.com\/wp-content\/uploads\/CURL-SPECIALIST-BALSAMO-250ML-862x1024.jpg",862,1024,true],"1536x1536":["https:\/\/www.verassere.com\/wp-content\/uploads\/CURL-SPECIALIST-BALSAMO-250ML.jpg",1200,1425,false],"2048x2048":["https:\/\/www.verassere.com\/wp-content\/uploads\/CURL-SPECIALIST-BALSAMO-250ML.jpg",1200,1425,false],"trp-custom-language-flag":["https:\/\/www.verassere.com\/wp-content\/uploads\/CURL-SPECIALIST-BALSAMO-250ML.jpg",10,12,false],"woocommerce_thumbnail":["https:\/\/www.verassere.com\/wp-content\/uploads\/CURL-SPECIALIST-BALSAMO-250ML-300x300.jpg",300,300,true],"woocommerce_single":["https:\/\/www.verassere.com\/wp-content\/uploads\/CURL-SPECIALIST-BALSAMO-250ML-600x713.jpg",600,713,true],"woocommerce_gallery_thumbnail":["https:\/\/www.verassere.com\/wp-content\/uploads\/CURL-SPECIALIST-BALSAMO-250ML-100x100.jpg",100,100,true]},"uagb_author_info":{"display_name":"Verassere SAS","author_link":"https:\/\/www.verassere.com\/en\/author\/"},"uagb_comment_info":0,"uagb_excerpt":"LAZARTIGUE CURL SPECIALIST B\u00e1lsamo 250ML hidrata y redefine rizos con aceite de mel\u00f3n del Kalahari. F\u00f3rmula vegana sin sulfatos ni siliconas.","_links":{"self":[{"href":"https:\/\/www.verassere.com\/en\/wp-json\/wp\/v2\/product\/2231","targetHints":{"allow":["GET"]}}],"collection":[{"href":"https:\/\/www.verassere.com\/en\/wp-json\/wp\/v2\/product"}],"about":[{"href":"https:\/\/www.verassere.com\/en\/wp-json\/wp\/v2\/types\/product"}],"replies":[{"embeddable":true,"href":"https:\/\/www.verassere.com\/en\/wp-json\/wp\/v2\/comments?post=2231"}],"wp:featuredmedia":[{"embeddable":true,"href":"https:\/\/www.verassere.com\/en\/wp-json\/wp\/v2\/media\/2251"}],"wp:attachment":[{"href":"https:\/\/www.verassere.com\/en\/wp-json\/wp\/v2\/media?parent=2231"}],"wp:term":[{"taxonomy":"product_brand","embeddable":true,"href":"https:\/\/www.verassere.com\/en\/wp-json\/wp\/v2\/product_brand?post=2231"},{"taxonomy":"product_cat","embeddable":true,"href":"https:\/\/www.verassere.com\/en\/wp-json\/wp\/v2\/product_cat?post=2231"},{"taxonomy":"product_tag","embeddable":true,"href":"https:\/\/www.verassere.com\/en\/wp-json\/wp\/v2\/product_tag?post=2231"}],"curies":[{"name":"wp","href":"https:\/\/api.w.org\/{rel}","templated":true}]}}