{"id":2221,"date":"2024-03-19T15:27:55","date_gmt":"2024-03-19T20:27:55","guid":{"rendered":"https:\/\/www.verassere.com\/?post_type=product&#038;p=2221"},"modified":"2025-10-14T18:28:29","modified_gmt":"2025-10-14T23:28:29","slug":"plumping-cream-4d-effect-15ml","status":"publish","type":"product","link":"https:\/\/www.verassere.com\/en\/plumping-cream-4d-effect-15ml\/","title":{"rendered":"PLUMPING CREAM 4D EFFECT 15ML"},"content":{"rendered":"<h2>PLUMPING CREAM 4D EFFECT 15ML<\/h2>\n<p>Discover the innovative PLUMPING 4D EFFECT cream for fuller lips! This cutting-edge treatment is rich in natural ingredients that nourish, hydrate, and plump lips, improving their firmness and reducing roughness. With an innovative formula combining hyaluronic acid, Dictyopteris algae extract, licorice extract, Portulaca pilosa, shea butter, olive oil, and a blend of essential oils, this cream is easily absorbed, leaving a delicate and pleasant protective lipid film. Your lips will be nourished, elastic, soft, plump, and protected against dryness and annoying peeling!<\/p>","protected":false},"excerpt":{"rendered":"<p>INCAROSE<\/p>\n<p>Crema labial con \u00e1cido hialur\u00f3nico, alga Dictyopteris, karit\u00e9 y aceites esenciales que nutre, hidrata y rellena. Aumenta volumen, mejora firmeza y reduce rugosidad. Protege contra sequedad. Labios suaves, el\u00e1sticos y rellenos.<\/p>","protected":false},"featured_media":2222,"comment_status":"open","ping_status":"closed","template":"","meta":{"_uag_custom_page_level_css":"","site-sidebar-layout":"default","site-content-layout":"","ast-site-content-layout":"default","site-content-style":"default","site-sidebar-style":"default","ast-global-header-display":"","ast-banner-title-visibility":"","ast-main-header-display":"","ast-hfb-above-header-display":"","ast-hfb-below-header-display":"","ast-hfb-mobile-header-display":"","site-post-title":"","ast-breadcrumbs-content":"","ast-featured-img":"","footer-sml-layout":"","ast-disable-related-posts":"","theme-transparent-header-meta":"default","adv-header-id-meta":"","stick-header-meta":"","header-above-stick-meta":"","header-main-stick-meta":"","header-below-stick-meta":"","astra-migrate-meta-layouts":"set","ast-page-background-enabled":"default","ast-page-background-meta":{"desktop":{"background-color":"var(--ast-global-color-4)","background-image":"","background-repeat":"repeat","background-position":"center center","background-size":"auto","background-attachment":"scroll","background-type":"","background-media":"","overlay-type":"","overlay-color":"","overlay-opacity":"","overlay-gradient":""},"tablet":{"background-color":"","background-image":"","background-repeat":"repeat","background-position":"center center","background-size":"auto","background-attachment":"scroll","background-type":"","background-media":"","overlay-type":"","overlay-color":"","overlay-opacity":"","overlay-gradient":""},"mobile":{"background-color":"","background-image":"","background-repeat":"repeat","background-position":"center center","background-size":"auto","background-attachment":"scroll","background-type":"","background-media":"","overlay-type":"","overlay-color":"","overlay-opacity":"","overlay-gradient":""}},"ast-content-background-meta":{"desktop":{"background-color":"var(--ast-global-color-5)","background-image":"","background-repeat":"repeat","background-position":"center center","background-size":"auto","background-attachment":"scroll","background-type":"","background-media":"","overlay-type":"","overlay-color":"","overlay-opacity":"","overlay-gradient":""},"tablet":{"background-color":"var(--ast-global-color-5)","background-image":"","background-repeat":"repeat","background-position":"center center","background-size":"auto","background-attachment":"scroll","background-type":"","background-media":"","overlay-type":"","overlay-color":"","overlay-opacity":"","overlay-gradient":""},"mobile":{"background-color":"var(--ast-global-color-5)","background-image":"","background-repeat":"repeat","background-position":"center center","background-size":"auto","background-attachment":"scroll","background-type":"","background-media":"","overlay-type":"","overlay-color":"","overlay-opacity":"","overlay-gradient":""}}},"product_brand":[],"product_cat":[65,56],"product_tag":[],"class_list":{"0":"post-2221","1":"product","2":"type-product","3":"status-publish","4":"has-post-thumbnail","6":"product_cat-maquillaje","7":"product_cat-cuidado-piel","8":"pa_contenido-15ml","9":"pa_marca-incarose","10":"desktop-align-center","11":"tablet-align-center","12":"mobile-align-center","14":"first","15":"outofstock","16":"taxable","17":"shipping-taxable","18":"purchasable","19":"product-type-simple"},"barcode":null,"atum_controlled":true,"out_stock_date":"2025-04-19 09:50:00","out_stock_threshold":null,"inheritable":false,"stock_on_hold":0,"sold_today":0,"sales_last_days":0,"out_stock_days":381,"lost_sales":5878285,"update_date":"2026-05-06T00:52:20","atum_locations":[],"atum_stock_status":"outofstock","restock_status":false,"low_stock_amount":"","sales_update_date":"2026-05-06T00:52:20","calc_backorders":null,"uagb_featured_image_src":{"full":["https:\/\/www.verassere.com\/wp-content\/uploads\/PLUMPING-CREAM-4D-EFFECT-15ML.jpg",720,720,false],"thumbnail":["https:\/\/www.verassere.com\/wp-content\/uploads\/PLUMPING-CREAM-4D-EFFECT-15ML-150x150.jpg",150,150,true],"medium":["https:\/\/www.verassere.com\/wp-content\/uploads\/PLUMPING-CREAM-4D-EFFECT-15ML-300x300.jpg",300,300,true],"medium_large":["https:\/\/www.verassere.com\/wp-content\/uploads\/PLUMPING-CREAM-4D-EFFECT-15ML.jpg",720,720,false],"large":["https:\/\/www.verassere.com\/wp-content\/uploads\/PLUMPING-CREAM-4D-EFFECT-15ML.jpg",720,720,false],"1536x1536":["https:\/\/www.verassere.com\/wp-content\/uploads\/PLUMPING-CREAM-4D-EFFECT-15ML.jpg",720,720,false],"2048x2048":["https:\/\/www.verassere.com\/wp-content\/uploads\/PLUMPING-CREAM-4D-EFFECT-15ML.jpg",720,720,false],"trp-custom-language-flag":["https:\/\/www.verassere.com\/wp-content\/uploads\/PLUMPING-CREAM-4D-EFFECT-15ML.jpg",12,12,false],"woocommerce_thumbnail":["https:\/\/www.verassere.com\/wp-content\/uploads\/PLUMPING-CREAM-4D-EFFECT-15ML-300x300.jpg",300,300,true],"woocommerce_single":["https:\/\/www.verassere.com\/wp-content\/uploads\/PLUMPING-CREAM-4D-EFFECT-15ML-600x600.jpg",600,600,true],"woocommerce_gallery_thumbnail":["https:\/\/www.verassere.com\/wp-content\/uploads\/PLUMPING-CREAM-4D-EFFECT-15ML-100x100.jpg",100,100,true]},"uagb_author_info":{"display_name":"Verassere SAS","author_link":"https:\/\/www.verassere.com\/en\/author\/"},"uagb_comment_info":0,"uagb_excerpt":"INCAROSE Crema labial con \u00e1cido hialur\u00f3nico, alga Dictyopteris, karit\u00e9 y aceites esenciales que nutre, hidrata y rellena. Aumenta volumen, mejora firmeza y reduce rugosidad. Protege contra sequedad. Labios suaves, el\u00e1sticos y rellenos.","_links":{"self":[{"href":"https:\/\/www.verassere.com\/en\/wp-json\/wp\/v2\/product\/2221","targetHints":{"allow":["GET"]}}],"collection":[{"href":"https:\/\/www.verassere.com\/en\/wp-json\/wp\/v2\/product"}],"about":[{"href":"https:\/\/www.verassere.com\/en\/wp-json\/wp\/v2\/types\/product"}],"replies":[{"embeddable":true,"href":"https:\/\/www.verassere.com\/en\/wp-json\/wp\/v2\/comments?post=2221"}],"wp:featuredmedia":[{"embeddable":true,"href":"https:\/\/www.verassere.com\/en\/wp-json\/wp\/v2\/media\/2222"}],"wp:attachment":[{"href":"https:\/\/www.verassere.com\/en\/wp-json\/wp\/v2\/media?parent=2221"}],"wp:term":[{"taxonomy":"product_brand","embeddable":true,"href":"https:\/\/www.verassere.com\/en\/wp-json\/wp\/v2\/product_brand?post=2221"},{"taxonomy":"product_cat","embeddable":true,"href":"https:\/\/www.verassere.com\/en\/wp-json\/wp\/v2\/product_cat?post=2221"},{"taxonomy":"product_tag","embeddable":true,"href":"https:\/\/www.verassere.com\/en\/wp-json\/wp\/v2\/product_tag?post=2221"}],"curies":[{"name":"wp","href":"https:\/\/api.w.org\/{rel}","templated":true}]}}