{"id":2216,"date":"2024-03-15T14:37:42","date_gmt":"2024-03-15T19:37:42","guid":{"rendered":"https:\/\/www.verassere.com\/?post_type=product&#038;p=2216"},"modified":"2025-10-14T18:51:14","modified_gmt":"2025-10-14T23:51:14","slug":"stress-positive-eye-lift-25ml","status":"publish","type":"product","link":"https:\/\/www.verassere.com\/en\/stress-positive-eye-lift-25ml\/","title":{"rendered":"STRESS POSITIVE EYE LIFT 25ML"},"content":{"rendered":"<h2>STRESS POSITIVE EYE LIFT 25ML<\/h2>\n<p>This high-performance eye treatment and mask energizes skin to reduce visible signs of stress. The refreshing, active cream-gel minimizes the appearance of puffiness and dark circles, boosts skin radiance, and helps restore the integrity of the skin barrier. Wild Indigo Seed actives brighten to help visibly reduce dark circles. Seawater Extract and Arctic Kelp counteract the appearance of puffiness. Fermented Yeast and a unique blend of Hyaluronic Acid firm skin, while Bioactive Diglucosyl Gallic Acid works with your skin's natural microbiome to brighten and energize the eye area.<\/p>","protected":false},"excerpt":{"rendered":"<p>DERMALOGICA<\/p>\n<p>Crema-gel 2 en 1 con wild indigo, agua de mar, alga \u00e1rtica y \u00e1cido hialur\u00f3nico que reduce ojeras, hinchaz\u00f3n y signos de estr\u00e9s. Reafirma, ilumina y restaura barrera cut\u00e1nea. Textura refrescante energizante. Ideal para contorno con fatiga, estr\u00e9s o hinchaz\u00f3n.<\/p>","protected":false},"featured_media":2217,"comment_status":"open","ping_status":"closed","template":"","meta":{"_uag_custom_page_level_css":"","site-sidebar-layout":"default","site-content-layout":"","ast-site-content-layout":"default","site-content-style":"default","site-sidebar-style":"default","ast-global-header-display":"","ast-banner-title-visibility":"","ast-main-header-display":"","ast-hfb-above-header-display":"","ast-hfb-below-header-display":"","ast-hfb-mobile-header-display":"","site-post-title":"","ast-breadcrumbs-content":"","ast-featured-img":"","footer-sml-layout":"","ast-disable-related-posts":"","theme-transparent-header-meta":"default","adv-header-id-meta":"","stick-header-meta":"","header-above-stick-meta":"","header-main-stick-meta":"","header-below-stick-meta":"","astra-migrate-meta-layouts":"set","ast-page-background-enabled":"default","ast-page-background-meta":{"desktop":{"background-color":"var(--ast-global-color-4)","background-image":"","background-repeat":"repeat","background-position":"center center","background-size":"auto","background-attachment":"scroll","background-type":"","background-media":"","overlay-type":"","overlay-color":"","overlay-opacity":"","overlay-gradient":""},"tablet":{"background-color":"","background-image":"","background-repeat":"repeat","background-position":"center center","background-size":"auto","background-attachment":"scroll","background-type":"","background-media":"","overlay-type":"","overlay-color":"","overlay-opacity":"","overlay-gradient":""},"mobile":{"background-color":"","background-image":"","background-repeat":"repeat","background-position":"center center","background-size":"auto","background-attachment":"scroll","background-type":"","background-media":"","overlay-type":"","overlay-color":"","overlay-opacity":"","overlay-gradient":""}},"ast-content-background-meta":{"desktop":{"background-color":"var(--ast-global-color-5)","background-image":"","background-repeat":"repeat","background-position":"center center","background-size":"auto","background-attachment":"scroll","background-type":"","background-media":"","overlay-type":"","overlay-color":"","overlay-opacity":"","overlay-gradient":""},"tablet":{"background-color":"var(--ast-global-color-5)","background-image":"","background-repeat":"repeat","background-position":"center center","background-size":"auto","background-attachment":"scroll","background-type":"","background-media":"","overlay-type":"","overlay-color":"","overlay-opacity":"","overlay-gradient":""},"mobile":{"background-color":"var(--ast-global-color-5)","background-image":"","background-repeat":"repeat","background-position":"center center","background-size":"auto","background-attachment":"scroll","background-type":"","background-media":"","overlay-type":"","overlay-color":"","overlay-opacity":"","overlay-gradient":""}}},"product_brand":[],"product_cat":[54,56,67],"product_tag":[],"class_list":{"0":"post-2216","1":"product","2":"type-product","3":"status-publish","4":"has-post-thumbnail","6":"product_cat-contorno-de-ojos","7":"product_cat-cuidado-piel","8":"product_cat-tratamientos","9":"pa_contenido-25ml","10":"pa_marca-dermalogica","11":"desktop-align-center","12":"tablet-align-center","13":"mobile-align-center","15":"first","16":"instock","17":"taxable","18":"shipping-taxable","19":"purchasable","20":"product-type-simple"},"barcode":null,"atum_controlled":true,"out_stock_date":null,"out_stock_threshold":null,"inheritable":false,"stock_on_hold":0,"sold_today":0,"sales_last_days":0,"out_stock_days":0,"lost_sales":0,"update_date":"2026-05-06T00:52:20","atum_locations":[],"atum_stock_status":"instock","restock_status":false,"low_stock_amount":"","sales_update_date":"2026-05-06T00:52:20","calc_backorders":null,"uagb_featured_image_src":{"full":["https:\/\/www.verassere.com\/wp-content\/uploads\/STRESS-POSITIVE-EYE-LIFT-25ML.jpg",550,550,false],"thumbnail":["https:\/\/www.verassere.com\/wp-content\/uploads\/STRESS-POSITIVE-EYE-LIFT-25ML-150x150.jpg",150,150,true],"medium":["https:\/\/www.verassere.com\/wp-content\/uploads\/STRESS-POSITIVE-EYE-LIFT-25ML-300x300.jpg",300,300,true],"medium_large":["https:\/\/www.verassere.com\/wp-content\/uploads\/STRESS-POSITIVE-EYE-LIFT-25ML.jpg",550,550,false],"large":["https:\/\/www.verassere.com\/wp-content\/uploads\/STRESS-POSITIVE-EYE-LIFT-25ML.jpg",550,550,false],"1536x1536":["https:\/\/www.verassere.com\/wp-content\/uploads\/STRESS-POSITIVE-EYE-LIFT-25ML.jpg",550,550,false],"2048x2048":["https:\/\/www.verassere.com\/wp-content\/uploads\/STRESS-POSITIVE-EYE-LIFT-25ML.jpg",550,550,false],"trp-custom-language-flag":["https:\/\/www.verassere.com\/wp-content\/uploads\/STRESS-POSITIVE-EYE-LIFT-25ML.jpg",12,12,false],"woocommerce_thumbnail":["https:\/\/www.verassere.com\/wp-content\/uploads\/STRESS-POSITIVE-EYE-LIFT-25ML-300x300.jpg",300,300,true],"woocommerce_single":["https:\/\/www.verassere.com\/wp-content\/uploads\/STRESS-POSITIVE-EYE-LIFT-25ML.jpg",550,550,false],"woocommerce_gallery_thumbnail":["https:\/\/www.verassere.com\/wp-content\/uploads\/STRESS-POSITIVE-EYE-LIFT-25ML-100x100.jpg",100,100,true]},"uagb_author_info":{"display_name":"Verassere SAS","author_link":"https:\/\/www.verassere.com\/en\/author\/"},"uagb_comment_info":0,"uagb_excerpt":"DERMALOGICA Crema-gel 2 en 1 con wild indigo, agua de mar, alga \u00e1rtica y \u00e1cido hialur\u00f3nico que reduce ojeras, hinchaz\u00f3n y signos de estr\u00e9s. Reafirma, ilumina y restaura barrera cut\u00e1nea. Textura refrescante energizante. Ideal para contorno con fatiga, estr\u00e9s o hinchaz\u00f3n.","_links":{"self":[{"href":"https:\/\/www.verassere.com\/en\/wp-json\/wp\/v2\/product\/2216","targetHints":{"allow":["GET"]}}],"collection":[{"href":"https:\/\/www.verassere.com\/en\/wp-json\/wp\/v2\/product"}],"about":[{"href":"https:\/\/www.verassere.com\/en\/wp-json\/wp\/v2\/types\/product"}],"replies":[{"embeddable":true,"href":"https:\/\/www.verassere.com\/en\/wp-json\/wp\/v2\/comments?post=2216"}],"wp:featuredmedia":[{"embeddable":true,"href":"https:\/\/www.verassere.com\/en\/wp-json\/wp\/v2\/media\/2217"}],"wp:attachment":[{"href":"https:\/\/www.verassere.com\/en\/wp-json\/wp\/v2\/media?parent=2216"}],"wp:term":[{"taxonomy":"product_brand","embeddable":true,"href":"https:\/\/www.verassere.com\/en\/wp-json\/wp\/v2\/product_brand?post=2216"},{"taxonomy":"product_cat","embeddable":true,"href":"https:\/\/www.verassere.com\/en\/wp-json\/wp\/v2\/product_cat?post=2216"},{"taxonomy":"product_tag","embeddable":true,"href":"https:\/\/www.verassere.com\/en\/wp-json\/wp\/v2\/product_tag?post=2216"}],"curies":[{"name":"wp","href":"https:\/\/api.w.org\/{rel}","templated":true}]}}