{"id":2195,"date":"2024-02-28T17:16:55","date_gmt":"2024-02-28T22:16:55","guid":{"rendered":"https:\/\/www.verassere.com\/?post_type=product&#038;p=2195"},"modified":"2025-10-14T18:10:08","modified_gmt":"2025-10-14T23:10:08","slug":"most-coveted-set-revitalash","status":"publish","type":"product","link":"https:\/\/www.verassere.com\/en\/most-coveted-set-revitalash\/","title":{"rendered":"MOST COVETED SET REVITALASH"},"content":{"rendered":"<h2>MOST COVETED SET REVITALASH<\/h2>\n<p>A complete kit that includes:<\/p>\n<p class=\"translation-block\"><strong>Revitabrow Advanced Eyebrow Conditioner \u2013 3.0 mL <\/strong> is a physician-developed eyebrow conditioner that addresses visible signs of brow aging due to chemical and environmental factors, as well as over-plucking and styling products, resulting in healthier, more luxurious brows. This award-winning eyebrow serum is comprised of the BioPeptin\u00ae Complex, which includes peptides, lipids, biotin, and green tea extract, rich in panthenol. These ingredients condition and strengthen brows to protect against breakage, improving flexibility and shine, resulting in more beautiful brows.<\/p>\n<p class=\"translation-block\">The <strong>Revitalash Double-Ended Volume Set \u2013 2.5 mL<\/strong> is a 2-in-1 primer and volumizing mascara duo designed to prime lashes and boost their volume, creating beautiful, richly pigmented, and luxurious lashes. The dual-ended product features both primer and mascara to deliver color-intensive conditioning ingredients that allow for build-up applications, achieving dramatic length and volume on natural lashes.<\/p>\n<p class=\"translation-block\">The <strong>Double-Ended Hi-Def Brow Gel in Soft Brown &amp; Dark Brown<\/strong> is a multifunctional setting gel that helps sculpt, control, and shape brows for immediate, long-lasting, and dramatic results. This tinted brow gel conditions and tames unruly brows while sculpting and defining the shape for more defined, beautiful brows.<\/p>","protected":false},"excerpt":{"rendered":"<p>REVITALASH COSMETICS<\/p>\n<p>Kit completo con: Revitabrow Advanced 3ml (acondicionador con BioPeptin\u00ae, p\u00e9ptidos, biotina y t\u00e9 verde que fortalece y embellece cejas); Volume Set 2.5ml (imprimaci\u00f3n + m\u00e1scara voluminizadora 2 en 1 para pesta\u00f1as dram\u00e1ticas); Hi-Def Brow Gel doble tono (gel fijador que esculpe, controla y define cejas). Acondiciona, fortalece y embellece cejas y pesta\u00f1as visiblemente. Ideal para cejas y pesta\u00f1as d\u00e9biles o con signos de envejecimiento.<\/p>","protected":false},"featured_media":2197,"comment_status":"closed","ping_status":"closed","template":"","meta":{"_uag_custom_page_level_css":"","site-sidebar-layout":"default","site-content-layout":"","ast-site-content-layout":"default","site-content-style":"default","site-sidebar-style":"default","ast-global-header-display":"","ast-banner-title-visibility":"","ast-main-header-display":"","ast-hfb-above-header-display":"","ast-hfb-below-header-display":"","ast-hfb-mobile-header-display":"","site-post-title":"","ast-breadcrumbs-content":"","ast-featured-img":"","footer-sml-layout":"","ast-disable-related-posts":"","theme-transparent-header-meta":"default","adv-header-id-meta":"","stick-header-meta":"","header-above-stick-meta":"","header-main-stick-meta":"","header-below-stick-meta":"","astra-migrate-meta-layouts":"set","ast-page-background-enabled":"default","ast-page-background-meta":{"desktop":{"background-color":"var(--ast-global-color-4)","background-image":"","background-repeat":"repeat","background-position":"center center","background-size":"auto","background-attachment":"scroll","background-type":"","background-media":"","overlay-type":"","overlay-color":"","overlay-opacity":"","overlay-gradient":""},"tablet":{"background-color":"","background-image":"","background-repeat":"repeat","background-position":"center center","background-size":"auto","background-attachment":"scroll","background-type":"","background-media":"","overlay-type":"","overlay-color":"","overlay-opacity":"","overlay-gradient":""},"mobile":{"background-color":"","background-image":"","background-repeat":"repeat","background-position":"center center","background-size":"auto","background-attachment":"scroll","background-type":"","background-media":"","overlay-type":"","overlay-color":"","overlay-opacity":"","overlay-gradient":""}},"ast-content-background-meta":{"desktop":{"background-color":"var(--ast-global-color-5)","background-image":"","background-repeat":"repeat","background-position":"center center","background-size":"auto","background-attachment":"scroll","background-type":"","background-media":"","overlay-type":"","overlay-color":"","overlay-opacity":"","overlay-gradient":""},"tablet":{"background-color":"var(--ast-global-color-5)","background-image":"","background-repeat":"repeat","background-position":"center center","background-size":"auto","background-attachment":"scroll","background-type":"","background-media":"","overlay-type":"","overlay-color":"","overlay-opacity":"","overlay-gradient":""},"mobile":{"background-color":"var(--ast-global-color-5)","background-image":"","background-repeat":"repeat","background-position":"center center","background-size":"auto","background-attachment":"scroll","background-type":"","background-media":"","overlay-type":"","overlay-color":"","overlay-opacity":"","overlay-gradient":""}}},"product_brand":[],"product_cat":[65],"product_tag":[],"class_list":{"0":"post-2195","1":"product","2":"type-product","3":"status-publish","4":"has-post-thumbnail","6":"product_cat-maquillaje","7":"pa_marca-revitalash-cosmetics","8":"desktop-align-center","9":"tablet-align-center","10":"mobile-align-center","12":"first","13":"outofstock","14":"taxable","15":"shipping-taxable","16":"purchasable","17":"product-type-simple"},"barcode":null,"atum_controlled":true,"out_stock_date":"2024-06-24 13:44:42","out_stock_threshold":null,"inheritable":false,"stock_on_hold":0,"sold_today":0,"sales_last_days":0,"out_stock_days":680,"lost_sales":0,"update_date":"2026-05-06T00:52:20","atum_locations":[],"atum_stock_status":"outofstock","restock_status":false,"low_stock_amount":"","sales_update_date":"2026-05-06T00:52:20","calc_backorders":null,"uagb_featured_image_src":{"full":["https:\/\/www.verassere.com\/wp-content\/uploads\/MOST-COVETED-SET-REVITALASH.jpg",995,1280,false],"thumbnail":["https:\/\/www.verassere.com\/wp-content\/uploads\/MOST-COVETED-SET-REVITALASH-150x150.jpg",150,150,true],"medium":["https:\/\/www.verassere.com\/wp-content\/uploads\/MOST-COVETED-SET-REVITALASH-233x300.jpg",233,300,true],"medium_large":["https:\/\/www.verassere.com\/wp-content\/uploads\/MOST-COVETED-SET-REVITALASH-768x988.jpg",768,988,true],"large":["https:\/\/www.verassere.com\/wp-content\/uploads\/MOST-COVETED-SET-REVITALASH-796x1024.jpg",796,1024,true],"1536x1536":["https:\/\/www.verassere.com\/wp-content\/uploads\/MOST-COVETED-SET-REVITALASH.jpg",995,1280,false],"2048x2048":["https:\/\/www.verassere.com\/wp-content\/uploads\/MOST-COVETED-SET-REVITALASH.jpg",995,1280,false],"trp-custom-language-flag":["https:\/\/www.verassere.com\/wp-content\/uploads\/MOST-COVETED-SET-REVITALASH.jpg",9,12,false],"woocommerce_thumbnail":["https:\/\/www.verassere.com\/wp-content\/uploads\/MOST-COVETED-SET-REVITALASH-300x300.jpg",300,300,true],"woocommerce_single":["https:\/\/www.verassere.com\/wp-content\/uploads\/MOST-COVETED-SET-REVITALASH-600x772.jpg",600,772,true],"woocommerce_gallery_thumbnail":["https:\/\/www.verassere.com\/wp-content\/uploads\/MOST-COVETED-SET-REVITALASH-100x100.jpg",100,100,true]},"uagb_author_info":{"display_name":"Verassere SAS","author_link":"https:\/\/www.verassere.com\/en\/author\/"},"uagb_comment_info":0,"uagb_excerpt":"REVITALASH COSMETICS Kit completo con: Revitabrow Advanced 3ml (acondicionador con BioPeptin\u00ae, p\u00e9ptidos, biotina y t\u00e9 verde que fortalece y embellece cejas); Volume Set 2.5ml (imprimaci\u00f3n + m\u00e1scara voluminizadora 2 en 1 para pesta\u00f1as dram\u00e1ticas); Hi-Def Brow Gel doble tono (gel fijador que esculpe, controla y define cejas). Acondiciona, fortalece y embellece cejas y pesta\u00f1as visiblemente.&hellip;","_links":{"self":[{"href":"https:\/\/www.verassere.com\/en\/wp-json\/wp\/v2\/product\/2195","targetHints":{"allow":["GET"]}}],"collection":[{"href":"https:\/\/www.verassere.com\/en\/wp-json\/wp\/v2\/product"}],"about":[{"href":"https:\/\/www.verassere.com\/en\/wp-json\/wp\/v2\/types\/product"}],"replies":[{"embeddable":true,"href":"https:\/\/www.verassere.com\/en\/wp-json\/wp\/v2\/comments?post=2195"}],"wp:featuredmedia":[{"embeddable":true,"href":"https:\/\/www.verassere.com\/en\/wp-json\/wp\/v2\/media\/2197"}],"wp:attachment":[{"href":"https:\/\/www.verassere.com\/en\/wp-json\/wp\/v2\/media?parent=2195"}],"wp:term":[{"taxonomy":"product_brand","embeddable":true,"href":"https:\/\/www.verassere.com\/en\/wp-json\/wp\/v2\/product_brand?post=2195"},{"taxonomy":"product_cat","embeddable":true,"href":"https:\/\/www.verassere.com\/en\/wp-json\/wp\/v2\/product_cat?post=2195"},{"taxonomy":"product_tag","embeddable":true,"href":"https:\/\/www.verassere.com\/en\/wp-json\/wp\/v2\/product_tag?post=2195"}],"curies":[{"name":"wp","href":"https:\/\/api.w.org\/{rel}","templated":true}]}}