{"id":2192,"date":"2024-02-28T17:09:44","date_gmt":"2024-02-28T22:09:44","guid":{"rendered":"https:\/\/www.verassere.com\/?post_type=product&#038;p=2192"},"modified":"2025-10-14T19:06:11","modified_gmt":"2025-10-15T00:06:11","slug":"ultimate-obsession-set-revitalash","status":"publish","type":"product","link":"https:\/\/www.verassere.com\/en\/ultimate-obsession-set-revitalash\/","title":{"rendered":"ULTIMATE OBSESSION SET REVITALASH"},"content":{"rendered":"<h2>ULTIMATE OBSESSION SET REVITALASH<\/h2>\n<p>A complete kit that includes:<\/p>\n<ul>\n<li>RevitaLash\u00ae Advanced Eyelash Growth Treatment Conditioning Serum \u2013 3.5 ml.<\/li>\n<li>RevitaBrow\u00ae Advanced Eyebrow Growth Treatment Conditioning Serum \u2013 Limited Edition.<\/li>\n<li>Defining EyeLiner FullSize \u2013 Black Color.<\/li>\n<li>RevitaLash Cosmetics brand cosmetic bag.<\/li>\n<\/ul>\n<p>REVITALASH\u00ae ADVANCED is an award-winning, category-leading serum with a patented, scientifically advanced formula. This serum combines peptides, lipids, biotin, and panthenol-rich green tea to condition, strengthen, and protect lashes. It defends against environmental damage, aging, and the damaging effects of styling products and treatments that can weaken lashes.<\/p>\n<p>REVITABROW ADVANCED, a doctor-created brow conditioner, addresses visible signs of brow aging due to chemical and environmental stressors, over-plucking, and styling products, resulting in more luxurious, healthier-looking brows.<\/p>\n<p>DEFINING EYELINER is an easy-to-apply, long-lasting, smudge-proof eyeliner. Its silky, moisturizing formula allows for smooth application without tugging or pulling. Silicone emollients lock in moisture and soften skin, while vitamin E provides beneficial antioxidants. It includes a sharpener and smudger, allowing you to create precise or blurred looks according to your preferences.<\/p>","protected":false},"excerpt":{"rendered":"<p>REVITALASH COSMETICS<\/p>\n<p>Kit completo: RevitaLash\u00ae Advanced 3.5ml (s\u00e9rum pesta\u00f1as con p\u00e9ptidos, biotina, t\u00e9 verde); RevitaBrow\u00ae Advanced edici\u00f3n limitada (acondicionador cejas); Defining Eyeliner negro con difuminador; cosmetiquera. Fortalece, protege y embellece pesta\u00f1as y cejas. Look completo.<\/p>","protected":false},"featured_media":2200,"comment_status":"open","ping_status":"closed","template":"","meta":{"_uag_custom_page_level_css":"","site-sidebar-layout":"default","site-content-layout":"","ast-site-content-layout":"default","site-content-style":"default","site-sidebar-style":"default","ast-global-header-display":"","ast-banner-title-visibility":"","ast-main-header-display":"","ast-hfb-above-header-display":"","ast-hfb-below-header-display":"","ast-hfb-mobile-header-display":"","site-post-title":"","ast-breadcrumbs-content":"","ast-featured-img":"","footer-sml-layout":"","ast-disable-related-posts":"","theme-transparent-header-meta":"default","adv-header-id-meta":"","stick-header-meta":"","header-above-stick-meta":"","header-main-stick-meta":"","header-below-stick-meta":"","astra-migrate-meta-layouts":"set","ast-page-background-enabled":"default","ast-page-background-meta":{"desktop":{"background-color":"var(--ast-global-color-4)","background-image":"","background-repeat":"repeat","background-position":"center center","background-size":"auto","background-attachment":"scroll","background-type":"","background-media":"","overlay-type":"","overlay-color":"","overlay-opacity":"","overlay-gradient":""},"tablet":{"background-color":"","background-image":"","background-repeat":"repeat","background-position":"center center","background-size":"auto","background-attachment":"scroll","background-type":"","background-media":"","overlay-type":"","overlay-color":"","overlay-opacity":"","overlay-gradient":""},"mobile":{"background-color":"","background-image":"","background-repeat":"repeat","background-position":"center center","background-size":"auto","background-attachment":"scroll","background-type":"","background-media":"","overlay-type":"","overlay-color":"","overlay-opacity":"","overlay-gradient":""}},"ast-content-background-meta":{"desktop":{"background-color":"var(--ast-global-color-5)","background-image":"","background-repeat":"repeat","background-position":"center center","background-size":"auto","background-attachment":"scroll","background-type":"","background-media":"","overlay-type":"","overlay-color":"","overlay-opacity":"","overlay-gradient":""},"tablet":{"background-color":"var(--ast-global-color-5)","background-image":"","background-repeat":"repeat","background-position":"center center","background-size":"auto","background-attachment":"scroll","background-type":"","background-media":"","overlay-type":"","overlay-color":"","overlay-opacity":"","overlay-gradient":""},"mobile":{"background-color":"var(--ast-global-color-5)","background-image":"","background-repeat":"repeat","background-position":"center center","background-size":"auto","background-attachment":"scroll","background-type":"","background-media":"","overlay-type":"","overlay-color":"","overlay-opacity":"","overlay-gradient":""}}},"product_brand":[],"product_cat":[65],"product_tag":[],"class_list":{"0":"post-2192","1":"product","2":"type-product","3":"status-publish","4":"has-post-thumbnail","6":"product_cat-maquillaje","7":"pa_marca-revitalash-cosmetics","8":"desktop-align-center","9":"tablet-align-center","10":"mobile-align-center","12":"first","13":"outofstock","14":"taxable","15":"shipping-taxable","16":"purchasable","17":"product-type-simple"},"barcode":null,"atum_controlled":true,"out_stock_date":"2024-02-28 23:18:05","out_stock_threshold":null,"inheritable":false,"stock_on_hold":0,"sold_today":0,"sales_last_days":0,"out_stock_days":797,"lost_sales":0,"update_date":"2026-05-06T00:52:20","atum_locations":[],"atum_stock_status":"outofstock","restock_status":false,"low_stock_amount":"","sales_update_date":"2026-05-06T00:52:20","calc_backorders":null,"uagb_featured_image_src":{"full":["https:\/\/www.verassere.com\/wp-content\/uploads\/ULTIMATE-OBSESSION-SET-REVITALASH.jpg",2000,2000,false],"thumbnail":["https:\/\/www.verassere.com\/wp-content\/uploads\/ULTIMATE-OBSESSION-SET-REVITALASH-150x150.jpg",150,150,true],"medium":["https:\/\/www.verassere.com\/wp-content\/uploads\/ULTIMATE-OBSESSION-SET-REVITALASH-300x300.jpg",300,300,true],"medium_large":["https:\/\/www.verassere.com\/wp-content\/uploads\/ULTIMATE-OBSESSION-SET-REVITALASH-768x768.jpg",768,768,true],"large":["https:\/\/www.verassere.com\/wp-content\/uploads\/ULTIMATE-OBSESSION-SET-REVITALASH-1024x1024.jpg",1024,1024,true],"1536x1536":["https:\/\/www.verassere.com\/wp-content\/uploads\/ULTIMATE-OBSESSION-SET-REVITALASH-1536x1536.jpg",1536,1536,true],"2048x2048":["https:\/\/www.verassere.com\/wp-content\/uploads\/ULTIMATE-OBSESSION-SET-REVITALASH.jpg",2000,2000,false],"trp-custom-language-flag":["https:\/\/www.verassere.com\/wp-content\/uploads\/ULTIMATE-OBSESSION-SET-REVITALASH.jpg",12,12,false],"woocommerce_thumbnail":["https:\/\/www.verassere.com\/wp-content\/uploads\/ULTIMATE-OBSESSION-SET-REVITALASH-300x300.jpg",300,300,true],"woocommerce_single":["https:\/\/www.verassere.com\/wp-content\/uploads\/ULTIMATE-OBSESSION-SET-REVITALASH-600x600.jpg",600,600,true],"woocommerce_gallery_thumbnail":["https:\/\/www.verassere.com\/wp-content\/uploads\/ULTIMATE-OBSESSION-SET-REVITALASH-100x100.jpg",100,100,true]},"uagb_author_info":{"display_name":"Verassere SAS","author_link":"https:\/\/www.verassere.com\/en\/author\/"},"uagb_comment_info":0,"uagb_excerpt":"REVITALASH COSMETICS Kit completo: RevitaLash\u00ae Advanced 3.5ml (s\u00e9rum pesta\u00f1as con p\u00e9ptidos, biotina, t\u00e9 verde); RevitaBrow\u00ae Advanced edici\u00f3n limitada (acondicionador cejas); Defining Eyeliner negro con difuminador; cosmetiquera. Fortalece, protege y embellece pesta\u00f1as y cejas. Look completo.","_links":{"self":[{"href":"https:\/\/www.verassere.com\/en\/wp-json\/wp\/v2\/product\/2192","targetHints":{"allow":["GET"]}}],"collection":[{"href":"https:\/\/www.verassere.com\/en\/wp-json\/wp\/v2\/product"}],"about":[{"href":"https:\/\/www.verassere.com\/en\/wp-json\/wp\/v2\/types\/product"}],"replies":[{"embeddable":true,"href":"https:\/\/www.verassere.com\/en\/wp-json\/wp\/v2\/comments?post=2192"}],"wp:featuredmedia":[{"embeddable":true,"href":"https:\/\/www.verassere.com\/en\/wp-json\/wp\/v2\/media\/2200"}],"wp:attachment":[{"href":"https:\/\/www.verassere.com\/en\/wp-json\/wp\/v2\/media?parent=2192"}],"wp:term":[{"taxonomy":"product_brand","embeddable":true,"href":"https:\/\/www.verassere.com\/en\/wp-json\/wp\/v2\/product_brand?post=2192"},{"taxonomy":"product_cat","embeddable":true,"href":"https:\/\/www.verassere.com\/en\/wp-json\/wp\/v2\/product_cat?post=2192"},{"taxonomy":"product_tag","embeddable":true,"href":"https:\/\/www.verassere.com\/en\/wp-json\/wp\/v2\/product_tag?post=2192"}],"curies":[{"name":"wp","href":"https:\/\/api.w.org\/{rel}","templated":true}]}}