{"id":2186,"date":"2024-02-23T20:35:35","date_gmt":"2024-02-24T01:35:35","guid":{"rendered":"https:\/\/www.verassere.com\/?post_type=product&#038;p=2186"},"modified":"2026-04-07T20:55:48","modified_gmt":"2026-04-08T01:55:48","slug":"tizo-mineral-stick-tinted","status":"publish","type":"product","link":"https:\/\/www.verassere.com\/en\/tizo-mineral-stick-tinted\/","title":{"rendered":"TIZO MINERAL STICK TINTED"},"content":{"rendered":"<h2>TIZO MINERAL STICK TINTED<\/h2>\n<p>The new TiZO\u00ae Mineral Stick Tinted with SPF 45 is a mineral sunscreen stick ideal for reapplication on the go. Enriched with antioxidants C + E for extra defense, it's gentle on all skin types, even the most sensitive. Free of chemical sunscreens, dyes, fragrances, and preservatives, its broad-spectrum physical protection reflects UVA\/UVB rays. Plus, it's water-resistant (80 minutes). The perfect solution for effective and convenient protection!<\/p>","protected":false},"excerpt":{"rendered":"<p>TIZO<\/p>\n<p>Protector solar mineral en barra tintada SPF 45 con antioxidantes C+E. Refleja rayos UVA\/UVB, resistente agua 80 min. Sin qu\u00edmicos, colorantes, fragancias ni conservantes. Reaplicaci\u00f3n pr\u00e1ctica con tinte universal. Ideal para todo tipo de piel, incluso muy sensible.<\/p>","protected":false},"featured_media":2190,"comment_status":"open","ping_status":"closed","template":"","meta":{"_uag_custom_page_level_css":"","site-sidebar-layout":"default","site-content-layout":"","ast-site-content-layout":"default","site-content-style":"default","site-sidebar-style":"default","ast-global-header-display":"","ast-banner-title-visibility":"","ast-main-header-display":"","ast-hfb-above-header-display":"","ast-hfb-below-header-display":"","ast-hfb-mobile-header-display":"","site-post-title":"","ast-breadcrumbs-content":"","ast-featured-img":"","footer-sml-layout":"","ast-disable-related-posts":"","theme-transparent-header-meta":"default","adv-header-id-meta":"","stick-header-meta":"","header-above-stick-meta":"","header-main-stick-meta":"","header-below-stick-meta":"","astra-migrate-meta-layouts":"set","ast-page-background-enabled":"default","ast-page-background-meta":{"desktop":{"background-color":"var(--ast-global-color-4)","background-image":"","background-repeat":"repeat","background-position":"center center","background-size":"auto","background-attachment":"scroll","background-type":"","background-media":"","overlay-type":"","overlay-color":"","overlay-opacity":"","overlay-gradient":""},"tablet":{"background-color":"","background-image":"","background-repeat":"repeat","background-position":"center center","background-size":"auto","background-attachment":"scroll","background-type":"","background-media":"","overlay-type":"","overlay-color":"","overlay-opacity":"","overlay-gradient":""},"mobile":{"background-color":"","background-image":"","background-repeat":"repeat","background-position":"center center","background-size":"auto","background-attachment":"scroll","background-type":"","background-media":"","overlay-type":"","overlay-color":"","overlay-opacity":"","overlay-gradient":""}},"ast-content-background-meta":{"desktop":{"background-color":"var(--ast-global-color-5)","background-image":"","background-repeat":"repeat","background-position":"center center","background-size":"auto","background-attachment":"scroll","background-type":"","background-media":"","overlay-type":"","overlay-color":"","overlay-opacity":"","overlay-gradient":""},"tablet":{"background-color":"var(--ast-global-color-5)","background-image":"","background-repeat":"repeat","background-position":"center center","background-size":"auto","background-attachment":"scroll","background-type":"","background-media":"","overlay-type":"","overlay-color":"","overlay-opacity":"","overlay-gradient":""},"mobile":{"background-color":"var(--ast-global-color-5)","background-image":"","background-repeat":"repeat","background-position":"center center","background-size":"auto","background-attachment":"scroll","background-type":"","background-media":"","overlay-type":"","overlay-color":"","overlay-opacity":"","overlay-gradient":""}}},"product_brand":[],"product_cat":[62,61,56],"product_tag":[],"class_list":{"0":"post-2186","1":"product","2":"type-product","3":"status-publish","4":"has-post-thumbnail","6":"product_cat-fotoproteccion","7":"product_cat-antioxidante","8":"product_cat-cuidado-piel","9":"pa_contenido-30g","10":"pa_marca-tizo","11":"desktop-align-center","12":"tablet-align-center","13":"mobile-align-center","15":"first","16":"outofstock","17":"taxable","18":"shipping-taxable","19":"purchasable","20":"product-type-simple"},"barcode":null,"atum_controlled":true,"out_stock_date":"2026-04-07 20:55:48","out_stock_threshold":null,"inheritable":false,"stock_on_hold":0,"sold_today":0,"sales_last_days":0,"out_stock_days":28,"lost_sales":600000,"update_date":"2026-05-06T00:52:20","atum_locations":[],"atum_stock_status":"outofstock","restock_status":false,"low_stock_amount":"","sales_update_date":"2026-05-06T00:52:20","calc_backorders":null,"uagb_featured_image_src":{"full":["https:\/\/www.verassere.com\/wp-content\/uploads\/TIZO-MINERAL-STICK-TINTED.jpeg",1714,2400,false],"thumbnail":["https:\/\/www.verassere.com\/wp-content\/uploads\/TIZO-MINERAL-STICK-TINTED-150x150.jpeg",150,150,true],"medium":["https:\/\/www.verassere.com\/wp-content\/uploads\/TIZO-MINERAL-STICK-TINTED-214x300.jpeg",214,300,true],"medium_large":["https:\/\/www.verassere.com\/wp-content\/uploads\/TIZO-MINERAL-STICK-TINTED-768x1075.jpeg",768,1075,true],"large":["https:\/\/www.verassere.com\/wp-content\/uploads\/TIZO-MINERAL-STICK-TINTED-731x1024.jpeg",731,1024,true],"1536x1536":["https:\/\/www.verassere.com\/wp-content\/uploads\/TIZO-MINERAL-STICK-TINTED-1097x1536.jpeg",1097,1536,true],"2048x2048":["https:\/\/www.verassere.com\/wp-content\/uploads\/TIZO-MINERAL-STICK-TINTED-1463x2048.jpeg",1463,2048,true],"trp-custom-language-flag":["https:\/\/www.verassere.com\/wp-content\/uploads\/TIZO-MINERAL-STICK-TINTED.jpeg",9,12,false],"woocommerce_thumbnail":["https:\/\/www.verassere.com\/wp-content\/uploads\/TIZO-MINERAL-STICK-TINTED-300x300.jpeg",300,300,true],"woocommerce_single":["https:\/\/www.verassere.com\/wp-content\/uploads\/TIZO-MINERAL-STICK-TINTED-600x840.jpeg",600,840,true],"woocommerce_gallery_thumbnail":["https:\/\/www.verassere.com\/wp-content\/uploads\/TIZO-MINERAL-STICK-TINTED-100x100.jpeg",100,100,true]},"uagb_author_info":{"display_name":"Verassere SAS","author_link":"https:\/\/www.verassere.com\/en\/author\/"},"uagb_comment_info":0,"uagb_excerpt":"TIZO Protector solar mineral en barra tintada SPF 45 con antioxidantes C+E. Refleja rayos UVA\/UVB, resistente agua 80 min. Sin qu\u00edmicos, colorantes, fragancias ni conservantes. Reaplicaci\u00f3n pr\u00e1ctica con tinte universal. Ideal para todo tipo de piel, incluso muy sensible.","_links":{"self":[{"href":"https:\/\/www.verassere.com\/en\/wp-json\/wp\/v2\/product\/2186","targetHints":{"allow":["GET"]}}],"collection":[{"href":"https:\/\/www.verassere.com\/en\/wp-json\/wp\/v2\/product"}],"about":[{"href":"https:\/\/www.verassere.com\/en\/wp-json\/wp\/v2\/types\/product"}],"replies":[{"embeddable":true,"href":"https:\/\/www.verassere.com\/en\/wp-json\/wp\/v2\/comments?post=2186"}],"wp:featuredmedia":[{"embeddable":true,"href":"https:\/\/www.verassere.com\/en\/wp-json\/wp\/v2\/media\/2190"}],"wp:attachment":[{"href":"https:\/\/www.verassere.com\/en\/wp-json\/wp\/v2\/media?parent=2186"}],"wp:term":[{"taxonomy":"product_brand","embeddable":true,"href":"https:\/\/www.verassere.com\/en\/wp-json\/wp\/v2\/product_brand?post=2186"},{"taxonomy":"product_cat","embeddable":true,"href":"https:\/\/www.verassere.com\/en\/wp-json\/wp\/v2\/product_cat?post=2186"},{"taxonomy":"product_tag","embeddable":true,"href":"https:\/\/www.verassere.com\/en\/wp-json\/wp\/v2\/product_tag?post=2186"}],"curies":[{"name":"wp","href":"https:\/\/api.w.org\/{rel}","templated":true}]}}