{"id":2184,"date":"2024-02-23T19:07:33","date_gmt":"2024-02-24T00:07:33","guid":{"rendered":"https:\/\/www.verassere.com\/?post_type=product&#038;p=2184"},"modified":"2025-10-14T18:35:31","modified_gmt":"2025-10-14T23:35:31","slug":"revitalash-advanced-2ml","status":"publish","type":"product","link":"https:\/\/www.verassere.com\/en\/revitalash-advanced-2ml\/","title":{"rendered":"REVITALASH ADVANCED 2ML"},"content":{"rendered":"<h2>REVITALASH ADVANCED 2ML<\/h2>\n<p class=\"translation-block\">Discover the conditioning eyelash serum that will transform your look. Developed by ophthalmic experts, this innovative serum not only enhances the volume and length of your lashes, but also features The Curl Effect\u00ae, an exclusive curling effect patented by our brand. Powered by the <strong>BioPeptin Complex<\/strong>*, an advanced technology that combines peptides, biotin, lipids, and green tea extract with panthenol, this serum conditions, strengthens, and softens your lashes, while protecting them from breakage and brittleness. <strong>Swertia Japonica Ginseng<\/strong> extracts provide antioxidants and B vitamins to protect and revitalize, while <strong>Saw Palmetto<\/strong>, rich in fatty acids and plant sterols, adds irresistible shine and condition. Additionally, the amino acids and B vitamins present in the formula contribute to strengthening, softening, and conditioning your lashes. Discover a new dimension in lash care with this one-of-a-kind serum.<\/p>","protected":false},"excerpt":{"rendered":"<p>REVITALASH COSMETICS<\/p>\n<p>S\u00e9rum acondicionador con BioPeptin Complex\u00ae, ginseng y saw palmetto que mejora volumen, longitud y crea The Curl Effect\u00ae patentado. Fortalece, protege de rotura y aporta brillo. Desarrollado por oftalm\u00f3logos. Pesta\u00f1as m\u00e1s largas, fuertes y hermosas.<\/p>","protected":false},"featured_media":2187,"comment_status":"open","ping_status":"closed","template":"","meta":{"_uag_custom_page_level_css":"","site-sidebar-layout":"default","site-content-layout":"","ast-site-content-layout":"default","site-content-style":"default","site-sidebar-style":"default","ast-global-header-display":"","ast-banner-title-visibility":"","ast-main-header-display":"","ast-hfb-above-header-display":"","ast-hfb-below-header-display":"","ast-hfb-mobile-header-display":"","site-post-title":"","ast-breadcrumbs-content":"","ast-featured-img":"","footer-sml-layout":"","ast-disable-related-posts":"","theme-transparent-header-meta":"default","adv-header-id-meta":"","stick-header-meta":"","header-above-stick-meta":"","header-main-stick-meta":"","header-below-stick-meta":"","astra-migrate-meta-layouts":"set","ast-page-background-enabled":"default","ast-page-background-meta":{"desktop":{"background-color":"var(--ast-global-color-4)","background-image":"","background-repeat":"repeat","background-position":"center center","background-size":"auto","background-attachment":"scroll","background-type":"","background-media":"","overlay-type":"","overlay-color":"","overlay-opacity":"","overlay-gradient":""},"tablet":{"background-color":"","background-image":"","background-repeat":"repeat","background-position":"center center","background-size":"auto","background-attachment":"scroll","background-type":"","background-media":"","overlay-type":"","overlay-color":"","overlay-opacity":"","overlay-gradient":""},"mobile":{"background-color":"","background-image":"","background-repeat":"repeat","background-position":"center center","background-size":"auto","background-attachment":"scroll","background-type":"","background-media":"","overlay-type":"","overlay-color":"","overlay-opacity":"","overlay-gradient":""}},"ast-content-background-meta":{"desktop":{"background-color":"var(--ast-global-color-5)","background-image":"","background-repeat":"repeat","background-position":"center center","background-size":"auto","background-attachment":"scroll","background-type":"","background-media":"","overlay-type":"","overlay-color":"","overlay-opacity":"","overlay-gradient":""},"tablet":{"background-color":"var(--ast-global-color-5)","background-image":"","background-repeat":"repeat","background-position":"center center","background-size":"auto","background-attachment":"scroll","background-type":"","background-media":"","overlay-type":"","overlay-color":"","overlay-opacity":"","overlay-gradient":""},"mobile":{"background-color":"var(--ast-global-color-5)","background-image":"","background-repeat":"repeat","background-position":"center center","background-size":"auto","background-attachment":"scroll","background-type":"","background-media":"","overlay-type":"","overlay-color":"","overlay-opacity":"","overlay-gradient":""}}},"product_brand":[],"product_cat":[65,56],"product_tag":[],"class_list":{"0":"post-2184","1":"product","2":"type-product","3":"status-publish","4":"has-post-thumbnail","6":"product_cat-maquillaje","7":"product_cat-cuidado-piel","8":"pa_contenido-2-0ml","9":"pa_marca-revitalash-cosmetics","10":"desktop-align-center","11":"tablet-align-center","12":"mobile-align-center","14":"first","15":"outofstock","16":"taxable","17":"shipping-taxable","18":"purchasable","19":"product-type-simple"},"barcode":null,"atum_controlled":true,"out_stock_date":"2025-01-30 15:26:42","out_stock_threshold":null,"inheritable":false,"stock_on_hold":0,"sold_today":0,"sales_last_days":0,"out_stock_days":460,"lost_sales":0,"update_date":"2026-05-06T00:52:20","atum_locations":[],"atum_stock_status":"outofstock","restock_status":false,"low_stock_amount":"","sales_update_date":"2026-05-06T00:52:20","calc_backorders":null,"uagb_featured_image_src":{"full":["https:\/\/www.verassere.com\/wp-content\/uploads\/REVITALASH-ADVANCED-2ML.jpeg",1000,1000,false],"thumbnail":["https:\/\/www.verassere.com\/wp-content\/uploads\/REVITALASH-ADVANCED-2ML-150x150.jpeg",150,150,true],"medium":["https:\/\/www.verassere.com\/wp-content\/uploads\/REVITALASH-ADVANCED-2ML-300x300.jpeg",300,300,true],"medium_large":["https:\/\/www.verassere.com\/wp-content\/uploads\/REVITALASH-ADVANCED-2ML-768x768.jpeg",768,768,true],"large":["https:\/\/www.verassere.com\/wp-content\/uploads\/REVITALASH-ADVANCED-2ML.jpeg",1000,1000,false],"1536x1536":["https:\/\/www.verassere.com\/wp-content\/uploads\/REVITALASH-ADVANCED-2ML.jpeg",1000,1000,false],"2048x2048":["https:\/\/www.verassere.com\/wp-content\/uploads\/REVITALASH-ADVANCED-2ML.jpeg",1000,1000,false],"trp-custom-language-flag":["https:\/\/www.verassere.com\/wp-content\/uploads\/REVITALASH-ADVANCED-2ML.jpeg",12,12,false],"woocommerce_thumbnail":["https:\/\/www.verassere.com\/wp-content\/uploads\/REVITALASH-ADVANCED-2ML-300x300.jpeg",300,300,true],"woocommerce_single":["https:\/\/www.verassere.com\/wp-content\/uploads\/REVITALASH-ADVANCED-2ML-600x600.jpeg",600,600,true],"woocommerce_gallery_thumbnail":["https:\/\/www.verassere.com\/wp-content\/uploads\/REVITALASH-ADVANCED-2ML-100x100.jpeg",100,100,true]},"uagb_author_info":{"display_name":"Verassere SAS","author_link":"https:\/\/www.verassere.com\/en\/author\/"},"uagb_comment_info":0,"uagb_excerpt":"REVITALASH COSMETICS S\u00e9rum acondicionador con BioPeptin Complex\u00ae, ginseng y saw palmetto que mejora volumen, longitud y crea The Curl Effect\u00ae patentado. Fortalece, protege de rotura y aporta brillo. Desarrollado por oftalm\u00f3logos. Pesta\u00f1as m\u00e1s largas, fuertes y hermosas.","_links":{"self":[{"href":"https:\/\/www.verassere.com\/en\/wp-json\/wp\/v2\/product\/2184","targetHints":{"allow":["GET"]}}],"collection":[{"href":"https:\/\/www.verassere.com\/en\/wp-json\/wp\/v2\/product"}],"about":[{"href":"https:\/\/www.verassere.com\/en\/wp-json\/wp\/v2\/types\/product"}],"replies":[{"embeddable":true,"href":"https:\/\/www.verassere.com\/en\/wp-json\/wp\/v2\/comments?post=2184"}],"wp:featuredmedia":[{"embeddable":true,"href":"https:\/\/www.verassere.com\/en\/wp-json\/wp\/v2\/media\/2187"}],"wp:attachment":[{"href":"https:\/\/www.verassere.com\/en\/wp-json\/wp\/v2\/media?parent=2184"}],"wp:term":[{"taxonomy":"product_brand","embeddable":true,"href":"https:\/\/www.verassere.com\/en\/wp-json\/wp\/v2\/product_brand?post=2184"},{"taxonomy":"product_cat","embeddable":true,"href":"https:\/\/www.verassere.com\/en\/wp-json\/wp\/v2\/product_cat?post=2184"},{"taxonomy":"product_tag","embeddable":true,"href":"https:\/\/www.verassere.com\/en\/wp-json\/wp\/v2\/product_tag?post=2184"}],"curies":[{"name":"wp","href":"https:\/\/api.w.org\/{rel}","templated":true}]}}