{"id":2177,"date":"2024-02-22T14:43:02","date_gmt":"2024-02-22T19:43:02","guid":{"rendered":"https:\/\/www.verassere.com\/?post_type=product&#038;p=2177"},"modified":"2025-10-14T18:39:33","modified_gmt":"2025-10-14T23:39:33","slug":"sebum-clearing-masque-75ml","status":"publish","type":"product","link":"https:\/\/www.verassere.com\/en\/sebum-clearing-masque-75ml\/","title":{"rendered":"SEBUM CLEARING MASQUE 75ML"},"content":{"rendered":"<h2>SEBUM CLEARING MASQUE 75ML<\/h2>\n<p>This soothing clay mask is designed for combination and oily skin, addressing issues such as acne, blemishes, fine lines, premature wrinkles, excess oil, and uneven skin tone. Formulated with absorbent clays that help detoxify the skin and salicylic acid, a beta hydroxy acid (BHA), to clear pore congestion. It also contains calming botanical ingredients like oats and bisabolol to soothe irritation caused by breakouts. Jojoba oil counteracts fine lines caused by dehydration. Enriched with licorice and niacinamide, this mask also helps improve skin tone. An all-in-one treatment for clearer, softer, and more even skin.<\/p>","protected":false},"excerpt":{"rendered":"<p>DERMALOGICA<\/p>\n<p>Mascarilla de arcilla con \u00e1cido salic\u00edlico, avena, bisabolol y niacinamida que desintoxica, despeja poros y mejora tono. Calma brotes, reduce l\u00edneas finas e hidrata. Piel m\u00e1s clara, suave y uniforme. Ideal para piel mixta, grasa o con acn\u00e9 e imperfecciones.<\/p>","protected":false},"featured_media":2178,"comment_status":"open","ping_status":"closed","template":"","meta":{"_uag_custom_page_level_css":"","site-sidebar-layout":"default","site-content-layout":"","ast-site-content-layout":"default","site-content-style":"default","site-sidebar-style":"default","ast-global-header-display":"","ast-banner-title-visibility":"","ast-main-header-display":"","ast-hfb-above-header-display":"","ast-hfb-below-header-display":"","ast-hfb-mobile-header-display":"","site-post-title":"","ast-breadcrumbs-content":"","ast-featured-img":"","footer-sml-layout":"","ast-disable-related-posts":"","theme-transparent-header-meta":"default","adv-header-id-meta":"","stick-header-meta":"","header-above-stick-meta":"","header-main-stick-meta":"","header-below-stick-meta":"","astra-migrate-meta-layouts":"set","ast-page-background-enabled":"default","ast-page-background-meta":{"desktop":{"background-color":"var(--ast-global-color-4)","background-image":"","background-repeat":"repeat","background-position":"center center","background-size":"auto","background-attachment":"scroll","background-type":"","background-media":"","overlay-type":"","overlay-color":"","overlay-opacity":"","overlay-gradient":""},"tablet":{"background-color":"","background-image":"","background-repeat":"repeat","background-position":"center center","background-size":"auto","background-attachment":"scroll","background-type":"","background-media":"","overlay-type":"","overlay-color":"","overlay-opacity":"","overlay-gradient":""},"mobile":{"background-color":"","background-image":"","background-repeat":"repeat","background-position":"center center","background-size":"auto","background-attachment":"scroll","background-type":"","background-media":"","overlay-type":"","overlay-color":"","overlay-opacity":"","overlay-gradient":""}},"ast-content-background-meta":{"desktop":{"background-color":"var(--ast-global-color-5)","background-image":"","background-repeat":"repeat","background-position":"center center","background-size":"auto","background-attachment":"scroll","background-type":"","background-media":"","overlay-type":"","overlay-color":"","overlay-opacity":"","overlay-gradient":""},"tablet":{"background-color":"var(--ast-global-color-5)","background-image":"","background-repeat":"repeat","background-position":"center center","background-size":"auto","background-attachment":"scroll","background-type":"","background-media":"","overlay-type":"","overlay-color":"","overlay-opacity":"","overlay-gradient":""},"mobile":{"background-color":"var(--ast-global-color-5)","background-image":"","background-repeat":"repeat","background-position":"center center","background-size":"auto","background-attachment":"scroll","background-type":"","background-media":"","overlay-type":"","overlay-color":"","overlay-opacity":"","overlay-gradient":""}}},"product_brand":[],"product_cat":[64,58,56],"product_tag":[],"class_list":{"0":"post-2177","1":"product","2":"type-product","3":"status-publish","4":"has-post-thumbnail","6":"product_cat-limpiador","7":"product_cat-antiacne","8":"product_cat-cuidado-piel","9":"pa_contenido-75ml","10":"pa_marca-dermalogica","11":"desktop-align-center","12":"tablet-align-center","13":"mobile-align-center","15":"first","16":"outofstock","17":"sale","18":"taxable","19":"shipping-taxable","20":"purchasable","21":"product-type-simple"},"barcode":null,"atum_controlled":true,"out_stock_date":"2025-07-09 15:52:39","out_stock_threshold":null,"inheritable":false,"stock_on_hold":0,"sold_today":0,"sales_last_days":0,"out_stock_days":300,"lost_sales":0,"update_date":"2026-05-06T00:52:20","atum_locations":[],"atum_stock_status":"outofstock","restock_status":false,"low_stock_amount":"","sales_update_date":"2026-05-06T00:52:20","calc_backorders":null,"uagb_featured_image_src":{"full":["https:\/\/www.verassere.com\/wp-content\/uploads\/SEBUM-CLEARING-MASQUE-75ML.jpeg",990,990,false],"thumbnail":["https:\/\/www.verassere.com\/wp-content\/uploads\/SEBUM-CLEARING-MASQUE-75ML-150x150.jpeg",150,150,true],"medium":["https:\/\/www.verassere.com\/wp-content\/uploads\/SEBUM-CLEARING-MASQUE-75ML-300x300.jpeg",300,300,true],"medium_large":["https:\/\/www.verassere.com\/wp-content\/uploads\/SEBUM-CLEARING-MASQUE-75ML-768x768.jpeg",768,768,true],"large":["https:\/\/www.verassere.com\/wp-content\/uploads\/SEBUM-CLEARING-MASQUE-75ML.jpeg",990,990,false],"1536x1536":["https:\/\/www.verassere.com\/wp-content\/uploads\/SEBUM-CLEARING-MASQUE-75ML.jpeg",990,990,false],"2048x2048":["https:\/\/www.verassere.com\/wp-content\/uploads\/SEBUM-CLEARING-MASQUE-75ML.jpeg",990,990,false],"trp-custom-language-flag":["https:\/\/www.verassere.com\/wp-content\/uploads\/SEBUM-CLEARING-MASQUE-75ML.jpeg",12,12,false],"woocommerce_thumbnail":["https:\/\/www.verassere.com\/wp-content\/uploads\/SEBUM-CLEARING-MASQUE-75ML-300x300.jpeg",300,300,true],"woocommerce_single":["https:\/\/www.verassere.com\/wp-content\/uploads\/SEBUM-CLEARING-MASQUE-75ML-600x600.jpeg",600,600,true],"woocommerce_gallery_thumbnail":["https:\/\/www.verassere.com\/wp-content\/uploads\/SEBUM-CLEARING-MASQUE-75ML-100x100.jpeg",100,100,true]},"uagb_author_info":{"display_name":"Verassere SAS","author_link":"https:\/\/www.verassere.com\/en\/author\/"},"uagb_comment_info":0,"uagb_excerpt":"DERMALOGICA Mascarilla de arcilla con \u00e1cido salic\u00edlico, avena, bisabolol y niacinamida que desintoxica, despeja poros y mejora tono. Calma brotes, reduce l\u00edneas finas e hidrata. Piel m\u00e1s clara, suave y uniforme. Ideal para piel mixta, grasa o con acn\u00e9 e imperfecciones.","_links":{"self":[{"href":"https:\/\/www.verassere.com\/en\/wp-json\/wp\/v2\/product\/2177","targetHints":{"allow":["GET"]}}],"collection":[{"href":"https:\/\/www.verassere.com\/en\/wp-json\/wp\/v2\/product"}],"about":[{"href":"https:\/\/www.verassere.com\/en\/wp-json\/wp\/v2\/types\/product"}],"replies":[{"embeddable":true,"href":"https:\/\/www.verassere.com\/en\/wp-json\/wp\/v2\/comments?post=2177"}],"wp:featuredmedia":[{"embeddable":true,"href":"https:\/\/www.verassere.com\/en\/wp-json\/wp\/v2\/media\/2178"}],"wp:attachment":[{"href":"https:\/\/www.verassere.com\/en\/wp-json\/wp\/v2\/media?parent=2177"}],"wp:term":[{"taxonomy":"product_brand","embeddable":true,"href":"https:\/\/www.verassere.com\/en\/wp-json\/wp\/v2\/product_brand?post=2177"},{"taxonomy":"product_cat","embeddable":true,"href":"https:\/\/www.verassere.com\/en\/wp-json\/wp\/v2\/product_cat?post=2177"},{"taxonomy":"product_tag","embeddable":true,"href":"https:\/\/www.verassere.com\/en\/wp-json\/wp\/v2\/product_tag?post=2177"}],"curies":[{"name":"wp","href":"https:\/\/api.w.org\/{rel}","templated":true}]}}