{"id":1848,"date":"2023-10-17T14:13:59","date_gmt":"2023-10-17T19:13:59","guid":{"rendered":"https:\/\/www.verassere.com\/?post_type=product&#038;p=1848"},"modified":"2026-04-10T09:54:15","modified_gmt":"2026-04-10T14:54:15","slug":"spirial-desodorante-at-roll-on-50ml","status":"publish","type":"product","link":"https:\/\/www.verassere.com\/en\/spirial-desodorante-at-roll-on-50ml\/","title":{"rendered":"SPIRIAL DESODORANTE AT ROLL-ON 50ML"},"content":{"rendered":"<h2>SPIRIAL DESODORANTE AT ROLL-ON 50ML<\/h2>\n<p>Discover SPIRIAL Roll-On 50ml, your hypoallergenic ally to stay fresh for 48 hours, even in the most extreme situations such as sports or stress. This intensive antiperspirant deodorant effectively combats excessive perspiration and unpleasant odors in teenagers and adults. Its alcohol- and fragrance-free formula, enriched with anti-odor probiotics and allantoin, soothes the skin and prevents irritation. Enjoy its fluid texture and dry finish that leaves no marks on clothing and contributes to the well-being of your skin. Plus, the new ECO-REFILL format allows you to reuse your SPIRIAL Roll-On, reducing plastic consumption by 42%. Join the WIN-WIN solution for you and the planet!<\/p>","protected":false},"excerpt":{"rendered":"<p>SVR<\/p>\n<p>Roll-on antitranspirante hipoalerg\u00e9nico con probi\u00f3ticos y alanto\u00edna que protege 48h contra transpiraci\u00f3n y olores extremos. Sin alcohol ni fragancias. Textura fluida, acabado seco sin marcas. Formato eco-refill -42% pl\u00e1stico. Ideal para transpiraci\u00f3n excesiva.<\/p>","protected":false},"featured_media":1851,"comment_status":"open","ping_status":"closed","template":"","meta":{"_uag_custom_page_level_css":"","site-sidebar-layout":"default","site-content-layout":"","ast-site-content-layout":"default","site-content-style":"default","site-sidebar-style":"default","ast-global-header-display":"","ast-banner-title-visibility":"","ast-main-header-display":"","ast-hfb-above-header-display":"","ast-hfb-below-header-display":"","ast-hfb-mobile-header-display":"","site-post-title":"","ast-breadcrumbs-content":"","ast-featured-img":"","footer-sml-layout":"","ast-disable-related-posts":"","theme-transparent-header-meta":"default","adv-header-id-meta":"","stick-header-meta":"","header-above-stick-meta":"","header-main-stick-meta":"","header-below-stick-meta":"","astra-migrate-meta-layouts":"set","ast-page-background-enabled":"default","ast-page-background-meta":{"desktop":{"background-color":"var(--ast-global-color-4)","background-image":"","background-repeat":"repeat","background-position":"center center","background-size":"auto","background-attachment":"scroll","background-type":"","background-media":"","overlay-type":"","overlay-color":"","overlay-opacity":"","overlay-gradient":""},"tablet":{"background-color":"","background-image":"","background-repeat":"repeat","background-position":"center center","background-size":"auto","background-attachment":"scroll","background-type":"","background-media":"","overlay-type":"","overlay-color":"","overlay-opacity":"","overlay-gradient":""},"mobile":{"background-color":"","background-image":"","background-repeat":"repeat","background-position":"center center","background-size":"auto","background-attachment":"scroll","background-type":"","background-media":"","overlay-type":"","overlay-color":"","overlay-opacity":"","overlay-gradient":""}},"ast-content-background-meta":{"desktop":{"background-color":"var(--ast-global-color-5)","background-image":"","background-repeat":"repeat","background-position":"center center","background-size":"auto","background-attachment":"scroll","background-type":"","background-media":"","overlay-type":"","overlay-color":"","overlay-opacity":"","overlay-gradient":""},"tablet":{"background-color":"var(--ast-global-color-5)","background-image":"","background-repeat":"repeat","background-position":"center center","background-size":"auto","background-attachment":"scroll","background-type":"","background-media":"","overlay-type":"","overlay-color":"","overlay-opacity":"","overlay-gradient":""},"mobile":{"background-color":"var(--ast-global-color-5)","background-image":"","background-repeat":"repeat","background-position":"center center","background-size":"auto","background-attachment":"scroll","background-type":"","background-media":"","overlay-type":"","overlay-color":"","overlay-opacity":"","overlay-gradient":""}}},"product_brand":[],"product_cat":[56,67],"product_tag":[],"class_list":{"0":"post-1848","1":"product","2":"type-product","3":"status-publish","4":"has-post-thumbnail","6":"product_cat-cuidado-piel","7":"product_cat-tratamientos","8":"pa_contenido-50ml","9":"pa_marca-svr","10":"desktop-align-center","11":"tablet-align-center","12":"mobile-align-center","14":"first","15":"instock","16":"taxable","17":"shipping-taxable","18":"purchasable","19":"product-type-simple"},"barcode":null,"atum_controlled":true,"out_stock_date":null,"out_stock_threshold":null,"inheritable":false,"stock_on_hold":0,"sold_today":0,"sales_last_days":0,"out_stock_days":0,"lost_sales":0,"update_date":"2026-05-06T00:52:20","atum_locations":[],"atum_stock_status":"instock","restock_status":false,"low_stock_amount":"","sales_update_date":"2026-05-06T00:52:20","calc_backorders":null,"uagb_featured_image_src":{"full":["https:\/\/www.verassere.com\/wp-content\/uploads\/SPIRIAL-DESODORANTE-AT-ROLL-ON-50ML.jpg",2000,2000,false],"thumbnail":["https:\/\/www.verassere.com\/wp-content\/uploads\/SPIRIAL-DESODORANTE-AT-ROLL-ON-50ML-150x150.jpg",150,150,true],"medium":["https:\/\/www.verassere.com\/wp-content\/uploads\/SPIRIAL-DESODORANTE-AT-ROLL-ON-50ML-300x300.jpg",300,300,true],"medium_large":["https:\/\/www.verassere.com\/wp-content\/uploads\/SPIRIAL-DESODORANTE-AT-ROLL-ON-50ML-768x768.jpg",768,768,true],"large":["https:\/\/www.verassere.com\/wp-content\/uploads\/SPIRIAL-DESODORANTE-AT-ROLL-ON-50ML-1024x1024.jpg",1024,1024,true],"1536x1536":["https:\/\/www.verassere.com\/wp-content\/uploads\/SPIRIAL-DESODORANTE-AT-ROLL-ON-50ML-1536x1536.jpg",1536,1536,true],"2048x2048":["https:\/\/www.verassere.com\/wp-content\/uploads\/SPIRIAL-DESODORANTE-AT-ROLL-ON-50ML.jpg",2000,2000,false],"trp-custom-language-flag":["https:\/\/www.verassere.com\/wp-content\/uploads\/SPIRIAL-DESODORANTE-AT-ROLL-ON-50ML.jpg",12,12,false],"woocommerce_thumbnail":["https:\/\/www.verassere.com\/wp-content\/uploads\/SPIRIAL-DESODORANTE-AT-ROLL-ON-50ML-300x300.jpg",300,300,true],"woocommerce_single":["https:\/\/www.verassere.com\/wp-content\/uploads\/SPIRIAL-DESODORANTE-AT-ROLL-ON-50ML-600x600.jpg",600,600,true],"woocommerce_gallery_thumbnail":["https:\/\/www.verassere.com\/wp-content\/uploads\/SPIRIAL-DESODORANTE-AT-ROLL-ON-50ML-100x100.jpg",100,100,true]},"uagb_author_info":{"display_name":"Verassere SAS","author_link":"https:\/\/www.verassere.com\/en\/author\/"},"uagb_comment_info":0,"uagb_excerpt":"SVR Roll-on antitranspirante hipoalerg\u00e9nico con probi\u00f3ticos y alanto\u00edna que protege 48h contra transpiraci\u00f3n y olores extremos. Sin alcohol ni fragancias. Textura fluida, acabado seco sin marcas. Formato eco-refill -42% pl\u00e1stico. Ideal para transpiraci\u00f3n excesiva.","_links":{"self":[{"href":"https:\/\/www.verassere.com\/en\/wp-json\/wp\/v2\/product\/1848","targetHints":{"allow":["GET"]}}],"collection":[{"href":"https:\/\/www.verassere.com\/en\/wp-json\/wp\/v2\/product"}],"about":[{"href":"https:\/\/www.verassere.com\/en\/wp-json\/wp\/v2\/types\/product"}],"replies":[{"embeddable":true,"href":"https:\/\/www.verassere.com\/en\/wp-json\/wp\/v2\/comments?post=1848"}],"wp:featuredmedia":[{"embeddable":true,"href":"https:\/\/www.verassere.com\/en\/wp-json\/wp\/v2\/media\/1851"}],"wp:attachment":[{"href":"https:\/\/www.verassere.com\/en\/wp-json\/wp\/v2\/media?parent=1848"}],"wp:term":[{"taxonomy":"product_brand","embeddable":true,"href":"https:\/\/www.verassere.com\/en\/wp-json\/wp\/v2\/product_brand?post=1848"},{"taxonomy":"product_cat","embeddable":true,"href":"https:\/\/www.verassere.com\/en\/wp-json\/wp\/v2\/product_cat?post=1848"},{"taxonomy":"product_tag","embeddable":true,"href":"https:\/\/www.verassere.com\/en\/wp-json\/wp\/v2\/product_tag?post=1848"}],"curies":[{"name":"wp","href":"https:\/\/api.w.org\/{rel}","templated":true}]}}