{"id":1842,"date":"2023-10-17T14:13:59","date_gmt":"2023-10-17T19:13:59","guid":{"rendered":"https:\/\/www.verassere.com\/?post_type=product&#038;p=1842"},"modified":"2026-02-16T12:22:06","modified_gmt":"2026-02-16T17:22:06","slug":"xerial-30-crema-hidratante-ar-75ml","status":"publish","type":"product","link":"https:\/\/www.verassere.com\/en\/xerial-30-crema-hidratante-ar-75ml\/","title":{"rendered":"XERIAL 30 CREMA HIDRATANTE AR 75ML"},"content":{"rendered":"<h2>XERIAL 30 CREMA HIDRATANTE AR 75ML<\/h2>\n<p>A powerful gel-cream formulated to combat roughness and leave skin soft and smooth. Using patented pure urea technology, this 48-hour exfoliating and moisturizing scrub eliminates areas of thickened, flaking, and rough skin, reducing uneven skin texture and ingrown hairs day after day. Enjoy skin that's softer to the touch and smoother to the touch with a formula that absorbs quickly. It also reduces red spots and ingrown hairs, provides less uneven skin, and offers long-lasting protection and nourishment. Perfect for skin with thickened, flaking, and rough skin. Enriched with 85% natural ingredients, including shea butter and coconut oil, SVR Xerial 30 Gel-Creme also features panthenol and aquaporins for optimal hydration. Make your skin look its best with this SVR anti-roughness concentrate!<\/p>","protected":false},"excerpt":{"rendered":"<p>SVR<\/p>\n<p>Gel-crema con urea pura patentada, karit\u00e9, coco y 85% ingredientes naturales que exfolia e hidrata 48h. Elimina engrosamiento, descamaci\u00f3n, rugosidad, pelos enquistados y manchas rojas. Absorci\u00f3n r\u00e1pida. Piel suave, tersa y uniforme. Ideal para piel \u00e1spera, rugosa o con textura desigual.<\/p>","protected":false},"featured_media":1855,"comment_status":"open","ping_status":"closed","template":"","meta":{"_uag_custom_page_level_css":"","site-sidebar-layout":"default","site-content-layout":"","ast-site-content-layout":"default","site-content-style":"default","site-sidebar-style":"default","ast-global-header-display":"","ast-banner-title-visibility":"","ast-main-header-display":"","ast-hfb-above-header-display":"","ast-hfb-below-header-display":"","ast-hfb-mobile-header-display":"","site-post-title":"","ast-breadcrumbs-content":"","ast-featured-img":"","footer-sml-layout":"","ast-disable-related-posts":"","theme-transparent-header-meta":"default","adv-header-id-meta":"","stick-header-meta":"","header-above-stick-meta":"","header-main-stick-meta":"","header-below-stick-meta":"","astra-migrate-meta-layouts":"set","ast-page-background-enabled":"default","ast-page-background-meta":{"desktop":{"background-color":"var(--ast-global-color-4)","background-image":"","background-repeat":"repeat","background-position":"center center","background-size":"auto","background-attachment":"scroll","background-type":"","background-media":"","overlay-type":"","overlay-color":"","overlay-opacity":"","overlay-gradient":""},"tablet":{"background-color":"","background-image":"","background-repeat":"repeat","background-position":"center center","background-size":"auto","background-attachment":"scroll","background-type":"","background-media":"","overlay-type":"","overlay-color":"","overlay-opacity":"","overlay-gradient":""},"mobile":{"background-color":"","background-image":"","background-repeat":"repeat","background-position":"center center","background-size":"auto","background-attachment":"scroll","background-type":"","background-media":"","overlay-type":"","overlay-color":"","overlay-opacity":"","overlay-gradient":""}},"ast-content-background-meta":{"desktop":{"background-color":"var(--ast-global-color-5)","background-image":"","background-repeat":"repeat","background-position":"center center","background-size":"auto","background-attachment":"scroll","background-type":"","background-media":"","overlay-type":"","overlay-color":"","overlay-opacity":"","overlay-gradient":""},"tablet":{"background-color":"var(--ast-global-color-5)","background-image":"","background-repeat":"repeat","background-position":"center center","background-size":"auto","background-attachment":"scroll","background-type":"","background-media":"","overlay-type":"","overlay-color":"","overlay-opacity":"","overlay-gradient":""},"mobile":{"background-color":"var(--ast-global-color-5)","background-image":"","background-repeat":"repeat","background-position":"center center","background-size":"auto","background-attachment":"scroll","background-type":"","background-media":"","overlay-type":"","overlay-color":"","overlay-opacity":"","overlay-gradient":""}}},"product_brand":[],"product_cat":[56,63],"product_tag":[],"class_list":{"0":"post-1842","1":"product","2":"type-product","3":"status-publish","4":"has-post-thumbnail","6":"product_cat-cuidado-piel","7":"product_cat-hidratante","8":"pa_contenido-75ml","9":"pa_marca-svr","10":"desktop-align-center","11":"tablet-align-center","12":"mobile-align-center","14":"first","15":"outofstock","16":"taxable","17":"shipping-taxable","18":"purchasable","19":"product-type-simple"},"barcode":null,"atum_controlled":true,"out_stock_date":"2025-02-12 09:25:25","out_stock_threshold":null,"inheritable":false,"stock_on_hold":0,"sold_today":0,"sales_last_days":0,"out_stock_days":447,"lost_sales":0,"update_date":"2026-05-06T00:52:20","atum_locations":[],"atum_stock_status":"outofstock","restock_status":false,"low_stock_amount":"","sales_update_date":"2026-05-06T00:52:20","calc_backorders":null,"uagb_featured_image_src":{"full":["https:\/\/www.verassere.com\/wp-content\/uploads\/XERIAL-30-CREMA-HIDRATANTE-AR-75ML.jpg",1100,1422,false],"thumbnail":["https:\/\/www.verassere.com\/wp-content\/uploads\/XERIAL-30-CREMA-HIDRATANTE-AR-75ML-150x150.jpg",150,150,true],"medium":["https:\/\/www.verassere.com\/wp-content\/uploads\/XERIAL-30-CREMA-HIDRATANTE-AR-75ML-232x300.jpg",232,300,true],"medium_large":["https:\/\/www.verassere.com\/wp-content\/uploads\/XERIAL-30-CREMA-HIDRATANTE-AR-75ML-768x993.jpg",768,993,true],"large":["https:\/\/www.verassere.com\/wp-content\/uploads\/XERIAL-30-CREMA-HIDRATANTE-AR-75ML-792x1024.jpg",792,1024,true],"1536x1536":["https:\/\/www.verassere.com\/wp-content\/uploads\/XERIAL-30-CREMA-HIDRATANTE-AR-75ML.jpg",1100,1422,false],"2048x2048":["https:\/\/www.verassere.com\/wp-content\/uploads\/XERIAL-30-CREMA-HIDRATANTE-AR-75ML.jpg",1100,1422,false],"trp-custom-language-flag":["https:\/\/www.verassere.com\/wp-content\/uploads\/XERIAL-30-CREMA-HIDRATANTE-AR-75ML.jpg",9,12,false],"woocommerce_thumbnail":["https:\/\/www.verassere.com\/wp-content\/uploads\/XERIAL-30-CREMA-HIDRATANTE-AR-75ML-300x300.jpg",300,300,true],"woocommerce_single":["https:\/\/www.verassere.com\/wp-content\/uploads\/XERIAL-30-CREMA-HIDRATANTE-AR-75ML-600x776.jpg",600,776,true],"woocommerce_gallery_thumbnail":["https:\/\/www.verassere.com\/wp-content\/uploads\/XERIAL-30-CREMA-HIDRATANTE-AR-75ML-100x100.jpg",100,100,true]},"uagb_author_info":{"display_name":"Verassere SAS","author_link":"https:\/\/www.verassere.com\/en\/author\/"},"uagb_comment_info":0,"uagb_excerpt":"SVR Gel-crema con urea pura patentada, karit\u00e9, coco y 85% ingredientes naturales que exfolia e hidrata 48h. Elimina engrosamiento, descamaci\u00f3n, rugosidad, pelos enquistados y manchas rojas. Absorci\u00f3n r\u00e1pida. Piel suave, tersa y uniforme. Ideal para piel \u00e1spera, rugosa o con textura desigual.","_links":{"self":[{"href":"https:\/\/www.verassere.com\/en\/wp-json\/wp\/v2\/product\/1842","targetHints":{"allow":["GET"]}}],"collection":[{"href":"https:\/\/www.verassere.com\/en\/wp-json\/wp\/v2\/product"}],"about":[{"href":"https:\/\/www.verassere.com\/en\/wp-json\/wp\/v2\/types\/product"}],"replies":[{"embeddable":true,"href":"https:\/\/www.verassere.com\/en\/wp-json\/wp\/v2\/comments?post=1842"}],"wp:featuredmedia":[{"embeddable":true,"href":"https:\/\/www.verassere.com\/en\/wp-json\/wp\/v2\/media\/1855"}],"wp:attachment":[{"href":"https:\/\/www.verassere.com\/en\/wp-json\/wp\/v2\/media?parent=1842"}],"wp:term":[{"taxonomy":"product_brand","embeddable":true,"href":"https:\/\/www.verassere.com\/en\/wp-json\/wp\/v2\/product_brand?post=1842"},{"taxonomy":"product_cat","embeddable":true,"href":"https:\/\/www.verassere.com\/en\/wp-json\/wp\/v2\/product_cat?post=1842"},{"taxonomy":"product_tag","embeddable":true,"href":"https:\/\/www.verassere.com\/en\/wp-json\/wp\/v2\/product_tag?post=1842"}],"curies":[{"name":"wp","href":"https:\/\/api.w.org\/{rel}","templated":true}]}}