{"id":1841,"date":"2023-10-17T14:13:59","date_gmt":"2023-10-17T19:13:59","guid":{"rendered":"https:\/\/www.verassere.com\/?post_type=product&#038;p=1841"},"modified":"2026-02-16T12:21:46","modified_gmt":"2026-02-16T17:21:46","slug":"topialyse-palpebral-mascara-9ml","status":"publish","type":"product","link":"https:\/\/www.verassere.com\/en\/topialyse-palpebral-mascara-9ml\/","title":{"rendered":"TOPIALYSE PALPEBRAL MASCARA 9ML"},"content":{"rendered":"<h2>TOPIALYSE PALPEBRAL MASCARA 9ML<\/h2>\n<p>Discover PALPEBRAL by Topialyse \u2013 Mascara Protect, the perfect solution for intensely protected lashes. Designed for hypersensitive eyes and contact lens wearers, this mascara coats your lashes with a protective barrier against the cold, air conditioning, and dust. Enjoy lashes that are 27% longer and 35% curlier. Our users love it for its 0% discomfort, irritation, or stinging, and 100% agree their lashes are intensely black. With natural ingredients like hyaluronic acid and jojoba oil, it's hypoallergenic and easy to remove makeup. Protect your eyes and enhance your beauty with PALPEBRAL Mascara Protect, your best ally.<\/p>","protected":false},"excerpt":{"rendered":"<p>SVR<\/p>\n<p>M\u00e1scara hipoalerg\u00e9nica con \u00e1cido hialur\u00f3nico y aceite de jojoba que aumenta 27% largo y 35% rizado. Crea barrera protectora contra fr\u00edo, aire y polvo. 0% irritaci\u00f3n, intensidad negra profunda. F\u00e1cil remoci\u00f3n. Ideal para ojos hipersensibles y usuarios de lentes de contacto.<\/p>","protected":false},"featured_media":1854,"comment_status":"open","ping_status":"closed","template":"","meta":{"_uag_custom_page_level_css":"","site-sidebar-layout":"default","site-content-layout":"","ast-site-content-layout":"default","site-content-style":"default","site-sidebar-style":"default","ast-global-header-display":"","ast-banner-title-visibility":"","ast-main-header-display":"","ast-hfb-above-header-display":"","ast-hfb-below-header-display":"","ast-hfb-mobile-header-display":"","site-post-title":"","ast-breadcrumbs-content":"","ast-featured-img":"","footer-sml-layout":"","ast-disable-related-posts":"","theme-transparent-header-meta":"default","adv-header-id-meta":"","stick-header-meta":"","header-above-stick-meta":"","header-main-stick-meta":"","header-below-stick-meta":"","astra-migrate-meta-layouts":"set","ast-page-background-enabled":"default","ast-page-background-meta":{"desktop":{"background-color":"var(--ast-global-color-4)","background-image":"","background-repeat":"repeat","background-position":"center center","background-size":"auto","background-attachment":"scroll","background-type":"","background-media":"","overlay-type":"","overlay-color":"","overlay-opacity":"","overlay-gradient":""},"tablet":{"background-color":"","background-image":"","background-repeat":"repeat","background-position":"center center","background-size":"auto","background-attachment":"scroll","background-type":"","background-media":"","overlay-type":"","overlay-color":"","overlay-opacity":"","overlay-gradient":""},"mobile":{"background-color":"","background-image":"","background-repeat":"repeat","background-position":"center center","background-size":"auto","background-attachment":"scroll","background-type":"","background-media":"","overlay-type":"","overlay-color":"","overlay-opacity":"","overlay-gradient":""}},"ast-content-background-meta":{"desktop":{"background-color":"var(--ast-global-color-5)","background-image":"","background-repeat":"repeat","background-position":"center center","background-size":"auto","background-attachment":"scroll","background-type":"","background-media":"","overlay-type":"","overlay-color":"","overlay-opacity":"","overlay-gradient":""},"tablet":{"background-color":"var(--ast-global-color-5)","background-image":"","background-repeat":"repeat","background-position":"center center","background-size":"auto","background-attachment":"scroll","background-type":"","background-media":"","overlay-type":"","overlay-color":"","overlay-opacity":"","overlay-gradient":""},"mobile":{"background-color":"var(--ast-global-color-5)","background-image":"","background-repeat":"repeat","background-position":"center center","background-size":"auto","background-attachment":"scroll","background-type":"","background-media":"","overlay-type":"","overlay-color":"","overlay-opacity":"","overlay-gradient":""}}},"product_brand":[],"product_cat":[54],"product_tag":[],"class_list":{"0":"post-1841","1":"product","2":"type-product","3":"status-publish","4":"has-post-thumbnail","6":"product_cat-contorno-de-ojos","7":"pa_contenido-9ml","8":"pa_marca-svr","9":"desktop-align-center","10":"tablet-align-center","11":"mobile-align-center","13":"first","14":"outofstock","15":"taxable","16":"shipping-taxable","17":"purchasable","18":"product-type-simple"},"barcode":null,"atum_controlled":true,"out_stock_date":"2025-03-21 16:27:44","out_stock_threshold":null,"inheritable":false,"stock_on_hold":0,"sold_today":0,"sales_last_days":0,"out_stock_days":410,"lost_sales":0,"update_date":"2026-05-06T00:52:20","atum_locations":[],"atum_stock_status":"outofstock","restock_status":false,"low_stock_amount":"","sales_update_date":"2026-05-06T00:52:20","calc_backorders":null,"uagb_featured_image_src":{"full":["https:\/\/www.verassere.com\/wp-content\/uploads\/TOPIALYSE-PALPEBRAL-MASCARA-9ML.jpg",2000,2000,false],"thumbnail":["https:\/\/www.verassere.com\/wp-content\/uploads\/TOPIALYSE-PALPEBRAL-MASCARA-9ML-150x150.jpg",150,150,true],"medium":["https:\/\/www.verassere.com\/wp-content\/uploads\/TOPIALYSE-PALPEBRAL-MASCARA-9ML-300x300.jpg",300,300,true],"medium_large":["https:\/\/www.verassere.com\/wp-content\/uploads\/TOPIALYSE-PALPEBRAL-MASCARA-9ML-768x768.jpg",768,768,true],"large":["https:\/\/www.verassere.com\/wp-content\/uploads\/TOPIALYSE-PALPEBRAL-MASCARA-9ML-1024x1024.jpg",1024,1024,true],"1536x1536":["https:\/\/www.verassere.com\/wp-content\/uploads\/TOPIALYSE-PALPEBRAL-MASCARA-9ML-1536x1536.jpg",1536,1536,true],"2048x2048":["https:\/\/www.verassere.com\/wp-content\/uploads\/TOPIALYSE-PALPEBRAL-MASCARA-9ML.jpg",2000,2000,false],"trp-custom-language-flag":["https:\/\/www.verassere.com\/wp-content\/uploads\/TOPIALYSE-PALPEBRAL-MASCARA-9ML.jpg",12,12,false],"woocommerce_thumbnail":["https:\/\/www.verassere.com\/wp-content\/uploads\/TOPIALYSE-PALPEBRAL-MASCARA-9ML-300x300.jpg",300,300,true],"woocommerce_single":["https:\/\/www.verassere.com\/wp-content\/uploads\/TOPIALYSE-PALPEBRAL-MASCARA-9ML-600x600.jpg",600,600,true],"woocommerce_gallery_thumbnail":["https:\/\/www.verassere.com\/wp-content\/uploads\/TOPIALYSE-PALPEBRAL-MASCARA-9ML-100x100.jpg",100,100,true]},"uagb_author_info":{"display_name":"Verassere SAS","author_link":"https:\/\/www.verassere.com\/en\/author\/"},"uagb_comment_info":0,"uagb_excerpt":"SVR M\u00e1scara hipoalerg\u00e9nica con \u00e1cido hialur\u00f3nico y aceite de jojoba que aumenta 27% largo y 35% rizado. Crea barrera protectora contra fr\u00edo, aire y polvo. 0% irritaci\u00f3n, intensidad negra profunda. F\u00e1cil remoci\u00f3n. Ideal para ojos hipersensibles y usuarios de lentes de contacto.","_links":{"self":[{"href":"https:\/\/www.verassere.com\/en\/wp-json\/wp\/v2\/product\/1841","targetHints":{"allow":["GET"]}}],"collection":[{"href":"https:\/\/www.verassere.com\/en\/wp-json\/wp\/v2\/product"}],"about":[{"href":"https:\/\/www.verassere.com\/en\/wp-json\/wp\/v2\/types\/product"}],"replies":[{"embeddable":true,"href":"https:\/\/www.verassere.com\/en\/wp-json\/wp\/v2\/comments?post=1841"}],"wp:featuredmedia":[{"embeddable":true,"href":"https:\/\/www.verassere.com\/en\/wp-json\/wp\/v2\/media\/1854"}],"wp:attachment":[{"href":"https:\/\/www.verassere.com\/en\/wp-json\/wp\/v2\/media?parent=1841"}],"wp:term":[{"taxonomy":"product_brand","embeddable":true,"href":"https:\/\/www.verassere.com\/en\/wp-json\/wp\/v2\/product_brand?post=1841"},{"taxonomy":"product_cat","embeddable":true,"href":"https:\/\/www.verassere.com\/en\/wp-json\/wp\/v2\/product_cat?post=1841"},{"taxonomy":"product_tag","embeddable":true,"href":"https:\/\/www.verassere.com\/en\/wp-json\/wp\/v2\/product_tag?post=1841"}],"curies":[{"name":"wp","href":"https:\/\/api.w.org\/{rel}","templated":true}]}}