{"id":1840,"date":"2023-10-17T14:13:59","date_gmt":"2023-10-17T19:13:59","guid":{"rendered":"https:\/\/www.verassere.com\/?post_type=product&#038;p=1840"},"modified":"2026-04-23T14:50:27","modified_gmt":"2026-04-23T19:50:27","slug":"topialyse-palpebral-contorno-de-ojos-15ml","status":"publish","type":"product","link":"https:\/\/www.verassere.com\/en\/topialyse-palpebral-contorno-de-ojos-15ml\/","title":{"rendered":"TOPIALYSE PALPEBRAL CONTORNO DE OJOS 15ML"},"content":{"rendered":"<h2>TOPIALYSE PALPEBRAL CONTORNO DE OJOS 15ML<\/h2>\n<p>Discover PALPEBRAL By Topialyse, the essential treatment for sensitive eyelids and eye contours. Developed by dermatologists, this hypoallergenic formula is your perfect ally to relieve irritation, itching, and redness of your eyes. With clinically proven effectiveness, it reduces the sensation of itching by 45% and signs of irritation by 77% in just 7 days. Enjoy 24-hour hydration and long-lasting comfort thanks to its smooth, creamy texture. The delicate skin around your eyes deserves the best, and PALPEBRAL delivers with over 90% ingredients of natural origin. Restore the peace of mind of your eyes with this product that has amazed users!<\/p>","protected":false},"excerpt":{"rendered":"<p>SVR<\/p>\n<p>Tratamiento hipoalerg\u00e9nico para p\u00e1rpados y contorno con +90% ingredientes naturales. Reduce picor 45% e irritaci\u00f3n 77% en 7 d\u00edas. Hidrata 24h y alivia enrojecimiento. Textura cremosa suave. Ideal para contorno y p\u00e1rpados sensibles, irritados o con picaz\u00f3n.<\/p>","protected":false},"featured_media":1853,"comment_status":"open","ping_status":"closed","template":"","meta":{"_uag_custom_page_level_css":"","site-sidebar-layout":"default","site-content-layout":"","ast-site-content-layout":"default","site-content-style":"default","site-sidebar-style":"default","ast-global-header-display":"","ast-banner-title-visibility":"","ast-main-header-display":"","ast-hfb-above-header-display":"","ast-hfb-below-header-display":"","ast-hfb-mobile-header-display":"","site-post-title":"","ast-breadcrumbs-content":"","ast-featured-img":"","footer-sml-layout":"","ast-disable-related-posts":"","theme-transparent-header-meta":"default","adv-header-id-meta":"","stick-header-meta":"","header-above-stick-meta":"","header-main-stick-meta":"","header-below-stick-meta":"","astra-migrate-meta-layouts":"set","ast-page-background-enabled":"default","ast-page-background-meta":{"desktop":{"background-color":"var(--ast-global-color-4)","background-image":"","background-repeat":"repeat","background-position":"center center","background-size":"auto","background-attachment":"scroll","background-type":"","background-media":"","overlay-type":"","overlay-color":"","overlay-opacity":"","overlay-gradient":""},"tablet":{"background-color":"","background-image":"","background-repeat":"repeat","background-position":"center center","background-size":"auto","background-attachment":"scroll","background-type":"","background-media":"","overlay-type":"","overlay-color":"","overlay-opacity":"","overlay-gradient":""},"mobile":{"background-color":"","background-image":"","background-repeat":"repeat","background-position":"center center","background-size":"auto","background-attachment":"scroll","background-type":"","background-media":"","overlay-type":"","overlay-color":"","overlay-opacity":"","overlay-gradient":""}},"ast-content-background-meta":{"desktop":{"background-color":"var(--ast-global-color-5)","background-image":"","background-repeat":"repeat","background-position":"center center","background-size":"auto","background-attachment":"scroll","background-type":"","background-media":"","overlay-type":"","overlay-color":"","overlay-opacity":"","overlay-gradient":""},"tablet":{"background-color":"var(--ast-global-color-5)","background-image":"","background-repeat":"repeat","background-position":"center center","background-size":"auto","background-attachment":"scroll","background-type":"","background-media":"","overlay-type":"","overlay-color":"","overlay-opacity":"","overlay-gradient":""},"mobile":{"background-color":"var(--ast-global-color-5)","background-image":"","background-repeat":"repeat","background-position":"center center","background-size":"auto","background-attachment":"scroll","background-type":"","background-media":"","overlay-type":"","overlay-color":"","overlay-opacity":"","overlay-gradient":""}}},"product_brand":[],"product_cat":[54],"product_tag":[],"class_list":{"0":"post-1840","1":"product","2":"type-product","3":"status-publish","4":"has-post-thumbnail","6":"product_cat-contorno-de-ojos","7":"pa_contenido-15ml","8":"pa_marca-svr","9":"desktop-align-center","10":"tablet-align-center","11":"mobile-align-center","13":"first","14":"instock","15":"taxable","16":"shipping-taxable","17":"purchasable","18":"product-type-simple"},"barcode":null,"atum_controlled":true,"out_stock_date":null,"out_stock_threshold":null,"inheritable":false,"stock_on_hold":0,"sold_today":0,"sales_last_days":0,"out_stock_days":0,"lost_sales":0,"update_date":"2026-05-06T00:52:20","atum_locations":[],"atum_stock_status":"instock","restock_status":false,"low_stock_amount":"","sales_update_date":"2026-05-06T00:52:20","calc_backorders":null,"uagb_featured_image_src":{"full":["https:\/\/www.verassere.com\/wp-content\/uploads\/TOPIALYSE-PALPEBRAL-CONTORNO-DE-OJOS-15ML.jpg",2000,2000,false],"thumbnail":["https:\/\/www.verassere.com\/wp-content\/uploads\/TOPIALYSE-PALPEBRAL-CONTORNO-DE-OJOS-15ML-150x150.jpg",150,150,true],"medium":["https:\/\/www.verassere.com\/wp-content\/uploads\/TOPIALYSE-PALPEBRAL-CONTORNO-DE-OJOS-15ML-300x300.jpg",300,300,true],"medium_large":["https:\/\/www.verassere.com\/wp-content\/uploads\/TOPIALYSE-PALPEBRAL-CONTORNO-DE-OJOS-15ML-768x768.jpg",768,768,true],"large":["https:\/\/www.verassere.com\/wp-content\/uploads\/TOPIALYSE-PALPEBRAL-CONTORNO-DE-OJOS-15ML-1024x1024.jpg",1024,1024,true],"1536x1536":["https:\/\/www.verassere.com\/wp-content\/uploads\/TOPIALYSE-PALPEBRAL-CONTORNO-DE-OJOS-15ML-1536x1536.jpg",1536,1536,true],"2048x2048":["https:\/\/www.verassere.com\/wp-content\/uploads\/TOPIALYSE-PALPEBRAL-CONTORNO-DE-OJOS-15ML.jpg",2000,2000,false],"trp-custom-language-flag":["https:\/\/www.verassere.com\/wp-content\/uploads\/TOPIALYSE-PALPEBRAL-CONTORNO-DE-OJOS-15ML.jpg",12,12,false],"woocommerce_thumbnail":["https:\/\/www.verassere.com\/wp-content\/uploads\/TOPIALYSE-PALPEBRAL-CONTORNO-DE-OJOS-15ML-300x300.jpg",300,300,true],"woocommerce_single":["https:\/\/www.verassere.com\/wp-content\/uploads\/TOPIALYSE-PALPEBRAL-CONTORNO-DE-OJOS-15ML-600x600.jpg",600,600,true],"woocommerce_gallery_thumbnail":["https:\/\/www.verassere.com\/wp-content\/uploads\/TOPIALYSE-PALPEBRAL-CONTORNO-DE-OJOS-15ML-100x100.jpg",100,100,true]},"uagb_author_info":{"display_name":"Verassere SAS","author_link":"https:\/\/www.verassere.com\/en\/author\/"},"uagb_comment_info":0,"uagb_excerpt":"SVR Tratamiento hipoalerg\u00e9nico para p\u00e1rpados y contorno con +90% ingredientes naturales. Reduce picor 45% e irritaci\u00f3n 77% en 7 d\u00edas. Hidrata 24h y alivia enrojecimiento. Textura cremosa suave. Ideal para contorno y p\u00e1rpados sensibles, irritados o con picaz\u00f3n.","_links":{"self":[{"href":"https:\/\/www.verassere.com\/en\/wp-json\/wp\/v2\/product\/1840","targetHints":{"allow":["GET"]}}],"collection":[{"href":"https:\/\/www.verassere.com\/en\/wp-json\/wp\/v2\/product"}],"about":[{"href":"https:\/\/www.verassere.com\/en\/wp-json\/wp\/v2\/types\/product"}],"replies":[{"embeddable":true,"href":"https:\/\/www.verassere.com\/en\/wp-json\/wp\/v2\/comments?post=1840"}],"wp:featuredmedia":[{"embeddable":true,"href":"https:\/\/www.verassere.com\/en\/wp-json\/wp\/v2\/media\/1853"}],"wp:attachment":[{"href":"https:\/\/www.verassere.com\/en\/wp-json\/wp\/v2\/media?parent=1840"}],"wp:term":[{"taxonomy":"product_brand","embeddable":true,"href":"https:\/\/www.verassere.com\/en\/wp-json\/wp\/v2\/product_brand?post=1840"},{"taxonomy":"product_cat","embeddable":true,"href":"https:\/\/www.verassere.com\/en\/wp-json\/wp\/v2\/product_cat?post=1840"},{"taxonomy":"product_tag","embeddable":true,"href":"https:\/\/www.verassere.com\/en\/wp-json\/wp\/v2\/product_tag?post=1840"}],"curies":[{"name":"wp","href":"https:\/\/api.w.org\/{rel}","templated":true}]}}