{"id":1488,"date":"2023-09-27T10:04:05","date_gmt":"2023-09-27T15:04:05","guid":{"rendered":"https:\/\/www.verassere.com\/?post_type=product&#038;p=1488"},"modified":"2026-04-29T14:04:11","modified_gmt":"2026-04-29T19:04:11","slug":"phyto-a-brightening-treatment-30ml","status":"publish","type":"product","link":"https:\/\/www.verassere.com\/en\/phyto-a-brightening-treatment-30ml\/","title":{"rendered":"PHYTO A BRIGHTENING TREATMENT 30ML"},"content":{"rendered":"<h2>PHYTO A BRIGHTENING TREATMENT 30ML<\/h2>\n<p class=\"translation-block\"><strong>PHYTO A BRIGHTENING TREATMENT 30ML<\/strong> is a hydrating corrective emulsion designed to renew and soothe the skin, leaving it more radiant, soft, and evenly toned. Suitable for normal, oily, combination, and sensitive skin types. This lightweight, non-greasy, and non-comedogenic emulsion contains 3% azelaic acid, 2% alpha arbutin, and 5.75% botanical extracts. These ingredients work together to reduce imperfections, brighten dull skin tone, and deliver visible results such as a 28% improvement in skin renewal, a 20% reduction in post-blemish marks, and a 19% improvement in skin texture and evenness. Use daily to control excess sebum, reduce redness, minimize pores, and achieve a more radiant and even complexion.<\/p>\n<p class=\"translation-block\">To learn more, visit: <strong><a href=\"https:\/\/www.skinceuticals.es\/dias-cuidado-integrado\/phyto-a--brightening-treatment\/3606000584563.html\" target=\"_blank\" rel=\"noopener\">PHYTO A BRIGHTENING TREATMENT 30ML<\/a><\/strong><\/p>","protected":false},"excerpt":{"rendered":"<p>SKINCEUTICALS<\/p>\n<p>Emulsi\u00f3n correctora con 3% \u00e1cido azelaico, 2% alfa arbutina y 5,75% extractos bot\u00e1nicos. Renueva, aclara tono, reduce imperfecciones y mejora textura. No comedog\u00e9nica. Ideal para piel normal, grasa, mixta y sensible.<\/p>","protected":false},"featured_media":2555,"comment_status":"open","ping_status":"closed","template":"","meta":{"_uag_custom_page_level_css":"","site-sidebar-layout":"default","site-content-layout":"","ast-site-content-layout":"default","site-content-style":"default","site-sidebar-style":"default","ast-global-header-display":"","ast-banner-title-visibility":"","ast-main-header-display":"","ast-hfb-above-header-display":"","ast-hfb-below-header-display":"","ast-hfb-mobile-header-display":"","site-post-title":"","ast-breadcrumbs-content":"","ast-featured-img":"","footer-sml-layout":"","ast-disable-related-posts":"","theme-transparent-header-meta":"default","adv-header-id-meta":"","stick-header-meta":"","header-above-stick-meta":"","header-main-stick-meta":"","header-below-stick-meta":"","astra-migrate-meta-layouts":"set","ast-page-background-enabled":"default","ast-page-background-meta":{"desktop":{"background-color":"var(--ast-global-color-4)","background-image":"","background-repeat":"repeat","background-position":"center center","background-size":"auto","background-attachment":"scroll","background-type":"","background-media":"","overlay-type":"","overlay-color":"","overlay-opacity":"","overlay-gradient":""},"tablet":{"background-color":"","background-image":"","background-repeat":"repeat","background-position":"center center","background-size":"auto","background-attachment":"scroll","background-type":"","background-media":"","overlay-type":"","overlay-color":"","overlay-opacity":"","overlay-gradient":""},"mobile":{"background-color":"","background-image":"","background-repeat":"repeat","background-position":"center center","background-size":"auto","background-attachment":"scroll","background-type":"","background-media":"","overlay-type":"","overlay-color":"","overlay-opacity":"","overlay-gradient":""}},"ast-content-background-meta":{"desktop":{"background-color":"var(--ast-global-color-5)","background-image":"","background-repeat":"repeat","background-position":"center center","background-size":"auto","background-attachment":"scroll","background-type":"","background-media":"","overlay-type":"","overlay-color":"","overlay-opacity":"","overlay-gradient":""},"tablet":{"background-color":"var(--ast-global-color-5)","background-image":"","background-repeat":"repeat","background-position":"center center","background-size":"auto","background-attachment":"scroll","background-type":"","background-media":"","overlay-type":"","overlay-color":"","overlay-opacity":"","overlay-gradient":""},"mobile":{"background-color":"var(--ast-global-color-5)","background-image":"","background-repeat":"repeat","background-position":"center center","background-size":"auto","background-attachment":"scroll","background-type":"","background-media":"","overlay-type":"","overlay-color":"","overlay-opacity":"","overlay-gradient":""}}},"product_brand":[],"product_cat":[60],"product_tag":[],"class_list":{"0":"post-1488","1":"product","2":"type-product","3":"status-publish","4":"has-post-thumbnail","6":"product_cat-antimanchas","7":"pa_marca-skinceuticals","8":"desktop-align-center","9":"tablet-align-center","10":"mobile-align-center","12":"first","13":"instock","14":"sale","15":"taxable","16":"shipping-taxable","17":"purchasable","18":"product-type-simple"},"barcode":null,"atum_controlled":true,"out_stock_date":null,"out_stock_threshold":null,"inheritable":false,"stock_on_hold":0,"sold_today":0,"sales_last_days":0,"out_stock_days":0,"lost_sales":0,"update_date":"2026-05-06T00:52:20","atum_locations":[],"atum_stock_status":"instock","restock_status":false,"low_stock_amount":"","sales_update_date":"2026-05-06T00:52:20","calc_backorders":null,"uagb_featured_image_src":{"full":["https:\/\/www.verassere.com\/wp-content\/uploads\/PHYTO-A-BRIGHTENING-TREATMENT-30ML.webp",1000,1000,false],"thumbnail":["https:\/\/www.verassere.com\/wp-content\/uploads\/PHYTO-A-BRIGHTENING-TREATMENT-30ML-150x150.webp",150,150,true],"medium":["https:\/\/www.verassere.com\/wp-content\/uploads\/PHYTO-A-BRIGHTENING-TREATMENT-30ML-300x300.webp",300,300,true],"medium_large":["https:\/\/www.verassere.com\/wp-content\/uploads\/PHYTO-A-BRIGHTENING-TREATMENT-30ML-768x768.webp",768,768,true],"large":["https:\/\/www.verassere.com\/wp-content\/uploads\/PHYTO-A-BRIGHTENING-TREATMENT-30ML.webp",1000,1000,false],"1536x1536":["https:\/\/www.verassere.com\/wp-content\/uploads\/PHYTO-A-BRIGHTENING-TREATMENT-30ML.webp",1000,1000,false],"2048x2048":["https:\/\/www.verassere.com\/wp-content\/uploads\/PHYTO-A-BRIGHTENING-TREATMENT-30ML.webp",1000,1000,false],"trp-custom-language-flag":["https:\/\/www.verassere.com\/wp-content\/uploads\/PHYTO-A-BRIGHTENING-TREATMENT-30ML.webp",12,12,false],"woocommerce_thumbnail":["https:\/\/www.verassere.com\/wp-content\/uploads\/PHYTO-A-BRIGHTENING-TREATMENT-30ML-300x300.webp",300,300,true],"woocommerce_single":["https:\/\/www.verassere.com\/wp-content\/uploads\/PHYTO-A-BRIGHTENING-TREATMENT-30ML-600x600.webp",600,600,true],"woocommerce_gallery_thumbnail":["https:\/\/www.verassere.com\/wp-content\/uploads\/PHYTO-A-BRIGHTENING-TREATMENT-30ML-100x100.webp",100,100,true]},"uagb_author_info":{"display_name":"Verassere SAS","author_link":"https:\/\/www.verassere.com\/en\/author\/"},"uagb_comment_info":0,"uagb_excerpt":"SKINCEUTICALS Emulsi\u00f3n correctora con 3% \u00e1cido azelaico, 2% alfa arbutina y 5,75% extractos bot\u00e1nicos. Renueva, aclara tono, reduce imperfecciones y mejora textura. No comedog\u00e9nica. Ideal para piel normal, grasa, mixta y sensible.","_links":{"self":[{"href":"https:\/\/www.verassere.com\/en\/wp-json\/wp\/v2\/product\/1488","targetHints":{"allow":["GET"]}}],"collection":[{"href":"https:\/\/www.verassere.com\/en\/wp-json\/wp\/v2\/product"}],"about":[{"href":"https:\/\/www.verassere.com\/en\/wp-json\/wp\/v2\/types\/product"}],"replies":[{"embeddable":true,"href":"https:\/\/www.verassere.com\/en\/wp-json\/wp\/v2\/comments?post=1488"}],"wp:featuredmedia":[{"embeddable":true,"href":"https:\/\/www.verassere.com\/en\/wp-json\/wp\/v2\/media\/2555"}],"wp:attachment":[{"href":"https:\/\/www.verassere.com\/en\/wp-json\/wp\/v2\/media?parent=1488"}],"wp:term":[{"taxonomy":"product_brand","embeddable":true,"href":"https:\/\/www.verassere.com\/en\/wp-json\/wp\/v2\/product_brand?post=1488"},{"taxonomy":"product_cat","embeddable":true,"href":"https:\/\/www.verassere.com\/en\/wp-json\/wp\/v2\/product_cat?post=1488"},{"taxonomy":"product_tag","embeddable":true,"href":"https:\/\/www.verassere.com\/en\/wp-json\/wp\/v2\/product_tag?post=1488"}],"curies":[{"name":"wp","href":"https:\/\/api.w.org\/{rel}","templated":true}]}}