{"id":1480,"date":"2023-09-27T10:03:57","date_gmt":"2023-09-27T15:03:57","guid":{"rendered":"https:\/\/www.verassere.com\/?post_type=product&#038;p=1480"},"modified":"2026-04-28T14:30:21","modified_gmt":"2026-04-28T19:30:21","slug":"blemish-age-defense-30ml","status":"publish","type":"product","link":"https:\/\/www.verassere.com\/en\/blemish-age-defense-30ml\/","title":{"rendered":"BLEMISH AGE DEFENSE 30ML"},"content":{"rendered":"<h2>BLEMISH AGE DEFENSE<\/h2>\n<p>This non-comedogenic treatment targets imperfections in mature skin and signs of aging. Its unique formula, which includes 2% dioic acid and an effective combination of alpha and beta hydroxy acids, works to prevent and correct blemishes, minimize marks, and reduce fine lines and wrinkles. Additionally, it controls excess sebum production, unclogs pores, and improves skin tone uniformity while reducing visible signs of aging.<\/p>","protected":false},"excerpt":{"rendered":"<p>SKINCEUTICALS<\/p>\n<p>S\u00e9rum antiedad con \u00e1cido dioico y alfa-beta hidroxi\u00e1cidos que reduce imperfecciones, controla el sebo y mejora la textura. Minimiza l\u00edneas y arrugas, dejando la piel m\u00e1s uniforme, suave y rejuvenecida. Ideal para piel madura con tendencia acneica.<\/p>","protected":false},"featured_media":2537,"comment_status":"open","ping_status":"closed","template":"","meta":{"_uag_custom_page_level_css":"","site-sidebar-layout":"default","site-content-layout":"","ast-site-content-layout":"default","site-content-style":"default","site-sidebar-style":"default","ast-global-header-display":"","ast-banner-title-visibility":"","ast-main-header-display":"","ast-hfb-above-header-display":"","ast-hfb-below-header-display":"","ast-hfb-mobile-header-display":"","site-post-title":"","ast-breadcrumbs-content":"","ast-featured-img":"","footer-sml-layout":"","ast-disable-related-posts":"","theme-transparent-header-meta":"default","adv-header-id-meta":"","stick-header-meta":"","header-above-stick-meta":"","header-main-stick-meta":"","header-below-stick-meta":"","astra-migrate-meta-layouts":"set","ast-page-background-enabled":"default","ast-page-background-meta":{"desktop":{"background-color":"var(--ast-global-color-4)","background-image":"","background-repeat":"repeat","background-position":"center center","background-size":"auto","background-attachment":"scroll","background-type":"","background-media":"","overlay-type":"","overlay-color":"","overlay-opacity":"","overlay-gradient":""},"tablet":{"background-color":"","background-image":"","background-repeat":"repeat","background-position":"center center","background-size":"auto","background-attachment":"scroll","background-type":"","background-media":"","overlay-type":"","overlay-color":"","overlay-opacity":"","overlay-gradient":""},"mobile":{"background-color":"","background-image":"","background-repeat":"repeat","background-position":"center center","background-size":"auto","background-attachment":"scroll","background-type":"","background-media":"","overlay-type":"","overlay-color":"","overlay-opacity":"","overlay-gradient":""}},"ast-content-background-meta":{"desktop":{"background-color":"var(--ast-global-color-5)","background-image":"","background-repeat":"repeat","background-position":"center center","background-size":"auto","background-attachment":"scroll","background-type":"","background-media":"","overlay-type":"","overlay-color":"","overlay-opacity":"","overlay-gradient":""},"tablet":{"background-color":"var(--ast-global-color-5)","background-image":"","background-repeat":"repeat","background-position":"center center","background-size":"auto","background-attachment":"scroll","background-type":"","background-media":"","overlay-type":"","overlay-color":"","overlay-opacity":"","overlay-gradient":""},"mobile":{"background-color":"var(--ast-global-color-5)","background-image":"","background-repeat":"repeat","background-position":"center center","background-size":"auto","background-attachment":"scroll","background-type":"","background-media":"","overlay-type":"","overlay-color":"","overlay-opacity":"","overlay-gradient":""}}},"product_brand":[],"product_cat":[59,56],"product_tag":[],"class_list":{"0":"post-1480","1":"product","2":"type-product","3":"status-publish","4":"has-post-thumbnail","6":"product_cat-antiedad","7":"product_cat-cuidado-piel","8":"pa_contenido-30ml","9":"pa_marca-skinceuticals","10":"desktop-align-center","11":"tablet-align-center","12":"mobile-align-center","14":"first","15":"instock","16":"sale","17":"taxable","18":"shipping-taxable","19":"purchasable","20":"product-type-simple"},"barcode":null,"atum_controlled":true,"out_stock_date":null,"out_stock_threshold":null,"inheritable":false,"stock_on_hold":0,"sold_today":0,"sales_last_days":0,"out_stock_days":0,"lost_sales":0,"update_date":"2026-05-06T00:52:20","atum_locations":[],"atum_stock_status":"instock","restock_status":false,"low_stock_amount":"","sales_update_date":"2026-05-06T00:52:20","calc_backorders":null,"uagb_featured_image_src":{"full":["https:\/\/www.verassere.com\/wp-content\/uploads\/BLEMISH-AGE-DEFENSE-30ML.webp",1000,1000,false],"thumbnail":["https:\/\/www.verassere.com\/wp-content\/uploads\/BLEMISH-AGE-DEFENSE-30ML-150x150.webp",150,150,true],"medium":["https:\/\/www.verassere.com\/wp-content\/uploads\/BLEMISH-AGE-DEFENSE-30ML-300x300.webp",300,300,true],"medium_large":["https:\/\/www.verassere.com\/wp-content\/uploads\/BLEMISH-AGE-DEFENSE-30ML-768x768.webp",768,768,true],"large":["https:\/\/www.verassere.com\/wp-content\/uploads\/BLEMISH-AGE-DEFENSE-30ML.webp",1000,1000,false],"1536x1536":["https:\/\/www.verassere.com\/wp-content\/uploads\/BLEMISH-AGE-DEFENSE-30ML.webp",1000,1000,false],"2048x2048":["https:\/\/www.verassere.com\/wp-content\/uploads\/BLEMISH-AGE-DEFENSE-30ML.webp",1000,1000,false],"trp-custom-language-flag":["https:\/\/www.verassere.com\/wp-content\/uploads\/BLEMISH-AGE-DEFENSE-30ML.webp",12,12,false],"woocommerce_thumbnail":["https:\/\/www.verassere.com\/wp-content\/uploads\/BLEMISH-AGE-DEFENSE-30ML-300x300.webp",300,300,true],"woocommerce_single":["https:\/\/www.verassere.com\/wp-content\/uploads\/BLEMISH-AGE-DEFENSE-30ML-600x600.webp",600,600,true],"woocommerce_gallery_thumbnail":["https:\/\/www.verassere.com\/wp-content\/uploads\/BLEMISH-AGE-DEFENSE-30ML-100x100.webp",100,100,true]},"uagb_author_info":{"display_name":"Verassere SAS","author_link":"https:\/\/www.verassere.com\/en\/author\/"},"uagb_comment_info":0,"uagb_excerpt":"SKINCEUTICALS S\u00e9rum antiedad con \u00e1cido dioico y alfa-beta hidroxi\u00e1cidos que reduce imperfecciones, controla el sebo y mejora la textura. Minimiza l\u00edneas y arrugas, dejando la piel m\u00e1s uniforme, suave y rejuvenecida. Ideal para piel madura con tendencia acneica.","_links":{"self":[{"href":"https:\/\/www.verassere.com\/en\/wp-json\/wp\/v2\/product\/1480","targetHints":{"allow":["GET"]}}],"collection":[{"href":"https:\/\/www.verassere.com\/en\/wp-json\/wp\/v2\/product"}],"about":[{"href":"https:\/\/www.verassere.com\/en\/wp-json\/wp\/v2\/types\/product"}],"replies":[{"embeddable":true,"href":"https:\/\/www.verassere.com\/en\/wp-json\/wp\/v2\/comments?post=1480"}],"wp:featuredmedia":[{"embeddable":true,"href":"https:\/\/www.verassere.com\/en\/wp-json\/wp\/v2\/media\/2537"}],"wp:attachment":[{"href":"https:\/\/www.verassere.com\/en\/wp-json\/wp\/v2\/media?parent=1480"}],"wp:term":[{"taxonomy":"product_brand","embeddable":true,"href":"https:\/\/www.verassere.com\/en\/wp-json\/wp\/v2\/product_brand?post=1480"},{"taxonomy":"product_cat","embeddable":true,"href":"https:\/\/www.verassere.com\/en\/wp-json\/wp\/v2\/product_cat?post=1480"},{"taxonomy":"product_tag","embeddable":true,"href":"https:\/\/www.verassere.com\/en\/wp-json\/wp\/v2\/product_tag?post=1480"}],"curies":[{"name":"wp","href":"https:\/\/api.w.org\/{rel}","templated":true}]}}