{"id":1385,"date":"2023-09-25T14:24:57","date_gmt":"2023-09-25T19:24:57","guid":{"rendered":"https:\/\/www.verassere.com\/?post_type=product&#038;p=1385"},"modified":"2025-10-14T18:41:06","modified_gmt":"2025-10-14T23:41:06","slug":"serennity-serum-de-noche-30ml","status":"publish","type":"product","link":"https:\/\/www.verassere.com\/en\/serennity-serum-de-noche-30ml\/","title":{"rendered":"SERENNITY SERUM DE NOCHE 30ML"},"content":{"rendered":"<h2>SERENNITY SERUM DE NOCHE 30ML<\/h2>\n<p>Serenity Serum with Melatonin, an essential addition to your nighttime routine. This serum works tirelessly while you sleep, repairing and regenerating your skin, counteracting the damage caused during the day. Spend a few minutes on yourself before bed and enjoy a radiant look in the mornings. Its gentle, relaxing aroma will help you rest deeply at night, and you'll fall in love with it from the first application.<\/p>","protected":false},"excerpt":{"rendered":"<p>SESDERMA<\/p>\n<p>S\u00e9rum nocturno con melatonina que repara y regenera mientras duermes. Contrarresta da\u00f1os diurnos y proporciona aspecto radiante al despertar. Aroma relajante que favorece el descanso. Ideal para regeneraci\u00f3n nocturna y piel con estr\u00e9s o fatiga.<\/p>","protected":false},"featured_media":1399,"comment_status":"open","ping_status":"closed","template":"","meta":{"_uag_custom_page_level_css":"","site-sidebar-layout":"default","site-content-layout":"","ast-site-content-layout":"default","site-content-style":"default","site-sidebar-style":"default","ast-global-header-display":"","ast-banner-title-visibility":"","ast-main-header-display":"","ast-hfb-above-header-display":"","ast-hfb-below-header-display":"","ast-hfb-mobile-header-display":"","site-post-title":"","ast-breadcrumbs-content":"","ast-featured-img":"","footer-sml-layout":"","ast-disable-related-posts":"","theme-transparent-header-meta":"default","adv-header-id-meta":"","stick-header-meta":"","header-above-stick-meta":"","header-main-stick-meta":"","header-below-stick-meta":"","astra-migrate-meta-layouts":"set","ast-page-background-enabled":"default","ast-page-background-meta":{"desktop":{"background-color":"var(--ast-global-color-4)","background-image":"","background-repeat":"repeat","background-position":"center center","background-size":"auto","background-attachment":"scroll","background-type":"","background-media":"","overlay-type":"","overlay-color":"","overlay-opacity":"","overlay-gradient":""},"tablet":{"background-color":"","background-image":"","background-repeat":"repeat","background-position":"center center","background-size":"auto","background-attachment":"scroll","background-type":"","background-media":"","overlay-type":"","overlay-color":"","overlay-opacity":"","overlay-gradient":""},"mobile":{"background-color":"","background-image":"","background-repeat":"repeat","background-position":"center center","background-size":"auto","background-attachment":"scroll","background-type":"","background-media":"","overlay-type":"","overlay-color":"","overlay-opacity":"","overlay-gradient":""}},"ast-content-background-meta":{"desktop":{"background-color":"var(--ast-global-color-5)","background-image":"","background-repeat":"repeat","background-position":"center center","background-size":"auto","background-attachment":"scroll","background-type":"","background-media":"","overlay-type":"","overlay-color":"","overlay-opacity":"","overlay-gradient":""},"tablet":{"background-color":"var(--ast-global-color-5)","background-image":"","background-repeat":"repeat","background-position":"center center","background-size":"auto","background-attachment":"scroll","background-type":"","background-media":"","overlay-type":"","overlay-color":"","overlay-opacity":"","overlay-gradient":""},"mobile":{"background-color":"var(--ast-global-color-5)","background-image":"","background-repeat":"repeat","background-position":"center center","background-size":"auto","background-attachment":"scroll","background-type":"","background-media":"","overlay-type":"","overlay-color":"","overlay-opacity":"","overlay-gradient":""}}},"product_brand":[],"product_cat":[56,63],"product_tag":[],"class_list":{"0":"post-1385","1":"product","2":"type-product","3":"status-publish","4":"has-post-thumbnail","6":"product_cat-cuidado-piel","7":"product_cat-hidratante","8":"pa_contenido-30ml","9":"pa_marca-sesderma","10":"desktop-align-center","11":"tablet-align-center","12":"mobile-align-center","14":"first","15":"outofstock","16":"taxable","17":"shipping-taxable","18":"purchasable","19":"product-type-simple"},"barcode":null,"atum_controlled":true,"out_stock_date":"2023-11-22 19:04:38","out_stock_threshold":null,"inheritable":false,"stock_on_hold":0,"sold_today":0,"sales_last_days":0,"out_stock_days":895,"lost_sales":0,"update_date":"2026-05-06T00:52:20","atum_locations":[],"atum_stock_status":"outofstock","restock_status":false,"low_stock_amount":"","sales_update_date":"2026-05-06T00:52:20","calc_backorders":null,"uagb_featured_image_src":{"full":["https:\/\/www.verassere.com\/wp-content\/uploads\/2023\/09\/SERENNITY-SERUM-DE-NOCHE-30ML.png",1024,1024,false],"thumbnail":["https:\/\/www.verassere.com\/wp-content\/uploads\/2023\/09\/SERENNITY-SERUM-DE-NOCHE-30ML-150x150.png",150,150,true],"medium":["https:\/\/www.verassere.com\/wp-content\/uploads\/2023\/09\/SERENNITY-SERUM-DE-NOCHE-30ML-300x300.png",300,300,true],"medium_large":["https:\/\/www.verassere.com\/wp-content\/uploads\/2023\/09\/SERENNITY-SERUM-DE-NOCHE-30ML-768x768.png",768,768,true],"large":["https:\/\/www.verassere.com\/wp-content\/uploads\/2023\/09\/SERENNITY-SERUM-DE-NOCHE-30ML.png",1024,1024,false],"1536x1536":["https:\/\/www.verassere.com\/wp-content\/uploads\/2023\/09\/SERENNITY-SERUM-DE-NOCHE-30ML.png",1024,1024,false],"2048x2048":["https:\/\/www.verassere.com\/wp-content\/uploads\/2023\/09\/SERENNITY-SERUM-DE-NOCHE-30ML.png",1024,1024,false],"trp-custom-language-flag":["https:\/\/www.verassere.com\/wp-content\/uploads\/2023\/09\/SERENNITY-SERUM-DE-NOCHE-30ML.png",12,12,false],"woocommerce_thumbnail":["https:\/\/www.verassere.com\/wp-content\/uploads\/2023\/09\/SERENNITY-SERUM-DE-NOCHE-30ML-300x300.png",300,300,true],"woocommerce_single":["https:\/\/www.verassere.com\/wp-content\/uploads\/2023\/09\/SERENNITY-SERUM-DE-NOCHE-30ML-600x600.png",600,600,true],"woocommerce_gallery_thumbnail":["https:\/\/www.verassere.com\/wp-content\/uploads\/2023\/09\/SERENNITY-SERUM-DE-NOCHE-30ML-100x100.png",100,100,true]},"uagb_author_info":{"display_name":"Verassere SAS","author_link":"https:\/\/www.verassere.com\/en\/author\/"},"uagb_comment_info":0,"uagb_excerpt":"SESDERMA S\u00e9rum nocturno con melatonina que repara y regenera mientras duermes. Contrarresta da\u00f1os diurnos y proporciona aspecto radiante al despertar. Aroma relajante que favorece el descanso. Ideal para regeneraci\u00f3n nocturna y piel con estr\u00e9s o fatiga.","_links":{"self":[{"href":"https:\/\/www.verassere.com\/en\/wp-json\/wp\/v2\/product\/1385","targetHints":{"allow":["GET"]}}],"collection":[{"href":"https:\/\/www.verassere.com\/en\/wp-json\/wp\/v2\/product"}],"about":[{"href":"https:\/\/www.verassere.com\/en\/wp-json\/wp\/v2\/types\/product"}],"replies":[{"embeddable":true,"href":"https:\/\/www.verassere.com\/en\/wp-json\/wp\/v2\/comments?post=1385"}],"wp:featuredmedia":[{"embeddable":true,"href":"https:\/\/www.verassere.com\/en\/wp-json\/wp\/v2\/media\/1399"}],"wp:attachment":[{"href":"https:\/\/www.verassere.com\/en\/wp-json\/wp\/v2\/media?parent=1385"}],"wp:term":[{"taxonomy":"product_brand","embeddable":true,"href":"https:\/\/www.verassere.com\/en\/wp-json\/wp\/v2\/product_brand?post=1385"},{"taxonomy":"product_cat","embeddable":true,"href":"https:\/\/www.verassere.com\/en\/wp-json\/wp\/v2\/product_cat?post=1385"},{"taxonomy":"product_tag","embeddable":true,"href":"https:\/\/www.verassere.com\/en\/wp-json\/wp\/v2\/product_tag?post=1385"}],"curies":[{"name":"wp","href":"https:\/\/api.w.org\/{rel}","templated":true}]}}