{"id":1366,"date":"2023-09-25T14:24:41","date_gmt":"2023-09-25T19:24:41","guid":{"rendered":"https:\/\/www.verassere.com\/?post_type=product&#038;p=1366"},"modified":"2025-10-14T18:30:17","modified_gmt":"2025-10-14T23:30:17","slug":"pure-renewing-mask-100ml","status":"publish","type":"product","link":"https:\/\/www.verassere.com\/en\/pure-renewing-mask-100ml\/","title":{"rendered":"PURE RENEWING MASK 100ML"},"content":{"rendered":"<h2>PURE RENEWING MASK 100ML<\/h2>\n<p>Our Intensive Purifying Mask is an effective solution for flawless skin. Formulated with white clay, it removes excess sebum and shine from the skin's surface, while the synergy of Salicylic Acid, Mandelic Acid, and Sodium Lepargylate combats blemishes and refines pores. Biodegradable cellulose particles provide gentle exfoliation, and the postbiotic Lactobacillus Ferment active ingredient balances the microbiota to maintain a healthy skin barrier. Additionally, the biotechnological Urban D-tox active ingredient combats the effects of pollution by eliminating polluting particles and reducing the oxidative stress that accelerates skin aging. Experience radiant, healthy-looking skin with our purifying mask.<\/p>","protected":false},"excerpt":{"rendered":"<p>MESOESTETIC<\/p>\n<p>Mascarilla purificante con arcilla blanca, \u00e1cido salic\u00edlico, mand\u00e9lico y postbi\u00f3tico que elimina exceso de sebo, combate imperfecciones y refina poros. Exfolia suavemente y protege contra contaminaci\u00f3n. Piel purificada, equilibrada y radiante.<\/p>","protected":false},"featured_media":1429,"comment_status":"open","ping_status":"closed","template":"","meta":{"_uag_custom_page_level_css":"","site-sidebar-layout":"default","site-content-layout":"","ast-site-content-layout":"default","site-content-style":"default","site-sidebar-style":"default","ast-global-header-display":"","ast-banner-title-visibility":"","ast-main-header-display":"","ast-hfb-above-header-display":"","ast-hfb-below-header-display":"","ast-hfb-mobile-header-display":"","site-post-title":"","ast-breadcrumbs-content":"","ast-featured-img":"","footer-sml-layout":"","ast-disable-related-posts":"","theme-transparent-header-meta":"default","adv-header-id-meta":"","stick-header-meta":"","header-above-stick-meta":"","header-main-stick-meta":"","header-below-stick-meta":"","astra-migrate-meta-layouts":"set","ast-page-background-enabled":"default","ast-page-background-meta":{"desktop":{"background-color":"var(--ast-global-color-4)","background-image":"","background-repeat":"repeat","background-position":"center center","background-size":"auto","background-attachment":"scroll","background-type":"","background-media":"","overlay-type":"","overlay-color":"","overlay-opacity":"","overlay-gradient":""},"tablet":{"background-color":"","background-image":"","background-repeat":"repeat","background-position":"center center","background-size":"auto","background-attachment":"scroll","background-type":"","background-media":"","overlay-type":"","overlay-color":"","overlay-opacity":"","overlay-gradient":""},"mobile":{"background-color":"","background-image":"","background-repeat":"repeat","background-position":"center center","background-size":"auto","background-attachment":"scroll","background-type":"","background-media":"","overlay-type":"","overlay-color":"","overlay-opacity":"","overlay-gradient":""}},"ast-content-background-meta":{"desktop":{"background-color":"var(--ast-global-color-5)","background-image":"","background-repeat":"repeat","background-position":"center center","background-size":"auto","background-attachment":"scroll","background-type":"","background-media":"","overlay-type":"","overlay-color":"","overlay-opacity":"","overlay-gradient":""},"tablet":{"background-color":"var(--ast-global-color-5)","background-image":"","background-repeat":"repeat","background-position":"center center","background-size":"auto","background-attachment":"scroll","background-type":"","background-media":"","overlay-type":"","overlay-color":"","overlay-opacity":"","overlay-gradient":""},"mobile":{"background-color":"var(--ast-global-color-5)","background-image":"","background-repeat":"repeat","background-position":"center center","background-size":"auto","background-attachment":"scroll","background-type":"","background-media":"","overlay-type":"","overlay-color":"","overlay-opacity":"","overlay-gradient":""}}},"product_brand":[],"product_cat":[56,64],"product_tag":[],"class_list":{"0":"post-1366","1":"product","2":"type-product","3":"status-publish","4":"has-post-thumbnail","6":"product_cat-cuidado-piel","7":"product_cat-limpiador","8":"pa_contenido-100ml","9":"pa_marca-mesoestetic","10":"desktop-align-center","11":"tablet-align-center","12":"mobile-align-center","14":"first","15":"outofstock","16":"taxable","17":"shipping-taxable","18":"purchasable","19":"product-type-simple"},"barcode":null,"atum_controlled":true,"out_stock_date":"2024-07-15 14:15:59","out_stock_threshold":null,"inheritable":false,"stock_on_hold":0,"sold_today":0,"sales_last_days":0,"out_stock_days":659,"lost_sales":0,"update_date":"2026-05-06T00:52:20","atum_locations":[],"atum_stock_status":"outofstock","restock_status":false,"low_stock_amount":"","sales_update_date":"2026-05-06T00:52:20","calc_backorders":null,"uagb_featured_image_src":{"full":["https:\/\/www.verassere.com\/wp-content\/uploads\/2023\/09\/PURE-RENEWING-MASK-100ML.jpg",650,650,false],"thumbnail":["https:\/\/www.verassere.com\/wp-content\/uploads\/2023\/09\/PURE-RENEWING-MASK-100ML-150x150.jpg",150,150,true],"medium":["https:\/\/www.verassere.com\/wp-content\/uploads\/2023\/09\/PURE-RENEWING-MASK-100ML-300x300.jpg",300,300,true],"medium_large":["https:\/\/www.verassere.com\/wp-content\/uploads\/2023\/09\/PURE-RENEWING-MASK-100ML.jpg",650,650,false],"large":["https:\/\/www.verassere.com\/wp-content\/uploads\/2023\/09\/PURE-RENEWING-MASK-100ML.jpg",650,650,false],"1536x1536":["https:\/\/www.verassere.com\/wp-content\/uploads\/2023\/09\/PURE-RENEWING-MASK-100ML.jpg",650,650,false],"2048x2048":["https:\/\/www.verassere.com\/wp-content\/uploads\/2023\/09\/PURE-RENEWING-MASK-100ML.jpg",650,650,false],"trp-custom-language-flag":["https:\/\/www.verassere.com\/wp-content\/uploads\/2023\/09\/PURE-RENEWING-MASK-100ML.jpg",12,12,false],"woocommerce_thumbnail":["https:\/\/www.verassere.com\/wp-content\/uploads\/2023\/09\/PURE-RENEWING-MASK-100ML-300x300.jpg",300,300,true],"woocommerce_single":["https:\/\/www.verassere.com\/wp-content\/uploads\/2023\/09\/PURE-RENEWING-MASK-100ML-600x600.jpg",600,600,true],"woocommerce_gallery_thumbnail":["https:\/\/www.verassere.com\/wp-content\/uploads\/2023\/09\/PURE-RENEWING-MASK-100ML-100x100.jpg",100,100,true]},"uagb_author_info":{"display_name":"Verassere SAS","author_link":"https:\/\/www.verassere.com\/en\/author\/"},"uagb_comment_info":0,"uagb_excerpt":"MESOESTETIC Mascarilla purificante con arcilla blanca, \u00e1cido salic\u00edlico, mand\u00e9lico y postbi\u00f3tico que elimina exceso de sebo, combate imperfecciones y refina poros. Exfolia suavemente y protege contra contaminaci\u00f3n. Piel purificada, equilibrada y radiante.","_links":{"self":[{"href":"https:\/\/www.verassere.com\/en\/wp-json\/wp\/v2\/product\/1366","targetHints":{"allow":["GET"]}}],"collection":[{"href":"https:\/\/www.verassere.com\/en\/wp-json\/wp\/v2\/product"}],"about":[{"href":"https:\/\/www.verassere.com\/en\/wp-json\/wp\/v2\/types\/product"}],"replies":[{"embeddable":true,"href":"https:\/\/www.verassere.com\/en\/wp-json\/wp\/v2\/comments?post=1366"}],"wp:featuredmedia":[{"embeddable":true,"href":"https:\/\/www.verassere.com\/en\/wp-json\/wp\/v2\/media\/1429"}],"wp:attachment":[{"href":"https:\/\/www.verassere.com\/en\/wp-json\/wp\/v2\/media?parent=1366"}],"wp:term":[{"taxonomy":"product_brand","embeddable":true,"href":"https:\/\/www.verassere.com\/en\/wp-json\/wp\/v2\/product_brand?post=1366"},{"taxonomy":"product_cat","embeddable":true,"href":"https:\/\/www.verassere.com\/en\/wp-json\/wp\/v2\/product_cat?post=1366"},{"taxonomy":"product_tag","embeddable":true,"href":"https:\/\/www.verassere.com\/en\/wp-json\/wp\/v2\/product_tag?post=1366"}],"curies":[{"name":"wp","href":"https:\/\/api.w.org\/{rel}","templated":true}]}}