{"id":1356,"date":"2023-09-25T14:24:40","date_gmt":"2023-09-25T19:24:40","guid":{"rendered":"https:\/\/www.verassere.com\/?post_type=product&#038;p=1356"},"modified":"2026-04-29T13:45:48","modified_gmt":"2026-04-29T18:45:48","slug":"lift-repair-eye-15ml","status":"publish","type":"product","link":"https:\/\/www.verassere.com\/en\/lift-repair-eye-15ml\/","title":{"rendered":"LIFT &#038; REPAIR EYE 15ML"},"content":{"rendered":"<h2>LIFT &amp; REPAIR EYE 15ML<\/h2>\n<p>Discover our eye contour fluid, designed to smooth wrinkles and fine lines, reduce signs of fatigue, and combat loss of firmness with each application. This effective product also addresses sagging and wrinkles around the eye area, achieving a visibly more youthful appearance. Experience a fresh, firming gel texture that delivers long-lasting results to revitalize your gaze.<\/p>","protected":false},"excerpt":{"rendered":"<p>ESTHEDERM<\/p>\n<p>Fluido en gel fresco para contorno de ojos que alisa arrugas y l\u00edneas de expresi\u00f3n, disminuye signos de fatiga y combate p\u00e9rdida de firmeza. Aborda flacidez y reafirma visiblemente con cada aplicaci\u00f3n. Deja la mirada revitalizada, firme y con apariencia m\u00e1s joven. Ideal para contorno de ojos con signos de envejecimiento y fatiga.<\/p>","protected":false},"featured_media":1422,"comment_status":"open","ping_status":"closed","template":"","meta":{"_uag_custom_page_level_css":"","site-sidebar-layout":"default","site-content-layout":"","ast-site-content-layout":"default","site-content-style":"default","site-sidebar-style":"default","ast-global-header-display":"","ast-banner-title-visibility":"","ast-main-header-display":"","ast-hfb-above-header-display":"","ast-hfb-below-header-display":"","ast-hfb-mobile-header-display":"","site-post-title":"","ast-breadcrumbs-content":"","ast-featured-img":"","footer-sml-layout":"","ast-disable-related-posts":"","theme-transparent-header-meta":"default","adv-header-id-meta":"","stick-header-meta":"","header-above-stick-meta":"","header-main-stick-meta":"","header-below-stick-meta":"","astra-migrate-meta-layouts":"set","ast-page-background-enabled":"default","ast-page-background-meta":{"desktop":{"background-color":"var(--ast-global-color-4)","background-image":"","background-repeat":"repeat","background-position":"center center","background-size":"auto","background-attachment":"scroll","background-type":"","background-media":"","overlay-type":"","overlay-color":"","overlay-opacity":"","overlay-gradient":""},"tablet":{"background-color":"","background-image":"","background-repeat":"repeat","background-position":"center center","background-size":"auto","background-attachment":"scroll","background-type":"","background-media":"","overlay-type":"","overlay-color":"","overlay-opacity":"","overlay-gradient":""},"mobile":{"background-color":"","background-image":"","background-repeat":"repeat","background-position":"center center","background-size":"auto","background-attachment":"scroll","background-type":"","background-media":"","overlay-type":"","overlay-color":"","overlay-opacity":"","overlay-gradient":""}},"ast-content-background-meta":{"desktop":{"background-color":"var(--ast-global-color-5)","background-image":"","background-repeat":"repeat","background-position":"center center","background-size":"auto","background-attachment":"scroll","background-type":"","background-media":"","overlay-type":"","overlay-color":"","overlay-opacity":"","overlay-gradient":""},"tablet":{"background-color":"var(--ast-global-color-5)","background-image":"","background-repeat":"repeat","background-position":"center center","background-size":"auto","background-attachment":"scroll","background-type":"","background-media":"","overlay-type":"","overlay-color":"","overlay-opacity":"","overlay-gradient":""},"mobile":{"background-color":"var(--ast-global-color-5)","background-image":"","background-repeat":"repeat","background-position":"center center","background-size":"auto","background-attachment":"scroll","background-type":"","background-media":"","overlay-type":"","overlay-color":"","overlay-opacity":"","overlay-gradient":""}}},"product_brand":[],"product_cat":[54],"product_tag":[],"class_list":{"0":"post-1356","1":"product","2":"type-product","3":"status-publish","4":"has-post-thumbnail","6":"product_cat-contorno-de-ojos","7":"pa_contenido-15ml","8":"pa_marca-esthederm","9":"desktop-align-center","10":"tablet-align-center","11":"mobile-align-center","13":"first","14":"instock","15":"sale","16":"taxable","17":"shipping-taxable","18":"purchasable","19":"product-type-simple"},"barcode":null,"atum_controlled":true,"out_stock_date":null,"out_stock_threshold":null,"inheritable":false,"stock_on_hold":0,"sold_today":0,"sales_last_days":0,"out_stock_days":0,"lost_sales":0,"update_date":"2026-05-06T00:52:20","atum_locations":[],"atum_stock_status":"instock","restock_status":false,"low_stock_amount":"","sales_update_date":"2026-05-06T00:52:20","calc_backorders":null,"uagb_featured_image_src":{"full":["https:\/\/www.verassere.com\/wp-content\/uploads\/2023\/09\/LIFT-REPAIR-EYE-15ML.jpg",400,400,false],"thumbnail":["https:\/\/www.verassere.com\/wp-content\/uploads\/2023\/09\/LIFT-REPAIR-EYE-15ML-150x150.jpg",150,150,true],"medium":["https:\/\/www.verassere.com\/wp-content\/uploads\/2023\/09\/LIFT-REPAIR-EYE-15ML-300x300.jpg",300,300,true],"medium_large":["https:\/\/www.verassere.com\/wp-content\/uploads\/2023\/09\/LIFT-REPAIR-EYE-15ML.jpg",400,400,false],"large":["https:\/\/www.verassere.com\/wp-content\/uploads\/2023\/09\/LIFT-REPAIR-EYE-15ML.jpg",400,400,false],"1536x1536":["https:\/\/www.verassere.com\/wp-content\/uploads\/2023\/09\/LIFT-REPAIR-EYE-15ML.jpg",400,400,false],"2048x2048":["https:\/\/www.verassere.com\/wp-content\/uploads\/2023\/09\/LIFT-REPAIR-EYE-15ML.jpg",400,400,false],"trp-custom-language-flag":["https:\/\/www.verassere.com\/wp-content\/uploads\/2023\/09\/LIFT-REPAIR-EYE-15ML.jpg",12,12,false],"woocommerce_thumbnail":["https:\/\/www.verassere.com\/wp-content\/uploads\/2023\/09\/LIFT-REPAIR-EYE-15ML-300x300.jpg",300,300,true],"woocommerce_single":["https:\/\/www.verassere.com\/wp-content\/uploads\/2023\/09\/LIFT-REPAIR-EYE-15ML.jpg",400,400,false],"woocommerce_gallery_thumbnail":["https:\/\/www.verassere.com\/wp-content\/uploads\/2023\/09\/LIFT-REPAIR-EYE-15ML-100x100.jpg",100,100,true]},"uagb_author_info":{"display_name":"Verassere SAS","author_link":"https:\/\/www.verassere.com\/en\/author\/"},"uagb_comment_info":0,"uagb_excerpt":"ESTHEDERM Fluido en gel fresco para contorno de ojos que alisa arrugas y l\u00edneas de expresi\u00f3n, disminuye signos de fatiga y combate p\u00e9rdida de firmeza. Aborda flacidez y reafirma visiblemente con cada aplicaci\u00f3n. Deja la mirada revitalizada, firme y con apariencia m\u00e1s joven. Ideal para contorno de ojos con signos de envejecimiento y fatiga.","_links":{"self":[{"href":"https:\/\/www.verassere.com\/en\/wp-json\/wp\/v2\/product\/1356","targetHints":{"allow":["GET"]}}],"collection":[{"href":"https:\/\/www.verassere.com\/en\/wp-json\/wp\/v2\/product"}],"about":[{"href":"https:\/\/www.verassere.com\/en\/wp-json\/wp\/v2\/types\/product"}],"replies":[{"embeddable":true,"href":"https:\/\/www.verassere.com\/en\/wp-json\/wp\/v2\/comments?post=1356"}],"wp:featuredmedia":[{"embeddable":true,"href":"https:\/\/www.verassere.com\/en\/wp-json\/wp\/v2\/media\/1422"}],"wp:attachment":[{"href":"https:\/\/www.verassere.com\/en\/wp-json\/wp\/v2\/media?parent=1356"}],"wp:term":[{"taxonomy":"product_brand","embeddable":true,"href":"https:\/\/www.verassere.com\/en\/wp-json\/wp\/v2\/product_brand?post=1356"},{"taxonomy":"product_cat","embeddable":true,"href":"https:\/\/www.verassere.com\/en\/wp-json\/wp\/v2\/product_cat?post=1356"},{"taxonomy":"product_tag","embeddable":true,"href":"https:\/\/www.verassere.com\/en\/wp-json\/wp\/v2\/product_tag?post=1356"}],"curies":[{"name":"wp","href":"https:\/\/api.w.org\/{rel}","templated":true}]}}