{"id":1355,"date":"2023-09-25T14:24:40","date_gmt":"2023-09-25T19:24:40","guid":{"rendered":"https:\/\/www.verassere.com\/?post_type=product&#038;p=1355"},"modified":"2025-10-14T18:05:35","modified_gmt":"2025-10-14T23:05:35","slug":"lift-repair-crema-50ml","status":"publish","type":"product","link":"https:\/\/www.verassere.com\/en\/lift-repair-crema-50ml\/","title":{"rendered":"LIFT &#038; REPAIR CREMA 50ML"},"content":{"rendered":"<h2>LIFT &amp; REPAIR CREMA 50ML<\/h2>\n<p>Discover a cream that offers an instant lifting effect while combating wrinkles and sagging skin. With continued use, your skin becomes brighter, smoother, and firmer day after day. Experience an immediate tightening effect that visibly reduces wrinkles and expression lines, enhances volume, and redefines the contours of your face. Restores firmness to your skin.<\/p>","protected":false},"excerpt":{"rendered":"<p>ESTHEDERM<\/p>\n<p>Crema con efecto lifting instant\u00e1neo que combate arrugas y flacidez facial de forma visible. Proporciona efecto tensor inmediato, realza vol\u00famenes y redefine el \u00f3valo facial con uso continuo. Deja la piel m\u00e1s luminosa, lisa, firme y rejuvenecida d\u00eda a d\u00eda. Ideal para pieles con p\u00e9rdida de firmeza y signos de envejecimiento avanzado.<\/p>","protected":false},"featured_media":1421,"comment_status":"open","ping_status":"closed","template":"","meta":{"_uag_custom_page_level_css":"","site-sidebar-layout":"default","site-content-layout":"","ast-site-content-layout":"default","site-content-style":"default","site-sidebar-style":"default","ast-global-header-display":"","ast-banner-title-visibility":"","ast-main-header-display":"","ast-hfb-above-header-display":"","ast-hfb-below-header-display":"","ast-hfb-mobile-header-display":"","site-post-title":"","ast-breadcrumbs-content":"","ast-featured-img":"","footer-sml-layout":"","ast-disable-related-posts":"","theme-transparent-header-meta":"default","adv-header-id-meta":"","stick-header-meta":"","header-above-stick-meta":"","header-main-stick-meta":"","header-below-stick-meta":"","astra-migrate-meta-layouts":"set","ast-page-background-enabled":"default","ast-page-background-meta":{"desktop":{"background-color":"var(--ast-global-color-4)","background-image":"","background-repeat":"repeat","background-position":"center center","background-size":"auto","background-attachment":"scroll","background-type":"","background-media":"","overlay-type":"","overlay-color":"","overlay-opacity":"","overlay-gradient":""},"tablet":{"background-color":"","background-image":"","background-repeat":"repeat","background-position":"center center","background-size":"auto","background-attachment":"scroll","background-type":"","background-media":"","overlay-type":"","overlay-color":"","overlay-opacity":"","overlay-gradient":""},"mobile":{"background-color":"","background-image":"","background-repeat":"repeat","background-position":"center center","background-size":"auto","background-attachment":"scroll","background-type":"","background-media":"","overlay-type":"","overlay-color":"","overlay-opacity":"","overlay-gradient":""}},"ast-content-background-meta":{"desktop":{"background-color":"var(--ast-global-color-5)","background-image":"","background-repeat":"repeat","background-position":"center center","background-size":"auto","background-attachment":"scroll","background-type":"","background-media":"","overlay-type":"","overlay-color":"","overlay-opacity":"","overlay-gradient":""},"tablet":{"background-color":"var(--ast-global-color-5)","background-image":"","background-repeat":"repeat","background-position":"center center","background-size":"auto","background-attachment":"scroll","background-type":"","background-media":"","overlay-type":"","overlay-color":"","overlay-opacity":"","overlay-gradient":""},"mobile":{"background-color":"var(--ast-global-color-5)","background-image":"","background-repeat":"repeat","background-position":"center center","background-size":"auto","background-attachment":"scroll","background-type":"","background-media":"","overlay-type":"","overlay-color":"","overlay-opacity":"","overlay-gradient":""}}},"product_brand":[],"product_cat":[59,56],"product_tag":[],"class_list":{"0":"post-1355","1":"product","2":"type-product","3":"status-publish","4":"has-post-thumbnail","6":"product_cat-antiedad","7":"product_cat-cuidado-piel","8":"pa_contenido-50ml","9":"pa_marca-esthederm","10":"desktop-align-center","11":"tablet-align-center","12":"mobile-align-center","14":"first","15":"instock","16":"sale","17":"taxable","18":"shipping-taxable","19":"purchasable","20":"product-type-simple"},"barcode":null,"atum_controlled":true,"out_stock_date":null,"out_stock_threshold":null,"inheritable":false,"stock_on_hold":0,"sold_today":0,"sales_last_days":0,"out_stock_days":0,"lost_sales":0,"update_date":"2026-05-06T00:52:20","atum_locations":[],"atum_stock_status":"instock","restock_status":false,"low_stock_amount":"","sales_update_date":"2026-05-06T00:52:20","calc_backorders":null,"uagb_featured_image_src":{"full":["https:\/\/www.verassere.com\/wp-content\/uploads\/2023\/09\/LIFT-REPAIR-CREMA-50ML.jpg",400,400,false],"thumbnail":["https:\/\/www.verassere.com\/wp-content\/uploads\/2023\/09\/LIFT-REPAIR-CREMA-50ML-150x150.jpg",150,150,true],"medium":["https:\/\/www.verassere.com\/wp-content\/uploads\/2023\/09\/LIFT-REPAIR-CREMA-50ML-300x300.jpg",300,300,true],"medium_large":["https:\/\/www.verassere.com\/wp-content\/uploads\/2023\/09\/LIFT-REPAIR-CREMA-50ML.jpg",400,400,false],"large":["https:\/\/www.verassere.com\/wp-content\/uploads\/2023\/09\/LIFT-REPAIR-CREMA-50ML.jpg",400,400,false],"1536x1536":["https:\/\/www.verassere.com\/wp-content\/uploads\/2023\/09\/LIFT-REPAIR-CREMA-50ML.jpg",400,400,false],"2048x2048":["https:\/\/www.verassere.com\/wp-content\/uploads\/2023\/09\/LIFT-REPAIR-CREMA-50ML.jpg",400,400,false],"trp-custom-language-flag":["https:\/\/www.verassere.com\/wp-content\/uploads\/2023\/09\/LIFT-REPAIR-CREMA-50ML.jpg",12,12,false],"woocommerce_thumbnail":["https:\/\/www.verassere.com\/wp-content\/uploads\/2023\/09\/LIFT-REPAIR-CREMA-50ML-300x300.jpg",300,300,true],"woocommerce_single":["https:\/\/www.verassere.com\/wp-content\/uploads\/2023\/09\/LIFT-REPAIR-CREMA-50ML.jpg",400,400,false],"woocommerce_gallery_thumbnail":["https:\/\/www.verassere.com\/wp-content\/uploads\/2023\/09\/LIFT-REPAIR-CREMA-50ML-100x100.jpg",100,100,true]},"uagb_author_info":{"display_name":"Verassere SAS","author_link":"https:\/\/www.verassere.com\/en\/author\/"},"uagb_comment_info":0,"uagb_excerpt":"ESTHEDERM Crema con efecto lifting instant\u00e1neo que combate arrugas y flacidez facial de forma visible. Proporciona efecto tensor inmediato, realza vol\u00famenes y redefine el \u00f3valo facial con uso continuo. Deja la piel m\u00e1s luminosa, lisa, firme y rejuvenecida d\u00eda a d\u00eda. Ideal para pieles con p\u00e9rdida de firmeza y signos de envejecimiento avanzado.","_links":{"self":[{"href":"https:\/\/www.verassere.com\/en\/wp-json\/wp\/v2\/product\/1355","targetHints":{"allow":["GET"]}}],"collection":[{"href":"https:\/\/www.verassere.com\/en\/wp-json\/wp\/v2\/product"}],"about":[{"href":"https:\/\/www.verassere.com\/en\/wp-json\/wp\/v2\/types\/product"}],"replies":[{"embeddable":true,"href":"https:\/\/www.verassere.com\/en\/wp-json\/wp\/v2\/comments?post=1355"}],"wp:featuredmedia":[{"embeddable":true,"href":"https:\/\/www.verassere.com\/en\/wp-json\/wp\/v2\/media\/1421"}],"wp:attachment":[{"href":"https:\/\/www.verassere.com\/en\/wp-json\/wp\/v2\/media?parent=1355"}],"wp:term":[{"taxonomy":"product_brand","embeddable":true,"href":"https:\/\/www.verassere.com\/en\/wp-json\/wp\/v2\/product_brand?post=1355"},{"taxonomy":"product_cat","embeddable":true,"href":"https:\/\/www.verassere.com\/en\/wp-json\/wp\/v2\/product_cat?post=1355"},{"taxonomy":"product_tag","embeddable":true,"href":"https:\/\/www.verassere.com\/en\/wp-json\/wp\/v2\/product_tag?post=1355"}],"curies":[{"name":"wp","href":"https:\/\/api.w.org\/{rel}","templated":true}]}}