{"id":1354,"date":"2023-09-25T14:24:40","date_gmt":"2023-09-25T19:24:40","guid":{"rendered":"https:\/\/www.verassere.com\/?post_type=product&#038;p=1354"},"modified":"2025-10-14T18:29:35","modified_gmt":"2025-10-14T23:29:35","slug":"propolissalicylic-acid-30ml","status":"publish","type":"product","link":"https:\/\/www.verassere.com\/en\/propolissalicylic-acid-30ml\/","title":{"rendered":"PROPOLIS+SALICYLIC ACID 30ML"},"content":{"rendered":"<h2>PROPOLIS+SALICYLIC ACID 30ML<\/h2>\n<p>This powerful serum concentrates propolis and salicylic acid to combat adult acne. Its dropper applicator allows for exceptional precision and is also innovative in the dermocosmetic industry for treating this type of acne. It is an oil-free serum that corrects imperfections, reduces marks, and minimizes pores. It also soothes inflamed skin, accelerating the recovery of blackheads and blemishes. It reinforces antioxidant protection to prevent future blemishes and signs of aging, and offers a fresh, soft fragrance with notes of white flowers and hints of rice steam.<\/p>","protected":false},"excerpt":{"rendered":"<p>ESTHEDERM<\/p>\n<p>Suero sin aceite con pr\u00f3polis y \u00e1cido salic\u00edlico que combate acn\u00e9 adulto, reduce marcas y minimiza poros. Calma inflamaci\u00f3n, acelera recuperaci\u00f3n y previene manchas. Aplicador cuentagotas de precisi\u00f3n. Ideal para piel con acn\u00e9 e imperfecciones.<\/p>","protected":false},"featured_media":1428,"comment_status":"open","ping_status":"closed","template":"","meta":{"_uag_custom_page_level_css":"","site-sidebar-layout":"default","site-content-layout":"","ast-site-content-layout":"default","site-content-style":"default","site-sidebar-style":"default","ast-global-header-display":"","ast-banner-title-visibility":"","ast-main-header-display":"","ast-hfb-above-header-display":"","ast-hfb-below-header-display":"","ast-hfb-mobile-header-display":"","site-post-title":"","ast-breadcrumbs-content":"","ast-featured-img":"","footer-sml-layout":"","ast-disable-related-posts":"","theme-transparent-header-meta":"default","adv-header-id-meta":"","stick-header-meta":"","header-above-stick-meta":"","header-main-stick-meta":"","header-below-stick-meta":"","astra-migrate-meta-layouts":"set","ast-page-background-enabled":"default","ast-page-background-meta":{"desktop":{"background-color":"var(--ast-global-color-4)","background-image":"","background-repeat":"repeat","background-position":"center center","background-size":"auto","background-attachment":"scroll","background-type":"","background-media":"","overlay-type":"","overlay-color":"","overlay-opacity":"","overlay-gradient":""},"tablet":{"background-color":"","background-image":"","background-repeat":"repeat","background-position":"center center","background-size":"auto","background-attachment":"scroll","background-type":"","background-media":"","overlay-type":"","overlay-color":"","overlay-opacity":"","overlay-gradient":""},"mobile":{"background-color":"","background-image":"","background-repeat":"repeat","background-position":"center center","background-size":"auto","background-attachment":"scroll","background-type":"","background-media":"","overlay-type":"","overlay-color":"","overlay-opacity":"","overlay-gradient":""}},"ast-content-background-meta":{"desktop":{"background-color":"var(--ast-global-color-5)","background-image":"","background-repeat":"repeat","background-position":"center center","background-size":"auto","background-attachment":"scroll","background-type":"","background-media":"","overlay-type":"","overlay-color":"","overlay-opacity":"","overlay-gradient":""},"tablet":{"background-color":"var(--ast-global-color-5)","background-image":"","background-repeat":"repeat","background-position":"center center","background-size":"auto","background-attachment":"scroll","background-type":"","background-media":"","overlay-type":"","overlay-color":"","overlay-opacity":"","overlay-gradient":""},"mobile":{"background-color":"var(--ast-global-color-5)","background-image":"","background-repeat":"repeat","background-position":"center center","background-size":"auto","background-attachment":"scroll","background-type":"","background-media":"","overlay-type":"","overlay-color":"","overlay-opacity":"","overlay-gradient":""}}},"product_brand":[],"product_cat":[58,56],"product_tag":[],"class_list":{"0":"post-1354","1":"product","2":"type-product","3":"status-publish","4":"has-post-thumbnail","6":"product_cat-antiacne","7":"product_cat-cuidado-piel","8":"pa_contenido-30ml","9":"pa_marca-esthederm","10":"desktop-align-center","11":"tablet-align-center","12":"mobile-align-center","14":"first","15":"instock","16":"sale","17":"taxable","18":"shipping-taxable","19":"purchasable","20":"product-type-simple"},"barcode":null,"atum_controlled":true,"out_stock_date":null,"out_stock_threshold":null,"inheritable":false,"stock_on_hold":0,"sold_today":0,"sales_last_days":0,"out_stock_days":0,"lost_sales":0,"update_date":"2026-05-06T00:52:20","atum_locations":[],"atum_stock_status":"instock","restock_status":false,"low_stock_amount":"","sales_update_date":"2026-05-06T00:52:20","calc_backorders":null,"uagb_featured_image_src":{"full":["https:\/\/www.verassere.com\/wp-content\/uploads\/2023\/09\/PROPOLISSALICYLIC-ACID-30ML.jpg",400,400,false],"thumbnail":["https:\/\/www.verassere.com\/wp-content\/uploads\/2023\/09\/PROPOLISSALICYLIC-ACID-30ML-150x150.jpg",150,150,true],"medium":["https:\/\/www.verassere.com\/wp-content\/uploads\/2023\/09\/PROPOLISSALICYLIC-ACID-30ML-300x300.jpg",300,300,true],"medium_large":["https:\/\/www.verassere.com\/wp-content\/uploads\/2023\/09\/PROPOLISSALICYLIC-ACID-30ML.jpg",400,400,false],"large":["https:\/\/www.verassere.com\/wp-content\/uploads\/2023\/09\/PROPOLISSALICYLIC-ACID-30ML.jpg",400,400,false],"1536x1536":["https:\/\/www.verassere.com\/wp-content\/uploads\/2023\/09\/PROPOLISSALICYLIC-ACID-30ML.jpg",400,400,false],"2048x2048":["https:\/\/www.verassere.com\/wp-content\/uploads\/2023\/09\/PROPOLISSALICYLIC-ACID-30ML.jpg",400,400,false],"trp-custom-language-flag":["https:\/\/www.verassere.com\/wp-content\/uploads\/2023\/09\/PROPOLISSALICYLIC-ACID-30ML.jpg",12,12,false],"woocommerce_thumbnail":["https:\/\/www.verassere.com\/wp-content\/uploads\/2023\/09\/PROPOLISSALICYLIC-ACID-30ML-300x300.jpg",300,300,true],"woocommerce_single":["https:\/\/www.verassere.com\/wp-content\/uploads\/2023\/09\/PROPOLISSALICYLIC-ACID-30ML.jpg",400,400,false],"woocommerce_gallery_thumbnail":["https:\/\/www.verassere.com\/wp-content\/uploads\/2023\/09\/PROPOLISSALICYLIC-ACID-30ML-100x100.jpg",100,100,true]},"uagb_author_info":{"display_name":"Verassere SAS","author_link":"https:\/\/www.verassere.com\/en\/author\/"},"uagb_comment_info":0,"uagb_excerpt":"ESTHEDERM Suero sin aceite con pr\u00f3polis y \u00e1cido salic\u00edlico que combate acn\u00e9 adulto, reduce marcas y minimiza poros. Calma inflamaci\u00f3n, acelera recuperaci\u00f3n y previene manchas. Aplicador cuentagotas de precisi\u00f3n. Ideal para piel con acn\u00e9 e imperfecciones.","_links":{"self":[{"href":"https:\/\/www.verassere.com\/en\/wp-json\/wp\/v2\/product\/1354","targetHints":{"allow":["GET"]}}],"collection":[{"href":"https:\/\/www.verassere.com\/en\/wp-json\/wp\/v2\/product"}],"about":[{"href":"https:\/\/www.verassere.com\/en\/wp-json\/wp\/v2\/types\/product"}],"replies":[{"embeddable":true,"href":"https:\/\/www.verassere.com\/en\/wp-json\/wp\/v2\/comments?post=1354"}],"wp:featuredmedia":[{"embeddable":true,"href":"https:\/\/www.verassere.com\/en\/wp-json\/wp\/v2\/media\/1428"}],"wp:attachment":[{"href":"https:\/\/www.verassere.com\/en\/wp-json\/wp\/v2\/media?parent=1354"}],"wp:term":[{"taxonomy":"product_brand","embeddable":true,"href":"https:\/\/www.verassere.com\/en\/wp-json\/wp\/v2\/product_brand?post=1354"},{"taxonomy":"product_cat","embeddable":true,"href":"https:\/\/www.verassere.com\/en\/wp-json\/wp\/v2\/product_cat?post=1354"},{"taxonomy":"product_tag","embeddable":true,"href":"https:\/\/www.verassere.com\/en\/wp-json\/wp\/v2\/product_tag?post=1354"}],"curies":[{"name":"wp","href":"https:\/\/api.w.org\/{rel}","templated":true}]}}