{"id":1353,"date":"2023-09-25T14:24:40","date_gmt":"2023-09-25T19:24:40","guid":{"rendered":"https:\/\/www.verassere.com\/?post_type=product&#038;p=1353"},"modified":"2026-04-27T13:48:30","modified_gmt":"2026-04-27T18:48:30","slug":"hyaluronic-intensive-eyes-15ml","status":"publish","type":"product","link":"https:\/\/www.verassere.com\/en\/hyaluronic-intensive-eyes-15ml\/","title":{"rendered":"HYALURONIC INTENSIVE EYES 15ML"},"content":{"rendered":"<h2>HYALURONIC INTENSIVE EYES 15ML<\/h2>\n<p>Experience rejuvenated skin with our Eye Serum. Formulated with three types of pure hyaluronic acid, it hydrates and smooths wrinkles around the eyes, while combating fatigue and reducing puffiness and dark circles. Enjoy smoother, more radiant skin with fewer wrinkles and dark circles.<\/p>","protected":false},"excerpt":{"rendered":"<p>ESTHEDERM<\/p>\n<p>S\u00e9rum contorno de ojos con 3 tipos de \u00e1cido hialur\u00f3nico puro que hidrata profundamente, suaviza arrugas y combate signos de fatiga. Reduce bolsas y ojeras visiblemente. Deja el contorno de ojos m\u00e1s liso, descansado y radiante. Ideal para pieles con signos de envejecimiento y fatiga ocular.<\/p>","protected":false},"featured_media":1420,"comment_status":"open","ping_status":"closed","template":"","meta":{"_uag_custom_page_level_css":"","site-sidebar-layout":"default","site-content-layout":"","ast-site-content-layout":"default","site-content-style":"default","site-sidebar-style":"default","ast-global-header-display":"","ast-banner-title-visibility":"","ast-main-header-display":"","ast-hfb-above-header-display":"","ast-hfb-below-header-display":"","ast-hfb-mobile-header-display":"","site-post-title":"","ast-breadcrumbs-content":"","ast-featured-img":"","footer-sml-layout":"","ast-disable-related-posts":"","theme-transparent-header-meta":"default","adv-header-id-meta":"","stick-header-meta":"","header-above-stick-meta":"","header-main-stick-meta":"","header-below-stick-meta":"","astra-migrate-meta-layouts":"set","ast-page-background-enabled":"default","ast-page-background-meta":{"desktop":{"background-color":"var(--ast-global-color-4)","background-image":"","background-repeat":"repeat","background-position":"center center","background-size":"auto","background-attachment":"scroll","background-type":"","background-media":"","overlay-type":"","overlay-color":"","overlay-opacity":"","overlay-gradient":""},"tablet":{"background-color":"","background-image":"","background-repeat":"repeat","background-position":"center center","background-size":"auto","background-attachment":"scroll","background-type":"","background-media":"","overlay-type":"","overlay-color":"","overlay-opacity":"","overlay-gradient":""},"mobile":{"background-color":"","background-image":"","background-repeat":"repeat","background-position":"center center","background-size":"auto","background-attachment":"scroll","background-type":"","background-media":"","overlay-type":"","overlay-color":"","overlay-opacity":"","overlay-gradient":""}},"ast-content-background-meta":{"desktop":{"background-color":"var(--ast-global-color-5)","background-image":"","background-repeat":"repeat","background-position":"center center","background-size":"auto","background-attachment":"scroll","background-type":"","background-media":"","overlay-type":"","overlay-color":"","overlay-opacity":"","overlay-gradient":""},"tablet":{"background-color":"var(--ast-global-color-5)","background-image":"","background-repeat":"repeat","background-position":"center center","background-size":"auto","background-attachment":"scroll","background-type":"","background-media":"","overlay-type":"","overlay-color":"","overlay-opacity":"","overlay-gradient":""},"mobile":{"background-color":"var(--ast-global-color-5)","background-image":"","background-repeat":"repeat","background-position":"center center","background-size":"auto","background-attachment":"scroll","background-type":"","background-media":"","overlay-type":"","overlay-color":"","overlay-opacity":"","overlay-gradient":""}}},"product_brand":[],"product_cat":[54],"product_tag":[],"class_list":{"0":"post-1353","1":"product","2":"type-product","3":"status-publish","4":"has-post-thumbnail","6":"product_cat-contorno-de-ojos","7":"pa_contenido-15ml","8":"pa_marca-esthederm","9":"desktop-align-center","10":"tablet-align-center","11":"mobile-align-center","13":"first","14":"instock","15":"sale","16":"taxable","17":"shipping-taxable","18":"purchasable","19":"product-type-simple"},"barcode":null,"atum_controlled":true,"out_stock_date":null,"out_stock_threshold":null,"inheritable":false,"stock_on_hold":0,"sold_today":0,"sales_last_days":0,"out_stock_days":0,"lost_sales":0,"update_date":"2026-05-06T00:52:20","atum_locations":[],"atum_stock_status":"instock","restock_status":false,"low_stock_amount":"","sales_update_date":"2026-05-06T00:52:20","calc_backorders":null,"uagb_featured_image_src":{"full":["https:\/\/www.verassere.com\/wp-content\/uploads\/2023\/09\/HYALURONIC-INTENSIVE-EYES-15ML.jpg",400,400,false],"thumbnail":["https:\/\/www.verassere.com\/wp-content\/uploads\/2023\/09\/HYALURONIC-INTENSIVE-EYES-15ML-150x150.jpg",150,150,true],"medium":["https:\/\/www.verassere.com\/wp-content\/uploads\/2023\/09\/HYALURONIC-INTENSIVE-EYES-15ML-300x300.jpg",300,300,true],"medium_large":["https:\/\/www.verassere.com\/wp-content\/uploads\/2023\/09\/HYALURONIC-INTENSIVE-EYES-15ML.jpg",400,400,false],"large":["https:\/\/www.verassere.com\/wp-content\/uploads\/2023\/09\/HYALURONIC-INTENSIVE-EYES-15ML.jpg",400,400,false],"1536x1536":["https:\/\/www.verassere.com\/wp-content\/uploads\/2023\/09\/HYALURONIC-INTENSIVE-EYES-15ML.jpg",400,400,false],"2048x2048":["https:\/\/www.verassere.com\/wp-content\/uploads\/2023\/09\/HYALURONIC-INTENSIVE-EYES-15ML.jpg",400,400,false],"trp-custom-language-flag":["https:\/\/www.verassere.com\/wp-content\/uploads\/2023\/09\/HYALURONIC-INTENSIVE-EYES-15ML.jpg",12,12,false],"woocommerce_thumbnail":["https:\/\/www.verassere.com\/wp-content\/uploads\/2023\/09\/HYALURONIC-INTENSIVE-EYES-15ML-300x300.jpg",300,300,true],"woocommerce_single":["https:\/\/www.verassere.com\/wp-content\/uploads\/2023\/09\/HYALURONIC-INTENSIVE-EYES-15ML.jpg",400,400,false],"woocommerce_gallery_thumbnail":["https:\/\/www.verassere.com\/wp-content\/uploads\/2023\/09\/HYALURONIC-INTENSIVE-EYES-15ML-100x100.jpg",100,100,true]},"uagb_author_info":{"display_name":"Verassere SAS","author_link":"https:\/\/www.verassere.com\/en\/author\/"},"uagb_comment_info":0,"uagb_excerpt":"ESTHEDERM S\u00e9rum contorno de ojos con 3 tipos de \u00e1cido hialur\u00f3nico puro que hidrata profundamente, suaviza arrugas y combate signos de fatiga. Reduce bolsas y ojeras visiblemente. Deja el contorno de ojos m\u00e1s liso, descansado y radiante. Ideal para pieles con signos de envejecimiento y fatiga ocular.","_links":{"self":[{"href":"https:\/\/www.verassere.com\/en\/wp-json\/wp\/v2\/product\/1353","targetHints":{"allow":["GET"]}}],"collection":[{"href":"https:\/\/www.verassere.com\/en\/wp-json\/wp\/v2\/product"}],"about":[{"href":"https:\/\/www.verassere.com\/en\/wp-json\/wp\/v2\/types\/product"}],"replies":[{"embeddable":true,"href":"https:\/\/www.verassere.com\/en\/wp-json\/wp\/v2\/comments?post=1353"}],"wp:featuredmedia":[{"embeddable":true,"href":"https:\/\/www.verassere.com\/en\/wp-json\/wp\/v2\/media\/1420"}],"wp:attachment":[{"href":"https:\/\/www.verassere.com\/en\/wp-json\/wp\/v2\/media?parent=1353"}],"wp:term":[{"taxonomy":"product_brand","embeddable":true,"href":"https:\/\/www.verassere.com\/en\/wp-json\/wp\/v2\/product_brand?post=1353"},{"taxonomy":"product_cat","embeddable":true,"href":"https:\/\/www.verassere.com\/en\/wp-json\/wp\/v2\/product_cat?post=1353"},{"taxonomy":"product_tag","embeddable":true,"href":"https:\/\/www.verassere.com\/en\/wp-json\/wp\/v2\/product_tag?post=1353"}],"curies":[{"name":"wp","href":"https:\/\/api.w.org\/{rel}","templated":true}]}}