{"id":1346,"date":"2023-09-25T14:24:25","date_gmt":"2023-09-25T19:24:25","guid":{"rendered":"https:\/\/www.verassere.com\/?post_type=product&#038;p=1346"},"modified":"2025-11-25T16:45:51","modified_gmt":"2025-11-25T21:45:51","slug":"osmoclean-desmaquillante-125ml","status":"publish","type":"product","link":"https:\/\/www.verassere.com\/en\/osmoclean-desmaquillante-125ml\/","title":{"rendered":"OSMOCLEAN DESMAQUILLANTE 125ML"},"content":{"rendered":"<h2>OSMOCLEAN DESMAQUILLANTE 125ML<\/h2>\n<p>A high-tolerance biphasic makeup remover that effectively removes all types of makeup, even long-lasting makeup, without compromising the delicate skin around the eyes and lips. This makeup remover is formulated to be compatible with all types of makeup, even waterproof formulas. It has been rigorously tested under ophthalmological supervision to ensure safety. It also preserves the fragile balance of the eye contour, maintaining the youthfulness of your gaze, and respects the skin's flora.<\/p>","protected":false},"excerpt":{"rendered":"<p>ESTHEDERM<\/p>\n<p>Desmaquillante bif\u00e1sico de alta tolerancia que elimina eficazmente todo tipo de maquillaje, incluso waterproof y larga duraci\u00f3n, sin comprometer la delicada piel del contorno de ojos y labios. Preserva el equilibrio cut\u00e1neo y respeta la flora natural. Deja la piel limpia, fresca y sin residuos. Ideal para todo tipo de piel, probado oftalmol\u00f3gicamente para ojos sensibles.<\/p>","protected":false},"featured_media":1426,"comment_status":"open","ping_status":"closed","template":"","meta":{"_uag_custom_page_level_css":"","site-sidebar-layout":"default","site-content-layout":"","ast-site-content-layout":"default","site-content-style":"default","site-sidebar-style":"default","ast-global-header-display":"","ast-banner-title-visibility":"","ast-main-header-display":"","ast-hfb-above-header-display":"","ast-hfb-below-header-display":"","ast-hfb-mobile-header-display":"","site-post-title":"","ast-breadcrumbs-content":"","ast-featured-img":"","footer-sml-layout":"","ast-disable-related-posts":"","theme-transparent-header-meta":"default","adv-header-id-meta":"","stick-header-meta":"","header-above-stick-meta":"","header-main-stick-meta":"","header-below-stick-meta":"","astra-migrate-meta-layouts":"set","ast-page-background-enabled":"default","ast-page-background-meta":{"desktop":{"background-color":"var(--ast-global-color-4)","background-image":"","background-repeat":"repeat","background-position":"center center","background-size":"auto","background-attachment":"scroll","background-type":"","background-media":"","overlay-type":"","overlay-color":"","overlay-opacity":"","overlay-gradient":""},"tablet":{"background-color":"","background-image":"","background-repeat":"repeat","background-position":"center center","background-size":"auto","background-attachment":"scroll","background-type":"","background-media":"","overlay-type":"","overlay-color":"","overlay-opacity":"","overlay-gradient":""},"mobile":{"background-color":"","background-image":"","background-repeat":"repeat","background-position":"center center","background-size":"auto","background-attachment":"scroll","background-type":"","background-media":"","overlay-type":"","overlay-color":"","overlay-opacity":"","overlay-gradient":""}},"ast-content-background-meta":{"desktop":{"background-color":"var(--ast-global-color-5)","background-image":"","background-repeat":"repeat","background-position":"center center","background-size":"auto","background-attachment":"scroll","background-type":"","background-media":"","overlay-type":"","overlay-color":"","overlay-opacity":"","overlay-gradient":""},"tablet":{"background-color":"var(--ast-global-color-5)","background-image":"","background-repeat":"repeat","background-position":"center center","background-size":"auto","background-attachment":"scroll","background-type":"","background-media":"","overlay-type":"","overlay-color":"","overlay-opacity":"","overlay-gradient":""},"mobile":{"background-color":"var(--ast-global-color-5)","background-image":"","background-repeat":"repeat","background-position":"center center","background-size":"auto","background-attachment":"scroll","background-type":"","background-media":"","overlay-type":"","overlay-color":"","overlay-opacity":"","overlay-gradient":""}}},"product_brand":[],"product_cat":[56,65],"product_tag":[],"class_list":{"0":"post-1346","1":"product","2":"type-product","3":"status-publish","4":"has-post-thumbnail","6":"product_cat-cuidado-piel","7":"product_cat-maquillaje","8":"pa_contenido-125ml","9":"pa_marca-esthederm","10":"desktop-align-center","11":"tablet-align-center","12":"mobile-align-center","14":"first","15":"outofstock","16":"sale","17":"taxable","18":"shipping-taxable","19":"purchasable","20":"product-type-simple"},"barcode":null,"atum_controlled":true,"out_stock_date":"2025-11-25 16:45:51","out_stock_threshold":null,"inheritable":false,"stock_on_hold":0,"sold_today":0,"sales_last_days":0,"out_stock_days":161,"lost_sales":0,"update_date":"2026-05-06T00:52:20","atum_locations":[],"atum_stock_status":"outofstock","restock_status":false,"low_stock_amount":"","sales_update_date":"2026-05-06T00:52:20","calc_backorders":null,"uagb_featured_image_src":{"full":["https:\/\/www.verassere.com\/wp-content\/uploads\/2023\/09\/OSMOCLEAN-DESMAQUILLANTE-125ML.jpg",400,400,false],"thumbnail":["https:\/\/www.verassere.com\/wp-content\/uploads\/2023\/09\/OSMOCLEAN-DESMAQUILLANTE-125ML-150x150.jpg",150,150,true],"medium":["https:\/\/www.verassere.com\/wp-content\/uploads\/2023\/09\/OSMOCLEAN-DESMAQUILLANTE-125ML-300x300.jpg",300,300,true],"medium_large":["https:\/\/www.verassere.com\/wp-content\/uploads\/2023\/09\/OSMOCLEAN-DESMAQUILLANTE-125ML.jpg",400,400,false],"large":["https:\/\/www.verassere.com\/wp-content\/uploads\/2023\/09\/OSMOCLEAN-DESMAQUILLANTE-125ML.jpg",400,400,false],"1536x1536":["https:\/\/www.verassere.com\/wp-content\/uploads\/2023\/09\/OSMOCLEAN-DESMAQUILLANTE-125ML.jpg",400,400,false],"2048x2048":["https:\/\/www.verassere.com\/wp-content\/uploads\/2023\/09\/OSMOCLEAN-DESMAQUILLANTE-125ML.jpg",400,400,false],"trp-custom-language-flag":["https:\/\/www.verassere.com\/wp-content\/uploads\/2023\/09\/OSMOCLEAN-DESMAQUILLANTE-125ML.jpg",12,12,false],"woocommerce_thumbnail":["https:\/\/www.verassere.com\/wp-content\/uploads\/2023\/09\/OSMOCLEAN-DESMAQUILLANTE-125ML-300x300.jpg",300,300,true],"woocommerce_single":["https:\/\/www.verassere.com\/wp-content\/uploads\/2023\/09\/OSMOCLEAN-DESMAQUILLANTE-125ML.jpg",400,400,false],"woocommerce_gallery_thumbnail":["https:\/\/www.verassere.com\/wp-content\/uploads\/2023\/09\/OSMOCLEAN-DESMAQUILLANTE-125ML-100x100.jpg",100,100,true]},"uagb_author_info":{"display_name":"Verassere SAS","author_link":"https:\/\/www.verassere.com\/en\/author\/"},"uagb_comment_info":0,"uagb_excerpt":"ESTHEDERM Desmaquillante bif\u00e1sico de alta tolerancia que elimina eficazmente todo tipo de maquillaje, incluso waterproof y larga duraci\u00f3n, sin comprometer la delicada piel del contorno de ojos y labios. Preserva el equilibrio cut\u00e1neo y respeta la flora natural. Deja la piel limpia, fresca y sin residuos. Ideal para todo tipo de piel, probado oftalmol\u00f3gicamente para&hellip;","_links":{"self":[{"href":"https:\/\/www.verassere.com\/en\/wp-json\/wp\/v2\/product\/1346","targetHints":{"allow":["GET"]}}],"collection":[{"href":"https:\/\/www.verassere.com\/en\/wp-json\/wp\/v2\/product"}],"about":[{"href":"https:\/\/www.verassere.com\/en\/wp-json\/wp\/v2\/types\/product"}],"replies":[{"embeddable":true,"href":"https:\/\/www.verassere.com\/en\/wp-json\/wp\/v2\/comments?post=1346"}],"wp:featuredmedia":[{"embeddable":true,"href":"https:\/\/www.verassere.com\/en\/wp-json\/wp\/v2\/media\/1426"}],"wp:attachment":[{"href":"https:\/\/www.verassere.com\/en\/wp-json\/wp\/v2\/media?parent=1346"}],"wp:term":[{"taxonomy":"product_brand","embeddable":true,"href":"https:\/\/www.verassere.com\/en\/wp-json\/wp\/v2\/product_brand?post=1346"},{"taxonomy":"product_cat","embeddable":true,"href":"https:\/\/www.verassere.com\/en\/wp-json\/wp\/v2\/product_cat?post=1346"},{"taxonomy":"product_tag","embeddable":true,"href":"https:\/\/www.verassere.com\/en\/wp-json\/wp\/v2\/product_tag?post=1346"}],"curies":[{"name":"wp","href":"https:\/\/api.w.org\/{rel}","templated":true}]}}