{"id":1341,"date":"2023-09-25T14:24:25","date_gmt":"2023-09-25T19:24:25","guid":{"rendered":"https:\/\/www.verassere.com\/?post_type=product&#038;p=1341"},"modified":"2026-02-16T12:20:24","modified_gmt":"2026-02-16T17:20:24","slug":"pepti-biotic-50ml","status":"publish","type":"product","link":"https:\/\/www.verassere.com\/en\/pepti-biotic-50ml\/","title":{"rendered":"PEPTI BIOTIC 50ML"},"content":{"rendered":"<h2>PEPTI BIOTIC 50ML<\/h2>\n<p>Matifica y Regenera | Piel Sensible | 24 Horas de Efecto Mate. Experimenta una piel m\u00e1s firme, matificada y tersa con [PEPTI] Biotic. Este gel regenerador combina probi\u00f3ticos pasteurizados, vitamina C estabilizada y \u00e1cido hialur\u00f3nico para matificar la piel, suavizar arrugas y l\u00edneas de expresi\u00f3n, y mejorar la apariencia de poros e imperfecciones. Un impulso de p\u00e9ptidos para tu piel que dura todo el d\u00eda.estabilizada y \u00e1cido hialur\u00f3nico. Para matificar la piel y suavizar las arrugas y las l\u00edneas de expresi\u00f3n, este gel regenerador est\u00e1 enriquecido con p\u00e9ptidos. D\u00eda tras d\u00eda, la piel estar\u00e1 m\u00e1s firme, matificada y tersa.<\/p>\n","protected":false},"excerpt":{"rendered":"<p>SVR<\/p>\n<p>Gel regenerador con probi\u00f3ticos pasteurizados, vitamina C estabilizada, \u00e1cido hialur\u00f3nico y p\u00e9ptidos que matifica, suaviza arrugas y l\u00edneas de expresi\u00f3n, y mejora poros e imperfecciones. Proporciona 24 horas de efecto mate. Deja la piel m\u00e1s firme, tersa y regenerada d\u00eda tras d\u00eda. Ideal para piel sensible, mixta o grasa con signos de envejecimiento.<\/p>","protected":false},"featured_media":1465,"comment_status":"open","ping_status":"closed","template":"","meta":{"_uag_custom_page_level_css":"","site-sidebar-layout":"default","site-content-layout":"","ast-site-content-layout":"default","site-content-style":"default","site-sidebar-style":"default","ast-global-header-display":"","ast-banner-title-visibility":"","ast-main-header-display":"","ast-hfb-above-header-display":"","ast-hfb-below-header-display":"","ast-hfb-mobile-header-display":"","site-post-title":"","ast-breadcrumbs-content":"","ast-featured-img":"","footer-sml-layout":"","ast-disable-related-posts":"","theme-transparent-header-meta":"default","adv-header-id-meta":"","stick-header-meta":"","header-above-stick-meta":"","header-main-stick-meta":"","header-below-stick-meta":"","astra-migrate-meta-layouts":"set","ast-page-background-enabled":"default","ast-page-background-meta":{"desktop":{"background-color":"var(--ast-global-color-4)","background-image":"","background-repeat":"repeat","background-position":"center center","background-size":"auto","background-attachment":"scroll","background-type":"","background-media":"","overlay-type":"","overlay-color":"","overlay-opacity":"","overlay-gradient":""},"tablet":{"background-color":"","background-image":"","background-repeat":"repeat","background-position":"center center","background-size":"auto","background-attachment":"scroll","background-type":"","background-media":"","overlay-type":"","overlay-color":"","overlay-opacity":"","overlay-gradient":""},"mobile":{"background-color":"","background-image":"","background-repeat":"repeat","background-position":"center center","background-size":"auto","background-attachment":"scroll","background-type":"","background-media":"","overlay-type":"","overlay-color":"","overlay-opacity":"","overlay-gradient":""}},"ast-content-background-meta":{"desktop":{"background-color":"var(--ast-global-color-5)","background-image":"","background-repeat":"repeat","background-position":"center center","background-size":"auto","background-attachment":"scroll","background-type":"","background-media":"","overlay-type":"","overlay-color":"","overlay-opacity":"","overlay-gradient":""},"tablet":{"background-color":"var(--ast-global-color-5)","background-image":"","background-repeat":"repeat","background-position":"center center","background-size":"auto","background-attachment":"scroll","background-type":"","background-media":"","overlay-type":"","overlay-color":"","overlay-opacity":"","overlay-gradient":""},"mobile":{"background-color":"var(--ast-global-color-5)","background-image":"","background-repeat":"repeat","background-position":"center center","background-size":"auto","background-attachment":"scroll","background-type":"","background-media":"","overlay-type":"","overlay-color":"","overlay-opacity":"","overlay-gradient":""}}},"product_brand":[],"product_cat":[59,56],"product_tag":[],"class_list":{"0":"post-1341","1":"product","2":"type-product","3":"status-publish","4":"has-post-thumbnail","6":"product_cat-antiedad","7":"product_cat-cuidado-piel","8":"pa_contenido-50ml","9":"pa_marca-svr","10":"desktop-align-center","11":"tablet-align-center","12":"mobile-align-center","14":"first","15":"instock","16":"taxable","17":"shipping-taxable","18":"purchasable","19":"product-type-simple"},"barcode":null,"atum_controlled":true,"out_stock_date":null,"out_stock_threshold":null,"inheritable":false,"stock_on_hold":0,"sold_today":0,"sales_last_days":0,"out_stock_days":0,"lost_sales":0,"update_date":"2026-05-06T00:52:20","atum_locations":[],"atum_stock_status":"instock","restock_status":false,"low_stock_amount":"","sales_update_date":"2026-05-06T00:52:20","calc_backorders":null,"uagb_featured_image_src":{"full":["https:\/\/www.verassere.com\/wp-content\/uploads\/2023\/09\/PEPTI-BIOTIC-50ML.png",2000,2000,false],"thumbnail":["https:\/\/www.verassere.com\/wp-content\/uploads\/2023\/09\/PEPTI-BIOTIC-50ML-150x150.png",150,150,true],"medium":["https:\/\/www.verassere.com\/wp-content\/uploads\/2023\/09\/PEPTI-BIOTIC-50ML-300x300.png",300,300,true],"medium_large":["https:\/\/www.verassere.com\/wp-content\/uploads\/2023\/09\/PEPTI-BIOTIC-50ML-768x768.png",768,768,true],"large":["https:\/\/www.verassere.com\/wp-content\/uploads\/2023\/09\/PEPTI-BIOTIC-50ML-1024x1024.png",1024,1024,true],"1536x1536":["https:\/\/www.verassere.com\/wp-content\/uploads\/2023\/09\/PEPTI-BIOTIC-50ML-1536x1536.png",1536,1536,true],"2048x2048":["https:\/\/www.verassere.com\/wp-content\/uploads\/2023\/09\/PEPTI-BIOTIC-50ML.png",2000,2000,false],"trp-custom-language-flag":["https:\/\/www.verassere.com\/wp-content\/uploads\/2023\/09\/PEPTI-BIOTIC-50ML.png",12,12,false],"woocommerce_thumbnail":["https:\/\/www.verassere.com\/wp-content\/uploads\/2023\/09\/PEPTI-BIOTIC-50ML-300x300.png",300,300,true],"woocommerce_single":["https:\/\/www.verassere.com\/wp-content\/uploads\/2023\/09\/PEPTI-BIOTIC-50ML-600x600.png",600,600,true],"woocommerce_gallery_thumbnail":["https:\/\/www.verassere.com\/wp-content\/uploads\/2023\/09\/PEPTI-BIOTIC-50ML-100x100.png",100,100,true]},"uagb_author_info":{"display_name":"Verassere SAS","author_link":"https:\/\/www.verassere.com\/en\/author\/"},"uagb_comment_info":0,"uagb_excerpt":"SVR Gel regenerador con probi\u00f3ticos pasteurizados, vitamina C estabilizada, \u00e1cido hialur\u00f3nico y p\u00e9ptidos que matifica, suaviza arrugas y l\u00edneas de expresi\u00f3n, y mejora poros e imperfecciones. Proporciona 24 horas de efecto mate. Deja la piel m\u00e1s firme, tersa y regenerada d\u00eda tras d\u00eda. Ideal para piel sensible, mixta o grasa con signos de envejecimiento.","_links":{"self":[{"href":"https:\/\/www.verassere.com\/en\/wp-json\/wp\/v2\/product\/1341","targetHints":{"allow":["GET"]}}],"collection":[{"href":"https:\/\/www.verassere.com\/en\/wp-json\/wp\/v2\/product"}],"about":[{"href":"https:\/\/www.verassere.com\/en\/wp-json\/wp\/v2\/types\/product"}],"replies":[{"embeddable":true,"href":"https:\/\/www.verassere.com\/en\/wp-json\/wp\/v2\/comments?post=1341"}],"wp:featuredmedia":[{"embeddable":true,"href":"https:\/\/www.verassere.com\/en\/wp-json\/wp\/v2\/media\/1465"}],"wp:attachment":[{"href":"https:\/\/www.verassere.com\/en\/wp-json\/wp\/v2\/media?parent=1341"}],"wp:term":[{"taxonomy":"product_brand","embeddable":true,"href":"https:\/\/www.verassere.com\/en\/wp-json\/wp\/v2\/product_brand?post=1341"},{"taxonomy":"product_cat","embeddable":true,"href":"https:\/\/www.verassere.com\/en\/wp-json\/wp\/v2\/product_cat?post=1341"},{"taxonomy":"product_tag","embeddable":true,"href":"https:\/\/www.verassere.com\/en\/wp-json\/wp\/v2\/product_tag?post=1341"}],"curies":[{"name":"wp","href":"https:\/\/api.w.org\/{rel}","templated":true}]}}