{"id":1337,"date":"2023-09-25T14:24:24","date_gmt":"2023-09-25T19:24:24","guid":{"rendered":"https:\/\/www.verassere.com\/?post_type=product&#038;p=1337"},"modified":"2026-02-16T12:17:31","modified_gmt":"2026-02-16T17:17:31","slug":"sebiaclear-cicapeel-gel-15-ml","status":"publish","type":"product","link":"https:\/\/www.verassere.com\/en\/sebiaclear-cicapeel-gel-15-ml\/","title":{"rendered":"SEBIACLEAR CICAPEEL GEL 15 ML"},"content":{"rendered":"<h2>SEBIACLEAR CICAPEEL GEL 15 ML<\/h2>\n<p>SVR Sebiaclear Cicapeel is an active gel designed for combination and oily sensitive skin prone to acne. It works locally to eliminate spots and blackheads while preventing the appearance of marks. Its formula contains a high concentration of gluconolactone (14%), a powerful ingredient that fights blemishes and unclogs pores. It also includes 2% salicylic acid for a gentle exfoliation that renews the skin.<\/p>","protected":false},"excerpt":{"rendered":"<p>SVR<\/p>\n<p>Gel activo con 14% gluconolactona y 2% \u00e1cido salic\u00edlico que elimina granos, puntos negros y previene marcas. Desobstruye poros y exfolia suavemente. Acci\u00f3n localizada. Ideal para piel mixta, grasa y sensible con tendencia acneica.<\/p>","protected":false},"featured_media":1431,"comment_status":"open","ping_status":"closed","template":"","meta":{"_uag_custom_page_level_css":"","site-sidebar-layout":"default","site-content-layout":"","ast-site-content-layout":"default","site-content-style":"default","site-sidebar-style":"default","ast-global-header-display":"","ast-banner-title-visibility":"","ast-main-header-display":"","ast-hfb-above-header-display":"","ast-hfb-below-header-display":"","ast-hfb-mobile-header-display":"","site-post-title":"","ast-breadcrumbs-content":"","ast-featured-img":"","footer-sml-layout":"","ast-disable-related-posts":"","theme-transparent-header-meta":"default","adv-header-id-meta":"","stick-header-meta":"","header-above-stick-meta":"","header-main-stick-meta":"","header-below-stick-meta":"","astra-migrate-meta-layouts":"set","ast-page-background-enabled":"default","ast-page-background-meta":{"desktop":{"background-color":"var(--ast-global-color-4)","background-image":"","background-repeat":"repeat","background-position":"center center","background-size":"auto","background-attachment":"scroll","background-type":"","background-media":"","overlay-type":"","overlay-color":"","overlay-opacity":"","overlay-gradient":""},"tablet":{"background-color":"","background-image":"","background-repeat":"repeat","background-position":"center center","background-size":"auto","background-attachment":"scroll","background-type":"","background-media":"","overlay-type":"","overlay-color":"","overlay-opacity":"","overlay-gradient":""},"mobile":{"background-color":"","background-image":"","background-repeat":"repeat","background-position":"center center","background-size":"auto","background-attachment":"scroll","background-type":"","background-media":"","overlay-type":"","overlay-color":"","overlay-opacity":"","overlay-gradient":""}},"ast-content-background-meta":{"desktop":{"background-color":"var(--ast-global-color-5)","background-image":"","background-repeat":"repeat","background-position":"center center","background-size":"auto","background-attachment":"scroll","background-type":"","background-media":"","overlay-type":"","overlay-color":"","overlay-opacity":"","overlay-gradient":""},"tablet":{"background-color":"var(--ast-global-color-5)","background-image":"","background-repeat":"repeat","background-position":"center center","background-size":"auto","background-attachment":"scroll","background-type":"","background-media":"","overlay-type":"","overlay-color":"","overlay-opacity":"","overlay-gradient":""},"mobile":{"background-color":"var(--ast-global-color-5)","background-image":"","background-repeat":"repeat","background-position":"center center","background-size":"auto","background-attachment":"scroll","background-type":"","background-media":"","overlay-type":"","overlay-color":"","overlay-opacity":"","overlay-gradient":""}}},"product_brand":[],"product_cat":[58,56],"product_tag":[],"class_list":{"0":"post-1337","1":"product","2":"type-product","3":"status-publish","4":"has-post-thumbnail","6":"product_cat-antiacne","7":"product_cat-cuidado-piel","8":"pa_contenido-15ml","9":"pa_marca-svr","10":"desktop-align-center","11":"tablet-align-center","12":"mobile-align-center","14":"first","15":"outofstock","16":"taxable","17":"shipping-taxable","18":"purchasable","19":"product-type-simple"},"barcode":null,"atum_controlled":true,"out_stock_date":"2024-07-11 14:23:14","out_stock_threshold":null,"inheritable":false,"stock_on_hold":0,"sold_today":0,"sales_last_days":0,"out_stock_days":663,"lost_sales":0,"update_date":"2026-05-06T00:52:20","atum_locations":[],"atum_stock_status":"outofstock","restock_status":false,"low_stock_amount":"","sales_update_date":"2026-05-06T00:52:20","calc_backorders":null,"uagb_featured_image_src":{"full":["https:\/\/www.verassere.com\/wp-content\/uploads\/2023\/09\/SEBIACLEAR-CICAPEEL-GEL-15-ML.jpg",1440,1440,false],"thumbnail":["https:\/\/www.verassere.com\/wp-content\/uploads\/2023\/09\/SEBIACLEAR-CICAPEEL-GEL-15-ML-150x150.jpg",150,150,true],"medium":["https:\/\/www.verassere.com\/wp-content\/uploads\/2023\/09\/SEBIACLEAR-CICAPEEL-GEL-15-ML-300x300.jpg",300,300,true],"medium_large":["https:\/\/www.verassere.com\/wp-content\/uploads\/2023\/09\/SEBIACLEAR-CICAPEEL-GEL-15-ML-768x768.jpg",768,768,true],"large":["https:\/\/www.verassere.com\/wp-content\/uploads\/2023\/09\/SEBIACLEAR-CICAPEEL-GEL-15-ML-1024x1024.jpg",1024,1024,true],"1536x1536":["https:\/\/www.verassere.com\/wp-content\/uploads\/2023\/09\/SEBIACLEAR-CICAPEEL-GEL-15-ML.jpg",1440,1440,false],"2048x2048":["https:\/\/www.verassere.com\/wp-content\/uploads\/2023\/09\/SEBIACLEAR-CICAPEEL-GEL-15-ML.jpg",1440,1440,false],"trp-custom-language-flag":["https:\/\/www.verassere.com\/wp-content\/uploads\/2023\/09\/SEBIACLEAR-CICAPEEL-GEL-15-ML.jpg",12,12,false],"woocommerce_thumbnail":["https:\/\/www.verassere.com\/wp-content\/uploads\/2023\/09\/SEBIACLEAR-CICAPEEL-GEL-15-ML-300x300.jpg",300,300,true],"woocommerce_single":["https:\/\/www.verassere.com\/wp-content\/uploads\/2023\/09\/SEBIACLEAR-CICAPEEL-GEL-15-ML-600x600.jpg",600,600,true],"woocommerce_gallery_thumbnail":["https:\/\/www.verassere.com\/wp-content\/uploads\/2023\/09\/SEBIACLEAR-CICAPEEL-GEL-15-ML-100x100.jpg",100,100,true]},"uagb_author_info":{"display_name":"Verassere SAS","author_link":"https:\/\/www.verassere.com\/en\/author\/"},"uagb_comment_info":0,"uagb_excerpt":"SVR Gel activo con 14% gluconolactona y 2% \u00e1cido salic\u00edlico que elimina granos, puntos negros y previene marcas. Desobstruye poros y exfolia suavemente. Acci\u00f3n localizada. Ideal para piel mixta, grasa y sensible con tendencia acneica.","_links":{"self":[{"href":"https:\/\/www.verassere.com\/en\/wp-json\/wp\/v2\/product\/1337","targetHints":{"allow":["GET"]}}],"collection":[{"href":"https:\/\/www.verassere.com\/en\/wp-json\/wp\/v2\/product"}],"about":[{"href":"https:\/\/www.verassere.com\/en\/wp-json\/wp\/v2\/types\/product"}],"replies":[{"embeddable":true,"href":"https:\/\/www.verassere.com\/en\/wp-json\/wp\/v2\/comments?post=1337"}],"wp:featuredmedia":[{"embeddable":true,"href":"https:\/\/www.verassere.com\/en\/wp-json\/wp\/v2\/media\/1431"}],"wp:attachment":[{"href":"https:\/\/www.verassere.com\/en\/wp-json\/wp\/v2\/media?parent=1337"}],"wp:term":[{"taxonomy":"product_brand","embeddable":true,"href":"https:\/\/www.verassere.com\/en\/wp-json\/wp\/v2\/product_brand?post=1337"},{"taxonomy":"product_cat","embeddable":true,"href":"https:\/\/www.verassere.com\/en\/wp-json\/wp\/v2\/product_cat?post=1337"},{"taxonomy":"product_tag","embeddable":true,"href":"https:\/\/www.verassere.com\/en\/wp-json\/wp\/v2\/product_tag?post=1337"}],"curies":[{"name":"wp","href":"https:\/\/api.w.org\/{rel}","templated":true}]}}