{"id":1323,"date":"2023-09-25T14:24:23","date_gmt":"2023-09-25T19:24:23","guid":{"rendered":"https:\/\/www.verassere.com\/?post_type=product&#038;p=1323"},"modified":"2025-10-14T18:42:55","modified_gmt":"2025-10-14T23:42:55","slug":"shampoo-clear-250-ml","status":"publish","type":"product","link":"https:\/\/www.verassere.com\/en\/shampoo-clear-250-ml\/","title":{"rendered":"SHAMPOO CLEAR 250 ML"},"content":{"rendered":"<h2>SHAMPOO CLEAR 250 ML<\/h2>\n<p>This treatment shampoo combats dandruff effectively and gently, thanks to a formula containing 95% natural ingredients. Clinically proven, it restores scalp balance, reduces irritation, and regulates excess oil. From the first application, enjoy flake-free hair and a soothed scalp. It deeply cleanses without causing damage and provides a pleasant feeling of freshness. Ideal for dry and oily dandruff. Plus, its minty fragrance with hints of sandalwood envelops you in a refreshing experience. It's vegan, silicone- and sulfate-free, and its formula is biodegradable.<\/p>","protected":false},"excerpt":{"rendered":"<p>LAZARTIGUE<\/p>\n<p>Champ\u00fa anticaspa vegano con 95% ingredientes naturales que combate caspa seca y grasa desde la primera aplicaci\u00f3n. Restaura equilibrio del cuero cabelludo, reduce irritaci\u00f3n y regula grasa. Limpieza profunda con frescura mentolada. Sin siliconas ni sulfatos.<\/p>","protected":false},"featured_media":1471,"comment_status":"open","ping_status":"closed","template":"","meta":{"_uag_custom_page_level_css":"","site-sidebar-layout":"default","site-content-layout":"","ast-site-content-layout":"default","site-content-style":"default","site-sidebar-style":"default","ast-global-header-display":"","ast-banner-title-visibility":"","ast-main-header-display":"","ast-hfb-above-header-display":"","ast-hfb-below-header-display":"","ast-hfb-mobile-header-display":"","site-post-title":"","ast-breadcrumbs-content":"","ast-featured-img":"","footer-sml-layout":"","ast-disable-related-posts":"","theme-transparent-header-meta":"default","adv-header-id-meta":"","stick-header-meta":"","header-above-stick-meta":"","header-main-stick-meta":"","header-below-stick-meta":"","astra-migrate-meta-layouts":"set","ast-page-background-enabled":"default","ast-page-background-meta":{"desktop":{"background-color":"var(--ast-global-color-4)","background-image":"","background-repeat":"repeat","background-position":"center center","background-size":"auto","background-attachment":"scroll","background-type":"","background-media":"","overlay-type":"","overlay-color":"","overlay-opacity":"","overlay-gradient":""},"tablet":{"background-color":"","background-image":"","background-repeat":"repeat","background-position":"center center","background-size":"auto","background-attachment":"scroll","background-type":"","background-media":"","overlay-type":"","overlay-color":"","overlay-opacity":"","overlay-gradient":""},"mobile":{"background-color":"","background-image":"","background-repeat":"repeat","background-position":"center center","background-size":"auto","background-attachment":"scroll","background-type":"","background-media":"","overlay-type":"","overlay-color":"","overlay-opacity":"","overlay-gradient":""}},"ast-content-background-meta":{"desktop":{"background-color":"var(--ast-global-color-5)","background-image":"","background-repeat":"repeat","background-position":"center center","background-size":"auto","background-attachment":"scroll","background-type":"","background-media":"","overlay-type":"","overlay-color":"","overlay-opacity":"","overlay-gradient":""},"tablet":{"background-color":"var(--ast-global-color-5)","background-image":"","background-repeat":"repeat","background-position":"center center","background-size":"auto","background-attachment":"scroll","background-type":"","background-media":"","overlay-type":"","overlay-color":"","overlay-opacity":"","overlay-gradient":""},"mobile":{"background-color":"var(--ast-global-color-5)","background-image":"","background-repeat":"repeat","background-position":"center center","background-size":"auto","background-attachment":"scroll","background-type":"","background-media":"","overlay-type":"","overlay-color":"","overlay-opacity":"","overlay-gradient":""}}},"product_brand":[],"product_cat":[55],"product_tag":[],"class_list":{"0":"post-1323","1":"product","2":"type-product","3":"status-publish","4":"has-post-thumbnail","6":"product_cat-cuidado-capilar","7":"pa_contenido-250ml","8":"pa_marca-lazartigue","9":"desktop-align-center","10":"tablet-align-center","11":"mobile-align-center","13":"first","14":"instock","15":"taxable","16":"shipping-taxable","17":"purchasable","18":"product-type-simple"},"barcode":null,"atum_controlled":true,"out_stock_date":null,"out_stock_threshold":null,"inheritable":false,"stock_on_hold":0,"sold_today":0,"sales_last_days":0,"out_stock_days":0,"lost_sales":0,"update_date":"2026-05-06T00:52:19","atum_locations":[],"atum_stock_status":"instock","restock_status":false,"low_stock_amount":"","sales_update_date":"2026-05-06T00:52:19","calc_backorders":null,"uagb_featured_image_src":{"full":["https:\/\/www.verassere.com\/wp-content\/uploads\/2023\/09\/SHAMPOO-CLEAR-250-ML.png",600,600,false],"thumbnail":["https:\/\/www.verassere.com\/wp-content\/uploads\/2023\/09\/SHAMPOO-CLEAR-250-ML-150x150.png",150,150,true],"medium":["https:\/\/www.verassere.com\/wp-content\/uploads\/2023\/09\/SHAMPOO-CLEAR-250-ML-300x300.png",300,300,true],"medium_large":["https:\/\/www.verassere.com\/wp-content\/uploads\/2023\/09\/SHAMPOO-CLEAR-250-ML.png",600,600,false],"large":["https:\/\/www.verassere.com\/wp-content\/uploads\/2023\/09\/SHAMPOO-CLEAR-250-ML.png",600,600,false],"1536x1536":["https:\/\/www.verassere.com\/wp-content\/uploads\/2023\/09\/SHAMPOO-CLEAR-250-ML.png",600,600,false],"2048x2048":["https:\/\/www.verassere.com\/wp-content\/uploads\/2023\/09\/SHAMPOO-CLEAR-250-ML.png",600,600,false],"trp-custom-language-flag":["https:\/\/www.verassere.com\/wp-content\/uploads\/2023\/09\/SHAMPOO-CLEAR-250-ML.png",12,12,false],"woocommerce_thumbnail":["https:\/\/www.verassere.com\/wp-content\/uploads\/2023\/09\/SHAMPOO-CLEAR-250-ML-300x300.png",300,300,true],"woocommerce_single":["https:\/\/www.verassere.com\/wp-content\/uploads\/2023\/09\/SHAMPOO-CLEAR-250-ML.png",600,600,false],"woocommerce_gallery_thumbnail":["https:\/\/www.verassere.com\/wp-content\/uploads\/2023\/09\/SHAMPOO-CLEAR-250-ML-100x100.png",100,100,true]},"uagb_author_info":{"display_name":"Verassere SAS","author_link":"https:\/\/www.verassere.com\/en\/author\/"},"uagb_comment_info":0,"uagb_excerpt":"LAZARTIGUE Champ\u00fa anticaspa vegano con 95% ingredientes naturales que combate caspa seca y grasa desde la primera aplicaci\u00f3n. Restaura equilibrio del cuero cabelludo, reduce irritaci\u00f3n y regula grasa. Limpieza profunda con frescura mentolada. Sin siliconas ni sulfatos.","_links":{"self":[{"href":"https:\/\/www.verassere.com\/en\/wp-json\/wp\/v2\/product\/1323","targetHints":{"allow":["GET"]}}],"collection":[{"href":"https:\/\/www.verassere.com\/en\/wp-json\/wp\/v2\/product"}],"about":[{"href":"https:\/\/www.verassere.com\/en\/wp-json\/wp\/v2\/types\/product"}],"replies":[{"embeddable":true,"href":"https:\/\/www.verassere.com\/en\/wp-json\/wp\/v2\/comments?post=1323"}],"wp:featuredmedia":[{"embeddable":true,"href":"https:\/\/www.verassere.com\/en\/wp-json\/wp\/v2\/media\/1471"}],"wp:attachment":[{"href":"https:\/\/www.verassere.com\/en\/wp-json\/wp\/v2\/media?parent=1323"}],"wp:term":[{"taxonomy":"product_brand","embeddable":true,"href":"https:\/\/www.verassere.com\/en\/wp-json\/wp\/v2\/product_brand?post=1323"},{"taxonomy":"product_cat","embeddable":true,"href":"https:\/\/www.verassere.com\/en\/wp-json\/wp\/v2\/product_cat?post=1323"},{"taxonomy":"product_tag","embeddable":true,"href":"https:\/\/www.verassere.com\/en\/wp-json\/wp\/v2\/product_tag?post=1323"}],"curies":[{"name":"wp","href":"https:\/\/api.w.org\/{rel}","templated":true}]}}