{"id":1711,"date":"2023-10-02T15:07:43","date_gmt":"2023-10-02T20:07:43","guid":{"rendered":"https:\/\/www.verassere.com\/?page_id=1711"},"modified":"2023-11-30T15:51:09","modified_gmt":"2023-11-30T20:51:09","slug":"terminos-y-condiciones","status":"publish","type":"page","link":"https:\/\/www.verassere.com\/en\/terminos-y-condiciones\/","title":{"rendered":"Terms and Conditions"},"content":{"rendered":"<div data-elementor-type=\"wp-page\" data-elementor-id=\"1711\" class=\"elementor elementor-1711\">\n\t\t\t\t\t\t<section class=\"elementor-section elementor-top-section elementor-element elementor-element-6e3de6c elementor-section-boxed elementor-section-height-default elementor-section-height-default\" data-id=\"6e3de6c\" data-element_type=\"section\" data-e-type=\"section\">\n\t\t\t\t\t\t<div class=\"elementor-container elementor-column-gap-default\">\n\t\t\t\t\t<div class=\"elementor-column elementor-col-100 elementor-top-column elementor-element elementor-element-63ced7b\" data-id=\"63ced7b\" data-element_type=\"column\" data-e-type=\"column\">\n\t\t\t<div class=\"elementor-widget-wrap elementor-element-populated\">\n\t\t\t\t\t\t<div class=\"elementor-element elementor-element-a7a6a25 elementor-widget elementor-widget-heading\" data-id=\"a7a6a25\" data-element_type=\"widget\" data-e-type=\"widget\" data-widget_type=\"heading.default\">\n\t\t\t\t<div class=\"elementor-widget-container\">\n\t\t\t\t\t<h1 class=\"elementor-heading-title elementor-size-large\">Terms and Conditions of Use of VERASSERE SAS <br>\nwww.verassere.com<\/h1>\t\t\t\t<\/div>\n\t\t\t\t<\/div>\n\t\t\t\t\t<\/div>\n\t\t<\/div>\n\t\t\t\t\t<\/div>\n\t\t<\/section>\n\t\t\t\t<section class=\"elementor-section elementor-top-section elementor-element elementor-element-37f316f elementor-section-boxed elementor-section-height-default elementor-section-height-default\" data-id=\"37f316f\" data-element_type=\"section\" data-e-type=\"section\">\n\t\t\t\t\t\t<div class=\"elementor-container elementor-column-gap-default\">\n\t\t\t\t\t<div class=\"elementor-column elementor-col-100 elementor-top-column elementor-element elementor-element-e1d91ee\" data-id=\"e1d91ee\" data-element_type=\"column\" data-e-type=\"column\">\n\t\t\t<div class=\"elementor-widget-wrap elementor-element-populated\">\n\t\t\t\t\t\t<div class=\"elementor-element elementor-element-aa2da7d elementor-widget elementor-widget-text-editor\" data-id=\"aa2da7d\" data-element_type=\"widget\" data-e-type=\"widget\" data-widget_type=\"text-editor.default\">\n\t\t\t\t<div class=\"elementor-widget-container\">\n\t\t\t\t\t\t\t\t\t<p class=\"translation-block\"><strong>1. Introduction<\/strong> \u2013 Welcome to <a href=\"https:\/\/www.verassere.com\/en\/\" target=\"_new\">www.verassere.com<\/a>, the website of VERASSERE SAS, with NIT 901637289-4, a company dedicated to the sale of dermatological products in Colombia. Access to and use of this website are subject to the following terms and conditions. By using our site, you agree to comply with these terms and conditions. If you do not agree with these terms, we recommend that you do not use the site.<\/p><p class=\"translation-block\"><strong>2. Use of the Site<\/strong> \u2013 Users must be at least 18 years old to use our website. Users under 18 must have authorization from a parent or legal guardian. \u2013 By using our site, you agree to provide accurate and up-to-date information in your profile and when making purchases. \u2013 You must not use our site for illegal or unauthorized purposes.<\/p><p class=\"translation-block\"><strong>3. Personal Information<\/strong> \u2013 The use of personal information provided by users is governed by our privacy policy, which you can consult at the corresponding link. By using our site, you agree to the collection and use of your personal information in accordance with our privacy policy.<\/p><p class=\"translation-block\"><strong>4. Purchases<\/strong> \u2013 Purchases on <a href=\"https:\/\/www.verassere.com\/en\/\" target=\"_new\">www.verassere.com<\/a> are subject to product availability and the prices published on the site. \u2013 By making a purchase, you agree to provide accurate billing and shipping information. \u2013 We reserve the right to refuse orders, limit quantities, and cancel orders at any time.<\/p><p class=\"translation-block\"><strong>5. Right of Withdrawal<\/strong> \u2013 According to Colombian law, customers have the \u201cright of withdrawal\u201d within 5 business days from the receipt of the product. Please consult our returns and exchanges policy for more details.<\/p><p class=\"translation-block\"><strong>6. Intellectual Property<\/strong> \u2013 All content on <a href=\"https:\/\/www.verassere.com\/en\/\" target=\"_new\">www.verassere.com<\/a>, including texts, images, logos, videos, and other materials, is protected by copyright and other intellectual property laws. Unauthorized use of this content is not permitted.<\/p><p class=\"translation-block\"><strong>7. Third-Party Links<\/strong> \u2013 Our website may contain links to third-party websites. We are not responsible for the content or privacy practices of those sites.<\/p><p class=\"translation-block\"><strong>8. Changes to Terms and Conditions<\/strong> \u2013 We reserve the right to update or modify these terms and conditions at any time. Changes will be posted on <a href=\"https:\/\/www.verassere.com\/en\/\" target=\"_new\">www.verassere.com<\/a>. It is your responsibility to review these terms and conditions periodically.<\/p><p class=\"translation-block\"><strong>9. Contact<\/strong> \u2013 If you have any questions or concerns about these terms and conditions, please contact us through the following means: \u2013 Email: <a href=\"mailto:nathaliemoralesdermatola@hotmail.com\" target=\"_new\">nathaliemoralesdermatola@hotmail.com<\/a> \u2013 Landline: +5744797169 \u2013 Mobile: 3053901990<\/p><p class=\"translation-block\"><strong>10. Governing Law and Jurisdiction<\/strong> \u2013 These terms and conditions are governed by the laws of Colombia. Any dispute arising in connection with these terms shall be subject to the jurisdiction of the courts of Colombia.<\/p>\t\t\t\t\t\t\t\t<\/div>\n\t\t\t\t<\/div>\n\t\t\t\t\t<\/div>\n\t\t<\/div>\n\t\t\t\t\t<\/div>\n\t\t<\/section>\n\t\t\t\t<\/div>","protected":false},"excerpt":{"rendered":"<p>T\u00e9rminos y Condiciones de Uso de VERASSERE SAS www.verassere.com 1. Introducci\u00f3n &#8211; Bienvenido a www.verassere.com, el sitio web de VERASSERE SAS, con NIT 901637289-4, una empresa dedicada a la venta de productos dermatol\u00f3gicos en Colombia. El acceso y uso de este sitio web est\u00e1n sujetos a los siguientes t\u00e9rminos y condiciones. Al utilizar nuestro sitio, [&hellip;]<\/p>\n","protected":false},"author":1,"featured_media":0,"parent":0,"menu_order":0,"comment_status":"closed","ping_status":"closed","template":"","meta":{"_uag_custom_page_level_css":"","site-sidebar-layout":"no-sidebar","site-content-layout":"page-builder","ast-site-content-layout":"full-width-container","site-content-style":"default","site-sidebar-style":"default","ast-global-header-display":"","ast-banner-title-visibility":"disabled","ast-main-header-display":"","ast-hfb-above-header-display":"","ast-hfb-below-header-display":"","ast-hfb-mobile-header-display":"","site-post-title":"disabled","ast-breadcrumbs-content":"disabled","ast-featured-img":"disabled","footer-sml-layout":"","ast-disable-related-posts":"","theme-transparent-header-meta":"","adv-header-id-meta":"","stick-header-meta":"","header-above-stick-meta":"","header-main-stick-meta":"","header-below-stick-meta":"","astra-migrate-meta-layouts":"set","ast-page-background-enabled":"default","ast-page-background-meta":{"desktop":{"background-color":"var(--ast-global-color-4)","background-image":"","background-repeat":"repeat","background-position":"center center","background-size":"auto","background-attachment":"scroll","background-type":"","background-media":"","overlay-type":"","overlay-color":"","overlay-opacity":"","overlay-gradient":""},"tablet":{"background-color":"","background-image":"","background-repeat":"repeat","background-position":"center center","background-size":"auto","background-attachment":"scroll","background-type":"","background-media":"","overlay-type":"","overlay-color":"","overlay-opacity":"","overlay-gradient":""},"mobile":{"background-color":"","background-image":"","background-repeat":"repeat","background-position":"center center","background-size":"auto","background-attachment":"scroll","background-type":"","background-media":"","overlay-type":"","overlay-color":"","overlay-opacity":"","overlay-gradient":""}},"ast-content-background-meta":{"desktop":{"background-color":"var(--ast-global-color-5)","background-image":"","background-repeat":"repeat","background-position":"center center","background-size":"auto","background-attachment":"scroll","background-type":"","background-media":"","overlay-type":"","overlay-color":"","overlay-opacity":"","overlay-gradient":""},"tablet":{"background-color":"var(--ast-global-color-5)","background-image":"","background-repeat":"repeat","background-position":"center center","background-size":"auto","background-attachment":"scroll","background-type":"","background-media":"","overlay-type":"","overlay-color":"","overlay-opacity":"","overlay-gradient":""},"mobile":{"background-color":"var(--ast-global-color-5)","background-image":"","background-repeat":"repeat","background-position":"center center","background-size":"auto","background-attachment":"scroll","background-type":"","background-media":"","overlay-type":"","overlay-color":"","overlay-opacity":"","overlay-gradient":""}},"footnotes":""},"class_list":["post-1711","page","type-page","status-publish","hentry"],"uagb_featured_image_src":{"full":false,"thumbnail":false,"medium":false,"medium_large":false,"large":false,"1536x1536":false,"2048x2048":false,"trp-custom-language-flag":false,"woocommerce_thumbnail":false,"woocommerce_single":false,"woocommerce_gallery_thumbnail":false},"uagb_author_info":{"display_name":"Verassere SAS","author_link":"https:\/\/www.verassere.com\/en\/author\/peparepo\/"},"uagb_comment_info":0,"uagb_excerpt":"T\u00e9rminos y Condiciones de Uso de VERASSERE SAS www.verassere.com 1. Introducci\u00f3n &#8211; Bienvenido a www.verassere.com, el sitio web de VERASSERE SAS, con NIT 901637289-4, una empresa dedicada a la venta de productos dermatol\u00f3gicos en Colombia. El acceso y uso de este sitio web est\u00e1n sujetos a los siguientes t\u00e9rminos y condiciones. Al utilizar nuestro sitio,&hellip;","_links":{"self":[{"href":"https:\/\/www.verassere.com\/en\/wp-json\/wp\/v2\/pages\/1711","targetHints":{"allow":["GET"]}}],"collection":[{"href":"https:\/\/www.verassere.com\/en\/wp-json\/wp\/v2\/pages"}],"about":[{"href":"https:\/\/www.verassere.com\/en\/wp-json\/wp\/v2\/types\/page"}],"author":[{"embeddable":true,"href":"https:\/\/www.verassere.com\/en\/wp-json\/wp\/v2\/users\/1"}],"replies":[{"embeddable":true,"href":"https:\/\/www.verassere.com\/en\/wp-json\/wp\/v2\/comments?post=1711"}],"version-history":[{"count":0,"href":"https:\/\/www.verassere.com\/en\/wp-json\/wp\/v2\/pages\/1711\/revisions"}],"wp:attachment":[{"href":"https:\/\/www.verassere.com\/en\/wp-json\/wp\/v2\/media?parent=1711"}],"curies":[{"name":"wp","href":"https:\/\/api.w.org\/{rel}","templated":true}]}}