{"id":16,"date":"2023-09-22T15:45:54","date_gmt":"2023-09-22T20:45:54","guid":{"rendered":"https:\/\/verassere.com\/?page_id=16"},"modified":"2023-11-30T15:51:07","modified_gmt":"2023-11-30T20:51:07","slug":"reembolso_devoluciones","status":"publish","type":"page","link":"https:\/\/www.verassere.com\/en\/reembolso_devoluciones\/","title":{"rendered":"Pol\u00edtica de devoluciones y reembolsos"},"content":{"rendered":"<div data-elementor-type=\"wp-page\" data-elementor-id=\"16\" class=\"elementor elementor-16\">\n\t\t\t\t\t\t<section class=\"elementor-section elementor-top-section elementor-element elementor-element-6f4732a7 elementor-section-boxed elementor-section-height-default elementor-section-height-default\" data-id=\"6f4732a7\" data-element_type=\"section\" data-e-type=\"section\">\n\t\t\t\t\t\t<div class=\"elementor-container elementor-column-gap-default\">\n\t\t\t\t\t<div class=\"elementor-column elementor-col-100 elementor-top-column elementor-element elementor-element-5c9009e\" data-id=\"5c9009e\" data-element_type=\"column\" data-e-type=\"column\">\n\t\t\t<div class=\"elementor-widget-wrap elementor-element-populated\">\n\t\t\t\t\t\t<div class=\"elementor-element elementor-element-f259275 elementor-widget elementor-widget-heading\" data-id=\"f259275\" data-element_type=\"widget\" data-e-type=\"widget\" data-widget_type=\"heading.default\">\n\t\t\t\t<div class=\"elementor-widget-container\">\n\t\t\t\t\t<h1 class=\"elementor-heading-title elementor-size-large\">Return and Exchange Policy VERASSERE SAS<\/h1>\t\t\t\t<\/div>\n\t\t\t\t<\/div>\n\t\t\t\t\t<\/div>\n\t\t<\/div>\n\t\t\t\t\t<\/div>\n\t\t<\/section>\n\t\t\t\t<section class=\"elementor-section elementor-top-section elementor-element elementor-element-9367503 elementor-section-boxed elementor-section-height-default elementor-section-height-default\" data-id=\"9367503\" data-element_type=\"section\" data-e-type=\"section\">\n\t\t\t\t\t\t<div class=\"elementor-container elementor-column-gap-default\">\n\t\t\t\t\t<div class=\"elementor-column elementor-col-100 elementor-top-column elementor-element elementor-element-f2f6f51\" data-id=\"f2f6f51\" data-element_type=\"column\" data-e-type=\"column\">\n\t\t\t<div class=\"elementor-widget-wrap elementor-element-populated\">\n\t\t\t\t\t\t<div class=\"elementor-element elementor-element-619fe5c elementor-widget elementor-widget-text-editor\" data-id=\"619fe5c\" data-element_type=\"widget\" data-e-type=\"widget\" data-widget_type=\"text-editor.default\">\n\t\t\t\t<div class=\"elementor-widget-container\">\n\t\t\t\t\t\t\t\t\t<p class=\"translation-block\"><strong>1. Right of Withdrawal:<\/strong>  \nIn accordance with Colombian legislation, customers of VERASSERE SAS and <a href=\"https:\/\/www.verassere.com\/en\/\" target=\"_new\">www.verassere.com<\/a> may exercise the \"right of withdrawal,\" which allows them to return purchased products within 5 business days from the receipt of the order, without needing to justify their decision. This policy is supported by Article 47 of Law 1480 of 2011, which regulates consumer rights in Colombia.<\/p>\n<p class=\"translation-block\"><strong>2. Conditions for Returns and Exchanges of Products:<\/strong><br>\u2013 Products must be in their original condition, without signs of use, opening, or damage.<br>\u2013 Products must include all original tags, accessories, and packaging in perfect condition to be accepted for return or exchange.<\/p>\n<p class=\"translation-block\"><strong>3. Product Return and Exchange Process:<\/strong><br>\u2013 Customers wishing to request a return or exchange must contact our customer service within 5 business days after receiving the order. (See point 8 for Contact information).<br>\u2013 To process the return or exchange request, the customer must provide the invoice or order number and valid proof of payment.<br>\u2013 Shipping costs associated with the return or exchange of products will be the customer's responsibility, unless the product has manufacturing defects or was damaged during shipping.<\/p>\n<p class=\"translation-block\"><strong>4. Returns Due to Defects or Damage in Products:<\/strong> If the purchased product has manufacturing defects or was damaged during shipping, the customer must notify us within 5 business days after receipt. In accordance with Law 1480 of 2011, VERASSERE SAS will cover the shipping costs for the return and will offer a replacement or a full refund, according to the customer's preference.<\/p>\n<p class=\"translation-block\"><strong>5. Processing Timeframes for Returns and Exchanges of Products:<\/strong> We will process requests for returns or exchanges of dermatological products within a maximum period of 5 business days from the receipt of the returned product at our facilities.<\/p>\n<p class=\"translation-block\"><strong>6. Refunds<\/strong><br>\u2013 Refunds will be made through the same payment method used by the customer for the purchase.<br>\u2013 Refunds will be processed within 15 business days after the return approval, in accordance with the provisions of Law 1480 of 2011.<\/p>\n<p class=\"translation-block\"><strong>7. Exceptions:<\/strong> In accordance with Colombian legislation, we do not accept returns or exchanges on perishable products, nor on those that have been opened or used, due to safety and hygiene reasons.<\/p>\n<p class=\"translation-block\"><strong>8. Contact:<\/strong> Our customer service team is available to assist you with any questions or requests related to exchanges and returns. You can contact us via email at nathaliemoralesderma@hotmail.com or at the following phone numbers during business hours, Monday to Friday from 9 AM to 7 PM:<br>\u2022 Landline: +5744797169<br>\u2022 Mobile: 3053901990<\/p>\t\t\t\t\t\t\t\t<\/div>\n\t\t\t\t<\/div>\n\t\t\t\t\t<\/div>\n\t\t<\/div>\n\t\t\t\t\t<\/div>\n\t\t<\/section>\n\t\t\t\t<\/div>","protected":false},"excerpt":{"rendered":"<p>Pol\u00edtica de Cambios y Devoluciones VERASSERE SAS 1. Derecho de Retracto:&nbsp;Conforme a la legislaci\u00f3n colombiana, los clientes de VERASSERE SAS y de www.verassere.com pueden hacer uso del &#8220;derecho de retracto&#8221;, que les permite devolver los productos adquiridos en un plazo de 5 d\u00edas h\u00e1biles a partir de la recepci\u00f3n del pedido, sin necesidad de justificar [&hellip;]<\/p>\n","protected":false},"author":1,"featured_media":0,"parent":0,"menu_order":0,"comment_status":"closed","ping_status":"closed","template":"","meta":{"_uag_custom_page_level_css":"","site-sidebar-layout":"default","site-content-layout":"","ast-site-content-layout":"default","site-content-style":"default","site-sidebar-style":"default","ast-global-header-display":"disabled","ast-banner-title-visibility":"disabled","ast-main-header-display":"","ast-hfb-above-header-display":"","ast-hfb-below-header-display":"","ast-hfb-mobile-header-display":"","site-post-title":"","ast-breadcrumbs-content":"disabled","ast-featured-img":"","footer-sml-layout":"","ast-disable-related-posts":"","theme-transparent-header-meta":"","adv-header-id-meta":"","stick-header-meta":"","header-above-stick-meta":"","header-main-stick-meta":"","header-below-stick-meta":"","astra-migrate-meta-layouts":"set","ast-page-background-enabled":"default","ast-page-background-meta":{"desktop":{"background-color":"var(--ast-global-color-4)","background-image":"","background-repeat":"repeat","background-position":"center center","background-size":"auto","background-attachment":"scroll","background-type":"","background-media":"","overlay-type":"","overlay-color":"","overlay-opacity":"","overlay-gradient":""},"tablet":{"background-color":"","background-image":"","background-repeat":"repeat","background-position":"center center","background-size":"auto","background-attachment":"scroll","background-type":"","background-media":"","overlay-type":"","overlay-color":"","overlay-opacity":"","overlay-gradient":""},"mobile":{"background-color":"","background-image":"","background-repeat":"repeat","background-position":"center center","background-size":"auto","background-attachment":"scroll","background-type":"","background-media":"","overlay-type":"","overlay-color":"","overlay-opacity":"","overlay-gradient":""}},"ast-content-background-meta":{"desktop":{"background-color":"var(--ast-global-color-5)","background-image":"","background-repeat":"repeat","background-position":"center center","background-size":"auto","background-attachment":"scroll","background-type":"","background-media":"","overlay-type":"","overlay-color":"","overlay-opacity":"","overlay-gradient":""},"tablet":{"background-color":"var(--ast-global-color-5)","background-image":"","background-repeat":"repeat","background-position":"center center","background-size":"auto","background-attachment":"scroll","background-type":"","background-media":"","overlay-type":"","overlay-color":"","overlay-opacity":"","overlay-gradient":""},"mobile":{"background-color":"var(--ast-global-color-5)","background-image":"","background-repeat":"repeat","background-position":"center center","background-size":"auto","background-attachment":"scroll","background-type":"","background-media":"","overlay-type":"","overlay-color":"","overlay-opacity":"","overlay-gradient":""}},"footnotes":""},"class_list":["post-16","page","type-page","status-publish","hentry"],"uagb_featured_image_src":{"full":false,"thumbnail":false,"medium":false,"medium_large":false,"large":false,"1536x1536":false,"2048x2048":false,"trp-custom-language-flag":false,"woocommerce_thumbnail":false,"woocommerce_single":false,"woocommerce_gallery_thumbnail":false},"uagb_author_info":{"display_name":"Verassere SAS","author_link":"https:\/\/www.verassere.com\/en\/author\/peparepo\/"},"uagb_comment_info":0,"uagb_excerpt":"Pol\u00edtica de Cambios y Devoluciones VERASSERE SAS 1. Derecho de Retracto:&nbsp;Conforme a la legislaci\u00f3n colombiana, los clientes de VERASSERE SAS y de www.verassere.com pueden hacer uso del &#8220;derecho de retracto&#8221;, que les permite devolver los productos adquiridos en un plazo de 5 d\u00edas h\u00e1biles a partir de la recepci\u00f3n del pedido, sin necesidad de justificar&hellip;","_links":{"self":[{"href":"https:\/\/www.verassere.com\/en\/wp-json\/wp\/v2\/pages\/16","targetHints":{"allow":["GET"]}}],"collection":[{"href":"https:\/\/www.verassere.com\/en\/wp-json\/wp\/v2\/pages"}],"about":[{"href":"https:\/\/www.verassere.com\/en\/wp-json\/wp\/v2\/types\/page"}],"author":[{"embeddable":true,"href":"https:\/\/www.verassere.com\/en\/wp-json\/wp\/v2\/users\/1"}],"replies":[{"embeddable":true,"href":"https:\/\/www.verassere.com\/en\/wp-json\/wp\/v2\/comments?post=16"}],"version-history":[{"count":0,"href":"https:\/\/www.verassere.com\/en\/wp-json\/wp\/v2\/pages\/16\/revisions"}],"wp:attachment":[{"href":"https:\/\/www.verassere.com\/en\/wp-json\/wp\/v2\/media?parent=16"}],"curies":[{"name":"wp","href":"https:\/\/api.w.org\/{rel}","templated":true}]}}